{"id":9692,"date":"2025-04-02T16:15:32","date_gmt":"2025-04-02T19:15:32","guid":{"rendered":"https:\/\/www.adstigre.com\/peru\/?page_id=9692"},"modified":"2025-06-30T11:06:07","modified_gmt":"2025-06-30T14:06:07","slug":"nyloplast","status":"publish","type":"page","link":"https:\/\/www.adstigre.com\/peru\/producto\/nyloplast\/","title":{"rendered":"Nyloplast"},"content":{"rendered":"\n\n\t\t\t\t<img decoding=\"async\" src=\"http:\/\/www.adstigre.com\/peru\/wp-content\/uploads\/sites\/29\/2025\/04\/Nyloplast_hor_site.png\" alt=\"Nyloplast_hor_site\" title=\"Nyloplast_hor_site\" loading='lazy' \/>\n\t\t\tSobre el producto\n\t\t\t\t\t\t\t\t\t\t\t\n\t\t\t<p>Nyloplast es una estructura pl\u00e1stica reforzada de alto performance, dise\u00f1ada para optimizar la captura y manejo de aguas pluviales. Este producto es esencial en diversos mercados, como urbanizaciones, carreteras, centros comerciales, industrias, paisajismo, entre otros.La l\u00ednea de Nyloplast ofrece soluciones personalizadas, adecuadas para su instalaci\u00f3n en carreteras de alto tr\u00e1fico y servicios pesados, entradas de bordillo (cunetas), cuencas de drenaje, desag\u00fces en l\u00ednea y rejillas empotrables. Las estructuras de Nyloplast representan lo m\u00e1s avanzado en tecnolog\u00eda de captaci\u00f3n de aguas pluviales, combinando rejillas de hierro d\u00factil con una estructura de PVC resistente y duradera, lo que las distingue en el campo del drenaje superficial.Adem\u00e1s de su durabilidad y resistencia a la corrosi\u00f3n, la solucion Nyloplast est\u00e1 dise\u00f1ada para facilitar la instalaci\u00f3n, reducir costos y ofrecer un rendimiento superior en condiciones exigentes, garantizando la eficiencia y la longevidad en cualquier<\/p>\t\t\n\t\t\t\t<img decoding=\"async\" src=\"http:\/\/www.adstigre.com\/chile\/wp-content\/uploads\/sites\/26\/2025\/03\/Nyloplast-1.png\" alt=\"Nyloplast 1\" title=\"Nyloplast 1\" \/>\n\t\t\t\t<img decoding=\"async\" src=\"http:\/\/www.adstigre.com\/chile\/wp-content\/uploads\/sites\/26\/2025\/03\/Nyloplast-2.png\" alt=\"Nyloplast 2\" title=\"Nyloplast 2\" \/>\n\t\t\t\t<img decoding=\"async\" src=\"http:\/\/www.adstigre.com\/peru\/wp-content\/uploads\/sites\/29\/2025\/04\/Nyloplast-4-768x364-1.png\" alt=\"Nyloplast-4-768x364\" title=\"Nyloplast-4-768x364\" \/>\n\t\t\tPrincipales beneficios\n\t\t\t\t\t\t\t\t\t\t\t\n\t\t\t<ul><li><strong>Conexi\u00f3n herm\u00e9tica:<\/strong> Las estructuras se env\u00edan con juntas de goma para asegurar una conexi\u00f3n herm\u00e9tica.<\/li><li><strong>R\u00e1pida y econ\u00f3mica instalaci\u00f3n:<\/strong> El producto es ligero y f\u00e1cil de manejar, lo que se traduce en una instalaci\u00f3n m\u00e1s r\u00e1pida, con menos equipos y personal, que resulta en un menor costo total.<\/li><li><strong>Ajustes de campo:<\/strong> Los kits de extensi\u00f3n se ajustan y conectan f\u00e1cilmente en el campo para cumplir con la cota final.<\/li><li><strong>Conexi\u00f3n flexible:<\/strong> Las conexiones flexibles permiten que se produzcan movimientos menores sin comprometer la integridad estructural o herm\u00e9tica de la cuenca.<\/li><\/ul><p>\u00a0\u00a0<\/p>\t\t\n\t\t\t\n\t\t\tTipos de Rejilla\n\t\t\t\t\t\t\t\t\t\t\t\n\t\t\t\t<img decoding=\"async\" src=\"http:\/\/www.adstigre.com\/peru\/wp-content\/uploads\/sites\/29\/2025\/04\/Nyloplast-6.jpg\" alt=\"Nyloplast-6\" title=\"Nyloplast-6\" \/>\n\t\t\t\t<img decoding=\"async\" src=\"http:\/\/www.adstigre.com\/peru\/wp-content\/uploads\/sites\/29\/2025\/04\/Nyloplast-7.jpg\" alt=\"Nyloplast-7\" title=\"Nyloplast-7\" \/>\n\t\t\t\t<img decoding=\"async\" src=\"http:\/\/www.adstigre.com\/peru\/wp-content\/uploads\/sites\/29\/2025\/04\/Nyloplast-8.jpg\" alt=\"Nyloplast-8\" title=\"Nyloplast-8\" \/>\n\n","protected":false},"excerpt":{"rendered":"<p>Sobre el producto Nyloplast es una estructura pl\u00e1stica reforzada de [&hellip;]<\/p>\n","protected":false},"author":3,"featured_media":0,"parent":2323,"menu_order":0,"comment_status":"closed","ping_status":"closed","template":"","meta":{"_monsterinsights_skip_tracking":false,"_monsterinsights_sitenote_active":false,"_monsterinsights_sitenote_note":"","_monsterinsights_sitenote_category":0,"site-sidebar-layout":"default","site-content-layout":"","ast-site-content-layout":"default","site-content-style":"default","site-sidebar-style":"default","ast-global-header-display":"","ast-banner-title-visibility":"","ast-main-header-display":"","ast-hfb-above-header-display":"","ast-hfb-below-header-display":"","ast-hfb-mobile-header-display":"","site-post-title":"disabled","ast-breadcrumbs-content":"","ast-featured-img":"","footer-sml-layout":"","ast-disable-related-posts":"","theme-transparent-header-meta":"","adv-header-id-meta":"","stick-header-meta":"","header-above-stick-meta":"","header-main-stick-meta":"","header-below-stick-meta":"","astra-migrate-meta-layouts":"set","ast-page-background-enabled":"default","ast-page-background-meta":{"desktop":{"background-color":"","background-image":"","background-repeat":"repeat","background-position":"center center","background-size":"auto","background-attachment":"scroll","background-type":"","background-media":"","overlay-type":"","overlay-color":"","overlay-opacity":"","overlay-gradient":""},"tablet":{"background-color":"","background-image":"","background-repeat":"repeat","background-position":"center center","background-size":"auto","background-attachment":"scroll","background-type":"","background-media":"","overlay-type":"","overlay-color":"","overlay-opacity":"","overlay-gradient":""},"mobile":{"background-color":"","background-image":"","background-repeat":"repeat","background-position":"center center","background-size":"auto","background-attachment":"scroll","background-type":"","background-media":"","overlay-type":"","overlay-color":"","overlay-opacity":"","overlay-gradient":""}},"ast-content-background-meta":{"desktop":{"background-color":"var(--ast-global-color-5)","background-image":"","background-repeat":"repeat","background-position":"center center","background-size":"auto","background-attachment":"scroll","background-type":"","background-media":"","overlay-type":"","overlay-color":"","overlay-opacity":"","overlay-gradient":""},"tablet":{"background-color":"var(--ast-global-color-5)","background-image":"","background-repeat":"repeat","background-position":"center center","background-size":"auto","background-attachment":"scroll","background-type":"","background-media":"","overlay-type":"","overlay-color":"","overlay-opacity":"","overlay-gradient":""},"mobile":{"background-color":"var(--ast-global-color-5)","background-image":"","background-repeat":"repeat","background-position":"center center","background-size":"auto","background-attachment":"scroll","background-type":"","background-media":"","overlay-type":"","overlay-color":"","overlay-opacity":"","overlay-gradient":""}},"footnotes":""},"categories":[],"tags":[],"class_list":["post-9692","page","type-page","status-publish","hentry"],"yoast_head":"<!-- This site is optimized with the Yoast SEO plugin v27.4 - https:\/\/yoast.com\/product\/yoast-seo-wordpress\/ -->\n<title>Nyloplast - ADS Tigre Peru<\/title>\n<meta name=\"robots\" content=\"index, follow, max-snippet:-1, max-image-preview:large, max-video-preview:-1\" \/>\n<link rel=\"canonical\" href=\"https:\/\/www.adstigre.com\/peru\/producto\/nyloplast\/\" \/>\n<meta property=\"og:locale\" content=\"en_US\" \/>\n<meta property=\"og:type\" content=\"article\" \/>\n<meta property=\"og:title\" content=\"Nyloplast - ADS Tigre Peru\" \/>\n<meta property=\"og:description\" content=\"Sobre el producto Nyloplast es una estructura pl\u00e1stica reforzada de [&hellip;]\" \/>\n<meta property=\"og:url\" content=\"https:\/\/www.adstigre.com\/peru\/producto\/nyloplast\/\" \/>\n<meta property=\"og:site_name\" content=\"ADS Tigre Peru\" \/>\n<meta property=\"article:modified_time\" content=\"2025-06-30T14:06:07+00:00\" \/>\n<meta property=\"og:image\" content=\"http:\/\/www.adstigre.com\/peru\/wp-content\/uploads\/sites\/29\/2025\/04\/Nyloplast_hor_site.png\" \/>\n<meta name=\"twitter:card\" content=\"summary_large_image\" \/>\n<meta name=\"twitter:label1\" content=\"Est. reading time\" \/>\n\t<meta name=\"twitter:data1\" content=\"1 minute\" \/>\n<script type=\"application\/ld+json\" class=\"yoast-schema-graph\">{\"@context\":\"https:\\\/\\\/schema.org\",\"@graph\":[{\"@type\":\"WebPage\",\"@id\":\"https:\\\/\\\/www.adstigre.com\\\/peru\\\/producto\\\/nyloplast\\\/\",\"url\":\"https:\\\/\\\/www.adstigre.com\\\/peru\\\/producto\\\/nyloplast\\\/\",\"name\":\"Nyloplast - ADS Tigre Peru\",\"isPartOf\":{\"@id\":\"https:\\\/\\\/www.adstigre.com\\\/peru\\\/#website\"},\"primaryImageOfPage\":{\"@id\":\"https:\\\/\\\/www.adstigre.com\\\/peru\\\/producto\\\/nyloplast\\\/#primaryimage\"},\"image\":{\"@id\":\"https:\\\/\\\/www.adstigre.com\\\/peru\\\/producto\\\/nyloplast\\\/#primaryimage\"},\"thumbnailUrl\":\"http:\\\/\\\/www.adstigre.com\\\/peru\\\/wp-content\\\/uploads\\\/sites\\\/29\\\/2025\\\/04\\\/Nyloplast_hor_site.png\",\"datePublished\":\"2025-04-02T19:15:32+00:00\",\"dateModified\":\"2025-06-30T14:06:07+00:00\",\"breadcrumb\":{\"@id\":\"https:\\\/\\\/www.adstigre.com\\\/peru\\\/producto\\\/nyloplast\\\/#breadcrumb\"},\"inLanguage\":\"en-US\",\"potentialAction\":[{\"@type\":\"ReadAction\",\"target\":[\"https:\\\/\\\/www.adstigre.com\\\/peru\\\/producto\\\/nyloplast\\\/\"]}]},{\"@type\":\"ImageObject\",\"inLanguage\":\"en-US\",\"@id\":\"https:\\\/\\\/www.adstigre.com\\\/peru\\\/producto\\\/nyloplast\\\/#primaryimage\",\"url\":\"http:\\\/\\\/www.adstigre.com\\\/peru\\\/wp-content\\\/uploads\\\/sites\\\/29\\\/2025\\\/04\\\/Nyloplast_hor_site.png\",\"contentUrl\":\"http:\\\/\\\/www.adstigre.com\\\/peru\\\/wp-content\\\/uploads\\\/sites\\\/29\\\/2025\\\/04\\\/Nyloplast_hor_site.png\"},{\"@type\":\"BreadcrumbList\",\"@id\":\"https:\\\/\\\/www.adstigre.com\\\/peru\\\/producto\\\/nyloplast\\\/#breadcrumb\",\"itemListElement\":[{\"@type\":\"ListItem\",\"position\":1,\"name\":\"In\u00edcio\",\"item\":\"https:\\\/\\\/www.adstigre.com\\\/peru\\\/\"},{\"@type\":\"ListItem\",\"position\":2,\"name\":\"Producto\",\"item\":\"https:\\\/\\\/www.adstigre.com\\\/peru\\\/producto\\\/\"},{\"@type\":\"ListItem\",\"position\":3,\"name\":\"Nyloplast\"}]},{\"@type\":\"WebSite\",\"@id\":\"https:\\\/\\\/www.adstigre.com\\\/peru\\\/#website\",\"url\":\"https:\\\/\\\/www.adstigre.com\\\/peru\\\/\",\"name\":\"ADS Tigre Peru\",\"description\":\"Um site do grupo tigre\",\"potentialAction\":[{\"@type\":\"SearchAction\",\"target\":{\"@type\":\"EntryPoint\",\"urlTemplate\":\"https:\\\/\\\/www.adstigre.com\\\/peru\\\/?s={search_term_string}\"},\"query-input\":{\"@type\":\"PropertyValueSpecification\",\"valueRequired\":true,\"valueName\":\"search_term_string\"}}],\"inLanguage\":\"en-US\"}]}<\/script>\n<!-- \/ Yoast SEO plugin. -->","yoast_head_json":{"title":"Nyloplast - ADS Tigre Peru","robots":{"index":"index","follow":"follow","max-snippet":"max-snippet:-1","max-image-preview":"max-image-preview:large","max-video-preview":"max-video-preview:-1"},"canonical":"https:\/\/www.adstigre.com\/peru\/producto\/nyloplast\/","og_locale":"en_US","og_type":"article","og_title":"Nyloplast - ADS Tigre Peru","og_description":"Sobre el producto Nyloplast es una estructura pl\u00e1stica reforzada de [&hellip;]","og_url":"https:\/\/www.adstigre.com\/peru\/producto\/nyloplast\/","og_site_name":"ADS Tigre Peru","article_modified_time":"2025-06-30T14:06:07+00:00","og_image":[{"url":"http:\/\/www.adstigre.com\/peru\/wp-content\/uploads\/sites\/29\/2025\/04\/Nyloplast_hor_site.png","type":"","width":"","height":""}],"twitter_card":"summary_large_image","twitter_misc":{"Est. reading time":"1 minute"},"schema":{"@context":"https:\/\/schema.org","@graph":[{"@type":"WebPage","@id":"https:\/\/www.adstigre.com\/peru\/producto\/nyloplast\/","url":"https:\/\/www.adstigre.com\/peru\/producto\/nyloplast\/","name":"Nyloplast - ADS Tigre Peru","isPartOf":{"@id":"https:\/\/www.adstigre.com\/peru\/#website"},"primaryImageOfPage":{"@id":"https:\/\/www.adstigre.com\/peru\/producto\/nyloplast\/#primaryimage"},"image":{"@id":"https:\/\/www.adstigre.com\/peru\/producto\/nyloplast\/#primaryimage"},"thumbnailUrl":"http:\/\/www.adstigre.com\/peru\/wp-content\/uploads\/sites\/29\/2025\/04\/Nyloplast_hor_site.png","datePublished":"2025-04-02T19:15:32+00:00","dateModified":"2025-06-30T14:06:07+00:00","breadcrumb":{"@id":"https:\/\/www.adstigre.com\/peru\/producto\/nyloplast\/#breadcrumb"},"inLanguage":"en-US","potentialAction":[{"@type":"ReadAction","target":["https:\/\/www.adstigre.com\/peru\/producto\/nyloplast\/"]}]},{"@type":"ImageObject","inLanguage":"en-US","@id":"https:\/\/www.adstigre.com\/peru\/producto\/nyloplast\/#primaryimage","url":"http:\/\/www.adstigre.com\/peru\/wp-content\/uploads\/sites\/29\/2025\/04\/Nyloplast_hor_site.png","contentUrl":"http:\/\/www.adstigre.com\/peru\/wp-content\/uploads\/sites\/29\/2025\/04\/Nyloplast_hor_site.png"},{"@type":"BreadcrumbList","@id":"https:\/\/www.adstigre.com\/peru\/producto\/nyloplast\/#breadcrumb","itemListElement":[{"@type":"ListItem","position":1,"name":"In\u00edcio","item":"https:\/\/www.adstigre.com\/peru\/"},{"@type":"ListItem","position":2,"name":"Producto","item":"https:\/\/www.adstigre.com\/peru\/producto\/"},{"@type":"ListItem","position":3,"name":"Nyloplast"}]},{"@type":"WebSite","@id":"https:\/\/www.adstigre.com\/peru\/#website","url":"https:\/\/www.adstigre.com\/peru\/","name":"ADS Tigre Peru","description":"Um site do grupo tigre","potentialAction":[{"@type":"SearchAction","target":{"@type":"EntryPoint","urlTemplate":"https:\/\/www.adstigre.com\/peru\/?s={search_term_string}"},"query-input":{"@type":"PropertyValueSpecification","valueRequired":true,"valueName":"search_term_string"}}],"inLanguage":"en-US"}]}},"_links":{"self":[{"href":"https:\/\/www.adstigre.com\/peru\/wp-json\/wp\/v2\/pages\/9692","targetHints":{"allow":["GET"]}}],"collection":[{"href":"https:\/\/www.adstigre.com\/peru\/wp-json\/wp\/v2\/pages"}],"about":[{"href":"https:\/\/www.adstigre.com\/peru\/wp-json\/wp\/v2\/types\/page"}],"author":[{"embeddable":true,"href":"https:\/\/www.adstigre.com\/peru\/wp-json\/wp\/v2\/users\/3"}],"replies":[{"embeddable":true,"href":"https:\/\/www.adstigre.com\/peru\/wp-json\/wp\/v2\/comments?post=9692"}],"version-history":[{"count":8,"href":"https:\/\/www.adstigre.com\/peru\/wp-json\/wp\/v2\/pages\/9692\/revisions"}],"predecessor-version":[{"id":9986,"href":"https:\/\/www.adstigre.com\/peru\/wp-json\/wp\/v2\/pages\/9692\/revisions\/9986"}],"up":[{"embeddable":true,"href":"https:\/\/www.adstigre.com\/peru\/wp-json\/wp\/v2\/pages\/2323"}],"wp:attachment":[{"href":"https:\/\/www.adstigre.com\/peru\/wp-json\/wp\/v2\/media?parent=9692"}],"wp:term":[{"taxonomy":"category","embeddable":true,"href":"https:\/\/www.adstigre.com\/peru\/wp-json\/wp\/v2\/categories?post=9692"},{"taxonomy":"post_tag","embeddable":true,"href":"https:\/\/www.adstigre.com\/peru\/wp-json\/wp\/v2\/tags?post=9692"}],"curies":[{"name":"wp","href":"https:\/\/api.w.org\/{rel}","templated":true}]}}