{"id":6965,"date":"2025-02-14T15:07:16","date_gmt":"2025-02-14T18:07:16","guid":{"rendered":"https:\/\/www.adstigre.com\/peru\/?page_id=6965"},"modified":"2025-03-27T10:41:31","modified_gmt":"2025-03-27T13:41:31","slug":"pagina-de-inicio-v2","status":"publish","type":"page","link":"https:\/\/www.adstigre.com\/peru\/pagina-de-inicio-v2\/","title":{"rendered":"P\u00e1gina de Inicio V2"},"content":{"rendered":"\n\n\t\t\t<img decoding=\"async\" loading='false' src=\"http:\/\/www.adstigre.com\/peru\/wp-content\/uploads\/sites\/29\/2025\/03\/banner-principal.jpg\" alt=\"\" \/>\t\t\t\n\t<h3>\u00a1Nosotros mejoramos la calidad de <strong>vida<\/strong> con el desarrollo de soluciones que cuidan del <strong>agua<\/strong> y el <strong>medio ambiente<\/strong>!<\/h3>\n\t<p>ADS Tigre fomenta la conciencia y la importancia de preservar el agua, un recurso esencial para la vida de las personas y del planeta, invirtiendo en nuevas soluciones para la gesti\u00f3n de aguas lluvias desde la captaci\u00f3n hasta la retenci\u00f3n e infiltraci\u00f3n de estas.<\/p>\n<p>A trav\u00e9s de un portafolio completo de soluciones innovadoras que apoyan la expansi\u00f3n de la construcci\u00f3n civil sostenible, el enfoque de ADS Tigre es la realizaci\u00f3n de obras de infraestructura para el saneamiento b\u00e1sico y la implementaci\u00f3n de tecnolog\u00edas innovadoras en sistemas de drenaje pluvial.<\/p>\n<p>Nuestras soluciones integrales son sin\u00f3nimo de seguridad, durabilidad y excelencia en rendimiento.<\/p>\n<h2>\n\t\tProductos\n\t<\/h2>\n\t<p>ADS Tigre cuenta con tecnolog\u00eda avanzada en la fabricaci\u00f3n de tubos corrugados de PEAD de gran di\u00e1metro para proyectos de drenaje, saneamiento b\u00e1sico, agricultura, miner\u00eda y otras aplicaciones. Ligeras y resistentes, estas soluciones permiten una instalaci\u00f3n m\u00e1s r\u00e1pida y sencilla, adem\u00e1s de ofrecer una eficiencia hidr\u00e1ulica superior y una alta rigidez estructural.<\/p>\n<p>Con ADS Tigre, su proyecto contar\u00e1 con productos de excelencia, garantizando durabilidad, productividad, seguridad y respeto al medio ambiente.<\/p>\n\t\t\t\t<a href=\"https:\/\/www.adstigre.com\/brasil\/tubos-de-pead-drenpro\/\"  target=\"_self\" itemprop=\"url\">\n\t\t\t\t<img decoding=\"async\" src=\"http:\/\/www.adstigre.com\/peru\/wp-content\/uploads\/sites\/29\/2025\/03\/drenpro-home.png\" alt=\"drenpro-home\" itemprop=\"image\" title=\"drenpro-home\" onerror=\"this.style.display='none'\"  \/>\n\t\t\t\t<\/a>\n\t\t\t\t<a href=\"https:\/\/www.adstigre.com\/brasil\/tubo-de-pead-sanipro\"  target=\"_self\" itemprop=\"url\">\n\t\t\t\t<img decoding=\"async\" src=\"http:\/\/www.adstigre.com\/peru\/wp-content\/uploads\/sites\/29\/2025\/03\/sanipro-home.png\" alt=\"sanipro-home\" itemprop=\"image\" title=\"sanipro-home\" onerror=\"this.style.display='none'\"  \/>\n\t\t\t\t<\/a>\n\t\t\t\t<a href=\"https:\/\/www.adstigre.com\/brasil\/stormtech-drenagem-pluvial\"  target=\"_self\" itemprop=\"url\">\n\t\t\t\t<img decoding=\"async\" src=\"http:\/\/www.adstigre.com\/peru\/wp-content\/uploads\/sites\/29\/2025\/03\/stormtech-home.png\" alt=\"stormtech-home\" itemprop=\"image\" title=\"stormtech-home\" onerror=\"this.style.display='none'\"  \/>\n\t\t\t\t<\/a>\n\t\t\t\t<a href=\"https:\/\/www.adstigre.com\/brasil\/unidade-de-qualidade-de-agua\"  target=\"_self\" itemprop=\"url\">\n\t\t\t\t<img decoding=\"async\" src=\"http:\/\/www.adstigre.com\/peru\/wp-content\/uploads\/sites\/29\/2025\/03\/UCA_vertical.png\" alt=\"UCA_vertical\" itemprop=\"image\" title=\"UCA_vertical\" onerror=\"this.style.display='none'\"  \/>\n\t\t\t\t<\/a>\n<h2>\n\t\tAplicaciones\n\t<\/h2>\n\t<p>Un amplio portafolio de productos que permite atender distintos proyectos de infraestructura con mayor productividad, seguridad y econom\u00eda.<\/p>\n        \t<a href=\"https:\/\/www.adstigre.com\/peru\/aplicaciones\/drenaje-pluvial\/\" target=\"_self\">            \n\t\t\t\t\t\t<img decoding=\"async\" src=\"http:\/\/www.adstigre.com\/peru\/wp-content\/uploads\/sites\/29\/2025\/03\/drenaje-pluvial.jpg\" alt=\"DRENAJE PLUVIAL\" data-no-lazy=\"1\" \/>\t\t\t\t\t\n                            <p>DRENAJE PLUVIAL<\/p>\n            <\/a>\t\t\n        \t<a href=\"https:\/\/www.adstigre.com\/peru\/aplicaciones\/alcantarillado-sanitario\/\" target=\"_self\">            \n\t\t\t\t\t\t<img decoding=\"async\" src=\"http:\/\/www.adstigre.com\/peru\/wp-content\/uploads\/sites\/29\/2025\/03\/ALCANTARILLADO-SANITARIO.jpg\" alt=\"ALCANTARILLADO SANITARIO\" data-no-lazy=\"1\" \/>\t\t\t\t\t\n                            <p>ALCANTARILLADO SANITARIO<\/p>\n            <\/a>\t\t\n        \t<a href=\"https:\/\/www.adstigre.com\/peru\/aplicaciones\/detencion-retencion\/\" target=\"_self\">            \n\t\t\t\t\t\t<img decoding=\"async\" src=\"http:\/\/www.adstigre.com\/peru\/wp-content\/uploads\/sites\/29\/2025\/03\/DETENCION-RETENCION.jpg\" alt=\"DETENCI\u00d3N \/ RETENCI\u00d3N\" data-no-lazy=\"1\" \/>\t\t\t\t\t\n                            <p>DETENCI\u00d3N \/ RETENCI\u00d3N<\/p>\n            <\/a>\t\t\n        \t<a href=\"https:\/\/www.adstigre.com\/peru\/aplicaciones\/sistema-de-unidad-de-calidad-de-agua-uca\/\" target=\"_self\">            \n\t\t\t\t\t\t<img decoding=\"async\" src=\"http:\/\/www.adstigre.com\/peru\/wp-content\/uploads\/sites\/29\/2025\/03\/SISTEMA-DE-UNIDAD-DE-CALIDAD-DE-AGUA-UCA.jpg\" alt=\"SISTEMA DE UNIDAD DE CALIDAD DE AGUA \"UCA\"\" data-no-lazy=\"1\" \/>\t\t\t\t\t\n                            <p>SISTEMA DE UNIDAD DE CALIDAD DE AGUA &#8220;UCA&#8221;<\/p>\n            <\/a>\t\t\n        \t<a href=\"https:\/\/www.adstigre.com\/peru\/aplicaciones\/autopistas-carreteras\/\" target=\"_self\">            \n\t\t\t\t\t\t<img decoding=\"async\" src=\"http:\/\/www.adstigre.com\/peru\/wp-content\/uploads\/sites\/29\/2025\/03\/AUTOPISTA-CARRETERAS.jpg\" alt=\"AUTOPISTAS\/CARRETERAS\" data-no-lazy=\"1\" \/>\t\t\t\t\t\n                            <p>AUTOPISTAS\/CARRETERAS<\/p>\n            <\/a>\t\t\n        \t<a href=\"https:\/\/www.adstigre.com\/peru\/aplicaciones\/aeropuertos\/\" target=\"_self\">            \n\t\t\t\t\t\t<img decoding=\"async\" src=\"http:\/\/www.adstigre.com\/peru\/wp-content\/uploads\/sites\/29\/2025\/03\/AEROPUERTOS.jpg\" alt=\"AEROPUERTOS\" data-no-lazy=\"1\" \/>\t\t\t\t\t\n                            <p>AEROPUERTOS<\/p>\n            <\/a>\t\t\n        \t<a href=\"https:\/\/www.adstigre.com\/peru\/aplicaciones\/ferrocarriles\/\" target=\"_self\">            \n\t\t\t\t\t\t<img decoding=\"async\" src=\"http:\/\/www.adstigre.com\/peru\/wp-content\/uploads\/sites\/29\/2025\/03\/FERROCARRILES.jpg\" alt=\"FERROCARRILES\" data-no-lazy=\"1\" \/>\t\t\t\t\t\n                            <p>FERROCARRILES<\/p>\n            <\/a>\t\t\n        \t<a href=\"https:\/\/www.adstigre.com\/peru\/aplicaciones\/puertos\/\" target=\"_self\">            \n\t\t\t\t\t\t<img decoding=\"async\" src=\"http:\/\/www.adstigre.com\/peru\/wp-content\/uploads\/sites\/29\/2025\/03\/PUERTOS.jpg\" alt=\"PUERTOS\" data-no-lazy=\"1\" \/>\t\t\t\t\t\n                            <p>PUERTOS<\/p>\n            <\/a>\t\t\n        \t<a href=\"https:\/\/www.adstigre.com\/peru\/aplicaciones\/mineria\/\" target=\"_self\">            \n\t\t\t\t\t\t<img decoding=\"async\" src=\"http:\/\/www.adstigre.com\/peru\/wp-content\/uploads\/sites\/29\/2025\/03\/MINERIA.jpg\" alt=\"MINER\u00cdA\" data-no-lazy=\"1\" \/>\t\t\t\t\t\n                            <p>MINER\u00cdA<\/p>\n            <\/a>\t\t\n        \t<a href=\"https:\/\/www.adstigre.com\/peru\/aplicaciones\/drenaje-agricultura\/\" target=\"_self\">            \n\t\t\t\t\t\t<img decoding=\"async\" src=\"http:\/\/www.adstigre.com\/peru\/wp-content\/uploads\/sites\/29\/2025\/03\/DRENAJE-AGRICULTURA.jpg\" alt=\"DRENAJE AGRICULTURA\" data-no-lazy=\"1\" \/>\t\t\t\t\t\n                            <p>DRENAJE AGRICULTURA<\/p>\n            <\/a>\t\t\n        \t<a href=\"https:\/\/www.adstigre.com\/peru\/aplicaciones\/tratamiento-de-residuos\/\" target=\"_self\">            \n\t\t\t\t\t\t<img decoding=\"async\" src=\"http:\/\/www.adstigre.com\/peru\/wp-content\/uploads\/sites\/29\/2025\/03\/TRATAMIENTO-DE-RESIDUOS.jpg\" alt=\"TRATAMIENTO DE RESIDUOS\" data-no-lazy=\"1\" \/>\t\t\t\t\t\n                            <p>TRATAMIENTO DE RESIDUOS<\/p>\n            <\/a>\t\t\n        \t<a href=\"https:\/\/www.adstigre.com\/chile\/aplicaciones\/forestal\/\" target=\"_self\">            \n\t\t\t\t\t\t<img decoding=\"async\" src=\"http:\/\/www.adstigre.com\/peru\/wp-content\/uploads\/sites\/29\/2020\/06\/florestal.jpg\" alt=\"FORESTAL\" data-no-lazy=\"1\" \/>\t\t\t\t\t\n                            <p>FORESTAL<\/p>\n            <\/a>\t\t\n        \t<a href=\"https:\/\/www.adstigre.com\/peru\/aplicaciones\/canales\/\" target=\"_self\">            \n\t\t\t\t\t\t<img decoding=\"async\" src=\"http:\/\/www.adstigre.com\/peru\/wp-content\/uploads\/sites\/29\/2025\/03\/PLOMERIA.jpg\" alt=\"CANALES\" data-no-lazy=\"1\" \/>\t\t\t\t\t\n                            <p>CANALES<\/p>\n            <\/a>\t\t\n\t\t\t<button>Next<\/button>\n\t\t<button>Previous<\/button>\n\n","protected":false},"excerpt":{"rendered":"<p>\u00a1Nosotros mejoramos la calidad de vida con el desarrollo de [&hellip;]<\/p>\n","protected":false},"author":3,"featured_media":6926,"parent":0,"menu_order":0,"comment_status":"closed","ping_status":"closed","template":"","meta":{"_monsterinsights_skip_tracking":false,"_monsterinsights_sitenote_active":false,"_monsterinsights_sitenote_note":"","_monsterinsights_sitenote_category":0,"site-sidebar-layout":"default","site-content-layout":"","ast-site-content-layout":"full-width-container","site-content-style":"default","site-sidebar-style":"default","ast-global-header-display":"","ast-banner-title-visibility":"","ast-main-header-display":"","ast-hfb-above-header-display":"","ast-hfb-below-header-display":"","ast-hfb-mobile-header-display":"","site-post-title":"disabled","ast-breadcrumbs-content":"","ast-featured-img":"disabled","footer-sml-layout":"","ast-disable-related-posts":"","theme-transparent-header-meta":"","adv-header-id-meta":"","stick-header-meta":"","header-above-stick-meta":"","header-main-stick-meta":"","header-below-stick-meta":"","astra-migrate-meta-layouts":"set","ast-page-background-enabled":"default","ast-page-background-meta":{"desktop":{"background-color":"","background-image":"","background-repeat":"repeat","background-position":"center center","background-size":"auto","background-attachment":"scroll","background-type":"","background-media":"","overlay-type":"","overlay-color":"","overlay-opacity":"","overlay-gradient":""},"tablet":{"background-color":"","background-image":"","background-repeat":"repeat","background-position":"center center","background-size":"auto","background-attachment":"scroll","background-type":"","background-media":"","overlay-type":"","overlay-color":"","overlay-opacity":"","overlay-gradient":""},"mobile":{"background-color":"","background-image":"","background-repeat":"repeat","background-position":"center center","background-size":"auto","background-attachment":"scroll","background-type":"","background-media":"","overlay-type":"","overlay-color":"","overlay-opacity":"","overlay-gradient":""}},"ast-content-background-meta":{"desktop":{"background-color":"var(--ast-global-color-5)","background-image":"","background-repeat":"repeat","background-position":"center center","background-size":"auto","background-attachment":"scroll","background-type":"","background-media":"","overlay-type":"","overlay-color":"","overlay-opacity":"","overlay-gradient":""},"tablet":{"background-color":"var(--ast-global-color-5)","background-image":"","background-repeat":"repeat","background-position":"center center","background-size":"auto","background-attachment":"scroll","background-type":"","background-media":"","overlay-type":"","overlay-color":"","overlay-opacity":"","overlay-gradient":""},"mobile":{"background-color":"var(--ast-global-color-5)","background-image":"","background-repeat":"repeat","background-position":"center center","background-size":"auto","background-attachment":"scroll","background-type":"","background-media":"","overlay-type":"","overlay-color":"","overlay-opacity":"","overlay-gradient":""}},"footnotes":""},"categories":[],"tags":[],"class_list":["post-6965","page","type-page","status-publish","has-post-thumbnail","hentry"],"yoast_head":"<!-- This site is optimized with the Yoast SEO plugin v27.4 - https:\/\/yoast.com\/product\/yoast-seo-wordpress\/ -->\n<title>P\u00e1gina de Inicio V2 - ADS Tigre Peru<\/title>\n<meta name=\"robots\" content=\"index, follow, max-snippet:-1, max-image-preview:large, max-video-preview:-1\" \/>\n<link rel=\"canonical\" href=\"https:\/\/www.adstigre.com\/peru\/pagina-de-inicio-v2\/\" \/>\n<meta property=\"og:locale\" content=\"en_US\" \/>\n<meta property=\"og:type\" content=\"article\" \/>\n<meta property=\"og:title\" content=\"P\u00e1gina de Inicio V2 - ADS Tigre Peru\" \/>\n<meta property=\"og:description\" content=\"\u00a1Nosotros mejoramos la calidad de vida con el desarrollo de [&hellip;]\" \/>\n<meta property=\"og:url\" content=\"https:\/\/www.adstigre.com\/peru\/pagina-de-inicio-v2\/\" \/>\n<meta property=\"og:site_name\" content=\"ADS Tigre Peru\" \/>\n<meta property=\"article:modified_time\" content=\"2025-03-27T13:41:31+00:00\" \/>\n<meta property=\"og:image\" content=\"https:\/\/www.adstigre.com\/peru\/wp-content\/uploads\/sites\/29\/2024\/10\/marca-ADS-Tigre.png\" \/>\n\t<meta property=\"og:image:width\" content=\"1318\" \/>\n\t<meta property=\"og:image:height\" content=\"1317\" \/>\n\t<meta property=\"og:image:type\" content=\"image\/png\" \/>\n<meta name=\"twitter:card\" content=\"summary_large_image\" \/>\n<meta name=\"twitter:label1\" content=\"Est. reading time\" \/>\n\t<meta name=\"twitter:data1\" content=\"1 minute\" \/>\n<script type=\"application\/ld+json\" class=\"yoast-schema-graph\">{\"@context\":\"https:\\\/\\\/schema.org\",\"@graph\":[{\"@type\":\"WebPage\",\"@id\":\"https:\\\/\\\/www.adstigre.com\\\/peru\\\/pagina-de-inicio-v2\\\/\",\"url\":\"https:\\\/\\\/www.adstigre.com\\\/peru\\\/pagina-de-inicio-v2\\\/\",\"name\":\"P\u00e1gina de Inicio V2 - ADS Tigre Peru\",\"isPartOf\":{\"@id\":\"https:\\\/\\\/www.adstigre.com\\\/peru\\\/#website\"},\"primaryImageOfPage\":{\"@id\":\"https:\\\/\\\/www.adstigre.com\\\/peru\\\/pagina-de-inicio-v2\\\/#primaryimage\"},\"image\":{\"@id\":\"https:\\\/\\\/www.adstigre.com\\\/peru\\\/pagina-de-inicio-v2\\\/#primaryimage\"},\"thumbnailUrl\":\"https:\\\/\\\/www.adstigre.com\\\/peru\\\/wp-content\\\/uploads\\\/sites\\\/29\\\/2024\\\/10\\\/marca-ADS-Tigre.png\",\"datePublished\":\"2025-02-14T18:07:16+00:00\",\"dateModified\":\"2025-03-27T13:41:31+00:00\",\"breadcrumb\":{\"@id\":\"https:\\\/\\\/www.adstigre.com\\\/peru\\\/pagina-de-inicio-v2\\\/#breadcrumb\"},\"inLanguage\":\"en-US\",\"potentialAction\":[{\"@type\":\"ReadAction\",\"target\":[\"https:\\\/\\\/www.adstigre.com\\\/peru\\\/pagina-de-inicio-v2\\\/\"]}]},{\"@type\":\"ImageObject\",\"inLanguage\":\"en-US\",\"@id\":\"https:\\\/\\\/www.adstigre.com\\\/peru\\\/pagina-de-inicio-v2\\\/#primaryimage\",\"url\":\"https:\\\/\\\/www.adstigre.com\\\/peru\\\/wp-content\\\/uploads\\\/sites\\\/29\\\/2024\\\/10\\\/marca-ADS-Tigre.png\",\"contentUrl\":\"https:\\\/\\\/www.adstigre.com\\\/peru\\\/wp-content\\\/uploads\\\/sites\\\/29\\\/2024\\\/10\\\/marca-ADS-Tigre.png\",\"width\":1318,\"height\":1317},{\"@type\":\"BreadcrumbList\",\"@id\":\"https:\\\/\\\/www.adstigre.com\\\/peru\\\/pagina-de-inicio-v2\\\/#breadcrumb\",\"itemListElement\":[{\"@type\":\"ListItem\",\"position\":1,\"name\":\"In\u00edcio\",\"item\":\"https:\\\/\\\/www.adstigre.com\\\/peru\\\/\"},{\"@type\":\"ListItem\",\"position\":2,\"name\":\"P\u00e1gina de Inicio V2\"}]},{\"@type\":\"WebSite\",\"@id\":\"https:\\\/\\\/www.adstigre.com\\\/peru\\\/#website\",\"url\":\"https:\\\/\\\/www.adstigre.com\\\/peru\\\/\",\"name\":\"ADS Tigre Peru\",\"description\":\"Um site do grupo tigre\",\"potentialAction\":[{\"@type\":\"SearchAction\",\"target\":{\"@type\":\"EntryPoint\",\"urlTemplate\":\"https:\\\/\\\/www.adstigre.com\\\/peru\\\/?s={search_term_string}\"},\"query-input\":{\"@type\":\"PropertyValueSpecification\",\"valueRequired\":true,\"valueName\":\"search_term_string\"}}],\"inLanguage\":\"en-US\"}]}<\/script>\n<!-- \/ Yoast SEO plugin. -->","yoast_head_json":{"title":"P\u00e1gina de Inicio V2 - ADS Tigre Peru","robots":{"index":"index","follow":"follow","max-snippet":"max-snippet:-1","max-image-preview":"max-image-preview:large","max-video-preview":"max-video-preview:-1"},"canonical":"https:\/\/www.adstigre.com\/peru\/pagina-de-inicio-v2\/","og_locale":"en_US","og_type":"article","og_title":"P\u00e1gina de Inicio V2 - ADS Tigre Peru","og_description":"\u00a1Nosotros mejoramos la calidad de vida con el desarrollo de [&hellip;]","og_url":"https:\/\/www.adstigre.com\/peru\/pagina-de-inicio-v2\/","og_site_name":"ADS Tigre Peru","article_modified_time":"2025-03-27T13:41:31+00:00","og_image":[{"width":1318,"height":1317,"url":"https:\/\/www.adstigre.com\/peru\/wp-content\/uploads\/sites\/29\/2024\/10\/marca-ADS-Tigre.png","type":"image\/png"}],"twitter_card":"summary_large_image","twitter_misc":{"Est. reading time":"1 minute"},"schema":{"@context":"https:\/\/schema.org","@graph":[{"@type":"WebPage","@id":"https:\/\/www.adstigre.com\/peru\/pagina-de-inicio-v2\/","url":"https:\/\/www.adstigre.com\/peru\/pagina-de-inicio-v2\/","name":"P\u00e1gina de Inicio V2 - ADS Tigre Peru","isPartOf":{"@id":"https:\/\/www.adstigre.com\/peru\/#website"},"primaryImageOfPage":{"@id":"https:\/\/www.adstigre.com\/peru\/pagina-de-inicio-v2\/#primaryimage"},"image":{"@id":"https:\/\/www.adstigre.com\/peru\/pagina-de-inicio-v2\/#primaryimage"},"thumbnailUrl":"https:\/\/www.adstigre.com\/peru\/wp-content\/uploads\/sites\/29\/2024\/10\/marca-ADS-Tigre.png","datePublished":"2025-02-14T18:07:16+00:00","dateModified":"2025-03-27T13:41:31+00:00","breadcrumb":{"@id":"https:\/\/www.adstigre.com\/peru\/pagina-de-inicio-v2\/#breadcrumb"},"inLanguage":"en-US","potentialAction":[{"@type":"ReadAction","target":["https:\/\/www.adstigre.com\/peru\/pagina-de-inicio-v2\/"]}]},{"@type":"ImageObject","inLanguage":"en-US","@id":"https:\/\/www.adstigre.com\/peru\/pagina-de-inicio-v2\/#primaryimage","url":"https:\/\/www.adstigre.com\/peru\/wp-content\/uploads\/sites\/29\/2024\/10\/marca-ADS-Tigre.png","contentUrl":"https:\/\/www.adstigre.com\/peru\/wp-content\/uploads\/sites\/29\/2024\/10\/marca-ADS-Tigre.png","width":1318,"height":1317},{"@type":"BreadcrumbList","@id":"https:\/\/www.adstigre.com\/peru\/pagina-de-inicio-v2\/#breadcrumb","itemListElement":[{"@type":"ListItem","position":1,"name":"In\u00edcio","item":"https:\/\/www.adstigre.com\/peru\/"},{"@type":"ListItem","position":2,"name":"P\u00e1gina de Inicio V2"}]},{"@type":"WebSite","@id":"https:\/\/www.adstigre.com\/peru\/#website","url":"https:\/\/www.adstigre.com\/peru\/","name":"ADS Tigre Peru","description":"Um site do grupo tigre","potentialAction":[{"@type":"SearchAction","target":{"@type":"EntryPoint","urlTemplate":"https:\/\/www.adstigre.com\/peru\/?s={search_term_string}"},"query-input":{"@type":"PropertyValueSpecification","valueRequired":true,"valueName":"search_term_string"}}],"inLanguage":"en-US"}]}},"_links":{"self":[{"href":"https:\/\/www.adstigre.com\/peru\/wp-json\/wp\/v2\/pages\/6965","targetHints":{"allow":["GET"]}}],"collection":[{"href":"https:\/\/www.adstigre.com\/peru\/wp-json\/wp\/v2\/pages"}],"about":[{"href":"https:\/\/www.adstigre.com\/peru\/wp-json\/wp\/v2\/types\/page"}],"author":[{"embeddable":true,"href":"https:\/\/www.adstigre.com\/peru\/wp-json\/wp\/v2\/users\/3"}],"replies":[{"embeddable":true,"href":"https:\/\/www.adstigre.com\/peru\/wp-json\/wp\/v2\/comments?post=6965"}],"version-history":[{"count":9,"href":"https:\/\/www.adstigre.com\/peru\/wp-json\/wp\/v2\/pages\/6965\/revisions"}],"predecessor-version":[{"id":9420,"href":"https:\/\/www.adstigre.com\/peru\/wp-json\/wp\/v2\/pages\/6965\/revisions\/9420"}],"wp:featuredmedia":[{"embeddable":true,"href":"https:\/\/www.adstigre.com\/peru\/wp-json\/wp\/v2\/media\/6926"}],"wp:attachment":[{"href":"https:\/\/www.adstigre.com\/peru\/wp-json\/wp\/v2\/media?parent=6965"}],"wp:term":[{"taxonomy":"category","embeddable":true,"href":"https:\/\/www.adstigre.com\/peru\/wp-json\/wp\/v2\/categories?post=6965"},{"taxonomy":"post_tag","embeddable":true,"href":"https:\/\/www.adstigre.com\/peru\/wp-json\/wp\/v2\/tags?post=6965"}],"curies":[{"name":"wp","href":"https:\/\/api.w.org\/{rel}","templated":true}]}}