{"id":3154,"date":"2020-07-27T15:51:00","date_gmt":"2020-07-27T18:51:00","guid":{"rendered":"https:\/\/www.tigre-ads.com\/peru\/producto\/advanedge\/"},"modified":"2025-04-03T11:32:08","modified_gmt":"2025-04-03T14:32:08","slug":"advanedge","status":"publish","type":"page","link":"https:\/\/www.adstigre.com\/peru\/producto\/advanedge\/","title":{"rendered":"Advanedge"},"content":{"rendered":"\n\n\t\t\t\t<img loading=\"lazy\" decoding=\"async\" src=\"https:\/\/www.adstigre.com\/peru\/wp-content\/uploads\/sites\/29\/2025\/03\/produto-advanedge-banner.png\" alt=\"produto-advanedge-banner\" itemprop=\"image\" height=\"295\" width=\"153\" title=\"produto-advanedge-banner\" onerror=\"this.style.display='none'\"  \/>\n\t\t<h1>ADVANEDGE<sup>\u00ae<\/sup><\/h1>\n\t\t\tSobre el producto\n\t\t\n\t\t\t<p>La tuber\u00eda de panel es uno de los m\u00e1s recientes desarrollos en drenaje subsuperficial, el producto consiste en un n\u00facleo pl\u00e1stico perforado en forma de panel, envuelto con un geotextil que filtra el suelo. La caracter\u00edstica de desempe\u00f1o que distingue a las tuber\u00edas de panel es su capacidad de captar y evacuar agua r\u00e1pidamente.AdvanEDGE \u00ae est\u00e1 dise\u00f1ada para ser una tuber\u00eda, con estabilidad dimensional en todas las direcciones, el n\u00facleo cerrado reforzado tiene una rigidez vertical excepcional, resistencia a la compresi\u00f3n y resistencia a la deformaci\u00f3n, que se presenta durante los procesos de instalaci\u00f3n.<\/p>\t\t\n\t\t\tAplicaci\u00f3n\n\t\t\n\t\t\t<p>Drenaje para canchas deportivas.<br \/>Efectiva para mantener los campos de pr\u00e1cticas deportivas, escuelas y ciudades en buenas condiciones.<\/p>\t\t\n\t\t\tCaracter\u00edsticas\n\t\t\n\t\t\t<ul><br \/><li>Disponible en di\u00e1metros de 300 mm y 450 mm en rollos de 30.5 metros;<\/li><br \/><li>Resistencia a la compresi\u00f3n y la deformaci\u00f3n que se presenta durante el proceso de instalaci\u00f3n;<\/li><br \/><li>Las juntas se realizan con acoples que es lo suficientemente seguro para resistir los esfuerzos de instalaci\u00f3n;<\/li><br \/><li>Fabricado con una resina de polietileno de alta densidad que cumple con los requerimientos de calidad estructural y resistencia qu\u00edmica de la ASTM D3350.<\/li><br \/><\/ul><br \/>\t\t\n\t\t\t\t<img decoding=\"async\" src=\"https:\/\/www.adstigre.com\/peru\/wp-content\/uploads\/sites\/29\/bb-plugin\/cache\/advanedge-detail2-portrait.png\" alt=\"advanedge-detail2\" title=\"advanedge-detail2\" itemprop=\"image\"  \/>\n\t\t<h3>Informaci\u00f3n t\u00e9cnica<\/h3>\n\t\t\t<p>La tuber\u00eda AdvanEDGE cumple con los requisitos establecidos por la norma ASTM D 7001.Sus dimensiones exteriores son de 1,5 &#8220;(38 mm) de espesor y ancho de 12&#8221; (300 mm) o 18 &#8220;(450 mm).Los refuerzos internos junto a cada pared evitar el aplanamiento bajo carga t\u00edpica.AdvanEDGE se puede suministrar con o sin geotextil.<\/p>\t\t\n\n","protected":false},"excerpt":{"rendered":"<p>ADVANEDGE\u00ae Sobre el producto La tuber\u00eda de panel es uno [&hellip;]<\/p>\n","protected":false},"author":3,"featured_media":2227,"parent":2323,"menu_order":0,"comment_status":"closed","ping_status":"closed","template":"","meta":{"_monsterinsights_skip_tracking":false,"_monsterinsights_sitenote_active":false,"_monsterinsights_sitenote_note":"","_monsterinsights_sitenote_category":0,"site-sidebar-layout":"default","site-content-layout":"default","ast-site-content-layout":"default","site-content-style":"default","site-sidebar-style":"default","ast-global-header-display":"","ast-banner-title-visibility":"","ast-main-header-display":"disabled","ast-hfb-above-header-display":"","ast-hfb-below-header-display":"","ast-hfb-mobile-header-display":"","site-post-title":"disabled","ast-breadcrumbs-content":"disabled","ast-featured-img":"disabled","footer-sml-layout":"disabled","ast-disable-related-posts":"","theme-transparent-header-meta":"default","adv-header-id-meta":"","stick-header-meta":"default","header-above-stick-meta":"","header-main-stick-meta":"","header-below-stick-meta":"","astra-migrate-meta-layouts":"set","ast-page-background-enabled":"default","ast-page-background-meta":{"desktop":{"background-color":"","background-image":"","background-repeat":"repeat","background-position":"center center","background-size":"auto","background-attachment":"scroll","background-type":"","background-media":"","overlay-type":"","overlay-color":"","overlay-opacity":"","overlay-gradient":""},"tablet":{"background-color":"","background-image":"","background-repeat":"repeat","background-position":"center center","background-size":"auto","background-attachment":"scroll","background-type":"","background-media":"","overlay-type":"","overlay-color":"","overlay-opacity":"","overlay-gradient":""},"mobile":{"background-color":"","background-image":"","background-repeat":"repeat","background-position":"center center","background-size":"auto","background-attachment":"scroll","background-type":"","background-media":"","overlay-type":"","overlay-color":"","overlay-opacity":"","overlay-gradient":""}},"ast-content-background-meta":{"desktop":{"background-color":"var(--ast-global-color-5)","background-image":"","background-repeat":"repeat","background-position":"center center","background-size":"auto","background-attachment":"scroll","background-type":"","background-media":"","overlay-type":"","overlay-color":"","overlay-opacity":"","overlay-gradient":""},"tablet":{"background-color":"var(--ast-global-color-5)","background-image":"","background-repeat":"repeat","background-position":"center center","background-size":"auto","background-attachment":"scroll","background-type":"","background-media":"","overlay-type":"","overlay-color":"","overlay-opacity":"","overlay-gradient":""},"mobile":{"background-color":"var(--ast-global-color-5)","background-image":"","background-repeat":"repeat","background-position":"center center","background-size":"auto","background-attachment":"scroll","background-type":"","background-media":"","overlay-type":"","overlay-color":"","overlay-opacity":"","overlay-gradient":""}},"footnotes":""},"categories":[],"tags":[],"class_list":["post-3154","page","type-page","status-publish","has-post-thumbnail","hentry"],"yoast_head":"<!-- This site is optimized with the Yoast SEO plugin v26.2 - https:\/\/yoast.com\/wordpress\/plugins\/seo\/ -->\n<title>Advanedge - ADS Tigre Peru<\/title>\n<meta name=\"robots\" content=\"index, follow, max-snippet:-1, max-image-preview:large, max-video-preview:-1\" \/>\n<link rel=\"canonical\" href=\"https:\/\/www.adstigre.com\/peru\/producto\/advanedge\/\" \/>\n<meta property=\"og:locale\" content=\"en_US\" \/>\n<meta property=\"og:type\" content=\"article\" \/>\n<meta property=\"og:title\" content=\"Advanedge - ADS Tigre Peru\" \/>\n<meta property=\"og:description\" content=\"ADVANEDGE\u00ae Sobre el producto La tuber\u00eda de panel es uno [&hellip;]\" \/>\n<meta property=\"og:url\" content=\"https:\/\/www.adstigre.com\/peru\/producto\/advanedge\/\" \/>\n<meta property=\"og:site_name\" content=\"ADS Tigre Peru\" \/>\n<meta property=\"article:modified_time\" content=\"2025-04-03T14:32:08+00:00\" \/>\n<meta property=\"og:image\" content=\"https:\/\/www.adstigre.com\/peru\/wp-content\/uploads\/sites\/29\/2020\/03\/home-produtos-advanedge.png\" \/>\n\t<meta property=\"og:image:width\" content=\"594\" \/>\n\t<meta property=\"og:image:height\" content=\"295\" \/>\n\t<meta property=\"og:image:type\" content=\"image\/png\" \/>\n<meta name=\"twitter:card\" content=\"summary_large_image\" \/>\n<meta name=\"twitter:label1\" content=\"Est. reading time\" \/>\n\t<meta name=\"twitter:data1\" content=\"1 minute\" \/>\n<script type=\"application\/ld+json\" class=\"yoast-schema-graph\">{\"@context\":\"https:\/\/schema.org\",\"@graph\":[{\"@type\":\"WebPage\",\"@id\":\"https:\/\/www.adstigre.com\/peru\/producto\/advanedge\/\",\"url\":\"https:\/\/www.adstigre.com\/peru\/producto\/advanedge\/\",\"name\":\"Advanedge - ADS Tigre Peru\",\"isPartOf\":{\"@id\":\"https:\/\/www.adstigre.com\/peru\/#website\"},\"primaryImageOfPage\":{\"@id\":\"https:\/\/www.adstigre.com\/peru\/producto\/advanedge\/#primaryimage\"},\"image\":{\"@id\":\"https:\/\/www.adstigre.com\/peru\/producto\/advanedge\/#primaryimage\"},\"thumbnailUrl\":\"https:\/\/www.adstigre.com\/peru\/wp-content\/uploads\/sites\/29\/2020\/03\/home-produtos-advanedge.png\",\"datePublished\":\"2020-07-27T18:51:00+00:00\",\"dateModified\":\"2025-04-03T14:32:08+00:00\",\"breadcrumb\":{\"@id\":\"https:\/\/www.adstigre.com\/peru\/producto\/advanedge\/#breadcrumb\"},\"inLanguage\":\"en-US\",\"potentialAction\":[{\"@type\":\"ReadAction\",\"target\":[\"https:\/\/www.adstigre.com\/peru\/producto\/advanedge\/\"]}]},{\"@type\":\"ImageObject\",\"inLanguage\":\"en-US\",\"@id\":\"https:\/\/www.adstigre.com\/peru\/producto\/advanedge\/#primaryimage\",\"url\":\"https:\/\/www.adstigre.com\/peru\/wp-content\/uploads\/sites\/29\/2020\/03\/home-produtos-advanedge.png\",\"contentUrl\":\"https:\/\/www.adstigre.com\/peru\/wp-content\/uploads\/sites\/29\/2020\/03\/home-produtos-advanedge.png\",\"width\":594,\"height\":295,\"caption\":\"ADVANEDGE\"},{\"@type\":\"BreadcrumbList\",\"@id\":\"https:\/\/www.adstigre.com\/peru\/producto\/advanedge\/#breadcrumb\",\"itemListElement\":[{\"@type\":\"ListItem\",\"position\":1,\"name\":\"In\u00edcio\",\"item\":\"https:\/\/www.adstigre.com\/peru\/\"},{\"@type\":\"ListItem\",\"position\":2,\"name\":\"Producto\",\"item\":\"https:\/\/www.adstigre.com\/peru\/producto\/\"},{\"@type\":\"ListItem\",\"position\":3,\"name\":\"Advanedge\"}]},{\"@type\":\"WebSite\",\"@id\":\"https:\/\/www.adstigre.com\/peru\/#website\",\"url\":\"https:\/\/www.adstigre.com\/peru\/\",\"name\":\"ADS Tigre Peru\",\"description\":\"Um site do grupo tigre\",\"potentialAction\":[{\"@type\":\"SearchAction\",\"target\":{\"@type\":\"EntryPoint\",\"urlTemplate\":\"https:\/\/www.adstigre.com\/peru\/?s={search_term_string}\"},\"query-input\":{\"@type\":\"PropertyValueSpecification\",\"valueRequired\":true,\"valueName\":\"search_term_string\"}}],\"inLanguage\":\"en-US\"}]}<\/script>\n<!-- \/ Yoast SEO plugin. -->","yoast_head_json":{"title":"Advanedge - ADS Tigre Peru","robots":{"index":"index","follow":"follow","max-snippet":"max-snippet:-1","max-image-preview":"max-image-preview:large","max-video-preview":"max-video-preview:-1"},"canonical":"https:\/\/www.adstigre.com\/peru\/producto\/advanedge\/","og_locale":"en_US","og_type":"article","og_title":"Advanedge - ADS Tigre Peru","og_description":"ADVANEDGE\u00ae Sobre el producto La tuber\u00eda de panel es uno [&hellip;]","og_url":"https:\/\/www.adstigre.com\/peru\/producto\/advanedge\/","og_site_name":"ADS Tigre Peru","article_modified_time":"2025-04-03T14:32:08+00:00","og_image":[{"width":594,"height":295,"url":"https:\/\/www.adstigre.com\/peru\/wp-content\/uploads\/sites\/29\/2020\/03\/home-produtos-advanedge.png","type":"image\/png"}],"twitter_card":"summary_large_image","twitter_misc":{"Est. reading time":"1 minute"},"schema":{"@context":"https:\/\/schema.org","@graph":[{"@type":"WebPage","@id":"https:\/\/www.adstigre.com\/peru\/producto\/advanedge\/","url":"https:\/\/www.adstigre.com\/peru\/producto\/advanedge\/","name":"Advanedge - ADS Tigre Peru","isPartOf":{"@id":"https:\/\/www.adstigre.com\/peru\/#website"},"primaryImageOfPage":{"@id":"https:\/\/www.adstigre.com\/peru\/producto\/advanedge\/#primaryimage"},"image":{"@id":"https:\/\/www.adstigre.com\/peru\/producto\/advanedge\/#primaryimage"},"thumbnailUrl":"https:\/\/www.adstigre.com\/peru\/wp-content\/uploads\/sites\/29\/2020\/03\/home-produtos-advanedge.png","datePublished":"2020-07-27T18:51:00+00:00","dateModified":"2025-04-03T14:32:08+00:00","breadcrumb":{"@id":"https:\/\/www.adstigre.com\/peru\/producto\/advanedge\/#breadcrumb"},"inLanguage":"en-US","potentialAction":[{"@type":"ReadAction","target":["https:\/\/www.adstigre.com\/peru\/producto\/advanedge\/"]}]},{"@type":"ImageObject","inLanguage":"en-US","@id":"https:\/\/www.adstigre.com\/peru\/producto\/advanedge\/#primaryimage","url":"https:\/\/www.adstigre.com\/peru\/wp-content\/uploads\/sites\/29\/2020\/03\/home-produtos-advanedge.png","contentUrl":"https:\/\/www.adstigre.com\/peru\/wp-content\/uploads\/sites\/29\/2020\/03\/home-produtos-advanedge.png","width":594,"height":295,"caption":"ADVANEDGE"},{"@type":"BreadcrumbList","@id":"https:\/\/www.adstigre.com\/peru\/producto\/advanedge\/#breadcrumb","itemListElement":[{"@type":"ListItem","position":1,"name":"In\u00edcio","item":"https:\/\/www.adstigre.com\/peru\/"},{"@type":"ListItem","position":2,"name":"Producto","item":"https:\/\/www.adstigre.com\/peru\/producto\/"},{"@type":"ListItem","position":3,"name":"Advanedge"}]},{"@type":"WebSite","@id":"https:\/\/www.adstigre.com\/peru\/#website","url":"https:\/\/www.adstigre.com\/peru\/","name":"ADS Tigre Peru","description":"Um site do grupo tigre","potentialAction":[{"@type":"SearchAction","target":{"@type":"EntryPoint","urlTemplate":"https:\/\/www.adstigre.com\/peru\/?s={search_term_string}"},"query-input":{"@type":"PropertyValueSpecification","valueRequired":true,"valueName":"search_term_string"}}],"inLanguage":"en-US"}]}},"_links":{"self":[{"href":"https:\/\/www.adstigre.com\/peru\/wp-json\/wp\/v2\/pages\/3154","targetHints":{"allow":["GET"]}}],"collection":[{"href":"https:\/\/www.adstigre.com\/peru\/wp-json\/wp\/v2\/pages"}],"about":[{"href":"https:\/\/www.adstigre.com\/peru\/wp-json\/wp\/v2\/types\/page"}],"author":[{"embeddable":true,"href":"https:\/\/www.adstigre.com\/peru\/wp-json\/wp\/v2\/users\/3"}],"replies":[{"embeddable":true,"href":"https:\/\/www.adstigre.com\/peru\/wp-json\/wp\/v2\/comments?post=3154"}],"version-history":[{"count":15,"href":"https:\/\/www.adstigre.com\/peru\/wp-json\/wp\/v2\/pages\/3154\/revisions"}],"predecessor-version":[{"id":9738,"href":"https:\/\/www.adstigre.com\/peru\/wp-json\/wp\/v2\/pages\/3154\/revisions\/9738"}],"up":[{"embeddable":true,"href":"https:\/\/www.adstigre.com\/peru\/wp-json\/wp\/v2\/pages\/2323"}],"wp:featuredmedia":[{"embeddable":true,"href":"https:\/\/www.adstigre.com\/peru\/wp-json\/wp\/v2\/media\/2227"}],"wp:attachment":[{"href":"https:\/\/www.adstigre.com\/peru\/wp-json\/wp\/v2\/media?parent=3154"}],"wp:term":[{"taxonomy":"category","embeddable":true,"href":"https:\/\/www.adstigre.com\/peru\/wp-json\/wp\/v2\/categories?post=3154"},{"taxonomy":"post_tag","embeddable":true,"href":"https:\/\/www.adstigre.com\/peru\/wp-json\/wp\/v2\/tags?post=3154"}],"curies":[{"name":"wp","href":"https:\/\/api.w.org\/{rel}","templated":true}]}}