{"id":3090,"date":"2020-07-27T14:05:36","date_gmt":"2020-07-27T17:05:36","guid":{"rendered":"https:\/\/www.tigre-ads.com\/peru\/producto\/denpro\/"},"modified":"2025-03-27T11:46:32","modified_gmt":"2025-03-27T14:46:32","slug":"drenpro","status":"publish","type":"page","link":"https:\/\/www.adstigre.com\/peru\/producto\/drenpro\/","title":{"rendered":"DrenPro"},"content":{"rendered":"\n\n\t\t\t\t<img decoding=\"async\" src=\"http:\/\/www.adstigre.com\/peru\/wp-content\/uploads\/sites\/29\/2025\/03\/denpro-banner.png\" alt=\"denpro-banner\" itemprop=\"image\" title=\"denpro-banner\" onerror=\"this.style.display='none'\"  \/>\n\t\t\tSobre el producto\n\t\t\n\t\t\t<p>Productos fabricados de Polietileno de alta densidad (PEAD) bajo las normas internacionales m\u00e1s importantes de la industria.\u00a0Su dise\u00f1o doble pared; lisa en su interior y corrugada en el exterior, les permiten obtener un\u00a0gran desempe\u00f1o hidr\u00e1ulico.Dentro de sus principales caracter\u00edsticas destacan, un\u00a0buen desempe\u00f1o estructural, gran capacidad hidr\u00e1ulica, muy bajo peso a la hora de realizar su instalaci\u00f3n, gran resistencia a la abrasi\u00f3n y alta resistencia a la corrosi\u00f3n, entre algunas.<strong>DrenPro Infra\u00ae<\/strong>:\u00a0Est\u00e1\u00a0fabricada bajo las normas:\u00a0<strong>AASHTO M 252<\/strong>,\u00a0<strong>AASHTO M 294,<\/strong>\u00a0<strong>ASTM F2306,\u00a0<\/strong><strong>NB1216023,\u00a0NTC 5447 y\u00a0NTN NP 1708316\u00a0<\/strong>y se puede reconocer por tener en su campana\u00a0una o dos bandas\u00a0cer\u00e1mica\u00a0de color azul, brindando una\u00a0mayor resistencia a los elastom\u00e9ricos al momento de finalizar su instalaci\u00f3n.<strong>DrenPro HD<sup>\u00ae<\/sup><\/strong>: Producto fabricado\u00a0bajo la norma\u00a0<strong>ASTM F2648<\/strong>, y la podemos idenentificar por tener en su campana, una o dos bandas\u00a0cer\u00e1mica\u00a0de color verde.Las tuber\u00edas\u00a0<strong>DrenPro<sup>\u00ae<\/sup><\/strong>, al momento de no contar con campana y espiga, se pueden identificar por tener una l\u00ednea azul o\u00a0l\u00ednea verde, reemplazando el elemento diferenciador de las bandas cer\u00e1micas de manera respectiva.<\/p>\t\t\n\t\t\tCaracter\u00edsticas t\u00edpicas de los productos:\n\t\t\n\t\t\t<ul><br \/><li>Producto puede ser suministrado con o sin perforaciones.<\/li><br \/><li>Su longitud est\u00e1ndar es de 6 metros.<\/li><br \/><li>Sus di\u00e1metros est\u00e1n a partir de los 75 hasta\u00a0los 1500 mm.<\/li><br \/><\/ul><br \/><p>Si necesita mayor informaci\u00f3n, descargue nuestro cat\u00e1logo de tuber\u00eda corrugada en este mismo sitio\u00a0o consulte a nuestro equipo t\u00e9cnico comercial, qui\u00e9n lo apoyar\u00e1 y le resolver\u00e1\u00a0todas sus dudas\u00a0e inquietudes.<\/p><br \/>\t\t\n\t\t\t\t<img decoding=\"async\" src=\"http:\/\/www.adstigre.com\/peru\/wp-content\/uploads\/sites\/29\/2025\/03\/denpro-img.png\" alt=\"denpro-img\" title=\"denpro-img\" itemprop=\"image\"  \/>\n\t\t<h3>Informaci\u00f3n t\u00e9cnica<\/h3>\n\t\t\t<p><strong>Disponible en di\u00e1metros:<\/strong>\u00a0100 mm a 1500 mm &#8211; con o sin perforaciones<strong>Longitud est\u00e1ndar:<\/strong>\u00a06.0 metros;<strong>Aplicaciones:\u00a0<\/strong>drenaje de aguas pluviales, retenci\u00f3n \/ detenci\u00f3n, carreteras, aeropuertos, ferrocarriles, puertos, miner\u00eda, vertederos, silvicultura y canalizaci\u00f3n;<strong>Est\u00e1ndares de referencia:\u00a0<\/strong>AASHTO M252 y M294, ASTM F2306, ASTM F2648 y DNIT-094\/2014-EM.<\/p>\t\t\n\t\t\t\t<img decoding=\"async\" src=\"http:\/\/www.adstigre.com\/peru\/wp-content\/uploads\/sites\/29\/2025\/03\/Tabela_Drenpro.png\" alt=\"Tabela_Drenpro\" title=\"Tabela_Drenpro\" itemprop=\"image\"  \/>\n\n","protected":false},"excerpt":{"rendered":"<p>Sobre el producto Productos fabricados de Polietileno de alta densidad [&hellip;]<\/p>\n","protected":false},"author":3,"featured_media":2230,"parent":2323,"menu_order":0,"comment_status":"closed","ping_status":"closed","template":"","meta":{"_monsterinsights_skip_tracking":false,"_monsterinsights_sitenote_active":false,"_monsterinsights_sitenote_note":"","_monsterinsights_sitenote_category":0,"site-sidebar-layout":"default","site-content-layout":"default","ast-site-content-layout":"default","site-content-style":"default","site-sidebar-style":"default","ast-global-header-display":"","ast-banner-title-visibility":"","ast-main-header-display":"disabled","ast-hfb-above-header-display":"","ast-hfb-below-header-display":"","ast-hfb-mobile-header-display":"","site-post-title":"disabled","ast-breadcrumbs-content":"disabled","ast-featured-img":"disabled","footer-sml-layout":"disabled","ast-disable-related-posts":"","theme-transparent-header-meta":"default","adv-header-id-meta":"","stick-header-meta":"default","header-above-stick-meta":"","header-main-stick-meta":"","header-below-stick-meta":"","astra-migrate-meta-layouts":"set","ast-page-background-enabled":"default","ast-page-background-meta":{"desktop":{"background-color":"","background-image":"","background-repeat":"repeat","background-position":"center center","background-size":"auto","background-attachment":"scroll","background-type":"","background-media":"","overlay-type":"","overlay-color":"","overlay-opacity":"","overlay-gradient":""},"tablet":{"background-color":"","background-image":"","background-repeat":"repeat","background-position":"center center","background-size":"auto","background-attachment":"scroll","background-type":"","background-media":"","overlay-type":"","overlay-color":"","overlay-opacity":"","overlay-gradient":""},"mobile":{"background-color":"","background-image":"","background-repeat":"repeat","background-position":"center center","background-size":"auto","background-attachment":"scroll","background-type":"","background-media":"","overlay-type":"","overlay-color":"","overlay-opacity":"","overlay-gradient":""}},"ast-content-background-meta":{"desktop":{"background-color":"var(--ast-global-color-5)","background-image":"","background-repeat":"repeat","background-position":"center center","background-size":"auto","background-attachment":"scroll","background-type":"","background-media":"","overlay-type":"","overlay-color":"","overlay-opacity":"","overlay-gradient":""},"tablet":{"background-color":"var(--ast-global-color-5)","background-image":"","background-repeat":"repeat","background-position":"center center","background-size":"auto","background-attachment":"scroll","background-type":"","background-media":"","overlay-type":"","overlay-color":"","overlay-opacity":"","overlay-gradient":""},"mobile":{"background-color":"var(--ast-global-color-5)","background-image":"","background-repeat":"repeat","background-position":"center center","background-size":"auto","background-attachment":"scroll","background-type":"","background-media":"","overlay-type":"","overlay-color":"","overlay-opacity":"","overlay-gradient":""}},"footnotes":""},"categories":[],"tags":[],"class_list":["post-3090","page","type-page","status-publish","has-post-thumbnail","hentry"],"yoast_head":"<!-- This site is optimized with the Yoast SEO plugin v27.4 - https:\/\/yoast.com\/product\/yoast-seo-wordpress\/ -->\n<title>DrenPro - ADS Tigre Peru<\/title>\n<meta name=\"robots\" content=\"index, follow, max-snippet:-1, max-image-preview:large, max-video-preview:-1\" \/>\n<link rel=\"canonical\" href=\"http:\/\/www.adstigre.com\/peru\/producto\/drenpro\/\" \/>\n<meta property=\"og:locale\" content=\"en_US\" \/>\n<meta property=\"og:type\" content=\"article\" \/>\n<meta property=\"og:title\" content=\"DrenPro - ADS Tigre Peru\" \/>\n<meta property=\"og:description\" content=\"Sobre el producto Productos fabricados de Polietileno de alta densidad [&hellip;]\" \/>\n<meta property=\"og:url\" content=\"http:\/\/www.adstigre.com\/peru\/producto\/drenpro\/\" \/>\n<meta property=\"og:site_name\" content=\"ADS Tigre Peru\" \/>\n<meta property=\"article:modified_time\" content=\"2025-03-27T14:46:32+00:00\" \/>\n<meta property=\"og:image\" content=\"http:\/\/www.adstigre.com\/peru\/wp-content\/uploads\/sites\/29\/2020\/03\/home-produtos-drenpro.png\" \/>\n\t<meta property=\"og:image:width\" content=\"554\" \/>\n\t<meta property=\"og:image:height\" content=\"280\" \/>\n\t<meta property=\"og:image:type\" content=\"image\/png\" \/>\n<meta name=\"twitter:card\" content=\"summary_large_image\" \/>\n<meta name=\"twitter:label1\" content=\"Est. reading time\" \/>\n\t<meta name=\"twitter:data1\" content=\"2 minutes\" \/>\n<script type=\"application\/ld+json\" class=\"yoast-schema-graph\">{\"@context\":\"https:\\\/\\\/schema.org\",\"@graph\":[{\"@type\":\"WebPage\",\"@id\":\"http:\\\/\\\/www.adstigre.com\\\/peru\\\/producto\\\/drenpro\\\/\",\"url\":\"http:\\\/\\\/www.adstigre.com\\\/peru\\\/producto\\\/drenpro\\\/\",\"name\":\"DrenPro - ADS Tigre Peru\",\"isPartOf\":{\"@id\":\"https:\\\/\\\/www.adstigre.com\\\/peru\\\/#website\"},\"primaryImageOfPage\":{\"@id\":\"http:\\\/\\\/www.adstigre.com\\\/peru\\\/producto\\\/drenpro\\\/#primaryimage\"},\"image\":{\"@id\":\"http:\\\/\\\/www.adstigre.com\\\/peru\\\/producto\\\/drenpro\\\/#primaryimage\"},\"thumbnailUrl\":\"https:\\\/\\\/www.adstigre.com\\\/peru\\\/wp-content\\\/uploads\\\/sites\\\/29\\\/2020\\\/03\\\/home-produtos-drenpro.png\",\"datePublished\":\"2020-07-27T17:05:36+00:00\",\"dateModified\":\"2025-03-27T14:46:32+00:00\",\"breadcrumb\":{\"@id\":\"http:\\\/\\\/www.adstigre.com\\\/peru\\\/producto\\\/drenpro\\\/#breadcrumb\"},\"inLanguage\":\"en-US\",\"potentialAction\":[{\"@type\":\"ReadAction\",\"target\":[\"http:\\\/\\\/www.adstigre.com\\\/peru\\\/producto\\\/drenpro\\\/\"]}]},{\"@type\":\"ImageObject\",\"inLanguage\":\"en-US\",\"@id\":\"http:\\\/\\\/www.adstigre.com\\\/peru\\\/producto\\\/drenpro\\\/#primaryimage\",\"url\":\"https:\\\/\\\/www.adstigre.com\\\/peru\\\/wp-content\\\/uploads\\\/sites\\\/29\\\/2020\\\/03\\\/home-produtos-drenpro.png\",\"contentUrl\":\"https:\\\/\\\/www.adstigre.com\\\/peru\\\/wp-content\\\/uploads\\\/sites\\\/29\\\/2020\\\/03\\\/home-produtos-drenpro.png\",\"width\":554,\"height\":280,\"caption\":\"DRENPRO\"},{\"@type\":\"BreadcrumbList\",\"@id\":\"http:\\\/\\\/www.adstigre.com\\\/peru\\\/producto\\\/drenpro\\\/#breadcrumb\",\"itemListElement\":[{\"@type\":\"ListItem\",\"position\":1,\"name\":\"In\u00edcio\",\"item\":\"https:\\\/\\\/www.adstigre.com\\\/peru\\\/\"},{\"@type\":\"ListItem\",\"position\":2,\"name\":\"Producto\",\"item\":\"https:\\\/\\\/www.adstigre.com\\\/peru\\\/producto\\\/\"},{\"@type\":\"ListItem\",\"position\":3,\"name\":\"DrenPro\"}]},{\"@type\":\"WebSite\",\"@id\":\"https:\\\/\\\/www.adstigre.com\\\/peru\\\/#website\",\"url\":\"https:\\\/\\\/www.adstigre.com\\\/peru\\\/\",\"name\":\"ADS Tigre Peru\",\"description\":\"Um site do grupo tigre\",\"potentialAction\":[{\"@type\":\"SearchAction\",\"target\":{\"@type\":\"EntryPoint\",\"urlTemplate\":\"https:\\\/\\\/www.adstigre.com\\\/peru\\\/?s={search_term_string}\"},\"query-input\":{\"@type\":\"PropertyValueSpecification\",\"valueRequired\":true,\"valueName\":\"search_term_string\"}}],\"inLanguage\":\"en-US\"}]}<\/script>\n<!-- \/ Yoast SEO plugin. -->","yoast_head_json":{"title":"DrenPro - ADS Tigre Peru","robots":{"index":"index","follow":"follow","max-snippet":"max-snippet:-1","max-image-preview":"max-image-preview:large","max-video-preview":"max-video-preview:-1"},"canonical":"http:\/\/www.adstigre.com\/peru\/producto\/drenpro\/","og_locale":"en_US","og_type":"article","og_title":"DrenPro - ADS Tigre Peru","og_description":"Sobre el producto Productos fabricados de Polietileno de alta densidad [&hellip;]","og_url":"http:\/\/www.adstigre.com\/peru\/producto\/drenpro\/","og_site_name":"ADS Tigre Peru","article_modified_time":"2025-03-27T14:46:32+00:00","og_image":[{"width":554,"height":280,"url":"http:\/\/www.adstigre.com\/peru\/wp-content\/uploads\/sites\/29\/2020\/03\/home-produtos-drenpro.png","type":"image\/png"}],"twitter_card":"summary_large_image","twitter_misc":{"Est. reading time":"2 minutes"},"schema":{"@context":"https:\/\/schema.org","@graph":[{"@type":"WebPage","@id":"http:\/\/www.adstigre.com\/peru\/producto\/drenpro\/","url":"http:\/\/www.adstigre.com\/peru\/producto\/drenpro\/","name":"DrenPro - ADS Tigre Peru","isPartOf":{"@id":"https:\/\/www.adstigre.com\/peru\/#website"},"primaryImageOfPage":{"@id":"http:\/\/www.adstigre.com\/peru\/producto\/drenpro\/#primaryimage"},"image":{"@id":"http:\/\/www.adstigre.com\/peru\/producto\/drenpro\/#primaryimage"},"thumbnailUrl":"https:\/\/www.adstigre.com\/peru\/wp-content\/uploads\/sites\/29\/2020\/03\/home-produtos-drenpro.png","datePublished":"2020-07-27T17:05:36+00:00","dateModified":"2025-03-27T14:46:32+00:00","breadcrumb":{"@id":"http:\/\/www.adstigre.com\/peru\/producto\/drenpro\/#breadcrumb"},"inLanguage":"en-US","potentialAction":[{"@type":"ReadAction","target":["http:\/\/www.adstigre.com\/peru\/producto\/drenpro\/"]}]},{"@type":"ImageObject","inLanguage":"en-US","@id":"http:\/\/www.adstigre.com\/peru\/producto\/drenpro\/#primaryimage","url":"https:\/\/www.adstigre.com\/peru\/wp-content\/uploads\/sites\/29\/2020\/03\/home-produtos-drenpro.png","contentUrl":"https:\/\/www.adstigre.com\/peru\/wp-content\/uploads\/sites\/29\/2020\/03\/home-produtos-drenpro.png","width":554,"height":280,"caption":"DRENPRO"},{"@type":"BreadcrumbList","@id":"http:\/\/www.adstigre.com\/peru\/producto\/drenpro\/#breadcrumb","itemListElement":[{"@type":"ListItem","position":1,"name":"In\u00edcio","item":"https:\/\/www.adstigre.com\/peru\/"},{"@type":"ListItem","position":2,"name":"Producto","item":"https:\/\/www.adstigre.com\/peru\/producto\/"},{"@type":"ListItem","position":3,"name":"DrenPro"}]},{"@type":"WebSite","@id":"https:\/\/www.adstigre.com\/peru\/#website","url":"https:\/\/www.adstigre.com\/peru\/","name":"ADS Tigre Peru","description":"Um site do grupo tigre","potentialAction":[{"@type":"SearchAction","target":{"@type":"EntryPoint","urlTemplate":"https:\/\/www.adstigre.com\/peru\/?s={search_term_string}"},"query-input":{"@type":"PropertyValueSpecification","valueRequired":true,"valueName":"search_term_string"}}],"inLanguage":"en-US"}]}},"_links":{"self":[{"href":"https:\/\/www.adstigre.com\/peru\/wp-json\/wp\/v2\/pages\/3090","targetHints":{"allow":["GET"]}}],"collection":[{"href":"https:\/\/www.adstigre.com\/peru\/wp-json\/wp\/v2\/pages"}],"about":[{"href":"https:\/\/www.adstigre.com\/peru\/wp-json\/wp\/v2\/types\/page"}],"author":[{"embeddable":true,"href":"https:\/\/www.adstigre.com\/peru\/wp-json\/wp\/v2\/users\/3"}],"replies":[{"embeddable":true,"href":"https:\/\/www.adstigre.com\/peru\/wp-json\/wp\/v2\/comments?post=3090"}],"version-history":[{"count":19,"href":"https:\/\/www.adstigre.com\/peru\/wp-json\/wp\/v2\/pages\/3090\/revisions"}],"predecessor-version":[{"id":9626,"href":"https:\/\/www.adstigre.com\/peru\/wp-json\/wp\/v2\/pages\/3090\/revisions\/9626"}],"up":[{"embeddable":true,"href":"https:\/\/www.adstigre.com\/peru\/wp-json\/wp\/v2\/pages\/2323"}],"wp:featuredmedia":[{"embeddable":true,"href":"https:\/\/www.adstigre.com\/peru\/wp-json\/wp\/v2\/media\/2230"}],"wp:attachment":[{"href":"https:\/\/www.adstigre.com\/peru\/wp-json\/wp\/v2\/media?parent=3090"}],"wp:term":[{"taxonomy":"category","embeddable":true,"href":"https:\/\/www.adstigre.com\/peru\/wp-json\/wp\/v2\/categories?post=3090"},{"taxonomy":"post_tag","embeddable":true,"href":"https:\/\/www.adstigre.com\/peru\/wp-json\/wp\/v2\/tags?post=3090"}],"curies":[{"name":"wp","href":"https:\/\/api.w.org\/{rel}","templated":true}]}}