{"id":2284,"date":"2020-06-29T12:37:10","date_gmt":"2020-06-29T15:37:10","guid":{"rendered":"https:\/\/www.tigre-ads.com\/colombia\/aplicaciones\/puertos\/"},"modified":"2025-03-27T09:15:22","modified_gmt":"2025-03-27T12:15:22","slug":"puertos","status":"publish","type":"page","link":"https:\/\/www.adstigre.com\/colombia\/aplicaciones\/puertos\/","title":{"rendered":"Puertos"},"content":{"rendered":"\n\n\t\t\t\t<img decoding=\"async\" src=\"http:\/\/www.adstigre.com\/colombia\/wp-content\/uploads\/sites\/28\/2025\/03\/banner-puertos.png\" alt=\"banner-puertos\" itemprop=\"image\" title=\"banner-puertos\" onerror=\"this.style.display='none'\"  \/>\n<h1>\n\t\tPuertos\n\t<\/h1>\n\t\t\n\t\t\t<p>El sector portuario est\u00e1 recibiendo muchas inversiones y el transporte mar\u00edtimo es esencial para el desarrollo del pa\u00eds. La zona portuaria recibe todo tipo de mercanc\u00edas y equipos con movimiento de cargas pesadas. Siendo, por lo tanto, necesaria una buena infraestructura para reducir los costos log\u00edsticos, mejorar la eficacia operacional y aumentar la competitividad de las exportaciones.El drenaje de patios y de \u00e1reas de movimiento de cargas es fundamental para garantizar la carga y la descarga seguras. Las soluciones \u00a0para las gesti\u00f3n de aguas de ADSTigre son las m\u00e1s adecuadas para soportar el movimiento de cargas pesadas como la de contenedores, pues, adem\u00e1s de la f\u00e1cil instalaci\u00f3n con costos m\u00e1s bajos, la alta resistencia estructural del sistema tuber\u00eda + suelo permite la instalaci\u00f3n con recubrimientos menores que los necesarios para otras tecnolog\u00edas.<\/p>\t\t\n\t\t\t<h3>Productos relacionados<\/h3>\t\t\t\n\t<a href=\"https:\/\/www.adstigre.com\/colombia\/producto\/drenpro\/\" target=\"_self\"  aria-label=\"Go to https:\/\/www.adstigre.com\/colombia\/producto\/drenpro\/\"><\/a>\n\t\t\t\t<img decoding=\"async\" src=\"http:\/\/www.adstigre.com\/colombia\/wp-content\/uploads\/sites\/28\/2025\/03\/DRENPRO_P-1.png\" alt=\"DRENPRO_P-1\" title=\"DRENPRO_P-1\" itemprop=\"image\"\/>\n\t\t<h3>DrenPro Infra y DrenPro HD<\/h3>\t\t\t\n\t<a href=\"https:\/\/www.adstigre.com\/colombia\/producto\/drenpro-one\/\" target=\"_self\"  aria-label=\"Go to https:\/\/www.adstigre.com\/colombia\/producto\/drenpro-one\/\"><\/a>\n\t\t\t\t<img decoding=\"async\" src=\"https:\/\/www.adstigre.com\/colombia\/wp-content\/uploads\/sites\/28\/2020\/06\/DrenPro-One.png\" alt=\"DrenPro-One\" title=\"DrenPro-One\" itemprop=\"image\"\/>\n\t\t<h3>DrenPro One<\/h3>\t\t\t\n\n","protected":false},"excerpt":{"rendered":"<p>Puertos El sector portuario est\u00e1 recibiendo muchas inversiones y el [&hellip;]<\/p>\n","protected":false},"author":3,"featured_media":0,"parent":2210,"menu_order":0,"comment_status":"closed","ping_status":"closed","template":"","meta":{"_monsterinsights_skip_tracking":false,"_monsterinsights_sitenote_active":false,"_monsterinsights_sitenote_note":"","_monsterinsights_sitenote_category":0,"site-sidebar-layout":"default","site-content-layout":"default","ast-site-content-layout":"default","site-content-style":"default","site-sidebar-style":"default","ast-global-header-display":"","ast-banner-title-visibility":"","ast-main-header-display":"disabled","ast-hfb-above-header-display":"","ast-hfb-below-header-display":"","ast-hfb-mobile-header-display":"","site-post-title":"disabled","ast-breadcrumbs-content":"disabled","ast-featured-img":"disabled","footer-sml-layout":"disabled","ast-disable-related-posts":"","theme-transparent-header-meta":"default","adv-header-id-meta":"","stick-header-meta":"default","header-above-stick-meta":"","header-main-stick-meta":"","header-below-stick-meta":"","astra-migrate-meta-layouts":"default","ast-page-background-enabled":"default","ast-page-background-meta":{"desktop":{"background-color":"","background-image":"","background-repeat":"repeat","background-position":"center center","background-size":"auto","background-attachment":"scroll","background-type":"","background-media":"","overlay-type":"","overlay-color":"","overlay-opacity":"","overlay-gradient":""},"tablet":{"background-color":"","background-image":"","background-repeat":"repeat","background-position":"center center","background-size":"auto","background-attachment":"scroll","background-type":"","background-media":"","overlay-type":"","overlay-color":"","overlay-opacity":"","overlay-gradient":""},"mobile":{"background-color":"","background-image":"","background-repeat":"repeat","background-position":"center center","background-size":"auto","background-attachment":"scroll","background-type":"","background-media":"","overlay-type":"","overlay-color":"","overlay-opacity":"","overlay-gradient":""}},"ast-content-background-meta":{"desktop":{"background-color":"var(--ast-global-color-5)","background-image":"","background-repeat":"repeat","background-position":"center center","background-size":"auto","background-attachment":"scroll","background-type":"","background-media":"","overlay-type":"","overlay-color":"","overlay-opacity":"","overlay-gradient":""},"tablet":{"background-color":"var(--ast-global-color-5)","background-image":"","background-repeat":"repeat","background-position":"center center","background-size":"auto","background-attachment":"scroll","background-type":"","background-media":"","overlay-type":"","overlay-color":"","overlay-opacity":"","overlay-gradient":""},"mobile":{"background-color":"var(--ast-global-color-5)","background-image":"","background-repeat":"repeat","background-position":"center center","background-size":"auto","background-attachment":"scroll","background-type":"","background-media":"","overlay-type":"","overlay-color":"","overlay-opacity":"","overlay-gradient":""}},"footnotes":""},"categories":[],"tags":[],"class_list":["post-2284","page","type-page","status-publish","hentry"],"yoast_head":"<!-- This site is optimized with the Yoast SEO plugin v26.2 - https:\/\/yoast.com\/wordpress\/plugins\/seo\/ -->\n<title>Puertos - ADS Tigre Col\u00f4mbia<\/title>\n<meta name=\"robots\" content=\"index, follow, max-snippet:-1, max-image-preview:large, max-video-preview:-1\" \/>\n<link rel=\"canonical\" href=\"https:\/\/www.adstigre.com\/colombia\/aplicaciones\/puertos\/\" \/>\n<meta property=\"og:locale\" content=\"en_US\" \/>\n<meta property=\"og:type\" content=\"article\" \/>\n<meta property=\"og:title\" content=\"Puertos - ADS Tigre Col\u00f4mbia\" \/>\n<meta property=\"og:description\" content=\"Puertos El sector portuario est\u00e1 recibiendo muchas inversiones y el [&hellip;]\" \/>\n<meta property=\"og:url\" content=\"https:\/\/www.adstigre.com\/colombia\/aplicaciones\/puertos\/\" \/>\n<meta property=\"og:site_name\" content=\"ADS Tigre Col\u00f4mbia\" \/>\n<meta property=\"article:modified_time\" content=\"2025-03-27T12:15:22+00:00\" \/>\n<meta property=\"og:image\" content=\"http:\/\/www.adstigre.com\/colombia\/wp-content\/uploads\/sites\/28\/2025\/03\/banner-puertos.png\" \/>\n<meta name=\"twitter:card\" content=\"summary_large_image\" \/>\n<meta name=\"twitter:label1\" content=\"Est. reading time\" \/>\n\t<meta name=\"twitter:data1\" content=\"1 minute\" \/>\n<script type=\"application\/ld+json\" class=\"yoast-schema-graph\">{\"@context\":\"https:\/\/schema.org\",\"@graph\":[{\"@type\":\"WebPage\",\"@id\":\"https:\/\/www.adstigre.com\/colombia\/aplicaciones\/puertos\/\",\"url\":\"https:\/\/www.adstigre.com\/colombia\/aplicaciones\/puertos\/\",\"name\":\"Puertos - ADS Tigre Col\u00f4mbia\",\"isPartOf\":{\"@id\":\"https:\/\/www.adstigre.com\/colombia\/#website\"},\"primaryImageOfPage\":{\"@id\":\"https:\/\/www.adstigre.com\/colombia\/aplicaciones\/puertos\/#primaryimage\"},\"image\":{\"@id\":\"https:\/\/www.adstigre.com\/colombia\/aplicaciones\/puertos\/#primaryimage\"},\"thumbnailUrl\":\"http:\/\/www.adstigre.com\/colombia\/wp-content\/uploads\/sites\/28\/2025\/03\/banner-puertos.png\",\"datePublished\":\"2020-06-29T15:37:10+00:00\",\"dateModified\":\"2025-03-27T12:15:22+00:00\",\"breadcrumb\":{\"@id\":\"https:\/\/www.adstigre.com\/colombia\/aplicaciones\/puertos\/#breadcrumb\"},\"inLanguage\":\"en-US\",\"potentialAction\":[{\"@type\":\"ReadAction\",\"target\":[\"https:\/\/www.adstigre.com\/colombia\/aplicaciones\/puertos\/\"]}]},{\"@type\":\"ImageObject\",\"inLanguage\":\"en-US\",\"@id\":\"https:\/\/www.adstigre.com\/colombia\/aplicaciones\/puertos\/#primaryimage\",\"url\":\"http:\/\/www.adstigre.com\/colombia\/wp-content\/uploads\/sites\/28\/2025\/03\/banner-puertos.png\",\"contentUrl\":\"http:\/\/www.adstigre.com\/colombia\/wp-content\/uploads\/sites\/28\/2025\/03\/banner-puertos.png\"},{\"@type\":\"BreadcrumbList\",\"@id\":\"https:\/\/www.adstigre.com\/colombia\/aplicaciones\/puertos\/#breadcrumb\",\"itemListElement\":[{\"@type\":\"ListItem\",\"position\":1,\"name\":\"In\u00edcio\",\"item\":\"https:\/\/www.adstigre.com\/colombia\/\"},{\"@type\":\"ListItem\",\"position\":2,\"name\":\"Aplicaciones\",\"item\":\"http:\/\/www.adstigre.com\/colombia\/aplicaciones\/\"},{\"@type\":\"ListItem\",\"position\":3,\"name\":\"Puertos\"}]},{\"@type\":\"WebSite\",\"@id\":\"https:\/\/www.adstigre.com\/colombia\/#website\",\"url\":\"https:\/\/www.adstigre.com\/colombia\/\",\"name\":\"ADS Tigre Col\u00f4mbia\",\"description\":\"Um site do grupo tigre\",\"potentialAction\":[{\"@type\":\"SearchAction\",\"target\":{\"@type\":\"EntryPoint\",\"urlTemplate\":\"https:\/\/www.adstigre.com\/colombia\/?s={search_term_string}\"},\"query-input\":{\"@type\":\"PropertyValueSpecification\",\"valueRequired\":true,\"valueName\":\"search_term_string\"}}],\"inLanguage\":\"en-US\"}]}<\/script>\n<!-- \/ Yoast SEO plugin. -->","yoast_head_json":{"title":"Puertos - ADS Tigre Col\u00f4mbia","robots":{"index":"index","follow":"follow","max-snippet":"max-snippet:-1","max-image-preview":"max-image-preview:large","max-video-preview":"max-video-preview:-1"},"canonical":"https:\/\/www.adstigre.com\/colombia\/aplicaciones\/puertos\/","og_locale":"en_US","og_type":"article","og_title":"Puertos - ADS Tigre Col\u00f4mbia","og_description":"Puertos El sector portuario est\u00e1 recibiendo muchas inversiones y el [&hellip;]","og_url":"https:\/\/www.adstigre.com\/colombia\/aplicaciones\/puertos\/","og_site_name":"ADS Tigre Col\u00f4mbia","article_modified_time":"2025-03-27T12:15:22+00:00","og_image":[{"url":"http:\/\/www.adstigre.com\/colombia\/wp-content\/uploads\/sites\/28\/2025\/03\/banner-puertos.png","type":"","width":"","height":""}],"twitter_card":"summary_large_image","twitter_misc":{"Est. reading time":"1 minute"},"schema":{"@context":"https:\/\/schema.org","@graph":[{"@type":"WebPage","@id":"https:\/\/www.adstigre.com\/colombia\/aplicaciones\/puertos\/","url":"https:\/\/www.adstigre.com\/colombia\/aplicaciones\/puertos\/","name":"Puertos - ADS Tigre Col\u00f4mbia","isPartOf":{"@id":"https:\/\/www.adstigre.com\/colombia\/#website"},"primaryImageOfPage":{"@id":"https:\/\/www.adstigre.com\/colombia\/aplicaciones\/puertos\/#primaryimage"},"image":{"@id":"https:\/\/www.adstigre.com\/colombia\/aplicaciones\/puertos\/#primaryimage"},"thumbnailUrl":"http:\/\/www.adstigre.com\/colombia\/wp-content\/uploads\/sites\/28\/2025\/03\/banner-puertos.png","datePublished":"2020-06-29T15:37:10+00:00","dateModified":"2025-03-27T12:15:22+00:00","breadcrumb":{"@id":"https:\/\/www.adstigre.com\/colombia\/aplicaciones\/puertos\/#breadcrumb"},"inLanguage":"en-US","potentialAction":[{"@type":"ReadAction","target":["https:\/\/www.adstigre.com\/colombia\/aplicaciones\/puertos\/"]}]},{"@type":"ImageObject","inLanguage":"en-US","@id":"https:\/\/www.adstigre.com\/colombia\/aplicaciones\/puertos\/#primaryimage","url":"http:\/\/www.adstigre.com\/colombia\/wp-content\/uploads\/sites\/28\/2025\/03\/banner-puertos.png","contentUrl":"http:\/\/www.adstigre.com\/colombia\/wp-content\/uploads\/sites\/28\/2025\/03\/banner-puertos.png"},{"@type":"BreadcrumbList","@id":"https:\/\/www.adstigre.com\/colombia\/aplicaciones\/puertos\/#breadcrumb","itemListElement":[{"@type":"ListItem","position":1,"name":"In\u00edcio","item":"https:\/\/www.adstigre.com\/colombia\/"},{"@type":"ListItem","position":2,"name":"Aplicaciones","item":"http:\/\/www.adstigre.com\/colombia\/aplicaciones\/"},{"@type":"ListItem","position":3,"name":"Puertos"}]},{"@type":"WebSite","@id":"https:\/\/www.adstigre.com\/colombia\/#website","url":"https:\/\/www.adstigre.com\/colombia\/","name":"ADS Tigre Col\u00f4mbia","description":"Um site do grupo tigre","potentialAction":[{"@type":"SearchAction","target":{"@type":"EntryPoint","urlTemplate":"https:\/\/www.adstigre.com\/colombia\/?s={search_term_string}"},"query-input":{"@type":"PropertyValueSpecification","valueRequired":true,"valueName":"search_term_string"}}],"inLanguage":"en-US"}]}},"_links":{"self":[{"href":"https:\/\/www.adstigre.com\/colombia\/wp-json\/wp\/v2\/pages\/2284","targetHints":{"allow":["GET"]}}],"collection":[{"href":"https:\/\/www.adstigre.com\/colombia\/wp-json\/wp\/v2\/pages"}],"about":[{"href":"https:\/\/www.adstigre.com\/colombia\/wp-json\/wp\/v2\/types\/page"}],"author":[{"embeddable":true,"href":"https:\/\/www.adstigre.com\/colombia\/wp-json\/wp\/v2\/users\/3"}],"replies":[{"embeddable":true,"href":"https:\/\/www.adstigre.com\/colombia\/wp-json\/wp\/v2\/comments?post=2284"}],"version-history":[{"count":17,"href":"https:\/\/www.adstigre.com\/colombia\/wp-json\/wp\/v2\/pages\/2284\/revisions"}],"predecessor-version":[{"id":9694,"href":"https:\/\/www.adstigre.com\/colombia\/wp-json\/wp\/v2\/pages\/2284\/revisions\/9694"}],"up":[{"embeddable":true,"href":"https:\/\/www.adstigre.com\/colombia\/wp-json\/wp\/v2\/pages\/2210"}],"wp:attachment":[{"href":"https:\/\/www.adstigre.com\/colombia\/wp-json\/wp\/v2\/media?parent=2284"}],"wp:term":[{"taxonomy":"category","embeddable":true,"href":"https:\/\/www.adstigre.com\/colombia\/wp-json\/wp\/v2\/categories?post=2284"},{"taxonomy":"post_tag","embeddable":true,"href":"https:\/\/www.adstigre.com\/colombia\/wp-json\/wp\/v2\/tags?post=2284"}],"curies":[{"name":"wp","href":"https:\/\/api.w.org\/{rel}","templated":true}]}}