{"id":2226,"date":"2020-06-29T09:42:16","date_gmt":"2020-06-29T12:42:16","guid":{"rendered":"https:\/\/www.tigre-ads.com\/colombia\/aplicaciones\/aeropuertos\/"},"modified":"2025-03-27T08:56:39","modified_gmt":"2025-03-27T11:56:39","slug":"aeropuertos","status":"publish","type":"page","link":"https:\/\/www.adstigre.com\/colombia\/aplicaciones\/aeropuertos\/","title":{"rendered":"Aeropuertos"},"content":{"rendered":"\n\n\t\t\t\t<img decoding=\"async\" src=\"http:\/\/www.adstigre.com\/colombia\/wp-content\/uploads\/sites\/28\/2025\/03\/aeropuertos-banner.png\" alt=\"aeropuertos-banner\" itemprop=\"image\" title=\"aeropuertos-banner\" onerror=\"this.style.display='none'\"  \/>\n<h1>\n\t\tAeropuertos\n\t<\/h1>\n\t\t\n\t\t\t<p>El sistema colector de aguas en aeropuertos es necesario para evacuar las aguas de la lluvia, que se podr\u00edan acumular en las pistas de aterrizaje, hangares, entre otros lugares. Tener un buen y r\u00e1pido sistema de gesti\u00f3n de aguas lluvias permite preservar la integridad de pavimentos y pistas entregando mayor seguridad en las operaciones de aterrizaje y despegue de las aeronaves.<br \/>Las soluciones para sistemas pluviales de ADSTigre proporcionan f\u00e1cil y r\u00e1pida aplicaci\u00f3n, conexi\u00f3n herm\u00e9tica y doble anillo de sellado. Ellas est\u00e1n presentes en diversos aeropuertos de Chile, Per\u00fa y Argentina.<\/p><br \/>\t\t\n\t\t\t<h3>Productos relacionados<\/h3>\t\t\t\n\t<a href=\"https:\/\/www.adstigre.com\/colombia\/producto\/advanedge\/\" target=\"_self\"  aria-label=\"Go to https:\/\/www.adstigre.com\/colombia\/producto\/advanedge\/\"><\/a>\n\t\t\t\t<img decoding=\"async\" src=\"http:\/\/www.adstigre.com\/colombia\/wp-content\/uploads\/sites\/28\/2025\/03\/home-produtos-advanedge.png\" alt=\"home-produtos-advanedge\" title=\"home-produtos-advanedge\" itemprop=\"image\"\/>\n\t\t<h3>AdvanEdge<\/h3>\t\t\t\n\t<a href=\"https:\/\/www.adstigre.com\/colombia\/producto\/drenpro\/\" target=\"_self\"  aria-label=\"Go to https:\/\/www.adstigre.com\/colombia\/producto\/drenpro\/\"><\/a>\n\t\t\t\t<img decoding=\"async\" src=\"http:\/\/www.adstigre.com\/colombia\/wp-content\/uploads\/sites\/28\/2025\/03\/DRENPRO_P-1.png\" alt=\"DRENPRO_P-1\" title=\"DRENPRO_P-1\" itemprop=\"image\"\/>\n\t\t<h3>DrenPro Infra y DrenPro HD<\/h3>\t\t\t\n\t<a href=\"https:\/\/www.adstigre.com\/colombia\/producto\/drenpro-one\/\" target=\"_self\"  aria-label=\"Go to https:\/\/www.adstigre.com\/colombia\/producto\/drenpro-one\/\"><\/a>\n\t\t\t\t<img decoding=\"async\" src=\"http:\/\/www.adstigre.com\/colombia\/wp-content\/uploads\/sites\/28\/2025\/03\/DrenPro-One.png\" alt=\"DrenPro-One\" title=\"DrenPro-One\" itemprop=\"image\"\/>\n\t\t<h3>DrenPro One<\/h3>\t\t\t\n\n","protected":false},"excerpt":{"rendered":"<p>Aeropuertos El sistema colector de aguas en aeropuertos es necesario [&hellip;]<\/p>\n","protected":false},"author":3,"featured_media":0,"parent":2210,"menu_order":0,"comment_status":"closed","ping_status":"closed","template":"","meta":{"_monsterinsights_skip_tracking":false,"_monsterinsights_sitenote_active":false,"_monsterinsights_sitenote_note":"","_monsterinsights_sitenote_category":0,"site-sidebar-layout":"default","site-content-layout":"default","ast-site-content-layout":"default","site-content-style":"default","site-sidebar-style":"default","ast-global-header-display":"","ast-banner-title-visibility":"","ast-main-header-display":"disabled","ast-hfb-above-header-display":"","ast-hfb-below-header-display":"","ast-hfb-mobile-header-display":"","site-post-title":"disabled","ast-breadcrumbs-content":"disabled","ast-featured-img":"disabled","footer-sml-layout":"disabled","ast-disable-related-posts":"","theme-transparent-header-meta":"default","adv-header-id-meta":"","stick-header-meta":"default","header-above-stick-meta":"","header-main-stick-meta":"","header-below-stick-meta":"","astra-migrate-meta-layouts":"default","ast-page-background-enabled":"default","ast-page-background-meta":{"desktop":{"background-color":"","background-image":"","background-repeat":"repeat","background-position":"center center","background-size":"auto","background-attachment":"scroll","background-type":"","background-media":"","overlay-type":"","overlay-color":"","overlay-opacity":"","overlay-gradient":""},"tablet":{"background-color":"","background-image":"","background-repeat":"repeat","background-position":"center center","background-size":"auto","background-attachment":"scroll","background-type":"","background-media":"","overlay-type":"","overlay-color":"","overlay-opacity":"","overlay-gradient":""},"mobile":{"background-color":"","background-image":"","background-repeat":"repeat","background-position":"center center","background-size":"auto","background-attachment":"scroll","background-type":"","background-media":"","overlay-type":"","overlay-color":"","overlay-opacity":"","overlay-gradient":""}},"ast-content-background-meta":{"desktop":{"background-color":"var(--ast-global-color-5)","background-image":"","background-repeat":"repeat","background-position":"center center","background-size":"auto","background-attachment":"scroll","background-type":"","background-media":"","overlay-type":"","overlay-color":"","overlay-opacity":"","overlay-gradient":""},"tablet":{"background-color":"var(--ast-global-color-5)","background-image":"","background-repeat":"repeat","background-position":"center center","background-size":"auto","background-attachment":"scroll","background-type":"","background-media":"","overlay-type":"","overlay-color":"","overlay-opacity":"","overlay-gradient":""},"mobile":{"background-color":"var(--ast-global-color-5)","background-image":"","background-repeat":"repeat","background-position":"center center","background-size":"auto","background-attachment":"scroll","background-type":"","background-media":"","overlay-type":"","overlay-color":"","overlay-opacity":"","overlay-gradient":""}},"footnotes":""},"categories":[],"tags":[],"class_list":["post-2226","page","type-page","status-publish","hentry"],"yoast_head":"<!-- This site is optimized with the Yoast SEO plugin v27.4 - https:\/\/yoast.com\/product\/yoast-seo-wordpress\/ -->\n<title>Aeropuertos - ADS Tigre Col\u00f4mbia<\/title>\n<meta name=\"robots\" content=\"index, follow, max-snippet:-1, max-image-preview:large, max-video-preview:-1\" \/>\n<link rel=\"canonical\" href=\"https:\/\/www.adstigre.com\/colombia\/aplicaciones\/aeropuertos\/\" \/>\n<meta property=\"og:locale\" content=\"en_US\" \/>\n<meta property=\"og:type\" content=\"article\" \/>\n<meta property=\"og:title\" content=\"Aeropuertos - ADS Tigre Col\u00f4mbia\" \/>\n<meta property=\"og:description\" content=\"Aeropuertos El sistema colector de aguas en aeropuertos es necesario [&hellip;]\" \/>\n<meta property=\"og:url\" content=\"https:\/\/www.adstigre.com\/colombia\/aplicaciones\/aeropuertos\/\" \/>\n<meta property=\"og:site_name\" content=\"ADS Tigre Col\u00f4mbia\" \/>\n<meta property=\"article:modified_time\" content=\"2025-03-27T11:56:39+00:00\" \/>\n<meta property=\"og:image\" content=\"http:\/\/www.adstigre.com\/colombia\/wp-content\/uploads\/sites\/28\/2025\/03\/aeropuertos-banner.png\" \/>\n<meta name=\"twitter:card\" content=\"summary_large_image\" \/>\n<meta name=\"twitter:label1\" content=\"Est. reading time\" \/>\n\t<meta name=\"twitter:data1\" content=\"1 minute\" \/>\n<script type=\"application\/ld+json\" class=\"yoast-schema-graph\">{\"@context\":\"https:\\\/\\\/schema.org\",\"@graph\":[{\"@type\":\"WebPage\",\"@id\":\"https:\\\/\\\/www.adstigre.com\\\/colombia\\\/aplicaciones\\\/aeropuertos\\\/\",\"url\":\"https:\\\/\\\/www.adstigre.com\\\/colombia\\\/aplicaciones\\\/aeropuertos\\\/\",\"name\":\"Aeropuertos - ADS Tigre Col\u00f4mbia\",\"isPartOf\":{\"@id\":\"http:\\\/\\\/www.adstigre.com\\\/colombia\\\/#website\"},\"primaryImageOfPage\":{\"@id\":\"https:\\\/\\\/www.adstigre.com\\\/colombia\\\/aplicaciones\\\/aeropuertos\\\/#primaryimage\"},\"image\":{\"@id\":\"https:\\\/\\\/www.adstigre.com\\\/colombia\\\/aplicaciones\\\/aeropuertos\\\/#primaryimage\"},\"thumbnailUrl\":\"http:\\\/\\\/www.adstigre.com\\\/colombia\\\/wp-content\\\/uploads\\\/sites\\\/28\\\/2025\\\/03\\\/aeropuertos-banner.png\",\"datePublished\":\"2020-06-29T12:42:16+00:00\",\"dateModified\":\"2025-03-27T11:56:39+00:00\",\"breadcrumb\":{\"@id\":\"https:\\\/\\\/www.adstigre.com\\\/colombia\\\/aplicaciones\\\/aeropuertos\\\/#breadcrumb\"},\"inLanguage\":\"en-US\",\"potentialAction\":[{\"@type\":\"ReadAction\",\"target\":[\"https:\\\/\\\/www.adstigre.com\\\/colombia\\\/aplicaciones\\\/aeropuertos\\\/\"]}]},{\"@type\":\"ImageObject\",\"inLanguage\":\"en-US\",\"@id\":\"https:\\\/\\\/www.adstigre.com\\\/colombia\\\/aplicaciones\\\/aeropuertos\\\/#primaryimage\",\"url\":\"http:\\\/\\\/www.adstigre.com\\\/colombia\\\/wp-content\\\/uploads\\\/sites\\\/28\\\/2025\\\/03\\\/aeropuertos-banner.png\",\"contentUrl\":\"http:\\\/\\\/www.adstigre.com\\\/colombia\\\/wp-content\\\/uploads\\\/sites\\\/28\\\/2025\\\/03\\\/aeropuertos-banner.png\"},{\"@type\":\"BreadcrumbList\",\"@id\":\"https:\\\/\\\/www.adstigre.com\\\/colombia\\\/aplicaciones\\\/aeropuertos\\\/#breadcrumb\",\"itemListElement\":[{\"@type\":\"ListItem\",\"position\":1,\"name\":\"In\u00edcio\",\"item\":\"https:\\\/\\\/www.adstigre.com\\\/colombia\\\/\"},{\"@type\":\"ListItem\",\"position\":2,\"name\":\"Aplicaciones\",\"item\":\"https:\\\/\\\/www.adstigre.com\\\/colombia\\\/aplicaciones\\\/\"},{\"@type\":\"ListItem\",\"position\":3,\"name\":\"Aeropuertos\"}]},{\"@type\":\"WebSite\",\"@id\":\"http:\\\/\\\/www.adstigre.com\\\/colombia\\\/#website\",\"url\":\"http:\\\/\\\/www.adstigre.com\\\/colombia\\\/\",\"name\":\"ADS Tigre Col\u00f4mbia\",\"description\":\"Um site do grupo tigre\",\"potentialAction\":[{\"@type\":\"SearchAction\",\"target\":{\"@type\":\"EntryPoint\",\"urlTemplate\":\"http:\\\/\\\/www.adstigre.com\\\/colombia\\\/?s={search_term_string}\"},\"query-input\":{\"@type\":\"PropertyValueSpecification\",\"valueRequired\":true,\"valueName\":\"search_term_string\"}}],\"inLanguage\":\"en-US\"}]}<\/script>\n<!-- \/ Yoast SEO plugin. -->","yoast_head_json":{"title":"Aeropuertos - ADS Tigre Col\u00f4mbia","robots":{"index":"index","follow":"follow","max-snippet":"max-snippet:-1","max-image-preview":"max-image-preview:large","max-video-preview":"max-video-preview:-1"},"canonical":"https:\/\/www.adstigre.com\/colombia\/aplicaciones\/aeropuertos\/","og_locale":"en_US","og_type":"article","og_title":"Aeropuertos - ADS Tigre Col\u00f4mbia","og_description":"Aeropuertos El sistema colector de aguas en aeropuertos es necesario [&hellip;]","og_url":"https:\/\/www.adstigre.com\/colombia\/aplicaciones\/aeropuertos\/","og_site_name":"ADS Tigre Col\u00f4mbia","article_modified_time":"2025-03-27T11:56:39+00:00","og_image":[{"url":"http:\/\/www.adstigre.com\/colombia\/wp-content\/uploads\/sites\/28\/2025\/03\/aeropuertos-banner.png","type":"","width":"","height":""}],"twitter_card":"summary_large_image","twitter_misc":{"Est. reading time":"1 minute"},"schema":{"@context":"https:\/\/schema.org","@graph":[{"@type":"WebPage","@id":"https:\/\/www.adstigre.com\/colombia\/aplicaciones\/aeropuertos\/","url":"https:\/\/www.adstigre.com\/colombia\/aplicaciones\/aeropuertos\/","name":"Aeropuertos - ADS Tigre Col\u00f4mbia","isPartOf":{"@id":"http:\/\/www.adstigre.com\/colombia\/#website"},"primaryImageOfPage":{"@id":"https:\/\/www.adstigre.com\/colombia\/aplicaciones\/aeropuertos\/#primaryimage"},"image":{"@id":"https:\/\/www.adstigre.com\/colombia\/aplicaciones\/aeropuertos\/#primaryimage"},"thumbnailUrl":"http:\/\/www.adstigre.com\/colombia\/wp-content\/uploads\/sites\/28\/2025\/03\/aeropuertos-banner.png","datePublished":"2020-06-29T12:42:16+00:00","dateModified":"2025-03-27T11:56:39+00:00","breadcrumb":{"@id":"https:\/\/www.adstigre.com\/colombia\/aplicaciones\/aeropuertos\/#breadcrumb"},"inLanguage":"en-US","potentialAction":[{"@type":"ReadAction","target":["https:\/\/www.adstigre.com\/colombia\/aplicaciones\/aeropuertos\/"]}]},{"@type":"ImageObject","inLanguage":"en-US","@id":"https:\/\/www.adstigre.com\/colombia\/aplicaciones\/aeropuertos\/#primaryimage","url":"http:\/\/www.adstigre.com\/colombia\/wp-content\/uploads\/sites\/28\/2025\/03\/aeropuertos-banner.png","contentUrl":"http:\/\/www.adstigre.com\/colombia\/wp-content\/uploads\/sites\/28\/2025\/03\/aeropuertos-banner.png"},{"@type":"BreadcrumbList","@id":"https:\/\/www.adstigre.com\/colombia\/aplicaciones\/aeropuertos\/#breadcrumb","itemListElement":[{"@type":"ListItem","position":1,"name":"In\u00edcio","item":"https:\/\/www.adstigre.com\/colombia\/"},{"@type":"ListItem","position":2,"name":"Aplicaciones","item":"https:\/\/www.adstigre.com\/colombia\/aplicaciones\/"},{"@type":"ListItem","position":3,"name":"Aeropuertos"}]},{"@type":"WebSite","@id":"http:\/\/www.adstigre.com\/colombia\/#website","url":"http:\/\/www.adstigre.com\/colombia\/","name":"ADS Tigre Col\u00f4mbia","description":"Um site do grupo tigre","potentialAction":[{"@type":"SearchAction","target":{"@type":"EntryPoint","urlTemplate":"http:\/\/www.adstigre.com\/colombia\/?s={search_term_string}"},"query-input":{"@type":"PropertyValueSpecification","valueRequired":true,"valueName":"search_term_string"}}],"inLanguage":"en-US"}]}},"_links":{"self":[{"href":"https:\/\/www.adstigre.com\/colombia\/wp-json\/wp\/v2\/pages\/2226","targetHints":{"allow":["GET"]}}],"collection":[{"href":"https:\/\/www.adstigre.com\/colombia\/wp-json\/wp\/v2\/pages"}],"about":[{"href":"https:\/\/www.adstigre.com\/colombia\/wp-json\/wp\/v2\/types\/page"}],"author":[{"embeddable":true,"href":"https:\/\/www.adstigre.com\/colombia\/wp-json\/wp\/v2\/users\/3"}],"replies":[{"embeddable":true,"href":"https:\/\/www.adstigre.com\/colombia\/wp-json\/wp\/v2\/comments?post=2226"}],"version-history":[{"count":18,"href":"https:\/\/www.adstigre.com\/colombia\/wp-json\/wp\/v2\/pages\/2226\/revisions"}],"predecessor-version":[{"id":9658,"href":"https:\/\/www.adstigre.com\/colombia\/wp-json\/wp\/v2\/pages\/2226\/revisions\/9658"}],"up":[{"embeddable":true,"href":"https:\/\/www.adstigre.com\/colombia\/wp-json\/wp\/v2\/pages\/2210"}],"wp:attachment":[{"href":"https:\/\/www.adstigre.com\/colombia\/wp-json\/wp\/v2\/media?parent=2226"}],"wp:term":[{"taxonomy":"category","embeddable":true,"href":"https:\/\/www.adstigre.com\/colombia\/wp-json\/wp\/v2\/categories?post=2226"},{"taxonomy":"post_tag","embeddable":true,"href":"https:\/\/www.adstigre.com\/colombia\/wp-json\/wp\/v2\/tags?post=2226"}],"curies":[{"name":"wp","href":"https:\/\/api.w.org\/{rel}","templated":true}]}}