{"id":1647,"date":"2017-05-24T18:14:44","date_gmt":"2017-05-24T21:14:44","guid":{"rendered":"https:\/\/www.tigre-ads.com\/chile\/?page_id=1647"},"modified":"2026-02-24T13:15:40","modified_gmt":"2026-02-24T16:15:40","slug":"sobre-nosotros","status":"publish","type":"page","link":"https:\/\/www.adstigre.com\/chile\/sobre-nosotros\/","title":{"rendered":"Sobre Nosotros"},"content":{"rendered":"\n\n\t\t\t<h1>TECNOLOG\u00cdA<\/h1>\t\t\t\n\t\t\t<h2>QUE RESPETA EL MEDIO AMBIENTE.<\/h2>\t\t\t\n<figure>\n\t\t\t\t<img decoding=\"async\" src=\"https:\/\/www.adstigre.com\/chile\/wp-content\/uploads\/sites\/26\/2025\/02\/ADSTIGRE.png\" alt=\"ADSTIGRE\" height=\"91\" width=\"558\" title=\"ADSTIGRE\" loading=\"lazy\" \/>\n\t<\/figure>\n\tProteger los recursos h\u00eddricos y el medio ambiente es nuestro mayor compromiso.<br \/>\nEn ADS Tigre, impulsamos la expansi\u00f3n de la construcci\u00f3n civil sostenible y la gesti\u00f3n responsable del agua, invirtiendo en soluciones innovadoras para el saneamiento, captaci\u00f3n, almacenamiento y calidad del agua pluvial. Nuestro objetivo es proteger los acu\u00edferos y r\u00edos subterr\u00e1neos de la contaminaci\u00f3n, contribuyendo as\u00ed al equilibrio del ciclo natural del agua.\n<p>Combinando la experiencia de Tigre con la innovaci\u00f3n de ADS, somos pioneros en soluciones de gesti\u00f3n h\u00eddrica, ofreciendo productos duraderos, seguros y ambientalmente responsables. Desde 2009, operamos en Am\u00e9rica del Sur, aplicando tecnolog\u00eda comprobada en grandes obras a nivel mundial. Nuestros tubos corrugados de PEAD han sido desarrollados para aplicaciones en drenaje pluvial, miner\u00eda, alcantarillado sanitario, detenci\u00f3n y retenci\u00f3n de aguas, mientras que nuestros sistemas de c\u00e1maras StormTech son altamente eficaces en la prevenci\u00f3n de inundaciones.<\/p>\nAnte el cambio clim\u00e1tico y la creciente demanda de productos sostenibles, nuestros sistemas innovadores destacan por reducir la huella de carbono, evitando la extracci\u00f3n de recursos naturales en comparaci\u00f3n con las tecnolog\u00edas convencionales.<br \/>\nInvertir en las soluciones de ADS Tigre es apostar por un futuro sostenible, garantizando que cada proyecto contribuya a la protecci\u00f3n del planeta y a la mejora de la calidad de vida.\n<p>Entendemos que el agua es la esencia de la vida y la clave para un futuro sostenible.<\/p>\n<h2>\n\t\t<a href=\"#\" title=\"Donde estamos\" target=\"_self\">\n\t\t\tDonde estamos\t\t<\/a>\n\t<\/h2>\n\t<p>ADSTigre tiene una fuerte presencia en Am\u00e9rica del Sur, con una f\u00e1brica en Chile, dos en Brasil, una en Per\u00fa y sus propias operaciones de distribuci\u00f3n en Argentina y Colombia.<\/p>\n<p>Tambi\u00e9n distribui seus produtos por meio del Grupo Tigre en los siguientes pa\u00edses: Uruguai, Paraguai, Bolivia e Equador.<\/p>\n<h2>\n\t\t<a href=\"#\" title=\"Certificaciones\" target=\"_self\">\n\t\t\tCertificaciones\t\t<\/a>\n\t<\/h2>\n<figure>\n\t\t\t\t<img decoding=\"async\" src=\"http:\/\/www.adstigre.com\/chile\/wp-content\/uploads\/sites\/26\/2025\/03\/ICONTEC-logo.png\" alt=\"ICONTEC-logo\" title=\"ICONTEC-logo\" loading=\"lazy\" \/>\n\t<\/figure>\n<figure>\n\t\t\t\t<img decoding=\"async\" src=\"http:\/\/www.adstigre.com\/chile\/wp-content\/uploads\/sites\/26\/2025\/03\/Cesmec-logo.png\" alt=\"Cesmec-logo\" title=\"Cesmec-logo\" loading=\"lazy\" \/>\n\t<\/figure>\n<h2>\n\t\t<a href=\"#\" title=\"Normas\" target=\"_self\">\n\t\t\tNormas\t\t<\/a>\n\t<\/h2>\n<figure>\n\t\t\t\t<img decoding=\"async\" src=\"http:\/\/www.adstigre.com\/chile\/wp-content\/uploads\/sites\/26\/2025\/03\/astm-logo.png\" alt=\"astm-logo\" title=\"astm-logo\" loading=\"lazy\" \/>\n\t<\/figure>\n<figure>\n\t\t\t\t<img decoding=\"async\" src=\"http:\/\/www.adstigre.com\/chile\/wp-content\/uploads\/sites\/26\/2025\/03\/aashto-logo.png\" alt=\"aashto-logo\" title=\"aashto-logo\" loading=\"lazy\" \/>\n\t<\/figure>\n<h3>\n\t\t\tPol\u00edtica de Calidad y <br \/> Responsabilidad social y ambiental\t<\/h3>\n\t<p>ADS Tigre tiene como objetivo ofrecer soluciones para el\u2028mercado de la construcci\u00f3n civil y la infraestructura, con foco en la\u2028satisfacci\u00f3n de los consumidores y de la sociedad.<\/p>\n\t\t\t<a href=\"http:\/\/www.adstigre.com\/chile\/wp-content\/uploads\/sites\/26\/2025\/03\/POLITICA-DA-CALIDAD-Y-RESPONSABILIDAD-ES.jpg\" target=\"_blank\" rel=\"noopener\">\n\t\t\t\t\t\t\tM\u00c1S INFORMACI\u00d3N\n\t\t\t\t\t<\/a>\n<figure>\n\t\t\t\t<img decoding=\"async\" src=\"http:\/\/www.adstigre.com\/chile\/wp-content\/uploads\/sites\/26\/2025\/03\/POLITICA-DA-CALIDAD-Y-RESPONSABILIDAD-ES.jpg\" alt=\"POLITICA DA CALIDAD Y RESPONSABILIDAD ES\" title=\"POLITICA DA CALIDAD Y RESPONSABILIDAD ES\" loading=\"lazy\" \/>\n\t<\/figure>\n<h2>\n\t\t<a href=\"#\" title=\"Experiencia do Cliente\" target=\"_self\">\n\t\t\tExperiencia do Cliente\t\t<\/a>\n\t<\/h2>\n\t\t\t\t\t<img decoding=\"async\" src=\"https:\/\/i.ytimg.com\/vi\/qBRoVcOLZ54\/maxresdefault.jpg\" alt=\"youtube-video-thumbnail\" \/>\n\t\t\n","protected":false},"excerpt":{"rendered":"<p>TECNOLOG\u00cdA QUE RESPETA EL MEDIO AMBIENTE. Proteger los recursos h\u00eddricos [&hellip;]<\/p>\n","protected":false},"author":3,"featured_media":0,"parent":0,"menu_order":0,"comment_status":"closed","ping_status":"closed","template":"","meta":{"_monsterinsights_skip_tracking":false,"_monsterinsights_sitenote_active":false,"_monsterinsights_sitenote_note":"","_monsterinsights_sitenote_category":0,"site-sidebar-layout":"default","site-content-layout":"default","ast-site-content-layout":"default","site-content-style":"default","site-sidebar-style":"default","ast-global-header-display":"","ast-banner-title-visibility":"","ast-main-header-display":"","ast-hfb-above-header-display":"","ast-hfb-below-header-display":"","ast-hfb-mobile-header-display":"","site-post-title":"disabled","ast-breadcrumbs-content":"disabled","ast-featured-img":"disabled","footer-sml-layout":"disabled","ast-disable-related-posts":"","theme-transparent-header-meta":"default","adv-header-id-meta":"","stick-header-meta":"default","header-above-stick-meta":"","header-main-stick-meta":"","header-below-stick-meta":"","astra-migrate-meta-layouts":"set","ast-page-background-enabled":"default","ast-page-background-meta":{"desktop":{"background-color":"","background-image":"","background-repeat":"repeat","background-position":"center center","background-size":"auto","background-attachment":"scroll","background-type":"","background-media":"","overlay-type":"","overlay-color":"","overlay-opacity":"","overlay-gradient":""},"tablet":{"background-color":"","background-image":"","background-repeat":"repeat","background-position":"center center","background-size":"auto","background-attachment":"scroll","background-type":"","background-media":"","overlay-type":"","overlay-color":"","overlay-opacity":"","overlay-gradient":""},"mobile":{"background-color":"","background-image":"","background-repeat":"repeat","background-position":"center center","background-size":"auto","background-attachment":"scroll","background-type":"","background-media":"","overlay-type":"","overlay-color":"","overlay-opacity":"","overlay-gradient":""}},"ast-content-background-meta":{"desktop":{"background-color":"var(--ast-global-color-5)","background-image":"","background-repeat":"repeat","background-position":"center center","background-size":"auto","background-attachment":"scroll","background-type":"","background-media":"","overlay-type":"","overlay-color":"","overlay-opacity":"","overlay-gradient":""},"tablet":{"background-color":"var(--ast-global-color-5)","background-image":"","background-repeat":"repeat","background-position":"center center","background-size":"auto","background-attachment":"scroll","background-type":"","background-media":"","overlay-type":"","overlay-color":"","overlay-opacity":"","overlay-gradient":""},"mobile":{"background-color":"var(--ast-global-color-5)","background-image":"","background-repeat":"repeat","background-position":"center center","background-size":"auto","background-attachment":"scroll","background-type":"","background-media":"","overlay-type":"","overlay-color":"","overlay-opacity":"","overlay-gradient":""}},"footnotes":""},"categories":[],"tags":[],"class_list":["post-1647","page","type-page","status-publish","hentry"],"yoast_head":"<!-- This site is optimized with the Yoast SEO plugin v26.2 - https:\/\/yoast.com\/wordpress\/plugins\/seo\/ -->\n<title>Sobre Nosotros - ADS Tigre Chile<\/title>\n<meta name=\"robots\" content=\"index, follow, max-snippet:-1, max-image-preview:large, max-video-preview:-1\" \/>\n<link rel=\"canonical\" href=\"http:\/\/www.adstigre.com\/chile\/sobre-nosotros\/\" \/>\n<meta property=\"og:locale\" content=\"en_US\" \/>\n<meta property=\"og:type\" content=\"article\" \/>\n<meta property=\"og:title\" content=\"Sobre Nosotros - ADS Tigre Chile\" \/>\n<meta property=\"og:description\" content=\"TECNOLOG\u00cdA QUE RESPETA EL MEDIO AMBIENTE. Proteger los recursos h\u00eddricos [&hellip;]\" \/>\n<meta property=\"og:url\" content=\"http:\/\/www.adstigre.com\/chile\/sobre-nosotros\/\" \/>\n<meta property=\"og:site_name\" content=\"ADS Tigre Chile\" \/>\n<meta property=\"article:modified_time\" content=\"2026-02-24T16:15:40+00:00\" \/>\n<meta property=\"og:image\" content=\"https:\/\/www.adstigre.com\/chile\/wp-content\/uploads\/sites\/26\/2025\/02\/ADSTIGRE.png\" \/>\n<meta name=\"twitter:card\" content=\"summary_large_image\" \/>\n<meta name=\"twitter:label1\" content=\"Est. reading time\" \/>\n\t<meta name=\"twitter:data1\" content=\"3 minutes\" \/>\n<script type=\"application\/ld+json\" class=\"yoast-schema-graph\">{\"@context\":\"https:\/\/schema.org\",\"@graph\":[{\"@type\":\"WebPage\",\"@id\":\"http:\/\/www.adstigre.com\/chile\/sobre-nosotros\/\",\"url\":\"http:\/\/www.adstigre.com\/chile\/sobre-nosotros\/\",\"name\":\"Sobre Nosotros - ADS Tigre Chile\",\"isPartOf\":{\"@id\":\"https:\/\/www.adstigre.com\/chile\/#website\"},\"primaryImageOfPage\":{\"@id\":\"http:\/\/www.adstigre.com\/chile\/sobre-nosotros\/#primaryimage\"},\"image\":{\"@id\":\"http:\/\/www.adstigre.com\/chile\/sobre-nosotros\/#primaryimage\"},\"thumbnailUrl\":\"https:\/\/www.adstigre.com\/chile\/wp-content\/uploads\/sites\/26\/2025\/02\/ADSTIGRE.png\",\"datePublished\":\"2017-05-24T21:14:44+00:00\",\"dateModified\":\"2026-02-24T16:15:40+00:00\",\"breadcrumb\":{\"@id\":\"http:\/\/www.adstigre.com\/chile\/sobre-nosotros\/#breadcrumb\"},\"inLanguage\":\"en-US\",\"potentialAction\":[{\"@type\":\"ReadAction\",\"target\":[\"http:\/\/www.adstigre.com\/chile\/sobre-nosotros\/\"]}]},{\"@type\":\"ImageObject\",\"inLanguage\":\"en-US\",\"@id\":\"http:\/\/www.adstigre.com\/chile\/sobre-nosotros\/#primaryimage\",\"url\":\"https:\/\/www.adstigre.com\/chile\/wp-content\/uploads\/sites\/26\/2025\/02\/ADSTIGRE.png\",\"contentUrl\":\"https:\/\/www.adstigre.com\/chile\/wp-content\/uploads\/sites\/26\/2025\/02\/ADSTIGRE.png\"},{\"@type\":\"BreadcrumbList\",\"@id\":\"http:\/\/www.adstigre.com\/chile\/sobre-nosotros\/#breadcrumb\",\"itemListElement\":[{\"@type\":\"ListItem\",\"position\":1,\"name\":\"In\u00edcio\",\"item\":\"https:\/\/www.adstigre.com\/chile\/\"},{\"@type\":\"ListItem\",\"position\":2,\"name\":\"Sobre Nosotros\"}]},{\"@type\":\"WebSite\",\"@id\":\"https:\/\/www.adstigre.com\/chile\/#website\",\"url\":\"https:\/\/www.adstigre.com\/chile\/\",\"name\":\"ADS Tigre Chile\",\"description\":\"Um site do grupo tigre\",\"potentialAction\":[{\"@type\":\"SearchAction\",\"target\":{\"@type\":\"EntryPoint\",\"urlTemplate\":\"https:\/\/www.adstigre.com\/chile\/?s={search_term_string}\"},\"query-input\":{\"@type\":\"PropertyValueSpecification\",\"valueRequired\":true,\"valueName\":\"search_term_string\"}}],\"inLanguage\":\"en-US\"}]}<\/script>\n<!-- \/ Yoast SEO plugin. -->","yoast_head_json":{"title":"Sobre Nosotros - ADS Tigre Chile","robots":{"index":"index","follow":"follow","max-snippet":"max-snippet:-1","max-image-preview":"max-image-preview:large","max-video-preview":"max-video-preview:-1"},"canonical":"http:\/\/www.adstigre.com\/chile\/sobre-nosotros\/","og_locale":"en_US","og_type":"article","og_title":"Sobre Nosotros - ADS Tigre Chile","og_description":"TECNOLOG\u00cdA QUE RESPETA EL MEDIO AMBIENTE. Proteger los recursos h\u00eddricos [&hellip;]","og_url":"http:\/\/www.adstigre.com\/chile\/sobre-nosotros\/","og_site_name":"ADS Tigre Chile","article_modified_time":"2026-02-24T16:15:40+00:00","og_image":[{"url":"https:\/\/www.adstigre.com\/chile\/wp-content\/uploads\/sites\/26\/2025\/02\/ADSTIGRE.png","type":"","width":"","height":""}],"twitter_card":"summary_large_image","twitter_misc":{"Est. reading time":"3 minutes"},"schema":{"@context":"https:\/\/schema.org","@graph":[{"@type":"WebPage","@id":"http:\/\/www.adstigre.com\/chile\/sobre-nosotros\/","url":"http:\/\/www.adstigre.com\/chile\/sobre-nosotros\/","name":"Sobre Nosotros - ADS Tigre Chile","isPartOf":{"@id":"https:\/\/www.adstigre.com\/chile\/#website"},"primaryImageOfPage":{"@id":"http:\/\/www.adstigre.com\/chile\/sobre-nosotros\/#primaryimage"},"image":{"@id":"http:\/\/www.adstigre.com\/chile\/sobre-nosotros\/#primaryimage"},"thumbnailUrl":"https:\/\/www.adstigre.com\/chile\/wp-content\/uploads\/sites\/26\/2025\/02\/ADSTIGRE.png","datePublished":"2017-05-24T21:14:44+00:00","dateModified":"2026-02-24T16:15:40+00:00","breadcrumb":{"@id":"http:\/\/www.adstigre.com\/chile\/sobre-nosotros\/#breadcrumb"},"inLanguage":"en-US","potentialAction":[{"@type":"ReadAction","target":["http:\/\/www.adstigre.com\/chile\/sobre-nosotros\/"]}]},{"@type":"ImageObject","inLanguage":"en-US","@id":"http:\/\/www.adstigre.com\/chile\/sobre-nosotros\/#primaryimage","url":"https:\/\/www.adstigre.com\/chile\/wp-content\/uploads\/sites\/26\/2025\/02\/ADSTIGRE.png","contentUrl":"https:\/\/www.adstigre.com\/chile\/wp-content\/uploads\/sites\/26\/2025\/02\/ADSTIGRE.png"},{"@type":"BreadcrumbList","@id":"http:\/\/www.adstigre.com\/chile\/sobre-nosotros\/#breadcrumb","itemListElement":[{"@type":"ListItem","position":1,"name":"In\u00edcio","item":"https:\/\/www.adstigre.com\/chile\/"},{"@type":"ListItem","position":2,"name":"Sobre Nosotros"}]},{"@type":"WebSite","@id":"https:\/\/www.adstigre.com\/chile\/#website","url":"https:\/\/www.adstigre.com\/chile\/","name":"ADS Tigre Chile","description":"Um site do grupo tigre","potentialAction":[{"@type":"SearchAction","target":{"@type":"EntryPoint","urlTemplate":"https:\/\/www.adstigre.com\/chile\/?s={search_term_string}"},"query-input":{"@type":"PropertyValueSpecification","valueRequired":true,"valueName":"search_term_string"}}],"inLanguage":"en-US"}]}},"_links":{"self":[{"href":"https:\/\/www.adstigre.com\/chile\/wp-json\/wp\/v2\/pages\/1647","targetHints":{"allow":["GET"]}}],"collection":[{"href":"https:\/\/www.adstigre.com\/chile\/wp-json\/wp\/v2\/pages"}],"about":[{"href":"https:\/\/www.adstigre.com\/chile\/wp-json\/wp\/v2\/types\/page"}],"author":[{"embeddable":true,"href":"https:\/\/www.adstigre.com\/chile\/wp-json\/wp\/v2\/users\/3"}],"replies":[{"embeddable":true,"href":"https:\/\/www.adstigre.com\/chile\/wp-json\/wp\/v2\/comments?post=1647"}],"version-history":[{"count":11,"href":"https:\/\/www.adstigre.com\/chile\/wp-json\/wp\/v2\/pages\/1647\/revisions"}],"predecessor-version":[{"id":10450,"href":"https:\/\/www.adstigre.com\/chile\/wp-json\/wp\/v2\/pages\/1647\/revisions\/10450"}],"wp:attachment":[{"href":"https:\/\/www.adstigre.com\/chile\/wp-json\/wp\/v2\/media?parent=1647"}],"wp:term":[{"taxonomy":"category","embeddable":true,"href":"https:\/\/www.adstigre.com\/chile\/wp-json\/wp\/v2\/categories?post=1647"},{"taxonomy":"post_tag","embeddable":true,"href":"https:\/\/www.adstigre.com\/chile\/wp-json\/wp\/v2\/tags?post=1647"}],"curies":[{"name":"wp","href":"https:\/\/api.w.org\/{rel}","templated":true}]}}