{"id":6,"date":"2025-07-16T20:54:14","date_gmt":"2025-07-16T20:54:14","guid":{"rendered":"https:\/\/adstigre.com\/calculadoraco2\/?page_id=6"},"modified":"2025-07-19T19:34:24","modified_gmt":"2025-07-19T19:34:24","slug":"inicio","status":"publish","type":"page","link":"https:\/\/www.adstigre.com\/calculadoraco2\/","title":{"rendered":"In\u00edcio"},"content":{"rendered":"\t\t<div data-elementor-type=\"wp-post\" data-elementor-id=\"6\" class=\"elementor elementor-6\" data-elementor-post-type=\"page\">\n\t\t\t\t\t\t<section class=\"elementor-section elementor-top-section elementor-element elementor-element-cd4fadb elementor-section-full_width elementor-section-stretched elementor-section-height-full elementor-hidden-tablet elementor-hidden-mobile elementor-section-height-default elementor-section-items-middle\" data-id=\"cd4fadb\" data-element_type=\"section\" data-settings=\"{&quot;stretch_section&quot;:&quot;section-stretched&quot;,&quot;background_background&quot;:&quot;classic&quot;}\">\n\t\t\t\t\t\t<div class=\"elementor-container elementor-column-gap-default\">\n\t\t\t\t\t<div class=\"elementor-column elementor-col-50 elementor-top-column elementor-element elementor-element-386ce7e\" data-id=\"386ce7e\" data-element_type=\"column\">\n\t\t\t<div class=\"elementor-widget-wrap elementor-element-populated\">\n\t\t\t\t\t\t<div class=\"elementor-element elementor-element-c10f0dd elementor-widget elementor-widget-text-editor\" data-id=\"c10f0dd\" data-element_type=\"widget\" data-widget_type=\"text-editor.default\">\n\t\t\t\t\t\t\t\t\tCALCULADORA DE<br> CARBONO ADS TIGRE:\t\t\t\t\t\t\t\t<\/div>\n\t\t\t\t<div class=\"elementor-element elementor-element-a9b7224 elementor-widget elementor-widget-text-editor\" data-id=\"a9b7224\" data-element_type=\"widget\" data-widget_type=\"text-editor.default\">\n\t\t\t\t\t\t\t\t\tPROJETE COM <br>SUSTENTABILIDADE\t\t\t\t\t\t\t\t<\/div>\n\t\t\t\t<div class=\"elementor-element elementor-element-0887085 elementor-widget elementor-widget-text-editor\" data-id=\"0887085\" data-element_type=\"widget\" data-widget_type=\"text-editor.default\">\n\t\t\t\t\t\t\t\t\tEsta ferramenta simula a redu\u00e7\u00e3o de <br>\nemiss\u00f5es de\ngases de efeito estufa ao<br>\nsubstituir tubos de concreto por PEAD.\t\t\t\t\t\t\t\t<\/div>\n\t\t\t\t<div class=\"elementor-element elementor-element-5ff875b elementor-widget elementor-widget-text-editor\" data-id=\"5ff875b\" data-element_type=\"widget\" data-widget_type=\"text-editor.default\">\n\t\t\t\t\t\t\t\t\tFa\u00e7a login ou cadastre-se para come\u00e7ar.\t\t\t\t\t\t\t\t<\/div>\n\t\t\t\t<section class=\"elementor-section elementor-inner-section elementor-element elementor-element-87f0aca elementor-section-full_width elementor-section-height-default elementor-section-height-default\" data-id=\"87f0aca\" data-element_type=\"section\">\n\t\t\t\t\t\t<div class=\"elementor-container elementor-column-gap-default\">\n\t\t\t\t\t<div class=\"elementor-column elementor-col-50 elementor-inner-column elementor-element elementor-element-3317f1d\" data-id=\"3317f1d\" data-element_type=\"column\">\n\t\t\t<div class=\"elementor-widget-wrap elementor-element-populated\">\n\t\t\t\t\t\t<div class=\"elementor-element elementor-element-86fa105 elementor-align-left elementor-widget__width-initial elementor-widget elementor-widget-button\" data-id=\"86fa105\" data-element_type=\"widget\" data-widget_type=\"button.default\">\n\t\t\t\t\t\t\t\t\t\t<a class=\"elementor-button elementor-button-link elementor-size-sm\" href=\"https:\/\/adstigre.com\/calculadoraco2\/login\/\">\n\t\t\t\t\t\t<span class=\"elementor-button-content-wrapper\">\n\t\t\t\t\t\t\t\t\t<span class=\"elementor-button-text\">ENTRAR<\/span>\n\t\t\t\t\t<\/span>\n\t\t\t\t\t<\/a>\n\t\t\t\t\t\t\t\t<\/div>\n\t\t\t\t\t<\/div>\n\t\t<\/div>\n\t\t\t\t<div class=\"elementor-column elementor-col-50 elementor-inner-column elementor-element elementor-element-abd1241\" data-id=\"abd1241\" data-element_type=\"column\">\n\t\t\t<div class=\"elementor-widget-wrap elementor-element-populated\">\n\t\t\t\t\t\t<div class=\"elementor-element elementor-element-9ed2b91 elementor-align-left elementor-widget__width-initial elementor-widget elementor-widget-button\" data-id=\"9ed2b91\" data-element_type=\"widget\" data-widget_type=\"button.default\">\n\t\t\t\t\t\t\t\t\t\t<a class=\"elementor-button elementor-button-link elementor-size-sm\" href=\"https:\/\/adstigre.com\/calculadoraco2\/cadastre-se\/\">\n\t\t\t\t\t\t<span class=\"elementor-button-content-wrapper\">\n\t\t\t\t\t\t\t\t\t<span class=\"elementor-button-text\">CADASTRE-SE<\/span>\n\t\t\t\t\t<\/span>\n\t\t\t\t\t<\/a>\n\t\t\t\t\t\t\t\t<\/div>\n\t\t\t\t\t<\/div>\n\t\t<\/div>\n\t\t\t\t\t<\/div>\n\t\t<\/section>\n\t\t\t\t\t<\/div>\n\t\t<\/div>\n\t\t\t\t<div class=\"elementor-column elementor-col-50 elementor-top-column elementor-element elementor-element-b943f4d\" data-id=\"b943f4d\" data-element_type=\"column\">\n\t\t\t<div class=\"elementor-widget-wrap elementor-element-populated\">\n\t\t\t\t\t\t<div class=\"elementor-element elementor-element-b0b6715 elementor-widget elementor-widget-image\" data-id=\"b0b6715\" data-element_type=\"widget\" data-widget_type=\"image.default\">\n\t\t\t\t\t\t\t\t\t\t\t\t\t\t\t<img fetchpriority=\"high\" decoding=\"async\" width=\"800\" height=\"495\" src=\"https:\/\/www.adstigre.com\/calculadoraco2\/wp-content\/uploads\/2025\/07\/tbt-ofc-1024x634.webp\" class=\"attachment-large size-large wp-image-25\" alt=\"\" srcset=\"https:\/\/www.adstigre.com\/calculadoraco2\/wp-content\/uploads\/2025\/07\/tbt-ofc-1024x634.webp 1024w, https:\/\/www.adstigre.com\/calculadoraco2\/wp-content\/uploads\/2025\/07\/tbt-ofc-300x186.webp 300w, https:\/\/www.adstigre.com\/calculadoraco2\/wp-content\/uploads\/2025\/07\/tbt-ofc-768x475.webp 768w, https:\/\/www.adstigre.com\/calculadoraco2\/wp-content\/uploads\/2025\/07\/tbt-ofc.webp 1532w\" sizes=\"(max-width: 800px) 100vw, 800px\" \/>\t\t\t\t\t\t\t\t\t\t\t\t\t\t\t<\/div>\n\t\t\t\t\t<\/div>\n\t\t<\/div>\n\t\t\t\t\t<\/div>\n\t\t<\/section>\n\t\t\t\t<section class=\"elementor-section elementor-top-section elementor-element elementor-element-a5145fe elementor-section-full_width elementor-section-stretched elementor-section-height-full elementor-hidden-desktop elementor-section-height-default elementor-section-items-middle\" data-id=\"a5145fe\" data-element_type=\"section\" data-settings=\"{&quot;stretch_section&quot;:&quot;section-stretched&quot;,&quot;background_background&quot;:&quot;classic&quot;}\">\n\t\t\t\t\t\t\t<div class=\"elementor-background-overlay\"><\/div>\n\t\t\t\t\t\t\t<div class=\"elementor-container elementor-column-gap-default\">\n\t\t\t\t\t<div class=\"elementor-column elementor-col-50 elementor-top-column elementor-element elementor-element-888ffb2\" data-id=\"888ffb2\" data-element_type=\"column\">\n\t\t\t<div class=\"elementor-widget-wrap elementor-element-populated\">\n\t\t\t\t\t\t<div class=\"elementor-element elementor-element-0ddfc84 elementor-widget elementor-widget-text-editor\" data-id=\"0ddfc84\" data-element_type=\"widget\" data-widget_type=\"text-editor.default\">\n\t\t\t\t\t\t\t\t\t<p>CALCULADORA DE<br \/>CARBONO ADS TIGRE:<\/p>\t\t\t\t\t\t\t\t<\/div>\n\t\t\t\t<div class=\"elementor-element elementor-element-ac43b85 elementor-widget elementor-widget-text-editor\" data-id=\"ac43b85\" data-element_type=\"widget\" data-widget_type=\"text-editor.default\">\n\t\t\t\t\t\t\t\t\tPROJETE COM <br>SUSTENTABILIDADE\t\t\t\t\t\t\t\t<\/div>\n\t\t\t\t<div class=\"elementor-element elementor-element-527019e elementor-widget elementor-widget-text-editor\" data-id=\"527019e\" data-element_type=\"widget\" data-widget_type=\"text-editor.default\">\n\t\t\t\t\t\t\t\t\tEsta ferramenta simula a redu\u00e7\u00e3o de <br>\nemiss\u00f5es de\ngases de efeito estufa ao<br>\nsubstituir tubos de concreto por PEAD.\t\t\t\t\t\t\t\t<\/div>\n\t\t\t\t<div class=\"elementor-element elementor-element-6d28c32 elementor-widget elementor-widget-text-editor\" data-id=\"6d28c32\" data-element_type=\"widget\" data-widget_type=\"text-editor.default\">\n\t\t\t\t\t\t\t\t\t<p>Fa\u00e7a login ou cadastre-se <BR>para come\u00e7ar.<\/p>\t\t\t\t\t\t\t\t<\/div>\n\t\t\t\t<section class=\"elementor-section elementor-inner-section elementor-element elementor-element-29e6242 elementor-section-full_width elementor-section-height-default elementor-section-height-default\" data-id=\"29e6242\" data-element_type=\"section\">\n\t\t\t\t\t\t<div class=\"elementor-container elementor-column-gap-default\">\n\t\t\t\t\t<div class=\"elementor-column elementor-col-50 elementor-inner-column elementor-element elementor-element-1da9e4b\" data-id=\"1da9e4b\" data-element_type=\"column\">\n\t\t\t<div class=\"elementor-widget-wrap elementor-element-populated\">\n\t\t\t\t\t\t<div class=\"elementor-element elementor-element-81ff496 elementor-align-left elementor-widget__width-initial elementor-widget-mobile__width-initial elementor-widget elementor-widget-button\" data-id=\"81ff496\" data-element_type=\"widget\" data-widget_type=\"button.default\">\n\t\t\t\t\t\t\t\t\t\t<a class=\"elementor-button elementor-button-link elementor-size-sm\" href=\"https:\/\/adstigre.com\/calculadoraco2\/login\/\">\n\t\t\t\t\t\t<span class=\"elementor-button-content-wrapper\">\n\t\t\t\t\t\t\t\t\t<span class=\"elementor-button-text\">ENTRAR<\/span>\n\t\t\t\t\t<\/span>\n\t\t\t\t\t<\/a>\n\t\t\t\t\t\t\t\t<\/div>\n\t\t\t\t\t<\/div>\n\t\t<\/div>\n\t\t\t\t<div class=\"elementor-column elementor-col-50 elementor-inner-column elementor-element elementor-element-b7fe0c5\" data-id=\"b7fe0c5\" data-element_type=\"column\">\n\t\t\t<div class=\"elementor-widget-wrap elementor-element-populated\">\n\t\t\t\t\t\t<div class=\"elementor-element elementor-element-ff18a79 elementor-align-left elementor-widget__width-initial elementor-widget-mobile__width-initial elementor-widget elementor-widget-button\" data-id=\"ff18a79\" data-element_type=\"widget\" data-widget_type=\"button.default\">\n\t\t\t\t\t\t\t\t\t\t<a class=\"elementor-button elementor-button-link elementor-size-sm\" href=\"https:\/\/adstigre.com\/calculadoraco2\/cadastre-se\/\">\n\t\t\t\t\t\t<span class=\"elementor-button-content-wrapper\">\n\t\t\t\t\t\t\t\t\t<span class=\"elementor-button-text\">CADASTRE-SE<\/span>\n\t\t\t\t\t<\/span>\n\t\t\t\t\t<\/a>\n\t\t\t\t\t\t\t\t<\/div>\n\t\t\t\t\t<\/div>\n\t\t<\/div>\n\t\t\t\t\t<\/div>\n\t\t<\/section>\n\t\t\t\t\t<\/div>\n\t\t<\/div>\n\t\t\t\t<div class=\"elementor-column elementor-col-50 elementor-top-column elementor-element elementor-element-ca1def0\" data-id=\"ca1def0\" data-element_type=\"column\">\n\t\t\t<div class=\"elementor-widget-wrap elementor-element-populated\">\n\t\t\t\t\t\t<div class=\"elementor-element elementor-element-ac67bf3 elementor-widget elementor-widget-image\" data-id=\"ac67bf3\" data-element_type=\"widget\" data-widget_type=\"image.default\">\n\t\t\t\t\t\t\t\t\t\t\t\t\t\t\t<img fetchpriority=\"high\" decoding=\"async\" width=\"800\" height=\"495\" src=\"https:\/\/www.adstigre.com\/calculadoraco2\/wp-content\/uploads\/2025\/07\/tbt-ofc-1024x634.webp\" class=\"attachment-large size-large wp-image-25\" alt=\"\" srcset=\"https:\/\/www.adstigre.com\/calculadoraco2\/wp-content\/uploads\/2025\/07\/tbt-ofc-1024x634.webp 1024w, https:\/\/www.adstigre.com\/calculadoraco2\/wp-content\/uploads\/2025\/07\/tbt-ofc-300x186.webp 300w, https:\/\/www.adstigre.com\/calculadoraco2\/wp-content\/uploads\/2025\/07\/tbt-ofc-768x475.webp 768w, https:\/\/www.adstigre.com\/calculadoraco2\/wp-content\/uploads\/2025\/07\/tbt-ofc.webp 1532w\" sizes=\"(max-width: 800px) 100vw, 800px\" \/>\t\t\t\t\t\t\t\t\t\t\t\t\t\t\t<\/div>\n\t\t\t\t\t<\/div>\n\t\t<\/div>\n\t\t\t\t\t<\/div>\n\t\t<\/section>\n\t\t\t\t<\/div>\n\t\t","protected":false},"excerpt":{"rendered":"<p>CALCULADORA DE CARBONO ADS TIGRE:PROJETE COM SUSTENTABILIDADEEsta ferramenta simula a redu\u00e7\u00e3o de emiss\u00f5es de gases de efeito estufa ao substituir tubos de concreto por PEAD.Fa\u00e7a login ou cadastre-se para come\u00e7ar. ENTRAR CADASTRE-SE CALCULADORA DECARBONO ADS TIGRE: PROJETE COM SUSTENTABILIDADEEsta ferramenta simula a redu\u00e7\u00e3o de emiss\u00f5es de gases de efeito estufa ao substituir tubos de concreto [&hellip;]<\/p>\n","protected":false},"author":1,"featured_media":0,"parent":0,"menu_order":0,"comment_status":"closed","ping_status":"closed","template":"elementor_header_footer","meta":{"footnotes":""},"class_list":["post-6","page","type-page","status-publish","hentry"],"_links":{"self":[{"href":"https:\/\/www.adstigre.com\/calculadoraco2\/wp-json\/wp\/v2\/pages\/6","targetHints":{"allow":["GET"]}}],"collection":[{"href":"https:\/\/www.adstigre.com\/calculadoraco2\/wp-json\/wp\/v2\/pages"}],"about":[{"href":"https:\/\/www.adstigre.com\/calculadoraco2\/wp-json\/wp\/v2\/types\/page"}],"author":[{"embeddable":true,"href":"https:\/\/www.adstigre.com\/calculadoraco2\/wp-json\/wp\/v2\/users\/1"}],"replies":[{"embeddable":true,"href":"https:\/\/www.adstigre.com\/calculadoraco2\/wp-json\/wp\/v2\/comments?post=6"}],"version-history":[{"count":39,"href":"https:\/\/www.adstigre.com\/calculadoraco2\/wp-json\/wp\/v2\/pages\/6\/revisions"}],"predecessor-version":[{"id":523,"href":"https:\/\/www.adstigre.com\/calculadoraco2\/wp-json\/wp\/v2\/pages\/6\/revisions\/523"}],"wp:attachment":[{"href":"https:\/\/www.adstigre.com\/calculadoraco2\/wp-json\/wp\/v2\/media?parent=6"}],"curies":[{"name":"wp","href":"https:\/\/api.w.org\/{rel}","templated":true}]}}