{"id":9559,"date":"2025-04-16T16:03:52","date_gmt":"2025-04-16T19:03:52","guid":{"rendered":"https:\/\/www.adstigre.com\/brasil\/?page_id=9559"},"modified":"2025-06-18T11:55:02","modified_gmt":"2025-06-18T14:55:02","slug":"unifam","status":"publish","type":"page","link":"https:\/\/www.adstigre.com\/brasil\/produto\/unifam\/","title":{"rendered":"UNIFAM"},"content":{"rendered":"\n\n\t\t\t\t<img decoding=\"async\" src=\"http:\/\/www.adstigre.com\/brasil\/wp-content\/uploads\/sites\/2\/2025\/06\/Unifam_banner.jpg\" alt=\"Unifam_banner\" itemprop=\"image\" title=\"Unifam_banner\" onerror=\"this.style.display='none'\"  \/>\n\t\t\tFun\u00e7\u00e3o\n\t\t\t\t\t\t\t\t\t\t\t\n\t\t\t<p>\u00a0A fun\u00e7\u00e3o da Tigre Unifam \u00e9 tratar o esgoto sanit\u00e1rio de forma descentralizada, para aplica\u00e7\u00f5es onde n\u00e3o existe rede de coleta e tratamento de esgoto.\u00a0<\/p>\t\t\n\t\t\tAplica\u00e7\u00f5es\n\t\t\t\t\t\t\t\t\t\t\t\n\t\t\t<p>A esta\u00e7\u00e3o de tratamento Unifam \u00e9 aplicada em regi\u00f5es rurais ou urbanas onde n\u00e3o existe um sistema de coleta e tratamento de esgoto em fun\u00e7\u00e3o da inviabilidade t\u00e9cnica ou econ\u00f4mica de instala\u00e7\u00e3o de redes coletoras e grandes esta\u00e7\u00f5es de tratamento.\u00a0<\/p>\t\t\n\t\t\tSistema de tratamento\n\t\t\t\t\t\t\t\t\t\t\t\n\t\t\t<p>O tratamento \u00e9 biol\u00f3gico aer\u00f3bico de biomassa imobilizada por tecnologia exclusiva e inovadora que garante a qualidade do esgoto sanit\u00e1rio tratado com alta efici\u00eancia de remo\u00e7\u00e3o de mat\u00e9ria org\u00e2nica e de nutrientes, sem gera\u00e7\u00e3o de lodo excedente.<\/p>\t\t\n\t\t\t\t<img decoding=\"async\" src=\"http:\/\/www.adstigre.com\/brasil\/wp-content\/uploads\/sites\/2\/2025\/06\/unifam-img-01.jpg\" alt=\"unifam-img-01\" title=\"unifam-img-01\" itemprop=\"image\"  \/>\n\t\t\t\t<img decoding=\"async\" src=\"http:\/\/www.adstigre.com\/brasil\/wp-content\/uploads\/sites\/2\/2025\/06\/unifam-img-02.jpg\" alt=\"unifam-img-02\" title=\"unifam-img-02\" itemprop=\"image\"  \/>\n\t\t\t\t<img decoding=\"async\" src=\"http:\/\/www.adstigre.com\/brasil\/wp-content\/uploads\/sites\/2\/2025\/06\/unifam-img-03.jpg\" alt=\"unifam-img-03\" title=\"unifam-img-03\" itemprop=\"image\"  \/>\n\t\t\tOpera\u00e7\u00e3o\n\t\t\t\t\t\t\t\t\t\t\t\n\t\t\t<p>Na entrada do sistema, o esgoto passa por um cesto (cesto de limpeza) com aberturas circulares de 10mm de di\u00e2metro, para reten\u00e7\u00e3o de s\u00f3lidos grosseiros que podem prejudicar a performance do tratamento. O esgoto ent\u00e3o entra na c\u00e2mara de aera\u00e7\u00e3o que est\u00e1 preenchida com biom\u00eddias porosas que abrigam a biomassa em sua parte interna. A biomassa \u00e9 respons\u00e1vel pela degrada\u00e7\u00e3o da mat\u00e9ria org\u00e2nica e nitrogenada. O ar \u00e9 fornecido por um soprador e difundido dento da c\u00e2mara de aera\u00e7\u00e3o atrav\u00e9s de difusores de bolhas grossas. Ap\u00f3s esta etapa, o esgoto j\u00e1 tratado \u00e9 direcionado para ser descartado para o meio ambiente.<\/p>\t\t\n\t\t\tCaracter\u00edsticas t\u00e9cnicas\n\t\t\t\t\t\t\t\t\t\t\t\n\t\t\t<ul><li><strong>Peso total aproximado:<\/strong> 113Kg;<\/li><li><strong>Componentes principais:<\/strong><ul><li>Corpo do reator;<\/li><li>Tampas de entrada e sa\u00edda de esgoto;<\/li><li>Cesto de limpeza;<\/li><li>Tubos de entrada e sa\u00edda;<\/li><li>An\u00e9is de veda\u00e7\u00e3o (juntas t\u00f3ricas);<\/li><li>Biom\u00eddia;<\/li><li>Painel de controle;<\/li><li>Retentor de biom\u00eddios<\/li><\/ul><\/li><\/ul>\t\t\n\t\t\tBenef\u00edcios\n\t\t\t\t\t\t\t\t\t\t\t\n\t\t\t<ul><li><strong>Solu\u00e7\u00e3o ideal para locais sem rede de coleta de esgoto sanit\u00e1rio:<\/strong><br \/>Permite o tratamento eficaz em regi\u00f5es onde a implanta\u00e7\u00e3o de infraestrutura tradicional \u00e9 invi\u00e1vel.<\/li><li><strong>Ampla cobertura de esgoto:<\/strong><br \/>Expande o acesso ao saneamento sem necessidade de grandes investimentos em redes coletoras e esta\u00e7\u00f5es centralizadas.<\/li><li><strong>Alto desempenho ambiental:<\/strong><br \/>Tecnologia exclusiva de biomassa aer\u00f3bica imobilizada, com elevada efici\u00eancia na remo\u00e7\u00e3o de mat\u00e9ria org\u00e2nica e nutrientes.<\/li><li><strong>Preserva\u00e7\u00e3o ambiental:<\/strong><br \/>N\u00e3o contamina o solo, len\u00e7ol fre\u00e1tico, c\u00f3rregos ou rios.<\/li><li><strong>Instala\u00e7\u00e3o simplificada:<\/strong><br \/>Equipamento \u00fanico com todas as etapas de tratamento integradas.<\/li><li><strong>Acessibilidade:<\/strong><br \/>Ocupa uma \u00e1rea reduzida, facilitando a instala\u00e7\u00e3o em locais sem acesso \u00e0 rede p\u00fablica de esgoto.<\/li><li><strong>Gest\u00e3o de res\u00edduos:<\/strong><br \/>Sistema compacto, sem gera\u00e7\u00e3o de lodo excedente.<\/li><li><strong>Controle de odores:<\/strong><br \/>O sistema UNIFAM opera sem emiss\u00e3o de odores.<\/li><li><strong>Baixa necessidade de manuten\u00e7\u00e3o:<\/strong><br \/>Requer apenas a limpeza peri\u00f3dica do cesto de s\u00f3lidos e do filtro do soprador.<\/li><li><strong>Opera\u00e7\u00e3o facilitada:<\/strong><br \/>Todos os processos est\u00e3o integrados em um \u00fanico equipamento.<\/li><li><strong>Baixo consumo de energia:<\/strong><br \/>Efici\u00eancia energ\u00e9tica com opera\u00e7\u00e3o cont\u00ednua e econ\u00f4mica.<\/li><\/ul>\t\t\n\t\t\tEspecifica\u00e7\u00f5es T\u00e9cnicas\n\t\t\t\t\t\t\t\t\t\t\t\n\t\t\t<ul><li><strong>Corpo do Reator<\/strong><br \/>Fabricado em polietileno reciclado de baixa densidade, cor cinza. Capacidade: 800 L\/dia. Atende uma ou mais resid\u00eancias, conforme dimensionamento da carga org\u00e2nica.<\/li><li><strong>Tampas de Entrada e Sa\u00edda<\/strong><br \/>Fabricadas em polietileno reciclado de baixa densidade, cor cinza.<\/li><li><strong>Soprador<\/strong><br \/>Tipo diafragma. Vaz\u00e3o: at\u00e9 120 L\/min<br \/>Tens\u00e3o: 220-240 V | Frequ\u00eancia: 60 Hz | Pot\u00eancia: 65 W<br \/>Sistema de difus\u00e3o de bolhas grossas.<\/li><li><strong>Cesto de Limpeza<\/strong><br \/>Fabricado em polipropileno, cor preta.<br \/>Respons\u00e1vel pela reten\u00e7\u00e3o de s\u00f3lidos grosseiros na entrada.<\/li><li><strong>Tubo de Entrada\/Sa\u00edda<\/strong><br \/>Fabricado em PVC, bitola DN 100 \/ DE 101,6 mm, cor branca.<\/li><li><strong>An\u00e9is de Veda\u00e7\u00e3o<\/strong><ul><li>Veda\u00e7\u00e3o dos tubos com o corpo do equipamento: borracha nitr\u00edlica<\/li><li>Veda\u00e7\u00e3o das cavidades: borracha SBR (estireno butadieno), cor preta<\/li><\/ul><\/li><li><strong>Biom\u00eddia \/ Suporte de Biomassa<\/strong><br \/>Fabricado em polipropileno (PP), com n\u00facleo interno de espuma de poliuretano (PU).<\/li><li><strong>Painel de Controle<\/strong><br \/>Tens\u00e3o de entrada: 110 V ou 220 V<br \/>Modos de opera\u00e7\u00e3o: normal, festa e f\u00e9rias<br \/>Alarme sonoro em caso de falha do soprador.<\/li><li><strong>Retentor de Biom\u00eddia<\/strong><br \/>Fabricado em polietileno, cor cinza.<\/li><\/ul>\t\t\n\t\t\t\t<img decoding=\"async\" src=\"http:\/\/www.adstigre.com\/brasil\/wp-content\/uploads\/sites\/2\/2025\/06\/unifam-img-04.jpg\" alt=\"unifam-img-04\" title=\"unifam-img-04\" itemprop=\"image\"  \/>\n\n","protected":false},"excerpt":{"rendered":"<p>Fun\u00e7\u00e3o \u00a0A fun\u00e7\u00e3o da Tigre Unifam \u00e9 tratar o esgoto [&hellip;]<\/p>\n","protected":false},"author":3,"featured_media":0,"parent":1929,"menu_order":0,"comment_status":"closed","ping_status":"closed","template":"","meta":{"_monsterinsights_skip_tracking":false,"_monsterinsights_sitenote_active":false,"_monsterinsights_sitenote_note":"","_monsterinsights_sitenote_category":0,"site-sidebar-layout":"default","site-content-layout":"","ast-site-content-layout":"default","site-content-style":"default","site-sidebar-style":"default","ast-global-header-display":"","ast-banner-title-visibility":"","ast-main-header-display":"","ast-hfb-above-header-display":"","ast-hfb-below-header-display":"","ast-hfb-mobile-header-display":"","site-post-title":"disabled","ast-breadcrumbs-content":"","ast-featured-img":"","footer-sml-layout":"","ast-disable-related-posts":"","theme-transparent-header-meta":"","adv-header-id-meta":"","stick-header-meta":"","header-above-stick-meta":"","header-main-stick-meta":"","header-below-stick-meta":"","astra-migrate-meta-layouts":"set","ast-page-background-enabled":"default","ast-page-background-meta":{"desktop":{"background-color":"","background-image":"","background-repeat":"repeat","background-position":"center center","background-size":"auto","background-attachment":"scroll","background-type":"","background-media":"","overlay-type":"","overlay-color":"","overlay-opacity":"","overlay-gradient":""},"tablet":{"background-color":"","background-image":"","background-repeat":"repeat","background-position":"center center","background-size":"auto","background-attachment":"scroll","background-type":"","background-media":"","overlay-type":"","overlay-color":"","overlay-opacity":"","overlay-gradient":""},"mobile":{"background-color":"","background-image":"","background-repeat":"repeat","background-position":"center center","background-size":"auto","background-attachment":"scroll","background-type":"","background-media":"","overlay-type":"","overlay-color":"","overlay-opacity":"","overlay-gradient":""}},"ast-content-background-meta":{"desktop":{"background-color":"var(--ast-global-color-5)","background-image":"","background-repeat":"repeat","background-position":"center center","background-size":"auto","background-attachment":"scroll","background-type":"","background-media":"","overlay-type":"","overlay-color":"","overlay-opacity":"","overlay-gradient":""},"tablet":{"background-color":"var(--ast-global-color-5)","background-image":"","background-repeat":"repeat","background-position":"center center","background-size":"auto","background-attachment":"scroll","background-type":"","background-media":"","overlay-type":"","overlay-color":"","overlay-opacity":"","overlay-gradient":""},"mobile":{"background-color":"var(--ast-global-color-5)","background-image":"","background-repeat":"repeat","background-position":"center center","background-size":"auto","background-attachment":"scroll","background-type":"","background-media":"","overlay-type":"","overlay-color":"","overlay-opacity":"","overlay-gradient":""}},"footnotes":""},"categories":[],"tags":[],"class_list":["post-9559","page","type-page","status-publish","hentry"],"yoast_head":"<!-- This site is optimized with the Yoast SEO plugin v27.4 - https:\/\/yoast.com\/product\/yoast-seo-wordpress\/ -->\n<title>UNIFAM - ADS Tigre Brasil<\/title>\n<meta name=\"robots\" content=\"index, follow, max-snippet:-1, max-image-preview:large, max-video-preview:-1\" \/>\n<link rel=\"canonical\" href=\"https:\/\/www.adstigre.com\/brasil\/produto\/unifam\/\" \/>\n<meta property=\"og:locale\" content=\"en_US\" \/>\n<meta property=\"og:type\" content=\"article\" \/>\n<meta property=\"og:title\" content=\"UNIFAM - ADS Tigre Brasil\" \/>\n<meta property=\"og:description\" content=\"Fun\u00e7\u00e3o \u00a0A fun\u00e7\u00e3o da Tigre Unifam \u00e9 tratar o esgoto [&hellip;]\" \/>\n<meta property=\"og:url\" content=\"https:\/\/www.adstigre.com\/brasil\/produto\/unifam\/\" \/>\n<meta property=\"og:site_name\" content=\"ADS Tigre Brasil\" \/>\n<meta property=\"article:publisher\" content=\"https:\/\/www.facebook.com\/TubosTigreAdsDoBrasil\" \/>\n<meta property=\"article:modified_time\" content=\"2025-06-18T14:55:02+00:00\" \/>\n<meta property=\"og:image\" content=\"http:\/\/www.adstigre.com\/brasil\/wp-content\/uploads\/sites\/2\/2025\/06\/Unifam_banner.jpg\" \/>\n<meta name=\"twitter:card\" content=\"summary_large_image\" \/>\n<meta name=\"twitter:label1\" content=\"Est. reading time\" \/>\n\t<meta name=\"twitter:data1\" content=\"3 minutes\" \/>\n<script type=\"application\/ld+json\" class=\"yoast-schema-graph\">{\"@context\":\"https:\\\/\\\/schema.org\",\"@graph\":[{\"@type\":\"WebPage\",\"@id\":\"https:\\\/\\\/www.adstigre.com\\\/brasil\\\/produto\\\/unifam\\\/\",\"url\":\"https:\\\/\\\/www.adstigre.com\\\/brasil\\\/produto\\\/unifam\\\/\",\"name\":\"UNIFAM - ADS Tigre Brasil\",\"isPartOf\":{\"@id\":\"https:\\\/\\\/www.adstigre.com\\\/brasil\\\/#website\"},\"primaryImageOfPage\":{\"@id\":\"https:\\\/\\\/www.adstigre.com\\\/brasil\\\/produto\\\/unifam\\\/#primaryimage\"},\"image\":{\"@id\":\"https:\\\/\\\/www.adstigre.com\\\/brasil\\\/produto\\\/unifam\\\/#primaryimage\"},\"thumbnailUrl\":\"http:\\\/\\\/www.adstigre.com\\\/brasil\\\/wp-content\\\/uploads\\\/sites\\\/2\\\/2025\\\/06\\\/Unifam_banner.jpg\",\"datePublished\":\"2025-04-16T19:03:52+00:00\",\"dateModified\":\"2025-06-18T14:55:02+00:00\",\"breadcrumb\":{\"@id\":\"https:\\\/\\\/www.adstigre.com\\\/brasil\\\/produto\\\/unifam\\\/#breadcrumb\"},\"inLanguage\":\"en-US\",\"potentialAction\":[{\"@type\":\"ReadAction\",\"target\":[\"https:\\\/\\\/www.adstigre.com\\\/brasil\\\/produto\\\/unifam\\\/\"]}]},{\"@type\":\"ImageObject\",\"inLanguage\":\"en-US\",\"@id\":\"https:\\\/\\\/www.adstigre.com\\\/brasil\\\/produto\\\/unifam\\\/#primaryimage\",\"url\":\"http:\\\/\\\/www.adstigre.com\\\/brasil\\\/wp-content\\\/uploads\\\/sites\\\/2\\\/2025\\\/06\\\/Unifam_banner.jpg\",\"contentUrl\":\"http:\\\/\\\/www.adstigre.com\\\/brasil\\\/wp-content\\\/uploads\\\/sites\\\/2\\\/2025\\\/06\\\/Unifam_banner.jpg\"},{\"@type\":\"BreadcrumbList\",\"@id\":\"https:\\\/\\\/www.adstigre.com\\\/brasil\\\/produto\\\/unifam\\\/#breadcrumb\",\"itemListElement\":[{\"@type\":\"ListItem\",\"position\":1,\"name\":\"In\u00edcio\",\"item\":\"https:\\\/\\\/www.adstigre.com\\\/brasil\\\/\"},{\"@type\":\"ListItem\",\"position\":2,\"name\":\"Produto\",\"item\":\"http:\\\/\\\/www.adstigre.com\\\/brasil\\\/produto\\\/\"},{\"@type\":\"ListItem\",\"position\":3,\"name\":\"UNIFAM\"}]},{\"@type\":\"WebSite\",\"@id\":\"https:\\\/\\\/www.adstigre.com\\\/brasil\\\/#website\",\"url\":\"https:\\\/\\\/www.adstigre.com\\\/brasil\\\/\",\"name\":\"ADS Tigre Brasil\",\"description\":\"ADS Tigre - Uma Joint Venture entre a ADS e a Tigre\",\"publisher\":{\"@id\":\"https:\\\/\\\/www.adstigre.com\\\/brasil\\\/#organization\"},\"potentialAction\":[{\"@type\":\"SearchAction\",\"target\":{\"@type\":\"EntryPoint\",\"urlTemplate\":\"https:\\\/\\\/www.adstigre.com\\\/brasil\\\/?s={search_term_string}\"},\"query-input\":{\"@type\":\"PropertyValueSpecification\",\"valueRequired\":true,\"valueName\":\"search_term_string\"}}],\"inLanguage\":\"en-US\"},{\"@type\":\"Organization\",\"@id\":\"https:\\\/\\\/www.adstigre.com\\\/brasil\\\/#organization\",\"name\":\"ADS Tigre Brasil\",\"url\":\"https:\\\/\\\/www.adstigre.com\\\/brasil\\\/\",\"logo\":{\"@type\":\"ImageObject\",\"inLanguage\":\"en-US\",\"@id\":\"https:\\\/\\\/www.adstigre.com\\\/brasil\\\/#\\\/schema\\\/logo\\\/image\\\/\",\"url\":\"https:\\\/\\\/www.adstigre.com\\\/brasil\\\/wp-content\\\/uploads\\\/sites\\\/2\\\/2024\\\/10\\\/marca-ADS-Tigre-1.png\",\"contentUrl\":\"https:\\\/\\\/www.adstigre.com\\\/brasil\\\/wp-content\\\/uploads\\\/sites\\\/2\\\/2024\\\/10\\\/marca-ADS-Tigre-1.png\",\"width\":1318,\"height\":1317,\"caption\":\"ADS Tigre Brasil\"},\"image\":{\"@id\":\"https:\\\/\\\/www.adstigre.com\\\/brasil\\\/#\\\/schema\\\/logo\\\/image\\\/\"},\"sameAs\":[\"https:\\\/\\\/www.facebook.com\\\/TubosTigreAdsDoBrasil\",\"https:\\\/\\\/www.instagram.com\\\/adstigredobrasil\",\"https:\\\/\\\/www.linkedin.com\\\/company\\\/tigre-adsdobrasil\\\/\"]}]}<\/script>\n<!-- \/ Yoast SEO plugin. -->","yoast_head_json":{"title":"UNIFAM - ADS Tigre Brasil","robots":{"index":"index","follow":"follow","max-snippet":"max-snippet:-1","max-image-preview":"max-image-preview:large","max-video-preview":"max-video-preview:-1"},"canonical":"https:\/\/www.adstigre.com\/brasil\/produto\/unifam\/","og_locale":"en_US","og_type":"article","og_title":"UNIFAM - ADS Tigre Brasil","og_description":"Fun\u00e7\u00e3o \u00a0A fun\u00e7\u00e3o da Tigre Unifam \u00e9 tratar o esgoto [&hellip;]","og_url":"https:\/\/www.adstigre.com\/brasil\/produto\/unifam\/","og_site_name":"ADS Tigre Brasil","article_publisher":"https:\/\/www.facebook.com\/TubosTigreAdsDoBrasil","article_modified_time":"2025-06-18T14:55:02+00:00","og_image":[{"url":"http:\/\/www.adstigre.com\/brasil\/wp-content\/uploads\/sites\/2\/2025\/06\/Unifam_banner.jpg","type":"","width":"","height":""}],"twitter_card":"summary_large_image","twitter_misc":{"Est. reading time":"3 minutes"},"schema":{"@context":"https:\/\/schema.org","@graph":[{"@type":"WebPage","@id":"https:\/\/www.adstigre.com\/brasil\/produto\/unifam\/","url":"https:\/\/www.adstigre.com\/brasil\/produto\/unifam\/","name":"UNIFAM - ADS Tigre Brasil","isPartOf":{"@id":"https:\/\/www.adstigre.com\/brasil\/#website"},"primaryImageOfPage":{"@id":"https:\/\/www.adstigre.com\/brasil\/produto\/unifam\/#primaryimage"},"image":{"@id":"https:\/\/www.adstigre.com\/brasil\/produto\/unifam\/#primaryimage"},"thumbnailUrl":"http:\/\/www.adstigre.com\/brasil\/wp-content\/uploads\/sites\/2\/2025\/06\/Unifam_banner.jpg","datePublished":"2025-04-16T19:03:52+00:00","dateModified":"2025-06-18T14:55:02+00:00","breadcrumb":{"@id":"https:\/\/www.adstigre.com\/brasil\/produto\/unifam\/#breadcrumb"},"inLanguage":"en-US","potentialAction":[{"@type":"ReadAction","target":["https:\/\/www.adstigre.com\/brasil\/produto\/unifam\/"]}]},{"@type":"ImageObject","inLanguage":"en-US","@id":"https:\/\/www.adstigre.com\/brasil\/produto\/unifam\/#primaryimage","url":"http:\/\/www.adstigre.com\/brasil\/wp-content\/uploads\/sites\/2\/2025\/06\/Unifam_banner.jpg","contentUrl":"http:\/\/www.adstigre.com\/brasil\/wp-content\/uploads\/sites\/2\/2025\/06\/Unifam_banner.jpg"},{"@type":"BreadcrumbList","@id":"https:\/\/www.adstigre.com\/brasil\/produto\/unifam\/#breadcrumb","itemListElement":[{"@type":"ListItem","position":1,"name":"In\u00edcio","item":"https:\/\/www.adstigre.com\/brasil\/"},{"@type":"ListItem","position":2,"name":"Produto","item":"http:\/\/www.adstigre.com\/brasil\/produto\/"},{"@type":"ListItem","position":3,"name":"UNIFAM"}]},{"@type":"WebSite","@id":"https:\/\/www.adstigre.com\/brasil\/#website","url":"https:\/\/www.adstigre.com\/brasil\/","name":"ADS Tigre Brasil","description":"ADS Tigre - Uma Joint Venture entre a ADS e a Tigre","publisher":{"@id":"https:\/\/www.adstigre.com\/brasil\/#organization"},"potentialAction":[{"@type":"SearchAction","target":{"@type":"EntryPoint","urlTemplate":"https:\/\/www.adstigre.com\/brasil\/?s={search_term_string}"},"query-input":{"@type":"PropertyValueSpecification","valueRequired":true,"valueName":"search_term_string"}}],"inLanguage":"en-US"},{"@type":"Organization","@id":"https:\/\/www.adstigre.com\/brasil\/#organization","name":"ADS Tigre Brasil","url":"https:\/\/www.adstigre.com\/brasil\/","logo":{"@type":"ImageObject","inLanguage":"en-US","@id":"https:\/\/www.adstigre.com\/brasil\/#\/schema\/logo\/image\/","url":"https:\/\/www.adstigre.com\/brasil\/wp-content\/uploads\/sites\/2\/2024\/10\/marca-ADS-Tigre-1.png","contentUrl":"https:\/\/www.adstigre.com\/brasil\/wp-content\/uploads\/sites\/2\/2024\/10\/marca-ADS-Tigre-1.png","width":1318,"height":1317,"caption":"ADS Tigre Brasil"},"image":{"@id":"https:\/\/www.adstigre.com\/brasil\/#\/schema\/logo\/image\/"},"sameAs":["https:\/\/www.facebook.com\/TubosTigreAdsDoBrasil","https:\/\/www.instagram.com\/adstigredobrasil","https:\/\/www.linkedin.com\/company\/tigre-adsdobrasil\/"]}]}},"_links":{"self":[{"href":"https:\/\/www.adstigre.com\/brasil\/wp-json\/wp\/v2\/pages\/9559","targetHints":{"allow":["GET"]}}],"collection":[{"href":"https:\/\/www.adstigre.com\/brasil\/wp-json\/wp\/v2\/pages"}],"about":[{"href":"https:\/\/www.adstigre.com\/brasil\/wp-json\/wp\/v2\/types\/page"}],"author":[{"embeddable":true,"href":"https:\/\/www.adstigre.com\/brasil\/wp-json\/wp\/v2\/users\/3"}],"replies":[{"embeddable":true,"href":"https:\/\/www.adstigre.com\/brasil\/wp-json\/wp\/v2\/comments?post=9559"}],"version-history":[{"count":2,"href":"https:\/\/www.adstigre.com\/brasil\/wp-json\/wp\/v2\/pages\/9559\/revisions"}],"predecessor-version":[{"id":10089,"href":"https:\/\/www.adstigre.com\/brasil\/wp-json\/wp\/v2\/pages\/9559\/revisions\/10089"}],"up":[{"embeddable":true,"href":"https:\/\/www.adstigre.com\/brasil\/wp-json\/wp\/v2\/pages\/1929"}],"wp:attachment":[{"href":"https:\/\/www.adstigre.com\/brasil\/wp-json\/wp\/v2\/media?parent=9559"}],"wp:term":[{"taxonomy":"category","embeddable":true,"href":"https:\/\/www.adstigre.com\/brasil\/wp-json\/wp\/v2\/categories?post=9559"},{"taxonomy":"post_tag","embeddable":true,"href":"https:\/\/www.adstigre.com\/brasil\/wp-json\/wp\/v2\/tags?post=9559"}],"curies":[{"name":"wp","href":"https:\/\/api.w.org\/{rel}","templated":true}]}}