{"id":9548,"date":"2025-04-16T15:59:21","date_gmt":"2025-04-16T18:59:21","guid":{"rendered":"https:\/\/www.adstigre.com\/brasil\/?page_id=9548"},"modified":"2025-06-18T11:40:06","modified_gmt":"2025-06-18T14:40:06","slug":"nyloplast","status":"publish","type":"page","link":"https:\/\/www.adstigre.com\/brasil\/produto\/nyloplast\/","title":{"rendered":"Nyloplast"},"content":{"rendered":"\n\n\t\t\t\t<img decoding=\"async\" src=\"http:\/\/www.adstigre.com\/brasil\/wp-content\/uploads\/sites\/2\/2025\/06\/nyloplast-banner.jpg\" alt=\"nyloplast-banner\" itemprop=\"image\" title=\"nyloplast-banner\" onerror=\"this.style.display='none'\"  \/>\n\t\t\tSobre el producto\n\t\t\t\t\t\t\t\t\t\t\t\n\t\t\t<p><strong>Nyloplast<\/strong> \u00e9 uma estrutura pl\u00e1stica em PVC de alta qualidade, desenvolvida para otimizar a capta\u00e7\u00e3o e o manejo de \u00e1guas pluviais. \u00c9 uma solu\u00e7\u00e3o vers\u00e1til e eficiente, indicada para aplica\u00e7\u00f5es em urbaniza\u00e7\u00f5es, rodovias, centros comerciais, \u00e1reas industriais, projetos paisag\u00edsticos, entre outros.A linha Nyloplast oferece solu\u00e7\u00f5es customizadas para instala\u00e7\u00e3o em vias com tr\u00e1fego intenso, \u00e1reas de carga pesada, bocas de lobo, bacias de capta\u00e7\u00e3o, sistemas de drenagem linear e grelhas embutidas. Essas estruturas representam o que h\u00e1 de mais avan\u00e7ado em tecnologia para drenagem superficial, combinando grelhas em ferro d\u00factil com corpo em PVC de alta durabilidade &#8211; um diferencial em obras que exigem desempenho e confiabilidade.Al\u00e9m da resist\u00eancia \u00e0 corros\u00e3o e longa vida \u00fatil, o sistema Nyloplast foi desenvolvido para facilitar a instala\u00e7\u00e3o, reduzir custos operacionais e manter alto desempenho mesmo em condi\u00e7\u00f5es adversas, garantindo efici\u00eancia hidr\u00e1ulica e confiabilidade ao longo do tempo.<\/p>\t\t\n\t\t\t\t<img decoding=\"async\" src=\"http:\/\/www.adstigre.com\/brasil\/wp-content\/uploads\/sites\/2\/2025\/06\/nyloplast-img-01.jpg\" alt=\"nyloplast-img-01\" title=\"nyloplast-img-01\" itemprop=\"image\"  \/>\n\t\t\t\t<img decoding=\"async\" src=\"http:\/\/www.adstigre.com\/brasil\/wp-content\/uploads\/sites\/2\/2025\/06\/tabela-nyloplast-01.jpg\" alt=\"tabela-nyloplast-01\" title=\"tabela-nyloplast-01\" itemprop=\"image\"  \/>\n\t\t\t\t<img decoding=\"async\" src=\"http:\/\/www.adstigre.com\/brasil\/wp-content\/uploads\/sites\/2\/2025\/06\/nyloplast-img-02.jpg\" alt=\"nyloplast-img-02\" title=\"nyloplast-img-02\" itemprop=\"image\"  \/>\n\t\t\tPrincipais benef\u00edcios\n\t\t\t\t\t\t\t\t\t\t\t\n\t\t\t<ul><li><strong>Veda\u00e7\u00e3o eficiente:<\/strong> As estruturas s\u00e3o fornecidas com an\u00e9is de veda\u00e7\u00e3o em borracha, assegurando conex\u00f5es estanques e seguras.<\/li><li><strong>Instala\u00e7\u00e3o r\u00e1pida e econ\u00f4mica:<\/strong> Leve e de f\u00e1cil manuseio, o produto permite instala\u00e7\u00e3o r\u00e1pida, com menor uso de equipamentos e equipe, reduzindo significativamente o custo total da obra.<\/li><li><strong>Ajustes em campo:<\/strong> Os kits de extens\u00e3o s\u00e3o facilmente ajust\u00e1veis e conect\u00e1veis diretamente no local da instala\u00e7\u00e3o, permitindo adequa\u00e7\u00e3o \u00e0 cota final do terreno.<\/li><li><strong>Conex\u00e3o flex\u00edvel:<\/strong> As conex\u00f5es flex\u00edveis absorvem pequenos deslocamentos sem comprometer a integridade estrutural ou a veda\u00e7\u00e3o da estrutura.<\/li><\/ul>\t\t\n\t\t\tTipos de Rejilla\n\t\t\t\t\t\t\t\t\t\t\t\n\t\t\t\t<img decoding=\"async\" src=\"http:\/\/www.adstigre.com\/brasil\/wp-content\/uploads\/sites\/2\/2025\/06\/nyloplast-img-03.jpg\" alt=\"nyloplast-img-03\" title=\"nyloplast-img-03\" itemprop=\"image\"  \/>\n\t\t\t\t<img decoding=\"async\" src=\"http:\/\/www.adstigre.com\/brasil\/wp-content\/uploads\/sites\/2\/2025\/06\/nyloplast-img-04.jpg\" alt=\"nyloplast-img-04\" title=\"nyloplast-img-04\" itemprop=\"image\"  \/>\n\t\t\t\t<img decoding=\"async\" src=\"https:\/\/www.adstigre.com\/brasil\/wp-content\/uploads\/sites\/2\/2025\/06\/nyloplast-img-05.jpg\" alt=\"nyloplast-img-05\" title=\"nyloplast-img-05\" itemprop=\"image\"  \/>\n\n","protected":false},"excerpt":{"rendered":"<p>Sobre el producto Nyloplast \u00e9 uma estrutura pl\u00e1stica em PVC [&hellip;]<\/p>\n","protected":false},"author":3,"featured_media":0,"parent":1929,"menu_order":0,"comment_status":"closed","ping_status":"closed","template":"","meta":{"_monsterinsights_skip_tracking":false,"_monsterinsights_sitenote_active":false,"_monsterinsights_sitenote_note":"","_monsterinsights_sitenote_category":0,"site-sidebar-layout":"default","site-content-layout":"","ast-site-content-layout":"default","site-content-style":"default","site-sidebar-style":"default","ast-global-header-display":"","ast-banner-title-visibility":"","ast-main-header-display":"","ast-hfb-above-header-display":"","ast-hfb-below-header-display":"","ast-hfb-mobile-header-display":"","site-post-title":"disabled","ast-breadcrumbs-content":"","ast-featured-img":"","footer-sml-layout":"","ast-disable-related-posts":"","theme-transparent-header-meta":"","adv-header-id-meta":"","stick-header-meta":"","header-above-stick-meta":"","header-main-stick-meta":"","header-below-stick-meta":"","astra-migrate-meta-layouts":"set","ast-page-background-enabled":"default","ast-page-background-meta":{"desktop":{"background-color":"","background-image":"","background-repeat":"repeat","background-position":"center center","background-size":"auto","background-attachment":"scroll","background-type":"","background-media":"","overlay-type":"","overlay-color":"","overlay-opacity":"","overlay-gradient":""},"tablet":{"background-color":"","background-image":"","background-repeat":"repeat","background-position":"center center","background-size":"auto","background-attachment":"scroll","background-type":"","background-media":"","overlay-type":"","overlay-color":"","overlay-opacity":"","overlay-gradient":""},"mobile":{"background-color":"","background-image":"","background-repeat":"repeat","background-position":"center center","background-size":"auto","background-attachment":"scroll","background-type":"","background-media":"","overlay-type":"","overlay-color":"","overlay-opacity":"","overlay-gradient":""}},"ast-content-background-meta":{"desktop":{"background-color":"var(--ast-global-color-5)","background-image":"","background-repeat":"repeat","background-position":"center center","background-size":"auto","background-attachment":"scroll","background-type":"","background-media":"","overlay-type":"","overlay-color":"","overlay-opacity":"","overlay-gradient":""},"tablet":{"background-color":"var(--ast-global-color-5)","background-image":"","background-repeat":"repeat","background-position":"center center","background-size":"auto","background-attachment":"scroll","background-type":"","background-media":"","overlay-type":"","overlay-color":"","overlay-opacity":"","overlay-gradient":""},"mobile":{"background-color":"var(--ast-global-color-5)","background-image":"","background-repeat":"repeat","background-position":"center center","background-size":"auto","background-attachment":"scroll","background-type":"","background-media":"","overlay-type":"","overlay-color":"","overlay-opacity":"","overlay-gradient":""}},"footnotes":""},"categories":[],"tags":[],"class_list":["post-9548","page","type-page","status-publish","hentry"],"yoast_head":"<!-- This site is optimized with the Yoast SEO plugin v27.4 - https:\/\/yoast.com\/product\/yoast-seo-wordpress\/ -->\n<title>Nyloplast - ADS Tigre Brasil<\/title>\n<meta name=\"robots\" content=\"index, follow, max-snippet:-1, max-image-preview:large, max-video-preview:-1\" \/>\n<link rel=\"canonical\" href=\"https:\/\/www.adstigre.com\/brasil\/produto\/nyloplast\/\" \/>\n<meta property=\"og:locale\" content=\"en_US\" \/>\n<meta property=\"og:type\" content=\"article\" \/>\n<meta property=\"og:title\" content=\"Nyloplast - ADS Tigre Brasil\" \/>\n<meta property=\"og:description\" content=\"Sobre el producto Nyloplast \u00e9 uma estrutura pl\u00e1stica em PVC [&hellip;]\" \/>\n<meta property=\"og:url\" content=\"https:\/\/www.adstigre.com\/brasil\/produto\/nyloplast\/\" \/>\n<meta property=\"og:site_name\" content=\"ADS Tigre Brasil\" \/>\n<meta property=\"article:publisher\" content=\"https:\/\/www.facebook.com\/TubosTigreAdsDoBrasil\" \/>\n<meta property=\"article:modified_time\" content=\"2025-06-18T14:40:06+00:00\" \/>\n<meta property=\"og:image\" content=\"http:\/\/www.adstigre.com\/brasil\/wp-content\/uploads\/sites\/2\/2025\/06\/nyloplast-banner.jpg\" \/>\n<meta name=\"twitter:card\" content=\"summary_large_image\" \/>\n<meta name=\"twitter:label1\" content=\"Est. reading time\" \/>\n\t<meta name=\"twitter:data1\" content=\"1 minute\" \/>\n<script type=\"application\/ld+json\" class=\"yoast-schema-graph\">{\"@context\":\"https:\\\/\\\/schema.org\",\"@graph\":[{\"@type\":\"WebPage\",\"@id\":\"https:\\\/\\\/www.adstigre.com\\\/brasil\\\/produto\\\/nyloplast\\\/\",\"url\":\"https:\\\/\\\/www.adstigre.com\\\/brasil\\\/produto\\\/nyloplast\\\/\",\"name\":\"Nyloplast - ADS Tigre Brasil\",\"isPartOf\":{\"@id\":\"https:\\\/\\\/www.adstigre.com\\\/brasil\\\/#website\"},\"primaryImageOfPage\":{\"@id\":\"https:\\\/\\\/www.adstigre.com\\\/brasil\\\/produto\\\/nyloplast\\\/#primaryimage\"},\"image\":{\"@id\":\"https:\\\/\\\/www.adstigre.com\\\/brasil\\\/produto\\\/nyloplast\\\/#primaryimage\"},\"thumbnailUrl\":\"http:\\\/\\\/www.adstigre.com\\\/brasil\\\/wp-content\\\/uploads\\\/sites\\\/2\\\/2025\\\/06\\\/nyloplast-banner.jpg\",\"datePublished\":\"2025-04-16T18:59:21+00:00\",\"dateModified\":\"2025-06-18T14:40:06+00:00\",\"breadcrumb\":{\"@id\":\"https:\\\/\\\/www.adstigre.com\\\/brasil\\\/produto\\\/nyloplast\\\/#breadcrumb\"},\"inLanguage\":\"en-US\",\"potentialAction\":[{\"@type\":\"ReadAction\",\"target\":[\"https:\\\/\\\/www.adstigre.com\\\/brasil\\\/produto\\\/nyloplast\\\/\"]}]},{\"@type\":\"ImageObject\",\"inLanguage\":\"en-US\",\"@id\":\"https:\\\/\\\/www.adstigre.com\\\/brasil\\\/produto\\\/nyloplast\\\/#primaryimage\",\"url\":\"http:\\\/\\\/www.adstigre.com\\\/brasil\\\/wp-content\\\/uploads\\\/sites\\\/2\\\/2025\\\/06\\\/nyloplast-banner.jpg\",\"contentUrl\":\"http:\\\/\\\/www.adstigre.com\\\/brasil\\\/wp-content\\\/uploads\\\/sites\\\/2\\\/2025\\\/06\\\/nyloplast-banner.jpg\"},{\"@type\":\"BreadcrumbList\",\"@id\":\"https:\\\/\\\/www.adstigre.com\\\/brasil\\\/produto\\\/nyloplast\\\/#breadcrumb\",\"itemListElement\":[{\"@type\":\"ListItem\",\"position\":1,\"name\":\"In\u00edcio\",\"item\":\"https:\\\/\\\/www.adstigre.com\\\/brasil\\\/\"},{\"@type\":\"ListItem\",\"position\":2,\"name\":\"Produto\",\"item\":\"https:\\\/\\\/www.adstigre.com\\\/brasil\\\/produto\\\/\"},{\"@type\":\"ListItem\",\"position\":3,\"name\":\"Nyloplast\"}]},{\"@type\":\"WebSite\",\"@id\":\"https:\\\/\\\/www.adstigre.com\\\/brasil\\\/#website\",\"url\":\"https:\\\/\\\/www.adstigre.com\\\/brasil\\\/\",\"name\":\"ADS Tigre Brasil\",\"description\":\"ADS Tigre - Uma Joint Venture entre a ADS e a Tigre\",\"publisher\":{\"@id\":\"https:\\\/\\\/www.adstigre.com\\\/brasil\\\/#organization\"},\"potentialAction\":[{\"@type\":\"SearchAction\",\"target\":{\"@type\":\"EntryPoint\",\"urlTemplate\":\"https:\\\/\\\/www.adstigre.com\\\/brasil\\\/?s={search_term_string}\"},\"query-input\":{\"@type\":\"PropertyValueSpecification\",\"valueRequired\":true,\"valueName\":\"search_term_string\"}}],\"inLanguage\":\"en-US\"},{\"@type\":\"Organization\",\"@id\":\"https:\\\/\\\/www.adstigre.com\\\/brasil\\\/#organization\",\"name\":\"ADS Tigre Brasil\",\"url\":\"https:\\\/\\\/www.adstigre.com\\\/brasil\\\/\",\"logo\":{\"@type\":\"ImageObject\",\"inLanguage\":\"en-US\",\"@id\":\"https:\\\/\\\/www.adstigre.com\\\/brasil\\\/#\\\/schema\\\/logo\\\/image\\\/\",\"url\":\"https:\\\/\\\/www.adstigre.com\\\/brasil\\\/wp-content\\\/uploads\\\/sites\\\/2\\\/2024\\\/10\\\/marca-ADS-Tigre-1.png\",\"contentUrl\":\"https:\\\/\\\/www.adstigre.com\\\/brasil\\\/wp-content\\\/uploads\\\/sites\\\/2\\\/2024\\\/10\\\/marca-ADS-Tigre-1.png\",\"width\":1318,\"height\":1317,\"caption\":\"ADS Tigre Brasil\"},\"image\":{\"@id\":\"https:\\\/\\\/www.adstigre.com\\\/brasil\\\/#\\\/schema\\\/logo\\\/image\\\/\"},\"sameAs\":[\"https:\\\/\\\/www.facebook.com\\\/TubosTigreAdsDoBrasil\",\"https:\\\/\\\/www.instagram.com\\\/adstigredobrasil\",\"https:\\\/\\\/www.linkedin.com\\\/company\\\/tigre-adsdobrasil\\\/\"]}]}<\/script>\n<!-- \/ Yoast SEO plugin. -->","yoast_head_json":{"title":"Nyloplast - ADS Tigre Brasil","robots":{"index":"index","follow":"follow","max-snippet":"max-snippet:-1","max-image-preview":"max-image-preview:large","max-video-preview":"max-video-preview:-1"},"canonical":"https:\/\/www.adstigre.com\/brasil\/produto\/nyloplast\/","og_locale":"en_US","og_type":"article","og_title":"Nyloplast - ADS Tigre Brasil","og_description":"Sobre el producto Nyloplast \u00e9 uma estrutura pl\u00e1stica em PVC [&hellip;]","og_url":"https:\/\/www.adstigre.com\/brasil\/produto\/nyloplast\/","og_site_name":"ADS Tigre Brasil","article_publisher":"https:\/\/www.facebook.com\/TubosTigreAdsDoBrasil","article_modified_time":"2025-06-18T14:40:06+00:00","og_image":[{"url":"http:\/\/www.adstigre.com\/brasil\/wp-content\/uploads\/sites\/2\/2025\/06\/nyloplast-banner.jpg","type":"","width":"","height":""}],"twitter_card":"summary_large_image","twitter_misc":{"Est. reading time":"1 minute"},"schema":{"@context":"https:\/\/schema.org","@graph":[{"@type":"WebPage","@id":"https:\/\/www.adstigre.com\/brasil\/produto\/nyloplast\/","url":"https:\/\/www.adstigre.com\/brasil\/produto\/nyloplast\/","name":"Nyloplast - ADS Tigre Brasil","isPartOf":{"@id":"https:\/\/www.adstigre.com\/brasil\/#website"},"primaryImageOfPage":{"@id":"https:\/\/www.adstigre.com\/brasil\/produto\/nyloplast\/#primaryimage"},"image":{"@id":"https:\/\/www.adstigre.com\/brasil\/produto\/nyloplast\/#primaryimage"},"thumbnailUrl":"http:\/\/www.adstigre.com\/brasil\/wp-content\/uploads\/sites\/2\/2025\/06\/nyloplast-banner.jpg","datePublished":"2025-04-16T18:59:21+00:00","dateModified":"2025-06-18T14:40:06+00:00","breadcrumb":{"@id":"https:\/\/www.adstigre.com\/brasil\/produto\/nyloplast\/#breadcrumb"},"inLanguage":"en-US","potentialAction":[{"@type":"ReadAction","target":["https:\/\/www.adstigre.com\/brasil\/produto\/nyloplast\/"]}]},{"@type":"ImageObject","inLanguage":"en-US","@id":"https:\/\/www.adstigre.com\/brasil\/produto\/nyloplast\/#primaryimage","url":"http:\/\/www.adstigre.com\/brasil\/wp-content\/uploads\/sites\/2\/2025\/06\/nyloplast-banner.jpg","contentUrl":"http:\/\/www.adstigre.com\/brasil\/wp-content\/uploads\/sites\/2\/2025\/06\/nyloplast-banner.jpg"},{"@type":"BreadcrumbList","@id":"https:\/\/www.adstigre.com\/brasil\/produto\/nyloplast\/#breadcrumb","itemListElement":[{"@type":"ListItem","position":1,"name":"In\u00edcio","item":"https:\/\/www.adstigre.com\/brasil\/"},{"@type":"ListItem","position":2,"name":"Produto","item":"https:\/\/www.adstigre.com\/brasil\/produto\/"},{"@type":"ListItem","position":3,"name":"Nyloplast"}]},{"@type":"WebSite","@id":"https:\/\/www.adstigre.com\/brasil\/#website","url":"https:\/\/www.adstigre.com\/brasil\/","name":"ADS Tigre Brasil","description":"ADS Tigre - Uma Joint Venture entre a ADS e a Tigre","publisher":{"@id":"https:\/\/www.adstigre.com\/brasil\/#organization"},"potentialAction":[{"@type":"SearchAction","target":{"@type":"EntryPoint","urlTemplate":"https:\/\/www.adstigre.com\/brasil\/?s={search_term_string}"},"query-input":{"@type":"PropertyValueSpecification","valueRequired":true,"valueName":"search_term_string"}}],"inLanguage":"en-US"},{"@type":"Organization","@id":"https:\/\/www.adstigre.com\/brasil\/#organization","name":"ADS Tigre Brasil","url":"https:\/\/www.adstigre.com\/brasil\/","logo":{"@type":"ImageObject","inLanguage":"en-US","@id":"https:\/\/www.adstigre.com\/brasil\/#\/schema\/logo\/image\/","url":"https:\/\/www.adstigre.com\/brasil\/wp-content\/uploads\/sites\/2\/2024\/10\/marca-ADS-Tigre-1.png","contentUrl":"https:\/\/www.adstigre.com\/brasil\/wp-content\/uploads\/sites\/2\/2024\/10\/marca-ADS-Tigre-1.png","width":1318,"height":1317,"caption":"ADS Tigre Brasil"},"image":{"@id":"https:\/\/www.adstigre.com\/brasil\/#\/schema\/logo\/image\/"},"sameAs":["https:\/\/www.facebook.com\/TubosTigreAdsDoBrasil","https:\/\/www.instagram.com\/adstigredobrasil","https:\/\/www.linkedin.com\/company\/tigre-adsdobrasil\/"]}]}},"_links":{"self":[{"href":"https:\/\/www.adstigre.com\/brasil\/wp-json\/wp\/v2\/pages\/9548","targetHints":{"allow":["GET"]}}],"collection":[{"href":"https:\/\/www.adstigre.com\/brasil\/wp-json\/wp\/v2\/pages"}],"about":[{"href":"https:\/\/www.adstigre.com\/brasil\/wp-json\/wp\/v2\/types\/page"}],"author":[{"embeddable":true,"href":"https:\/\/www.adstigre.com\/brasil\/wp-json\/wp\/v2\/users\/3"}],"replies":[{"embeddable":true,"href":"https:\/\/www.adstigre.com\/brasil\/wp-json\/wp\/v2\/comments?post=9548"}],"version-history":[{"count":5,"href":"https:\/\/www.adstigre.com\/brasil\/wp-json\/wp\/v2\/pages\/9548\/revisions"}],"predecessor-version":[{"id":10082,"href":"https:\/\/www.adstigre.com\/brasil\/wp-json\/wp\/v2\/pages\/9548\/revisions\/10082"}],"up":[{"embeddable":true,"href":"https:\/\/www.adstigre.com\/brasil\/wp-json\/wp\/v2\/pages\/1929"}],"wp:attachment":[{"href":"https:\/\/www.adstigre.com\/brasil\/wp-json\/wp\/v2\/media?parent=9548"}],"wp:term":[{"taxonomy":"category","embeddable":true,"href":"https:\/\/www.adstigre.com\/brasil\/wp-json\/wp\/v2\/categories?post=9548"},{"taxonomy":"post_tag","embeddable":true,"href":"https:\/\/www.adstigre.com\/brasil\/wp-json\/wp\/v2\/tags?post=9548"}],"curies":[{"name":"wp","href":"https:\/\/api.w.org\/{rel}","templated":true}]}}