{"id":9536,"date":"2025-04-16T15:16:12","date_gmt":"2025-04-16T18:16:12","guid":{"rendered":"https:\/\/www.adstigre.com\/brasil\/?page_id=9536"},"modified":"2025-06-18T11:33:36","modified_gmt":"2025-06-18T14:33:36","slug":"geotextil","status":"publish","type":"page","link":"https:\/\/www.adstigre.com\/brasil\/produto\/geotextil\/","title":{"rendered":"Geot\u00eaxtil"},"content":{"rendered":"\n\n\t\t\t\t<img decoding=\"async\" src=\"http:\/\/www.adstigre.com\/brasil\/wp-content\/uploads\/sites\/2\/2025\/06\/geotextiles-banner.jpg\" alt=\"geotextiles-banner\" itemprop=\"image\" title=\"geotextiles-banner\" onerror=\"this.style.display='none'\"  \/>\n\t\t\tSobre o produto\n\t\t\t\t\t\t\t\t\t\t\t\n\t\t\t<p>A linha de geot\u00eaxteis em polipropileno, dispon\u00edveis nas vers\u00f5es tecido e n\u00e3o tecido, \u00e9 composta por um sistema de fibras com alto desempenho t\u00e9cnico. Esses materiais se destacam pela excelente resist\u00eancia ao pun\u00e7onamento e pelas propriedades hidr\u00e1ulicas superiores.Sua robustez torna-os ideais para aplica\u00e7\u00f5es em obras de constru\u00e7\u00e3o civil, minera\u00e7\u00e3o, urbaniza\u00e7\u00e3o e sistemas de drenagem. S\u00e3o amplamente utilizados na separa\u00e7\u00e3o de diferentes tipos de solo, atuando como filtro para a passagem da \u00e1gua e prevenindo o ac\u00famulo de sedimentos. Tamb\u00e9m s\u00e3o eficazes na prote\u00e7\u00e3o de geomembranas contra danos mec\u00e2nicos.Al\u00e9m disso, os geot\u00eaxteis garantem um fluxo eficiente para infiltra\u00e7\u00e3o e escoamento da \u00e1gua, ao mesmo tempo em que ret\u00eam part\u00edculas finas, evitando a mistura de materiais entre camadas distintas durante a instala\u00e7\u00e3o.<\/p>\t\t\n\t\t\t\t<img decoding=\"async\" src=\"http:\/\/www.adstigre.com\/brasil\/wp-content\/uploads\/sites\/2\/2025\/06\/geotextiles-img-01.jpg\" alt=\"geotextiles-img-01\" title=\"geotextiles-img-01\" itemprop=\"image\"  \/>\n\t\t\tCaracter\u00edsticas &#8211; Geot\u00eaxtil N\u00e3o Tecido\n\t\t\t\t\t\t\t\t\t\t\t\n\t\t\t\t<img decoding=\"async\" src=\"http:\/\/www.adstigre.com\/brasil\/wp-content\/uploads\/sites\/2\/2025\/06\/tabela-geotextil-02.jpg\" alt=\"tabela-geotextil-02\" title=\"tabela-geotextil-02\" itemprop=\"image\"  \/>\n\t\t\tCaracter\u00edsticas &#8211; Geot\u00eaxtil Tecido\n\t\t\t\t\t\t\t\t\t\t\t\n\t\t\t\t<img decoding=\"async\" src=\"http:\/\/www.adstigre.com\/brasil\/wp-content\/uploads\/sites\/2\/2025\/06\/tabela-geotextil-03.jpg\" alt=\"tabela-geotextil-03\" title=\"tabela-geotextil-03\" itemprop=\"image\"  \/>\n\n","protected":false},"excerpt":{"rendered":"<p>Sobre o produto A linha de geot\u00eaxteis em polipropileno, dispon\u00edveis [&hellip;]<\/p>\n","protected":false},"author":3,"featured_media":0,"parent":1929,"menu_order":0,"comment_status":"closed","ping_status":"closed","template":"","meta":{"_monsterinsights_skip_tracking":false,"_monsterinsights_sitenote_active":false,"_monsterinsights_sitenote_note":"","_monsterinsights_sitenote_category":0,"site-sidebar-layout":"default","site-content-layout":"","ast-site-content-layout":"default","site-content-style":"default","site-sidebar-style":"default","ast-global-header-display":"","ast-banner-title-visibility":"","ast-main-header-display":"","ast-hfb-above-header-display":"","ast-hfb-below-header-display":"","ast-hfb-mobile-header-display":"","site-post-title":"disabled","ast-breadcrumbs-content":"","ast-featured-img":"","footer-sml-layout":"","ast-disable-related-posts":"","theme-transparent-header-meta":"","adv-header-id-meta":"","stick-header-meta":"","header-above-stick-meta":"","header-main-stick-meta":"","header-below-stick-meta":"","astra-migrate-meta-layouts":"set","ast-page-background-enabled":"default","ast-page-background-meta":{"desktop":{"background-color":"","background-image":"","background-repeat":"repeat","background-position":"center center","background-size":"auto","background-attachment":"scroll","background-type":"","background-media":"","overlay-type":"","overlay-color":"","overlay-opacity":"","overlay-gradient":""},"tablet":{"background-color":"","background-image":"","background-repeat":"repeat","background-position":"center center","background-size":"auto","background-attachment":"scroll","background-type":"","background-media":"","overlay-type":"","overlay-color":"","overlay-opacity":"","overlay-gradient":""},"mobile":{"background-color":"","background-image":"","background-repeat":"repeat","background-position":"center center","background-size":"auto","background-attachment":"scroll","background-type":"","background-media":"","overlay-type":"","overlay-color":"","overlay-opacity":"","overlay-gradient":""}},"ast-content-background-meta":{"desktop":{"background-color":"var(--ast-global-color-5)","background-image":"","background-repeat":"repeat","background-position":"center center","background-size":"auto","background-attachment":"scroll","background-type":"","background-media":"","overlay-type":"","overlay-color":"","overlay-opacity":"","overlay-gradient":""},"tablet":{"background-color":"var(--ast-global-color-5)","background-image":"","background-repeat":"repeat","background-position":"center center","background-size":"auto","background-attachment":"scroll","background-type":"","background-media":"","overlay-type":"","overlay-color":"","overlay-opacity":"","overlay-gradient":""},"mobile":{"background-color":"var(--ast-global-color-5)","background-image":"","background-repeat":"repeat","background-position":"center center","background-size":"auto","background-attachment":"scroll","background-type":"","background-media":"","overlay-type":"","overlay-color":"","overlay-opacity":"","overlay-gradient":""}},"footnotes":""},"categories":[],"tags":[],"class_list":["post-9536","page","type-page","status-publish","hentry"],"yoast_head":"<!-- This site is optimized with the Yoast SEO plugin v27.4 - https:\/\/yoast.com\/product\/yoast-seo-wordpress\/ -->\n<title>Geot\u00eaxtil - ADS Tigre Brasil<\/title>\n<meta name=\"robots\" content=\"index, follow, max-snippet:-1, max-image-preview:large, max-video-preview:-1\" \/>\n<link rel=\"canonical\" href=\"https:\/\/www.adstigre.com\/brasil\/produto\/geotextil\/\" \/>\n<meta property=\"og:locale\" content=\"en_US\" \/>\n<meta property=\"og:type\" content=\"article\" \/>\n<meta property=\"og:title\" content=\"Geot\u00eaxtil - ADS Tigre Brasil\" \/>\n<meta property=\"og:description\" content=\"Sobre o produto A linha de geot\u00eaxteis em polipropileno, dispon\u00edveis [&hellip;]\" \/>\n<meta property=\"og:url\" content=\"https:\/\/www.adstigre.com\/brasil\/produto\/geotextil\/\" \/>\n<meta property=\"og:site_name\" content=\"ADS Tigre Brasil\" \/>\n<meta property=\"article:publisher\" content=\"https:\/\/www.facebook.com\/TubosTigreAdsDoBrasil\" \/>\n<meta property=\"article:modified_time\" content=\"2025-06-18T14:33:36+00:00\" \/>\n<meta property=\"og:image\" content=\"http:\/\/www.adstigre.com\/brasil\/wp-content\/uploads\/sites\/2\/2025\/06\/geotextiles-banner.jpg\" \/>\n<meta name=\"twitter:card\" content=\"summary_large_image\" \/>\n<meta name=\"twitter:label1\" content=\"Est. reading time\" \/>\n\t<meta name=\"twitter:data1\" content=\"1 minute\" \/>\n<script type=\"application\/ld+json\" class=\"yoast-schema-graph\">{\"@context\":\"https:\\\/\\\/schema.org\",\"@graph\":[{\"@type\":\"WebPage\",\"@id\":\"https:\\\/\\\/www.adstigre.com\\\/brasil\\\/produto\\\/geotextil\\\/\",\"url\":\"https:\\\/\\\/www.adstigre.com\\\/brasil\\\/produto\\\/geotextil\\\/\",\"name\":\"Geot\u00eaxtil - ADS Tigre Brasil\",\"isPartOf\":{\"@id\":\"https:\\\/\\\/www.adstigre.com\\\/brasil\\\/#website\"},\"primaryImageOfPage\":{\"@id\":\"https:\\\/\\\/www.adstigre.com\\\/brasil\\\/produto\\\/geotextil\\\/#primaryimage\"},\"image\":{\"@id\":\"https:\\\/\\\/www.adstigre.com\\\/brasil\\\/produto\\\/geotextil\\\/#primaryimage\"},\"thumbnailUrl\":\"http:\\\/\\\/www.adstigre.com\\\/brasil\\\/wp-content\\\/uploads\\\/sites\\\/2\\\/2025\\\/06\\\/geotextiles-banner.jpg\",\"datePublished\":\"2025-04-16T18:16:12+00:00\",\"dateModified\":\"2025-06-18T14:33:36+00:00\",\"breadcrumb\":{\"@id\":\"https:\\\/\\\/www.adstigre.com\\\/brasil\\\/produto\\\/geotextil\\\/#breadcrumb\"},\"inLanguage\":\"en-US\",\"potentialAction\":[{\"@type\":\"ReadAction\",\"target\":[\"https:\\\/\\\/www.adstigre.com\\\/brasil\\\/produto\\\/geotextil\\\/\"]}]},{\"@type\":\"ImageObject\",\"inLanguage\":\"en-US\",\"@id\":\"https:\\\/\\\/www.adstigre.com\\\/brasil\\\/produto\\\/geotextil\\\/#primaryimage\",\"url\":\"http:\\\/\\\/www.adstigre.com\\\/brasil\\\/wp-content\\\/uploads\\\/sites\\\/2\\\/2025\\\/06\\\/geotextiles-banner.jpg\",\"contentUrl\":\"http:\\\/\\\/www.adstigre.com\\\/brasil\\\/wp-content\\\/uploads\\\/sites\\\/2\\\/2025\\\/06\\\/geotextiles-banner.jpg\"},{\"@type\":\"BreadcrumbList\",\"@id\":\"https:\\\/\\\/www.adstigre.com\\\/brasil\\\/produto\\\/geotextil\\\/#breadcrumb\",\"itemListElement\":[{\"@type\":\"ListItem\",\"position\":1,\"name\":\"In\u00edcio\",\"item\":\"https:\\\/\\\/www.adstigre.com\\\/brasil\\\/\"},{\"@type\":\"ListItem\",\"position\":2,\"name\":\"Produto\",\"item\":\"https:\\\/\\\/www.adstigre.com\\\/brasil\\\/produto\\\/\"},{\"@type\":\"ListItem\",\"position\":3,\"name\":\"Geot\u00eaxtil\"}]},{\"@type\":\"WebSite\",\"@id\":\"https:\\\/\\\/www.adstigre.com\\\/brasil\\\/#website\",\"url\":\"https:\\\/\\\/www.adstigre.com\\\/brasil\\\/\",\"name\":\"ADS Tigre Brasil\",\"description\":\"ADS Tigre - Uma Joint Venture entre a ADS e a Tigre\",\"publisher\":{\"@id\":\"https:\\\/\\\/www.adstigre.com\\\/brasil\\\/#organization\"},\"potentialAction\":[{\"@type\":\"SearchAction\",\"target\":{\"@type\":\"EntryPoint\",\"urlTemplate\":\"https:\\\/\\\/www.adstigre.com\\\/brasil\\\/?s={search_term_string}\"},\"query-input\":{\"@type\":\"PropertyValueSpecification\",\"valueRequired\":true,\"valueName\":\"search_term_string\"}}],\"inLanguage\":\"en-US\"},{\"@type\":\"Organization\",\"@id\":\"https:\\\/\\\/www.adstigre.com\\\/brasil\\\/#organization\",\"name\":\"ADS Tigre Brasil\",\"url\":\"https:\\\/\\\/www.adstigre.com\\\/brasil\\\/\",\"logo\":{\"@type\":\"ImageObject\",\"inLanguage\":\"en-US\",\"@id\":\"https:\\\/\\\/www.adstigre.com\\\/brasil\\\/#\\\/schema\\\/logo\\\/image\\\/\",\"url\":\"https:\\\/\\\/www.adstigre.com\\\/brasil\\\/wp-content\\\/uploads\\\/sites\\\/2\\\/2024\\\/10\\\/marca-ADS-Tigre-1.png\",\"contentUrl\":\"https:\\\/\\\/www.adstigre.com\\\/brasil\\\/wp-content\\\/uploads\\\/sites\\\/2\\\/2024\\\/10\\\/marca-ADS-Tigre-1.png\",\"width\":1318,\"height\":1317,\"caption\":\"ADS Tigre Brasil\"},\"image\":{\"@id\":\"https:\\\/\\\/www.adstigre.com\\\/brasil\\\/#\\\/schema\\\/logo\\\/image\\\/\"},\"sameAs\":[\"https:\\\/\\\/www.facebook.com\\\/TubosTigreAdsDoBrasil\",\"https:\\\/\\\/www.instagram.com\\\/adstigredobrasil\",\"https:\\\/\\\/www.linkedin.com\\\/company\\\/tigre-adsdobrasil\\\/\"]}]}<\/script>\n<!-- \/ Yoast SEO plugin. -->","yoast_head_json":{"title":"Geot\u00eaxtil - ADS Tigre Brasil","robots":{"index":"index","follow":"follow","max-snippet":"max-snippet:-1","max-image-preview":"max-image-preview:large","max-video-preview":"max-video-preview:-1"},"canonical":"https:\/\/www.adstigre.com\/brasil\/produto\/geotextil\/","og_locale":"en_US","og_type":"article","og_title":"Geot\u00eaxtil - ADS Tigre Brasil","og_description":"Sobre o produto A linha de geot\u00eaxteis em polipropileno, dispon\u00edveis [&hellip;]","og_url":"https:\/\/www.adstigre.com\/brasil\/produto\/geotextil\/","og_site_name":"ADS Tigre Brasil","article_publisher":"https:\/\/www.facebook.com\/TubosTigreAdsDoBrasil","article_modified_time":"2025-06-18T14:33:36+00:00","og_image":[{"url":"http:\/\/www.adstigre.com\/brasil\/wp-content\/uploads\/sites\/2\/2025\/06\/geotextiles-banner.jpg","type":"","width":"","height":""}],"twitter_card":"summary_large_image","twitter_misc":{"Est. reading time":"1 minute"},"schema":{"@context":"https:\/\/schema.org","@graph":[{"@type":"WebPage","@id":"https:\/\/www.adstigre.com\/brasil\/produto\/geotextil\/","url":"https:\/\/www.adstigre.com\/brasil\/produto\/geotextil\/","name":"Geot\u00eaxtil - ADS Tigre Brasil","isPartOf":{"@id":"https:\/\/www.adstigre.com\/brasil\/#website"},"primaryImageOfPage":{"@id":"https:\/\/www.adstigre.com\/brasil\/produto\/geotextil\/#primaryimage"},"image":{"@id":"https:\/\/www.adstigre.com\/brasil\/produto\/geotextil\/#primaryimage"},"thumbnailUrl":"http:\/\/www.adstigre.com\/brasil\/wp-content\/uploads\/sites\/2\/2025\/06\/geotextiles-banner.jpg","datePublished":"2025-04-16T18:16:12+00:00","dateModified":"2025-06-18T14:33:36+00:00","breadcrumb":{"@id":"https:\/\/www.adstigre.com\/brasil\/produto\/geotextil\/#breadcrumb"},"inLanguage":"en-US","potentialAction":[{"@type":"ReadAction","target":["https:\/\/www.adstigre.com\/brasil\/produto\/geotextil\/"]}]},{"@type":"ImageObject","inLanguage":"en-US","@id":"https:\/\/www.adstigre.com\/brasil\/produto\/geotextil\/#primaryimage","url":"http:\/\/www.adstigre.com\/brasil\/wp-content\/uploads\/sites\/2\/2025\/06\/geotextiles-banner.jpg","contentUrl":"http:\/\/www.adstigre.com\/brasil\/wp-content\/uploads\/sites\/2\/2025\/06\/geotextiles-banner.jpg"},{"@type":"BreadcrumbList","@id":"https:\/\/www.adstigre.com\/brasil\/produto\/geotextil\/#breadcrumb","itemListElement":[{"@type":"ListItem","position":1,"name":"In\u00edcio","item":"https:\/\/www.adstigre.com\/brasil\/"},{"@type":"ListItem","position":2,"name":"Produto","item":"https:\/\/www.adstigre.com\/brasil\/produto\/"},{"@type":"ListItem","position":3,"name":"Geot\u00eaxtil"}]},{"@type":"WebSite","@id":"https:\/\/www.adstigre.com\/brasil\/#website","url":"https:\/\/www.adstigre.com\/brasil\/","name":"ADS Tigre Brasil","description":"ADS Tigre - Uma Joint Venture entre a ADS e a Tigre","publisher":{"@id":"https:\/\/www.adstigre.com\/brasil\/#organization"},"potentialAction":[{"@type":"SearchAction","target":{"@type":"EntryPoint","urlTemplate":"https:\/\/www.adstigre.com\/brasil\/?s={search_term_string}"},"query-input":{"@type":"PropertyValueSpecification","valueRequired":true,"valueName":"search_term_string"}}],"inLanguage":"en-US"},{"@type":"Organization","@id":"https:\/\/www.adstigre.com\/brasil\/#organization","name":"ADS Tigre Brasil","url":"https:\/\/www.adstigre.com\/brasil\/","logo":{"@type":"ImageObject","inLanguage":"en-US","@id":"https:\/\/www.adstigre.com\/brasil\/#\/schema\/logo\/image\/","url":"https:\/\/www.adstigre.com\/brasil\/wp-content\/uploads\/sites\/2\/2024\/10\/marca-ADS-Tigre-1.png","contentUrl":"https:\/\/www.adstigre.com\/brasil\/wp-content\/uploads\/sites\/2\/2024\/10\/marca-ADS-Tigre-1.png","width":1318,"height":1317,"caption":"ADS Tigre Brasil"},"image":{"@id":"https:\/\/www.adstigre.com\/brasil\/#\/schema\/logo\/image\/"},"sameAs":["https:\/\/www.facebook.com\/TubosTigreAdsDoBrasil","https:\/\/www.instagram.com\/adstigredobrasil","https:\/\/www.linkedin.com\/company\/tigre-adsdobrasil\/"]}]}},"_links":{"self":[{"href":"https:\/\/www.adstigre.com\/brasil\/wp-json\/wp\/v2\/pages\/9536","targetHints":{"allow":["GET"]}}],"collection":[{"href":"https:\/\/www.adstigre.com\/brasil\/wp-json\/wp\/v2\/pages"}],"about":[{"href":"https:\/\/www.adstigre.com\/brasil\/wp-json\/wp\/v2\/types\/page"}],"author":[{"embeddable":true,"href":"https:\/\/www.adstigre.com\/brasil\/wp-json\/wp\/v2\/users\/3"}],"replies":[{"embeddable":true,"href":"https:\/\/www.adstigre.com\/brasil\/wp-json\/wp\/v2\/comments?post=9536"}],"version-history":[{"count":3,"href":"https:\/\/www.adstigre.com\/brasil\/wp-json\/wp\/v2\/pages\/9536\/revisions"}],"predecessor-version":[{"id":10081,"href":"https:\/\/www.adstigre.com\/brasil\/wp-json\/wp\/v2\/pages\/9536\/revisions\/10081"}],"up":[{"embeddable":true,"href":"https:\/\/www.adstigre.com\/brasil\/wp-json\/wp\/v2\/pages\/1929"}],"wp:attachment":[{"href":"https:\/\/www.adstigre.com\/brasil\/wp-json\/wp\/v2\/media?parent=9536"}],"wp:term":[{"taxonomy":"category","embeddable":true,"href":"https:\/\/www.adstigre.com\/brasil\/wp-json\/wp\/v2\/categories?post=9536"},{"taxonomy":"post_tag","embeddable":true,"href":"https:\/\/www.adstigre.com\/brasil\/wp-json\/wp\/v2\/tags?post=9536"}],"curies":[{"name":"wp","href":"https:\/\/api.w.org\/{rel}","templated":true}]}}