{"id":7956,"date":"2024-05-09T11:21:29","date_gmt":"2024-05-09T14:21:29","guid":{"rendered":"https:\/\/www.adstigre.com\/brasil\/?page_id=7956"},"modified":"2025-06-18T14:04:41","modified_gmt":"2025-06-18T17:04:41","slug":"florestal","status":"publish","type":"page","link":"https:\/\/www.adstigre.com\/brasil\/aplicacoes\/florestal\/","title":{"rendered":"Florestal"},"content":{"rendered":"\n\n\t\t\t\t<img decoding=\"async\" src=\"http:\/\/www.adstigre.com\/brasil\/wp-content\/uploads\/sites\/2\/2025\/06\/banner-florestal-01.jpg\" alt=\"banner-florestal-01\" itemprop=\"image\" title=\"banner-florestal-01\" onerror=\"this.style.display='none'\"  \/>\n<h1>\n\t\tFlorestal\n\t<\/h1>\n\t\t\t\t\t\t\t\t\t\t\t\n\t\t\t<p>No segmento florestal, o sistema de drenagem desempenha um papel crucial na preven\u00e7\u00e3o de alagamentos, garantindo o escoamento eficiente das \u00e1guas pluviais e a travessia de rios e c\u00f3rregos. Nossos tubos corrugados em PEAD DrenPro s\u00e3o projetados para oferecer solu\u00e7\u00f5es resistentes e eficazes em diversos cen\u00e1rios.Gra\u00e7as \u00e0 sua alta qualidade, leveza e f\u00e1cil aplica\u00e7\u00e3o, os tubos corrugados em PEAD DrenPro s\u00e3o especialmente recomendados para \u00e1reas de dif\u00edcil acesso. Eles s\u00e3o ideais para:<b>Cruzamentos de Estradas:<\/b>\u00a0A estrutura corrugada dos tubos proporciona alta resist\u00eancia \u00e0 deflex\u00e3o diametral, com baixo recobrimento suportando cargas pesadas e garantindo a durabilidade do sistema de drenagem sob estradas e rodovias.<b>Travessias de C\u00f3rregos e Rios:<\/b>\u00a0A flexibilidade do material permite a instala\u00e7\u00e3o em terrenos irregulares, facilitando a constru\u00e7\u00e3o de passagens seguras e eficientes em \u00e1reas florestais.A utiliza\u00e7\u00e3o de tubos corrugados em PEAD no segmento florestal n\u00e3o s\u00f3 melhora a gest\u00e3o das \u00e1guas pluviais e a preven\u00e7\u00e3o de alagamentos, mas tamb\u00e9m oferece uma solu\u00e7\u00e3o dur\u00e1vel e sustent\u00e1vel para diversas aplica\u00e7\u00f5es t\u00e9cnicas.<\/p>\t\t\n\t\t\t<h3>Produtos relacionados<\/h3>\t\t\t\n\t<a href=\"https:\/\/www.adstigre.com\/brasil\/tubos-de-pead-drenpro\/\" target=\"_self\"  aria-label=\"Go to https:\/\/www.adstigre.com\/brasil\/tubos-de-pead-drenpro\/\"><\/a>\n\t\t\t\t<img decoding=\"async\" src=\"http:\/\/www.adstigre.com\/brasil\/wp-content\/uploads\/sites\/2\/2025\/06\/imagem-drenpro.png\" alt=\"imagem-drenpro\" title=\"imagem-drenpro\" itemprop=\"image\"\/>\n\t\t<h3>DrenPro<\/h3>\t\t\t\n\n","protected":false},"excerpt":{"rendered":"<p>Florestal No segmento florestal, o sistema de drenagem desempenha um [&hellip;]<\/p>\n","protected":false},"author":15,"featured_media":0,"parent":2135,"menu_order":0,"comment_status":"closed","ping_status":"closed","template":"","meta":{"_monsterinsights_skip_tracking":false,"_monsterinsights_sitenote_active":false,"_monsterinsights_sitenote_note":"","_monsterinsights_sitenote_category":0,"site-sidebar-layout":"default","site-content-layout":"","ast-site-content-layout":"default","site-content-style":"default","site-sidebar-style":"default","ast-global-header-display":"","ast-banner-title-visibility":"","ast-main-header-display":"","ast-hfb-above-header-display":"","ast-hfb-below-header-display":"","ast-hfb-mobile-header-display":"","site-post-title":"disabled","ast-breadcrumbs-content":"","ast-featured-img":"","footer-sml-layout":"","ast-disable-related-posts":"","theme-transparent-header-meta":"","adv-header-id-meta":"","stick-header-meta":"","header-above-stick-meta":"","header-main-stick-meta":"","header-below-stick-meta":"","astra-migrate-meta-layouts":"set","ast-page-background-enabled":"default","ast-page-background-meta":{"desktop":{"background-color":"","background-image":"","background-repeat":"repeat","background-position":"center center","background-size":"auto","background-attachment":"scroll","background-type":"","background-media":"","overlay-type":"","overlay-color":"","overlay-opacity":"","overlay-gradient":""},"tablet":{"background-color":"","background-image":"","background-repeat":"repeat","background-position":"center center","background-size":"auto","background-attachment":"scroll","background-type":"","background-media":"","overlay-type":"","overlay-color":"","overlay-opacity":"","overlay-gradient":""},"mobile":{"background-color":"","background-image":"","background-repeat":"repeat","background-position":"center center","background-size":"auto","background-attachment":"scroll","background-type":"","background-media":"","overlay-type":"","overlay-color":"","overlay-opacity":"","overlay-gradient":""}},"ast-content-background-meta":{"desktop":{"background-color":"var(--ast-global-color-5)","background-image":"","background-repeat":"repeat","background-position":"center center","background-size":"auto","background-attachment":"scroll","background-type":"","background-media":"","overlay-type":"","overlay-color":"","overlay-opacity":"","overlay-gradient":""},"tablet":{"background-color":"var(--ast-global-color-5)","background-image":"","background-repeat":"repeat","background-position":"center center","background-size":"auto","background-attachment":"scroll","background-type":"","background-media":"","overlay-type":"","overlay-color":"","overlay-opacity":"","overlay-gradient":""},"mobile":{"background-color":"var(--ast-global-color-5)","background-image":"","background-repeat":"repeat","background-position":"center center","background-size":"auto","background-attachment":"scroll","background-type":"","background-media":"","overlay-type":"","overlay-color":"","overlay-opacity":"","overlay-gradient":""}},"footnotes":""},"categories":[],"tags":[156],"class_list":["post-7956","page","type-page","status-publish","hentry","tag-v2"],"yoast_head":"<!-- This site is optimized with the Yoast SEO plugin v26.2 - https:\/\/yoast.com\/wordpress\/plugins\/seo\/ -->\n<title>Florestal - ADS Tigre Brasil<\/title>\n<meta name=\"description\" content=\"No segmento florestal, a drenagem previne alagamentos, garantindo o escoamento eficiente das \u00e1guas pluviais e a travessia de rios e c\u00f3rregos\" \/>\n<meta name=\"robots\" content=\"index, follow, max-snippet:-1, max-image-preview:large, max-video-preview:-1\" \/>\n<link rel=\"canonical\" href=\"https:\/\/www.adstigre.com\/brasil\/aplicacoes\/florestal\/\" \/>\n<meta property=\"og:locale\" content=\"en_US\" \/>\n<meta property=\"og:type\" content=\"article\" \/>\n<meta property=\"og:title\" content=\"Florestal - ADS Tigre Brasil\" \/>\n<meta property=\"og:description\" content=\"No segmento florestal, a drenagem previne alagamentos, garantindo o escoamento eficiente das \u00e1guas pluviais e a travessia de rios e c\u00f3rregos\" \/>\n<meta property=\"og:url\" content=\"https:\/\/www.adstigre.com\/brasil\/aplicacoes\/florestal\/\" \/>\n<meta property=\"og:site_name\" content=\"ADS Tigre Brasil\" \/>\n<meta property=\"article:publisher\" content=\"https:\/\/www.facebook.com\/TubosTigreAdsDoBrasil\" \/>\n<meta property=\"article:modified_time\" content=\"2025-06-18T17:04:41+00:00\" \/>\n<meta property=\"og:image\" content=\"http:\/\/www.adstigre.com\/brasil\/wp-content\/uploads\/sites\/2\/2025\/06\/banner-florestal-01.jpg\" \/>\n<meta name=\"twitter:card\" content=\"summary_large_image\" \/>\n<meta name=\"twitter:label1\" content=\"Est. reading time\" \/>\n\t<meta name=\"twitter:data1\" content=\"2 minutes\" \/>\n<script type=\"application\/ld+json\" class=\"yoast-schema-graph\">{\"@context\":\"https:\/\/schema.org\",\"@graph\":[{\"@type\":\"WebPage\",\"@id\":\"https:\/\/www.adstigre.com\/brasil\/aplicacoes\/florestal\/\",\"url\":\"https:\/\/www.adstigre.com\/brasil\/aplicacoes\/florestal\/\",\"name\":\"Florestal - ADS Tigre Brasil\",\"isPartOf\":{\"@id\":\"https:\/\/www.adstigre.com\/brasil\/#website\"},\"primaryImageOfPage\":{\"@id\":\"https:\/\/www.adstigre.com\/brasil\/aplicacoes\/florestal\/#primaryimage\"},\"image\":{\"@id\":\"https:\/\/www.adstigre.com\/brasil\/aplicacoes\/florestal\/#primaryimage\"},\"thumbnailUrl\":\"http:\/\/www.adstigre.com\/brasil\/wp-content\/uploads\/sites\/2\/2025\/06\/banner-florestal-01.jpg\",\"datePublished\":\"2024-05-09T14:21:29+00:00\",\"dateModified\":\"2025-06-18T17:04:41+00:00\",\"description\":\"No segmento florestal, a drenagem previne alagamentos, garantindo o escoamento eficiente das \u00e1guas pluviais e a travessia de rios e c\u00f3rregos\",\"breadcrumb\":{\"@id\":\"https:\/\/www.adstigre.com\/brasil\/aplicacoes\/florestal\/#breadcrumb\"},\"inLanguage\":\"en-US\",\"potentialAction\":[{\"@type\":\"ReadAction\",\"target\":[\"https:\/\/www.adstigre.com\/brasil\/aplicacoes\/florestal\/\"]}]},{\"@type\":\"ImageObject\",\"inLanguage\":\"en-US\",\"@id\":\"https:\/\/www.adstigre.com\/brasil\/aplicacoes\/florestal\/#primaryimage\",\"url\":\"https:\/\/www.adstigre.com\/brasil\/wp-content\/uploads\/sites\/2\/2025\/06\/banner-florestal-01.jpg\",\"contentUrl\":\"https:\/\/www.adstigre.com\/brasil\/wp-content\/uploads\/sites\/2\/2025\/06\/banner-florestal-01.jpg\",\"width\":1920,\"height\":582},{\"@type\":\"BreadcrumbList\",\"@id\":\"https:\/\/www.adstigre.com\/brasil\/aplicacoes\/florestal\/#breadcrumb\",\"itemListElement\":[{\"@type\":\"ListItem\",\"position\":1,\"name\":\"In\u00edcio\",\"item\":\"https:\/\/www.adstigre.com\/brasil\/\"},{\"@type\":\"ListItem\",\"position\":2,\"name\":\"Aplica\u00e7\u00f5es\",\"item\":\"https:\/\/www.adstigre.com\/brasil\/aplicacoes\/\"},{\"@type\":\"ListItem\",\"position\":3,\"name\":\"Florestal\"}]},{\"@type\":\"WebSite\",\"@id\":\"https:\/\/www.adstigre.com\/brasil\/#website\",\"url\":\"https:\/\/www.adstigre.com\/brasil\/\",\"name\":\"ADS Tigre Brasil\",\"description\":\"ADS Tigre - Uma Joint Venture entre a ADS e a Tigre\",\"publisher\":{\"@id\":\"https:\/\/www.adstigre.com\/brasil\/#organization\"},\"potentialAction\":[{\"@type\":\"SearchAction\",\"target\":{\"@type\":\"EntryPoint\",\"urlTemplate\":\"https:\/\/www.adstigre.com\/brasil\/?s={search_term_string}\"},\"query-input\":{\"@type\":\"PropertyValueSpecification\",\"valueRequired\":true,\"valueName\":\"search_term_string\"}}],\"inLanguage\":\"en-US\"},{\"@type\":\"Organization\",\"@id\":\"https:\/\/www.adstigre.com\/brasil\/#organization\",\"name\":\"ADS Tigre Brasil\",\"url\":\"https:\/\/www.adstigre.com\/brasil\/\",\"logo\":{\"@type\":\"ImageObject\",\"inLanguage\":\"en-US\",\"@id\":\"https:\/\/www.adstigre.com\/brasil\/#\/schema\/logo\/image\/\",\"url\":\"https:\/\/www.adstigre.com\/brasil\/wp-content\/uploads\/sites\/2\/2024\/10\/marca-ADS-Tigre-1.png\",\"contentUrl\":\"https:\/\/www.adstigre.com\/brasil\/wp-content\/uploads\/sites\/2\/2024\/10\/marca-ADS-Tigre-1.png\",\"width\":1318,\"height\":1317,\"caption\":\"ADS Tigre Brasil\"},\"image\":{\"@id\":\"https:\/\/www.adstigre.com\/brasil\/#\/schema\/logo\/image\/\"},\"sameAs\":[\"https:\/\/www.facebook.com\/TubosTigreAdsDoBrasil\",\"https:\/\/www.instagram.com\/adstigredobrasil\",\"https:\/\/www.linkedin.com\/company\/tigre-adsdobrasil\/\"]}]}<\/script>\n<!-- \/ Yoast SEO plugin. -->","yoast_head_json":{"title":"Florestal - ADS Tigre Brasil","description":"No segmento florestal, a drenagem previne alagamentos, garantindo o escoamento eficiente das \u00e1guas pluviais e a travessia de rios e c\u00f3rregos","robots":{"index":"index","follow":"follow","max-snippet":"max-snippet:-1","max-image-preview":"max-image-preview:large","max-video-preview":"max-video-preview:-1"},"canonical":"https:\/\/www.adstigre.com\/brasil\/aplicacoes\/florestal\/","og_locale":"en_US","og_type":"article","og_title":"Florestal - ADS Tigre Brasil","og_description":"No segmento florestal, a drenagem previne alagamentos, garantindo o escoamento eficiente das \u00e1guas pluviais e a travessia de rios e c\u00f3rregos","og_url":"https:\/\/www.adstigre.com\/brasil\/aplicacoes\/florestal\/","og_site_name":"ADS Tigre Brasil","article_publisher":"https:\/\/www.facebook.com\/TubosTigreAdsDoBrasil","article_modified_time":"2025-06-18T17:04:41+00:00","og_image":[{"url":"http:\/\/www.adstigre.com\/brasil\/wp-content\/uploads\/sites\/2\/2025\/06\/banner-florestal-01.jpg","type":"","width":"","height":""}],"twitter_card":"summary_large_image","twitter_misc":{"Est. reading time":"2 minutes"},"schema":{"@context":"https:\/\/schema.org","@graph":[{"@type":"WebPage","@id":"https:\/\/www.adstigre.com\/brasil\/aplicacoes\/florestal\/","url":"https:\/\/www.adstigre.com\/brasil\/aplicacoes\/florestal\/","name":"Florestal - ADS Tigre Brasil","isPartOf":{"@id":"https:\/\/www.adstigre.com\/brasil\/#website"},"primaryImageOfPage":{"@id":"https:\/\/www.adstigre.com\/brasil\/aplicacoes\/florestal\/#primaryimage"},"image":{"@id":"https:\/\/www.adstigre.com\/brasil\/aplicacoes\/florestal\/#primaryimage"},"thumbnailUrl":"http:\/\/www.adstigre.com\/brasil\/wp-content\/uploads\/sites\/2\/2025\/06\/banner-florestal-01.jpg","datePublished":"2024-05-09T14:21:29+00:00","dateModified":"2025-06-18T17:04:41+00:00","description":"No segmento florestal, a drenagem previne alagamentos, garantindo o escoamento eficiente das \u00e1guas pluviais e a travessia de rios e c\u00f3rregos","breadcrumb":{"@id":"https:\/\/www.adstigre.com\/brasil\/aplicacoes\/florestal\/#breadcrumb"},"inLanguage":"en-US","potentialAction":[{"@type":"ReadAction","target":["https:\/\/www.adstigre.com\/brasil\/aplicacoes\/florestal\/"]}]},{"@type":"ImageObject","inLanguage":"en-US","@id":"https:\/\/www.adstigre.com\/brasil\/aplicacoes\/florestal\/#primaryimage","url":"https:\/\/www.adstigre.com\/brasil\/wp-content\/uploads\/sites\/2\/2025\/06\/banner-florestal-01.jpg","contentUrl":"https:\/\/www.adstigre.com\/brasil\/wp-content\/uploads\/sites\/2\/2025\/06\/banner-florestal-01.jpg","width":1920,"height":582},{"@type":"BreadcrumbList","@id":"https:\/\/www.adstigre.com\/brasil\/aplicacoes\/florestal\/#breadcrumb","itemListElement":[{"@type":"ListItem","position":1,"name":"In\u00edcio","item":"https:\/\/www.adstigre.com\/brasil\/"},{"@type":"ListItem","position":2,"name":"Aplica\u00e7\u00f5es","item":"https:\/\/www.adstigre.com\/brasil\/aplicacoes\/"},{"@type":"ListItem","position":3,"name":"Florestal"}]},{"@type":"WebSite","@id":"https:\/\/www.adstigre.com\/brasil\/#website","url":"https:\/\/www.adstigre.com\/brasil\/","name":"ADS Tigre Brasil","description":"ADS Tigre - Uma Joint Venture entre a ADS e a Tigre","publisher":{"@id":"https:\/\/www.adstigre.com\/brasil\/#organization"},"potentialAction":[{"@type":"SearchAction","target":{"@type":"EntryPoint","urlTemplate":"https:\/\/www.adstigre.com\/brasil\/?s={search_term_string}"},"query-input":{"@type":"PropertyValueSpecification","valueRequired":true,"valueName":"search_term_string"}}],"inLanguage":"en-US"},{"@type":"Organization","@id":"https:\/\/www.adstigre.com\/brasil\/#organization","name":"ADS Tigre Brasil","url":"https:\/\/www.adstigre.com\/brasil\/","logo":{"@type":"ImageObject","inLanguage":"en-US","@id":"https:\/\/www.adstigre.com\/brasil\/#\/schema\/logo\/image\/","url":"https:\/\/www.adstigre.com\/brasil\/wp-content\/uploads\/sites\/2\/2024\/10\/marca-ADS-Tigre-1.png","contentUrl":"https:\/\/www.adstigre.com\/brasil\/wp-content\/uploads\/sites\/2\/2024\/10\/marca-ADS-Tigre-1.png","width":1318,"height":1317,"caption":"ADS Tigre Brasil"},"image":{"@id":"https:\/\/www.adstigre.com\/brasil\/#\/schema\/logo\/image\/"},"sameAs":["https:\/\/www.facebook.com\/TubosTigreAdsDoBrasil","https:\/\/www.instagram.com\/adstigredobrasil","https:\/\/www.linkedin.com\/company\/tigre-adsdobrasil\/"]}]}},"_links":{"self":[{"href":"https:\/\/www.adstigre.com\/brasil\/wp-json\/wp\/v2\/pages\/7956","targetHints":{"allow":["GET"]}}],"collection":[{"href":"https:\/\/www.adstigre.com\/brasil\/wp-json\/wp\/v2\/pages"}],"about":[{"href":"https:\/\/www.adstigre.com\/brasil\/wp-json\/wp\/v2\/types\/page"}],"author":[{"embeddable":true,"href":"https:\/\/www.adstigre.com\/brasil\/wp-json\/wp\/v2\/users\/15"}],"replies":[{"embeddable":true,"href":"https:\/\/www.adstigre.com\/brasil\/wp-json\/wp\/v2\/comments?post=7956"}],"version-history":[{"count":1,"href":"https:\/\/www.adstigre.com\/brasil\/wp-json\/wp\/v2\/pages\/7956\/revisions"}],"predecessor-version":[{"id":10119,"href":"https:\/\/www.adstigre.com\/brasil\/wp-json\/wp\/v2\/pages\/7956\/revisions\/10119"}],"up":[{"embeddable":true,"href":"https:\/\/www.adstigre.com\/brasil\/wp-json\/wp\/v2\/pages\/2135"}],"wp:attachment":[{"href":"https:\/\/www.adstigre.com\/brasil\/wp-json\/wp\/v2\/media?parent=7956"}],"wp:term":[{"taxonomy":"category","embeddable":true,"href":"https:\/\/www.adstigre.com\/brasil\/wp-json\/wp\/v2\/categories?post=7956"},{"taxonomy":"post_tag","embeddable":true,"href":"https:\/\/www.adstigre.com\/brasil\/wp-json\/wp\/v2\/tags?post=7956"}],"curies":[{"name":"wp","href":"https:\/\/api.w.org\/{rel}","templated":true}]}}