{"id":7898,"date":"2024-05-09T10:33:59","date_gmt":"2024-05-09T13:33:59","guid":{"rendered":"https:\/\/www.adstigre.com\/brasil\/?page_id=7898"},"modified":"2025-06-18T14:19:35","modified_gmt":"2025-06-18T17:19:35","slug":"sistema-de-qualidade-das-aguas","status":"publish","type":"page","link":"https:\/\/www.adstigre.com\/brasil\/aplicacoes\/sistema-de-qualidade-das-aguas\/","title":{"rendered":"Sistemas de Unidade de Qualidade de \u00c1gua"},"content":{"rendered":"\n\n\t\t\t\t<img decoding=\"async\" src=\"http:\/\/www.adstigre.com\/brasil\/wp-content\/uploads\/sites\/2\/2025\/06\/banner-sistema-de-qualidade-01.jpg\" alt=\"banner-sistema-de-qualidade-01\" itemprop=\"image\" title=\"banner-sistema-de-qualidade-01\" onerror=\"this.style.display='none'\"  \/>\n<h1>\n\t\tSISTEMA DE UNIDADE DE <br \/>QUALIDADE DE \u00c1GUA\n\t<\/h1>\n\t\t\t\t\t\t\t\t\t\t\t\n\t\t\t<p>Os Sistemas de Unidade de Qualidade de \u00c1gua da Tigre-ADS s\u00e3o projetados a partir dos Tubos DrenPro, que permite aos propriet\u00e1rios e incorporadores imobili\u00e1rios um maior controle no escoamento e na melhoria da qualidade da \u00e1gua. As UQA s\u00e3o desenvolvidas para gerir a qualidade da \u00e1gua descartada durante uma chuva intensa, removendo sedimentos e hidrocarbonetos. As estruturas, leves e dur\u00e1veis, foram especificamente projetadas para uma r\u00e1pida instala\u00e7\u00e3o e f\u00e1cil manuten\u00e7\u00e3o.<\/p>\t\t\n\t\t\t<h3>Produtos relacionados<\/h3>\t\t\t\n\t<a href=\"https:\/\/www.adstigre.com\/brasil\/produto\/unidade-de-qualidade-de-agua\/\" target=\"_self\"  aria-label=\"Go to https:\/\/www.adstigre.com\/brasil\/produto\/unidade-de-qualidade-de-agua\/\"><\/a>\n\t\t\t\t<img decoding=\"async\" src=\"http:\/\/www.adstigre.com\/brasil\/wp-content\/uploads\/sites\/2\/2025\/06\/imagem-UCA.png\" alt=\"imagem-UCA\" title=\"imagem-UCA\" itemprop=\"image\"\/>\n\t\t<h3>Unidade de Qualidade de \u00c1guas<\/h3>\t\t\t\n\t<a href=\"https:\/\/www.adstigre.com\/brasil\/tubos-de-pead-drenpro\/\" target=\"_self\"  aria-label=\"Go to https:\/\/www.adstigre.com\/brasil\/tubos-de-pead-drenpro\/\"><\/a>\n\t\t\t\t<img decoding=\"async\" src=\"http:\/\/www.adstigre.com\/brasil\/wp-content\/uploads\/sites\/2\/2025\/06\/imagem-drenpro.png\" alt=\"imagem-drenpro\" title=\"imagem-drenpro\" itemprop=\"image\"\/>\n\t\t<h3>DrenPro<\/h3>\t\t\t\n\t<a href=\"https:\/\/www.adstigre.com\/brasil\/produto\/stormtech-drenagem-pluvial\/\" target=\"_self\"  aria-label=\"Go to https:\/\/www.adstigre.com\/brasil\/produto\/stormtech-drenagem-pluvial\/\"><\/a>\n\t\t\t\t<img decoding=\"async\" src=\"http:\/\/www.adstigre.com\/brasil\/wp-content\/uploads\/sites\/2\/2025\/06\/imagem-stormtech.png\" alt=\"imagem-stormtech\" title=\"imagem-stormtech\" itemprop=\"image\"\/>\n\t\t<h3>Stormtech<\/h3>\t\t\t\n\t\t\t<h3>V\u00eddeos relacionados<\/h3>\t\t\t\n\t\t\t\t\t<a href=\"https:\/\/www.youtube.com\/watch?v=IJFwfR_QpAg\" aria-label=\"uabb-video-gallery\" data-fancybox=\"uabb-video-gallery\" data-url=\"https:\/\/www.youtube.com\/embed\/IJFwfR_QpAg?autoplay=1&#038;version=3&#038;enablejsapi=1\"class=\"uabb-video-gallery-fancybox uabb-vg__play_full \">\t\t\t\t\t\t\n\t\t\t\t\t<\/a>\t\t\t\t\n\n","protected":false},"excerpt":{"rendered":"<p>SISTEMA DE UNIDADE DE QUALIDADE DE \u00c1GUA Os Sistemas de [&hellip;]<\/p>\n","protected":false},"author":15,"featured_media":0,"parent":2135,"menu_order":0,"comment_status":"closed","ping_status":"closed","template":"","meta":{"_monsterinsights_skip_tracking":false,"_monsterinsights_sitenote_active":false,"_monsterinsights_sitenote_note":"","_monsterinsights_sitenote_category":0,"site-sidebar-layout":"default","site-content-layout":"","ast-site-content-layout":"default","site-content-style":"default","site-sidebar-style":"default","ast-global-header-display":"","ast-banner-title-visibility":"","ast-main-header-display":"","ast-hfb-above-header-display":"","ast-hfb-below-header-display":"","ast-hfb-mobile-header-display":"","site-post-title":"disabled","ast-breadcrumbs-content":"","ast-featured-img":"","footer-sml-layout":"","ast-disable-related-posts":"","theme-transparent-header-meta":"","adv-header-id-meta":"","stick-header-meta":"","header-above-stick-meta":"","header-main-stick-meta":"","header-below-stick-meta":"","astra-migrate-meta-layouts":"set","ast-page-background-enabled":"default","ast-page-background-meta":{"desktop":{"background-color":"","background-image":"","background-repeat":"repeat","background-position":"center center","background-size":"auto","background-attachment":"scroll","background-type":"","background-media":"","overlay-type":"","overlay-color":"","overlay-opacity":"","overlay-gradient":""},"tablet":{"background-color":"","background-image":"","background-repeat":"repeat","background-position":"center center","background-size":"auto","background-attachment":"scroll","background-type":"","background-media":"","overlay-type":"","overlay-color":"","overlay-opacity":"","overlay-gradient":""},"mobile":{"background-color":"","background-image":"","background-repeat":"repeat","background-position":"center center","background-size":"auto","background-attachment":"scroll","background-type":"","background-media":"","overlay-type":"","overlay-color":"","overlay-opacity":"","overlay-gradient":""}},"ast-content-background-meta":{"desktop":{"background-color":"var(--ast-global-color-5)","background-image":"","background-repeat":"repeat","background-position":"center center","background-size":"auto","background-attachment":"scroll","background-type":"","background-media":"","overlay-type":"","overlay-color":"","overlay-opacity":"","overlay-gradient":""},"tablet":{"background-color":"var(--ast-global-color-5)","background-image":"","background-repeat":"repeat","background-position":"center center","background-size":"auto","background-attachment":"scroll","background-type":"","background-media":"","overlay-type":"","overlay-color":"","overlay-opacity":"","overlay-gradient":""},"mobile":{"background-color":"var(--ast-global-color-5)","background-image":"","background-repeat":"repeat","background-position":"center center","background-size":"auto","background-attachment":"scroll","background-type":"","background-media":"","overlay-type":"","overlay-color":"","overlay-opacity":"","overlay-gradient":""}},"footnotes":""},"categories":[],"tags":[156],"class_list":["post-7898","page","type-page","status-publish","hentry","tag-v2"],"yoast_head":"<!-- This site is optimized with the Yoast SEO plugin v26.2 - https:\/\/yoast.com\/wordpress\/plugins\/seo\/ -->\n<title>Sistemas de Unidade de Qualidade de \u00c1gua - ADS Tigre Brasil<\/title>\n<meta name=\"description\" content=\"Os Sistemas de Qualidade de \u00c1gua s\u00e3o projetados para permitir um maior controle no escoamento e na melhoria da qualidade das \u00e1guas\" \/>\n<meta name=\"robots\" content=\"index, follow, max-snippet:-1, max-image-preview:large, max-video-preview:-1\" \/>\n<link rel=\"canonical\" href=\"https:\/\/www.adstigre.com\/brasil\/aplicacoes\/sistema-de-qualidade-das-aguas\/\" \/>\n<meta property=\"og:locale\" content=\"en_US\" \/>\n<meta property=\"og:type\" content=\"article\" \/>\n<meta property=\"og:title\" content=\"Sistemas de Unidade de Qualidade de \u00c1gua - ADS Tigre Brasil\" \/>\n<meta property=\"og:description\" content=\"Os Sistemas de Qualidade de \u00c1gua s\u00e3o projetados para permitir um maior controle no escoamento e na melhoria da qualidade das \u00e1guas\" \/>\n<meta property=\"og:url\" content=\"https:\/\/www.adstigre.com\/brasil\/aplicacoes\/sistema-de-qualidade-das-aguas\/\" \/>\n<meta property=\"og:site_name\" content=\"ADS Tigre Brasil\" \/>\n<meta property=\"article:publisher\" content=\"https:\/\/www.facebook.com\/TubosTigreAdsDoBrasil\" \/>\n<meta property=\"article:modified_time\" content=\"2025-06-18T17:19:35+00:00\" \/>\n<meta property=\"og:image\" content=\"http:\/\/www.adstigre.com\/brasil\/wp-content\/uploads\/sites\/2\/2025\/06\/banner-sistema-de-qualidade-01.jpg\" \/>\n<meta name=\"twitter:card\" content=\"summary_large_image\" \/>\n<meta name=\"twitter:label1\" content=\"Est. reading time\" \/>\n\t<meta name=\"twitter:data1\" content=\"2 minutes\" \/>\n<script type=\"application\/ld+json\" class=\"yoast-schema-graph\">{\"@context\":\"https:\/\/schema.org\",\"@graph\":[{\"@type\":\"WebPage\",\"@id\":\"https:\/\/www.adstigre.com\/brasil\/aplicacoes\/sistema-de-qualidade-das-aguas\/\",\"url\":\"https:\/\/www.adstigre.com\/brasil\/aplicacoes\/sistema-de-qualidade-das-aguas\/\",\"name\":\"Sistemas de Unidade de Qualidade de \u00c1gua - ADS Tigre Brasil\",\"isPartOf\":{\"@id\":\"https:\/\/www.adstigre.com\/brasil\/#website\"},\"primaryImageOfPage\":{\"@id\":\"https:\/\/www.adstigre.com\/brasil\/aplicacoes\/sistema-de-qualidade-das-aguas\/#primaryimage\"},\"image\":{\"@id\":\"https:\/\/www.adstigre.com\/brasil\/aplicacoes\/sistema-de-qualidade-das-aguas\/#primaryimage\"},\"thumbnailUrl\":\"http:\/\/www.adstigre.com\/brasil\/wp-content\/uploads\/sites\/2\/2025\/06\/banner-sistema-de-qualidade-01.jpg\",\"datePublished\":\"2024-05-09T13:33:59+00:00\",\"dateModified\":\"2025-06-18T17:19:35+00:00\",\"description\":\"Os Sistemas de Qualidade de \u00c1gua s\u00e3o projetados para permitir um maior controle no escoamento e na melhoria da qualidade das \u00e1guas\",\"breadcrumb\":{\"@id\":\"https:\/\/www.adstigre.com\/brasil\/aplicacoes\/sistema-de-qualidade-das-aguas\/#breadcrumb\"},\"inLanguage\":\"en-US\",\"potentialAction\":[{\"@type\":\"ReadAction\",\"target\":[\"https:\/\/www.adstigre.com\/brasil\/aplicacoes\/sistema-de-qualidade-das-aguas\/\"]}]},{\"@type\":\"ImageObject\",\"inLanguage\":\"en-US\",\"@id\":\"https:\/\/www.adstigre.com\/brasil\/aplicacoes\/sistema-de-qualidade-das-aguas\/#primaryimage\",\"url\":\"https:\/\/www.adstigre.com\/brasil\/wp-content\/uploads\/sites\/2\/2025\/06\/banner-sistema-de-qualidade-01.jpg\",\"contentUrl\":\"https:\/\/www.adstigre.com\/brasil\/wp-content\/uploads\/sites\/2\/2025\/06\/banner-sistema-de-qualidade-01.jpg\",\"width\":1920,\"height\":582},{\"@type\":\"BreadcrumbList\",\"@id\":\"https:\/\/www.adstigre.com\/brasil\/aplicacoes\/sistema-de-qualidade-das-aguas\/#breadcrumb\",\"itemListElement\":[{\"@type\":\"ListItem\",\"position\":1,\"name\":\"In\u00edcio\",\"item\":\"https:\/\/www.adstigre.com\/brasil\/\"},{\"@type\":\"ListItem\",\"position\":2,\"name\":\"Aplica\u00e7\u00f5es\",\"item\":\"https:\/\/www.adstigre.com\/brasil\/aplicacoes\/\"},{\"@type\":\"ListItem\",\"position\":3,\"name\":\"Sistemas de Unidade de Qualidade de \u00c1gua\"}]},{\"@type\":\"WebSite\",\"@id\":\"https:\/\/www.adstigre.com\/brasil\/#website\",\"url\":\"https:\/\/www.adstigre.com\/brasil\/\",\"name\":\"ADS Tigre Brasil\",\"description\":\"ADS Tigre - Uma Joint Venture entre a ADS e a Tigre\",\"publisher\":{\"@id\":\"https:\/\/www.adstigre.com\/brasil\/#organization\"},\"potentialAction\":[{\"@type\":\"SearchAction\",\"target\":{\"@type\":\"EntryPoint\",\"urlTemplate\":\"https:\/\/www.adstigre.com\/brasil\/?s={search_term_string}\"},\"query-input\":{\"@type\":\"PropertyValueSpecification\",\"valueRequired\":true,\"valueName\":\"search_term_string\"}}],\"inLanguage\":\"en-US\"},{\"@type\":\"Organization\",\"@id\":\"https:\/\/www.adstigre.com\/brasil\/#organization\",\"name\":\"ADS Tigre Brasil\",\"url\":\"https:\/\/www.adstigre.com\/brasil\/\",\"logo\":{\"@type\":\"ImageObject\",\"inLanguage\":\"en-US\",\"@id\":\"https:\/\/www.adstigre.com\/brasil\/#\/schema\/logo\/image\/\",\"url\":\"https:\/\/www.adstigre.com\/brasil\/wp-content\/uploads\/sites\/2\/2024\/10\/marca-ADS-Tigre-1.png\",\"contentUrl\":\"https:\/\/www.adstigre.com\/brasil\/wp-content\/uploads\/sites\/2\/2024\/10\/marca-ADS-Tigre-1.png\",\"width\":1318,\"height\":1317,\"caption\":\"ADS Tigre Brasil\"},\"image\":{\"@id\":\"https:\/\/www.adstigre.com\/brasil\/#\/schema\/logo\/image\/\"},\"sameAs\":[\"https:\/\/www.facebook.com\/TubosTigreAdsDoBrasil\",\"https:\/\/www.instagram.com\/adstigredobrasil\",\"https:\/\/www.linkedin.com\/company\/tigre-adsdobrasil\/\"]}]}<\/script>\n<!-- \/ Yoast SEO plugin. -->","yoast_head_json":{"title":"Sistemas de Unidade de Qualidade de \u00c1gua - ADS Tigre Brasil","description":"Os Sistemas de Qualidade de \u00c1gua s\u00e3o projetados para permitir um maior controle no escoamento e na melhoria da qualidade das \u00e1guas","robots":{"index":"index","follow":"follow","max-snippet":"max-snippet:-1","max-image-preview":"max-image-preview:large","max-video-preview":"max-video-preview:-1"},"canonical":"https:\/\/www.adstigre.com\/brasil\/aplicacoes\/sistema-de-qualidade-das-aguas\/","og_locale":"en_US","og_type":"article","og_title":"Sistemas de Unidade de Qualidade de \u00c1gua - ADS Tigre Brasil","og_description":"Os Sistemas de Qualidade de \u00c1gua s\u00e3o projetados para permitir um maior controle no escoamento e na melhoria da qualidade das \u00e1guas","og_url":"https:\/\/www.adstigre.com\/brasil\/aplicacoes\/sistema-de-qualidade-das-aguas\/","og_site_name":"ADS Tigre Brasil","article_publisher":"https:\/\/www.facebook.com\/TubosTigreAdsDoBrasil","article_modified_time":"2025-06-18T17:19:35+00:00","og_image":[{"url":"http:\/\/www.adstigre.com\/brasil\/wp-content\/uploads\/sites\/2\/2025\/06\/banner-sistema-de-qualidade-01.jpg","type":"","width":"","height":""}],"twitter_card":"summary_large_image","twitter_misc":{"Est. reading time":"2 minutes"},"schema":{"@context":"https:\/\/schema.org","@graph":[{"@type":"WebPage","@id":"https:\/\/www.adstigre.com\/brasil\/aplicacoes\/sistema-de-qualidade-das-aguas\/","url":"https:\/\/www.adstigre.com\/brasil\/aplicacoes\/sistema-de-qualidade-das-aguas\/","name":"Sistemas de Unidade de Qualidade de \u00c1gua - ADS Tigre Brasil","isPartOf":{"@id":"https:\/\/www.adstigre.com\/brasil\/#website"},"primaryImageOfPage":{"@id":"https:\/\/www.adstigre.com\/brasil\/aplicacoes\/sistema-de-qualidade-das-aguas\/#primaryimage"},"image":{"@id":"https:\/\/www.adstigre.com\/brasil\/aplicacoes\/sistema-de-qualidade-das-aguas\/#primaryimage"},"thumbnailUrl":"http:\/\/www.adstigre.com\/brasil\/wp-content\/uploads\/sites\/2\/2025\/06\/banner-sistema-de-qualidade-01.jpg","datePublished":"2024-05-09T13:33:59+00:00","dateModified":"2025-06-18T17:19:35+00:00","description":"Os Sistemas de Qualidade de \u00c1gua s\u00e3o projetados para permitir um maior controle no escoamento e na melhoria da qualidade das \u00e1guas","breadcrumb":{"@id":"https:\/\/www.adstigre.com\/brasil\/aplicacoes\/sistema-de-qualidade-das-aguas\/#breadcrumb"},"inLanguage":"en-US","potentialAction":[{"@type":"ReadAction","target":["https:\/\/www.adstigre.com\/brasil\/aplicacoes\/sistema-de-qualidade-das-aguas\/"]}]},{"@type":"ImageObject","inLanguage":"en-US","@id":"https:\/\/www.adstigre.com\/brasil\/aplicacoes\/sistema-de-qualidade-das-aguas\/#primaryimage","url":"https:\/\/www.adstigre.com\/brasil\/wp-content\/uploads\/sites\/2\/2025\/06\/banner-sistema-de-qualidade-01.jpg","contentUrl":"https:\/\/www.adstigre.com\/brasil\/wp-content\/uploads\/sites\/2\/2025\/06\/banner-sistema-de-qualidade-01.jpg","width":1920,"height":582},{"@type":"BreadcrumbList","@id":"https:\/\/www.adstigre.com\/brasil\/aplicacoes\/sistema-de-qualidade-das-aguas\/#breadcrumb","itemListElement":[{"@type":"ListItem","position":1,"name":"In\u00edcio","item":"https:\/\/www.adstigre.com\/brasil\/"},{"@type":"ListItem","position":2,"name":"Aplica\u00e7\u00f5es","item":"https:\/\/www.adstigre.com\/brasil\/aplicacoes\/"},{"@type":"ListItem","position":3,"name":"Sistemas de Unidade de Qualidade de \u00c1gua"}]},{"@type":"WebSite","@id":"https:\/\/www.adstigre.com\/brasil\/#website","url":"https:\/\/www.adstigre.com\/brasil\/","name":"ADS Tigre Brasil","description":"ADS Tigre - Uma Joint Venture entre a ADS e a Tigre","publisher":{"@id":"https:\/\/www.adstigre.com\/brasil\/#organization"},"potentialAction":[{"@type":"SearchAction","target":{"@type":"EntryPoint","urlTemplate":"https:\/\/www.adstigre.com\/brasil\/?s={search_term_string}"},"query-input":{"@type":"PropertyValueSpecification","valueRequired":true,"valueName":"search_term_string"}}],"inLanguage":"en-US"},{"@type":"Organization","@id":"https:\/\/www.adstigre.com\/brasil\/#organization","name":"ADS Tigre Brasil","url":"https:\/\/www.adstigre.com\/brasil\/","logo":{"@type":"ImageObject","inLanguage":"en-US","@id":"https:\/\/www.adstigre.com\/brasil\/#\/schema\/logo\/image\/","url":"https:\/\/www.adstigre.com\/brasil\/wp-content\/uploads\/sites\/2\/2024\/10\/marca-ADS-Tigre-1.png","contentUrl":"https:\/\/www.adstigre.com\/brasil\/wp-content\/uploads\/sites\/2\/2024\/10\/marca-ADS-Tigre-1.png","width":1318,"height":1317,"caption":"ADS Tigre Brasil"},"image":{"@id":"https:\/\/www.adstigre.com\/brasil\/#\/schema\/logo\/image\/"},"sameAs":["https:\/\/www.facebook.com\/TubosTigreAdsDoBrasil","https:\/\/www.instagram.com\/adstigredobrasil","https:\/\/www.linkedin.com\/company\/tigre-adsdobrasil\/"]}]}},"_links":{"self":[{"href":"https:\/\/www.adstigre.com\/brasil\/wp-json\/wp\/v2\/pages\/7898","targetHints":{"allow":["GET"]}}],"collection":[{"href":"https:\/\/www.adstigre.com\/brasil\/wp-json\/wp\/v2\/pages"}],"about":[{"href":"https:\/\/www.adstigre.com\/brasil\/wp-json\/wp\/v2\/types\/page"}],"author":[{"embeddable":true,"href":"https:\/\/www.adstigre.com\/brasil\/wp-json\/wp\/v2\/users\/15"}],"replies":[{"embeddable":true,"href":"https:\/\/www.adstigre.com\/brasil\/wp-json\/wp\/v2\/comments?post=7898"}],"version-history":[{"count":1,"href":"https:\/\/www.adstigre.com\/brasil\/wp-json\/wp\/v2\/pages\/7898\/revisions"}],"predecessor-version":[{"id":10135,"href":"https:\/\/www.adstigre.com\/brasil\/wp-json\/wp\/v2\/pages\/7898\/revisions\/10135"}],"up":[{"embeddable":true,"href":"https:\/\/www.adstigre.com\/brasil\/wp-json\/wp\/v2\/pages\/2135"}],"wp:attachment":[{"href":"https:\/\/www.adstigre.com\/brasil\/wp-json\/wp\/v2\/media?parent=7898"}],"wp:term":[{"taxonomy":"category","embeddable":true,"href":"https:\/\/www.adstigre.com\/brasil\/wp-json\/wp\/v2\/categories?post=7898"},{"taxonomy":"post_tag","embeddable":true,"href":"https:\/\/www.adstigre.com\/brasil\/wp-json\/wp\/v2\/tags?post=7898"}],"curies":[{"name":"wp","href":"https:\/\/api.w.org\/{rel}","templated":true}]}}