{"id":7860,"date":"2024-05-09T09:59:19","date_gmt":"2024-05-09T12:59:19","guid":{"rendered":"https:\/\/www.adstigre.com\/brasil\/?page_id=7860"},"modified":"2026-02-24T12:28:01","modified_gmt":"2026-02-24T15:28:01","slug":"stormtech-drenagem-pluvial","status":"publish","type":"page","link":"https:\/\/www.adstigre.com\/brasil\/produto\/stormtech-drenagem-pluvial\/","title":{"rendered":"Stormtech"},"content":{"rendered":"\n<figure>\n\t\t\t\t<img decoding=\"async\" src=\"http:\/\/www.adstigre.com\/brasil\/wp-content\/uploads\/sites\/2\/2025\/06\/stormtech-banner.jpg\" alt=\"stormtech-banner\" title=\"stormtech-banner\" loading=\"lazy\" \/>\n\t<\/figure>\n\t\t\tSobre o produto\n\t\t\t\t\t\t\t\t\t\t\t\n\t\t\t<p>Inovadoras e econ\u00f4micas, as c\u00e2maras Stormtech representam uma das solu\u00e7\u00f5es mais revolucion\u00e1rias do mundo para o manejo e controle de \u00e1guas pluviais. Fabricadas em 100% de polipropileno (PP) e projetadas em perfil estruturado com \u00e1rea el\u00edptica e cont\u00ednua, possuem alta resist\u00eancia e um \u00f3timo desempenho ao longo de toda a sua vida \u00fatil. Est\u00e3o de acordo com o que est\u00e1 estabelecido nas atuais normas ASTM F2787, NCh 3352. NBR ISO 4981 e NBR ISO 4982.<h4><strong>Por que usar c\u00e2maras StormTech\u00ae?<\/strong><\/h4>As c\u00e2maras trazem um novo patamar de praticidade e efici\u00eancia \u00e0s instala\u00e7\u00f5es pluviais subterr\u00e2neas, oferecendo uma solu\u00e7\u00e3o muito mais econ\u00f4mica para gest\u00e3o de \u00e1guas pluviais. O sistema de c\u00e2maras StormTech\u00ae permite que parte da \u00e1gua retida infiltre no solo e reabaste\u00e7a os aqu\u00edferos, enquanto outra parte \u00e9 lan\u00e7ada de forma controlada na rede p\u00fablica.Para aumentar a efici\u00eancia, o sistema conta com a <strong>fileira separadora<\/strong> &#8211; uma linha inicial de c\u00e2maras destinada a reter os sedimentos e contaminantes presentes nos primeiros 20 minutos de chuva. Nessa fileira, \u00e9 poss\u00edvel incluir, de forma opcional, <strong>acessos de inspe\u00e7\u00e3o<\/strong>, que permitem introduzir uma haste a partir da superf\u00edcie para monitorar a quantidade de sedimentos acumulados, al\u00e9m de facilitar inspe\u00e7\u00f5es e manuten\u00e7\u00f5es.As c\u00e2maras StormTech\u00ae podem ser empilhadas ordenadamente para transporte e armazenamento mais eficientes, n\u00e3o exigindo espa\u00e7o extra. Al\u00e9m disso, n\u00e3o \u00e9 necess\u00e1rio uso de maquin\u00e1rio pesado para sua instala\u00e7\u00e3o, s\u00e3o leves, modulares, demandam menor profundidade de valas, e possuem grande capacidade de armazenamento, otimizando o tempo de instala\u00e7\u00e3o e reduzindo custos finais da obra.A utiliza\u00e7\u00e3o do sistema de c\u00e2maras StormTech\u00ae em um projeto de constru\u00e7\u00e3o civil pode auxiliar na conquista de pontos em diversas certifica\u00e7\u00f5es para edifica\u00e7\u00f5es sustent\u00e1veis como LEED, GBC Brasil, <strong>AQUA-HQE. \u00a0<\/strong>\u00a0\u00c9 importante destacar que o uso dos materiais por si s\u00f3 n\u00e3o garante a pontua\u00e7\u00e3o, mas <strong>contribui diretamente para o atendimento dos requisitos. <\/strong><\/p>\t\t\n\t\t\t\t\t\t\t\t\t\t\t\n\t\t\t<h4><strong>Benef\u00edcios<\/strong><\/h4><p><strong>OPERACIONAL<\/strong>: Sua versatilidade permite instala\u00e7\u00f5es sob diferentes tipos de \u00e1reas: Embaixo de quadras esportivas, parques, aeroportos, estacionamentos, shopping centers,\u00a0 condom\u00ednios residenciais e comerciais, \u00e1reas verdes e de acessos e manobras de ve\u00edculos.<strong>ECONOMICO<\/strong>: O baixo peso e a rapidez de execu\u00e7\u00e3o reduzem os custos de instala\u00e7\u00e3o. Sua alta resist\u00eancia estrutural permite assentamentos em profundidades menores e gra\u00e7as ao formato modular, adapta-se facilmente \u00e0s \u00e1reas dispon\u00edveis. Essas caracter\u00edsticas asseguram n\u00e3o apenas economia indireta na implanta\u00e7\u00e3o do projeto, mas tamb\u00e9m maior vida \u00fatil ao sistema.<strong>AMBIENTAL:<\/strong> As c\u00e2maras projetadas para infiltrar \u00e1guas pluviais ajudam a <strong>recarregar os aqu\u00edferos<\/strong>, replicando o processo natural de infiltra\u00e7\u00e3o do solo, que vem sendo comprometido pela impermeabiliza\u00e7\u00e3o das grandes cidades. Como as c\u00e2maras s\u00e3o subterr\u00e2neas, eliminam-se as valas expostas \u00e0 comunidade, reduzindo o risco de poss\u00edveis acidentes. e chegada e prolifera\u00e7\u00e3o de insetos, pragas e outros vetores.<\/p>\t\t\n<figure>\n\t\t\t\t<img decoding=\"async\" src=\"http:\/\/www.adstigre.com\/brasil\/wp-content\/uploads\/sites\/2\/2025\/11\/IMG-20251027-WA0046.jpg\" alt=\"IMG-20251027-WA0046\" title=\"IMG-20251027-WA0046\" loading=\"lazy\" \/>\n\t<\/figure>\n\t\t\t<h3>Informa\u00e7\u00f5es T\u00e9cnicas<\/h3>\t\t\t\n\t\t\t\t<img decoding=\"async\" src=\"http:\/\/www.adstigre.com\/brasil\/wp-content\/uploads\/sites\/2\/2026\/02\/tabela_stormtech.png\" alt=\"tabela_stormtech\" title=\"tabela_stormtech\" \/>\n\t\t\t\t<a href=\"https:\/\/designtool.ads-pipe.com\/\" target=\"_blank\" rel=\"noopener\">\n\t\t\t\t<img decoding=\"async\" src=\"http:\/\/www.adstigre.com\/brasil\/wp-content\/uploads\/sites\/2\/2025\/06\/banner-calculo-01.jpg\" alt=\"banner-calculo-01\" title=\"banner-calculo-01\" \/>\n\t\t\t\t\t\t<\/a>\n\t\t\t<h3>V\u00eddeos relacionados<\/h3>\t\t\t\n\t\t\t\t\t<a href=\"https:\/\/www.youtube.com\/watch?v=7gLr3rXrWI0\" aria-label=\"uabb-video-gallery\" data-fancybox=\"uabb-video-gallery\">\t\t\t\t\t\t\n\t\t\t\t\t<\/a>\t\t\t\t\n\t\t\t\t\t<a href=\"https:\/\/www.youtube.com\/watch?v=Nl5nvkBBUfU\" aria-label=\"uabb-video-gallery\" data-fancybox=\"uabb-video-gallery\">\t\t\t\t\t\t\n\t\t\t\t\t<\/a>\t\t\t\t\n\t\t\t\t\t<a href=\"https:\/\/www.youtube.com\/watch?v=eBCy68w4MsE\" aria-label=\"uabb-video-gallery\" data-fancybox=\"uabb-video-gallery\">\t\t\t\t\t\t\n\t\t\t\t\t<\/a>\t\t\t\t\n\t\t\t\t\t<a href=\"https:\/\/www.youtube.com\/watch?v=5T39MVZm3YQ\" aria-label=\"uabb-video-gallery\" data-fancybox=\"uabb-video-gallery\">\t\t\t\t\t\t\n\t\t\t\t\t<\/a>\t\t\t\t\n\t\t\t<h3>Downloads<\/h3>\t\t\t\n\t<form autocomplete=\"off\" name=\"wpv-filter-3534-CATTRa39b23b764571b78bfe4127595205abb\" action=\"\/brasil\/wp-json\/wp\/v2\/pages\/7860?wpv_view_count=3534-CATTRa39b23b764571b78bfe4127595205abb\" method=\"get\" class=\"wpv-filter-form js-wpv-filter-form js-wpv-filter-form-3534-CATTRa39b23b764571b78bfe4127595205abb js-wpv-form-full\" data-viewnumber=\"3534-CATTRa39b23b764571b78bfe4127595205abb\" data-viewid=\"3534\" data-viewhash=\"eyJuYW1lIjoiZG93bmxvYWRzLXByb2R1dG9zIiwicHJvZHV0byI6InN0b3JtdGVjaCJ9\" data-viewwidgetid=\"0\" data-orderby=\"\" data-order=\"\" data-orderbyas=\"\" data-orderbysecond=\"\" data-ordersecond=\"\" data-parametric=\"{&quot;query&quot;:&quot;normal&quot;,&quot;id&quot;:&quot;3534&quot;,&quot;view_id&quot;:&quot;3534&quot;,&quot;widget_id&quot;:0,&quot;view_hash&quot;:&quot;3534-CATTRa39b23b764571b78bfe4127595205abb&quot;,&quot;action&quot;:&quot;\\\/brasil\\\/wp-json\\\/wp\\\/v2\\\/pages\\\/7860?wpv_view_count=3534-CATTRa39b23b764571b78bfe4127595205abb&quot;,&quot;sort&quot;:{&quot;orderby&quot;:&quot;&quot;,&quot;order&quot;:&quot;&quot;,&quot;orderby_as&quot;:&quot;&quot;,&quot;orderby_second&quot;:&quot;&quot;,&quot;order_second&quot;:&quot;&quot;},&quot;orderby&quot;:&quot;&quot;,&quot;order&quot;:&quot;&quot;,&quot;orderby_as&quot;:&quot;&quot;,&quot;orderby_second&quot;:&quot;&quot;,&quot;order_second&quot;:&quot;&quot;,&quot;ajax_form&quot;:&quot;&quot;,&quot;ajax_results&quot;:&quot;&quot;,&quot;effect&quot;:&quot;fade&quot;,&quot;prebefore&quot;:&quot;&quot;,&quot;before&quot;:&quot;&quot;,&quot;after&quot;:&quot;&quot;,&quot;attributes&quot;:{&quot;produto&quot;:&quot;stormtech&quot;},&quot;environment&quot;:{&quot;current_post_id&quot;:7860,&quot;parent_post_id&quot;:7860,&quot;parent_term_id&quot;:0,&quot;parent_user_id&quot;:0,&quot;archive&quot;:{&quot;type&quot;:&quot;&quot;,&quot;name&quot;:&quot;&quot;,&quot;data&quot;:[]}},&quot;loop&quot;:{&quot;type&quot;:&quot;&quot;,&quot;name&quot;:&quot;&quot;,&quot;data&quot;:[],&quot;id&quot;:0}}\" data-attributes=\"{&quot;produto&quot;:&quot;stormtech&quot;}\" data-environment=\"{&quot;current_post_id&quot;:7860,&quot;parent_post_id&quot;:7860,&quot;parent_term_id&quot;:0,&quot;parent_user_id&quot;:0,&quot;archive&quot;:{&quot;type&quot;:&quot;&quot;,&quot;name&quot;:&quot;&quot;,&quot;data&quot;:[]}}\"><input type=\"hidden\" class=\"js-wpv-dps-filter-data js-wpv-filter-data-for-this-form\" data-action=\"\/brasil\/wp-json\/wp\/v2\/pages\/7860?wpv_view_count=3534-CATTRa39b23b764571b78bfe4127595205abb\" data-page=\"1\" data-ajax=\"disable\" data-effect=\"fade\" data-maxpages=\"1\" data-ajaxprebefore=\"\" data-ajaxbefore=\"\" data-ajaxafter=\"\" \/><input class=\"wpv_view_count wpv_view_count-3534-CATTRa39b23b764571b78bfe4127595205abb\" type=\"hidden\" name=\"wpv_view_count\" value=\"3534-CATTRa39b23b764571b78bfe4127595205abb\" \/>\n\n<\/form>\n<div id=\"wpv-view-layout-3534-CATTRa39b23b764571b78bfe4127595205abb\" class=\"js-wpv-view-layout js-wpv-layout-responsive js-wpv-view-layout-3534-CATTRa39b23b764571b78bfe4127595205abb\" data-viewnumber=\"3534-CATTRa39b23b764571b78bfe4127595205abb\" data-pagination=\"{&quot;id&quot;:&quot;3534&quot;,&quot;query&quot;:&quot;normal&quot;,&quot;type&quot;:&quot;paged&quot;,&quot;effect&quot;:&quot;fade&quot;,&quot;duration&quot;:500,&quot;speed&quot;:5,&quot;pause_on_hover&quot;:&quot;disabled&quot;,&quot;stop_rollover&quot;:&quot;false&quot;,&quot;cache_pages&quot;:&quot;enabled&quot;,&quot;preload_images&quot;:&quot;enabled&quot;,&quot;preload_pages&quot;:&quot;enabled&quot;,&quot;preload_reach&quot;:1,&quot;spinner&quot;:&quot;builtin&quot;,&quot;spinner_image&quot;:&quot;&quot;,&quot;callback_next&quot;:&quot;&quot;,&quot;manage_history&quot;:&quot;enabled&quot;,&quot;has_controls_in_form&quot;:&quot;disabled&quot;,&quot;infinite_tolerance&quot;:0,&quot;max_pages&quot;:1,&quot;page&quot;:1,&quot;base_permalink&quot;:&quot;\/brasil\/wp-json\/wp\/v2\/pages\/7860?wpv_view_count=3534-CATTRa39b23b764571b78bfe4127595205abb&amp;wpv_paged=WPV_PAGE_NUM&quot;,&quot;loop&quot;:{&quot;type&quot;:&quot;&quot;,&quot;name&quot;:&quot;&quot;,&quot;data&quot;:[],&quot;id&quot;:0}}\" data-permalink=\"\/brasil\/wp-json\/wp\/v2\/pages\/7860?wpv_view_count=3534-CATTRa39b23b764571b78bfe4127595205abb\">\n\n\t\n\t\n\t\n\t\t\n\t\t<div class=\"row \">\n\t\t\t<div class=\"col-md-12\">\n<hr style=\"height: 1px; color: #7dc200;\">\n<p>\n<strong>Folder Produtos &#8211; Solu\u00e7\u00f5es para Drenagem Pluvial e Esgoto Sanit\u00e1rio<\/strong><br>\n\n<a href=\"http:\/\/www.adstigre.com\/brasil\/wp-content\/uploads\/sites\/2\/2021\/03\/solucao-drenagem-pluvial-e-esgoto-2026-2.pdf\" target=\"_blank\" role=\"button\" rel=\"noopener\" style=\"color: #7dc200;\"><i class=\"fas fa-angle-double-down\"><\/i> BAIXAR<\/a>\n<\/p>\n<\/div>\n\t\t<\/div>\n\t\t\n\t\t\n\t\t<div class=\"row \">\n\t\t\t<div class=\"col-md-12\">\n<hr style=\"height: 1px; color: #7dc200;\">\n<p>\n<strong>Cat\u00e1logo Stormtech<\/strong><br>\n\n<a href=\"https:\/\/www.adstigre.com\/nova-nomenclatura-arquivos-tecnicos-2021\/catalogo-stormtech.pdf\" target=\"_blank\" role=\"button\" rel=\"noopener\" style=\"color: #7dc200;\"><i class=\"fas fa-angle-double-down\"><\/i> BAIXAR<\/a>\n<\/p>\n<\/div>\n\t\t<\/div>\n\t\t\n<ul class=\"pagination\">\n\t<li class=\"page-item\"><\/li>\n\t<li class=\"page-item\"><\/li>\n<\/ul>\n\t\n\t\n\t\n<\/div>\n\n\n\n","protected":false},"excerpt":{"rendered":"<p>Sobre o produto Inovadoras e econ\u00f4micas, as c\u00e2maras Stormtech representam [&hellip;]<\/p>\n","protected":false},"author":15,"featured_media":0,"parent":1929,"menu_order":0,"comment_status":"closed","ping_status":"closed","template":"","meta":{"_monsterinsights_skip_tracking":false,"_monsterinsights_sitenote_active":false,"_monsterinsights_sitenote_note":"","_monsterinsights_sitenote_category":0,"site-sidebar-layout":"default","site-content-layout":"","ast-site-content-layout":"default","site-content-style":"default","site-sidebar-style":"default","ast-global-header-display":"","ast-banner-title-visibility":"","ast-main-header-display":"","ast-hfb-above-header-display":"","ast-hfb-below-header-display":"","ast-hfb-mobile-header-display":"","site-post-title":"disabled","ast-breadcrumbs-content":"","ast-featured-img":"","footer-sml-layout":"","ast-disable-related-posts":"","theme-transparent-header-meta":"","adv-header-id-meta":"","stick-header-meta":"","header-above-stick-meta":"","header-main-stick-meta":"","header-below-stick-meta":"","astra-migrate-meta-layouts":"set","ast-page-background-enabled":"default","ast-page-background-meta":{"desktop":{"background-color":"","background-image":"","background-repeat":"repeat","background-position":"center center","background-size":"auto","background-attachment":"scroll","background-type":"","background-media":"","overlay-type":"","overlay-color":"","overlay-opacity":"","overlay-gradient":""},"tablet":{"background-color":"","background-image":"","background-repeat":"repeat","background-position":"center center","background-size":"auto","background-attachment":"scroll","background-type":"","background-media":"","overlay-type":"","overlay-color":"","overlay-opacity":"","overlay-gradient":""},"mobile":{"background-color":"","background-image":"","background-repeat":"repeat","background-position":"center center","background-size":"auto","background-attachment":"scroll","background-type":"","background-media":"","overlay-type":"","overlay-color":"","overlay-opacity":"","overlay-gradient":""}},"ast-content-background-meta":{"desktop":{"background-color":"var(--ast-global-color-5)","background-image":"","background-repeat":"repeat","background-position":"center center","background-size":"auto","background-attachment":"scroll","background-type":"","background-media":"","overlay-type":"","overlay-color":"","overlay-opacity":"","overlay-gradient":""},"tablet":{"background-color":"var(--ast-global-color-5)","background-image":"","background-repeat":"repeat","background-position":"center center","background-size":"auto","background-attachment":"scroll","background-type":"","background-media":"","overlay-type":"","overlay-color":"","overlay-opacity":"","overlay-gradient":""},"mobile":{"background-color":"var(--ast-global-color-5)","background-image":"","background-repeat":"repeat","background-position":"center center","background-size":"auto","background-attachment":"scroll","background-type":"","background-media":"","overlay-type":"","overlay-color":"","overlay-opacity":"","overlay-gradient":""}},"footnotes":""},"categories":[],"tags":[156],"class_list":["post-7860","page","type-page","status-publish","hentry","tag-v2"],"yoast_head":"<!-- This site is optimized with the Yoast SEO plugin v27.4 - https:\/\/yoast.com\/product\/yoast-seo-wordpress\/ -->\n<title>Stormtech - ADS Tigre Brasil<\/title>\n<meta name=\"description\" content=\"As c\u00e2maras Stormtech s\u00e3o uma solu\u00e7\u00e3o muito mais econ\u00f4mica, pois seus requisitos de instala\u00e7\u00e3o s\u00e3o f\u00e1ceis e r\u00e1pidos\" \/>\n<meta name=\"robots\" content=\"index, follow, max-snippet:-1, max-image-preview:large, max-video-preview:-1\" \/>\n<link rel=\"canonical\" href=\"https:\/\/www.adstigre.com\/brasil\/produto\/stormtech-drenagem-pluvial\/\" \/>\n<meta property=\"og:locale\" content=\"en_US\" \/>\n<meta property=\"og:type\" content=\"article\" \/>\n<meta property=\"og:title\" content=\"Stormtech - ADS Tigre Brasil\" \/>\n<meta property=\"og:description\" content=\"As c\u00e2maras Stormtech s\u00e3o uma solu\u00e7\u00e3o muito mais econ\u00f4mica, pois seus requisitos de instala\u00e7\u00e3o s\u00e3o f\u00e1ceis e r\u00e1pidos\" \/>\n<meta property=\"og:url\" content=\"https:\/\/www.adstigre.com\/brasil\/produto\/stormtech-drenagem-pluvial\/\" \/>\n<meta property=\"og:site_name\" content=\"ADS Tigre Brasil\" \/>\n<meta property=\"article:publisher\" content=\"https:\/\/www.facebook.com\/TubosTigreAdsDoBrasil\" \/>\n<meta property=\"article:modified_time\" content=\"2026-02-24T15:28:01+00:00\" \/>\n<meta property=\"og:image\" content=\"http:\/\/www.adstigre.com\/brasil\/wp-content\/uploads\/sites\/2\/2025\/06\/stormtech-banner.jpg\" \/>\n<meta name=\"twitter:card\" content=\"summary_large_image\" \/>\n<meta name=\"twitter:label1\" content=\"Est. reading time\" \/>\n\t<meta name=\"twitter:data1\" content=\"3 minutes\" \/>\n<script type=\"application\/ld+json\" class=\"yoast-schema-graph\">{\"@context\":\"https:\\\/\\\/schema.org\",\"@graph\":[{\"@type\":\"WebPage\",\"@id\":\"https:\\\/\\\/www.adstigre.com\\\/brasil\\\/produto\\\/stormtech-drenagem-pluvial\\\/\",\"url\":\"https:\\\/\\\/www.adstigre.com\\\/brasil\\\/produto\\\/stormtech-drenagem-pluvial\\\/\",\"name\":\"Stormtech - ADS Tigre Brasil\",\"isPartOf\":{\"@id\":\"https:\\\/\\\/www.adstigre.com\\\/brasil\\\/#website\"},\"primaryImageOfPage\":{\"@id\":\"https:\\\/\\\/www.adstigre.com\\\/brasil\\\/produto\\\/stormtech-drenagem-pluvial\\\/#primaryimage\"},\"image\":{\"@id\":\"https:\\\/\\\/www.adstigre.com\\\/brasil\\\/produto\\\/stormtech-drenagem-pluvial\\\/#primaryimage\"},\"thumbnailUrl\":\"http:\\\/\\\/www.adstigre.com\\\/brasil\\\/wp-content\\\/uploads\\\/sites\\\/2\\\/2025\\\/06\\\/stormtech-banner.jpg\",\"datePublished\":\"2024-05-09T12:59:19+00:00\",\"dateModified\":\"2026-02-24T15:28:01+00:00\",\"description\":\"As c\u00e2maras Stormtech s\u00e3o uma solu\u00e7\u00e3o muito mais econ\u00f4mica, pois seus requisitos de instala\u00e7\u00e3o s\u00e3o f\u00e1ceis e r\u00e1pidos\",\"breadcrumb\":{\"@id\":\"https:\\\/\\\/www.adstigre.com\\\/brasil\\\/produto\\\/stormtech-drenagem-pluvial\\\/#breadcrumb\"},\"inLanguage\":\"en-US\",\"potentialAction\":[{\"@type\":\"ReadAction\",\"target\":[\"https:\\\/\\\/www.adstigre.com\\\/brasil\\\/produto\\\/stormtech-drenagem-pluvial\\\/\"]}]},{\"@type\":\"ImageObject\",\"inLanguage\":\"en-US\",\"@id\":\"https:\\\/\\\/www.adstigre.com\\\/brasil\\\/produto\\\/stormtech-drenagem-pluvial\\\/#primaryimage\",\"url\":\"http:\\\/\\\/www.adstigre.com\\\/brasil\\\/wp-content\\\/uploads\\\/sites\\\/2\\\/2025\\\/06\\\/stormtech-banner.jpg\",\"contentUrl\":\"http:\\\/\\\/www.adstigre.com\\\/brasil\\\/wp-content\\\/uploads\\\/sites\\\/2\\\/2025\\\/06\\\/stormtech-banner.jpg\"},{\"@type\":\"BreadcrumbList\",\"@id\":\"https:\\\/\\\/www.adstigre.com\\\/brasil\\\/produto\\\/stormtech-drenagem-pluvial\\\/#breadcrumb\",\"itemListElement\":[{\"@type\":\"ListItem\",\"position\":1,\"name\":\"In\u00edcio\",\"item\":\"https:\\\/\\\/www.adstigre.com\\\/brasil\\\/\"},{\"@type\":\"ListItem\",\"position\":2,\"name\":\"Produto\",\"item\":\"http:\\\/\\\/www.adstigre.com\\\/brasil\\\/produto\\\/\"},{\"@type\":\"ListItem\",\"position\":3,\"name\":\"Stormtech\"}]},{\"@type\":\"WebSite\",\"@id\":\"https:\\\/\\\/www.adstigre.com\\\/brasil\\\/#website\",\"url\":\"https:\\\/\\\/www.adstigre.com\\\/brasil\\\/\",\"name\":\"ADS Tigre Brasil\",\"description\":\"ADS Tigre - Uma Joint Venture entre a ADS e a Tigre\",\"publisher\":{\"@id\":\"https:\\\/\\\/www.adstigre.com\\\/brasil\\\/#organization\"},\"potentialAction\":[{\"@type\":\"SearchAction\",\"target\":{\"@type\":\"EntryPoint\",\"urlTemplate\":\"https:\\\/\\\/www.adstigre.com\\\/brasil\\\/?s={search_term_string}\"},\"query-input\":{\"@type\":\"PropertyValueSpecification\",\"valueRequired\":true,\"valueName\":\"search_term_string\"}}],\"inLanguage\":\"en-US\"},{\"@type\":\"Organization\",\"@id\":\"https:\\\/\\\/www.adstigre.com\\\/brasil\\\/#organization\",\"name\":\"ADS Tigre Brasil\",\"url\":\"https:\\\/\\\/www.adstigre.com\\\/brasil\\\/\",\"logo\":{\"@type\":\"ImageObject\",\"inLanguage\":\"en-US\",\"@id\":\"https:\\\/\\\/www.adstigre.com\\\/brasil\\\/#\\\/schema\\\/logo\\\/image\\\/\",\"url\":\"https:\\\/\\\/www.adstigre.com\\\/brasil\\\/wp-content\\\/uploads\\\/sites\\\/2\\\/2024\\\/10\\\/marca-ADS-Tigre-1.png\",\"contentUrl\":\"https:\\\/\\\/www.adstigre.com\\\/brasil\\\/wp-content\\\/uploads\\\/sites\\\/2\\\/2024\\\/10\\\/marca-ADS-Tigre-1.png\",\"width\":1318,\"height\":1317,\"caption\":\"ADS Tigre Brasil\"},\"image\":{\"@id\":\"https:\\\/\\\/www.adstigre.com\\\/brasil\\\/#\\\/schema\\\/logo\\\/image\\\/\"},\"sameAs\":[\"https:\\\/\\\/www.facebook.com\\\/TubosTigreAdsDoBrasil\",\"https:\\\/\\\/www.instagram.com\\\/adstigredobrasil\",\"https:\\\/\\\/www.linkedin.com\\\/company\\\/tigre-adsdobrasil\\\/\"]}]}<\/script>\n<!-- \/ Yoast SEO plugin. -->","yoast_head_json":{"title":"Stormtech - ADS Tigre Brasil","description":"As c\u00e2maras Stormtech s\u00e3o uma solu\u00e7\u00e3o muito mais econ\u00f4mica, pois seus requisitos de instala\u00e7\u00e3o s\u00e3o f\u00e1ceis e r\u00e1pidos","robots":{"index":"index","follow":"follow","max-snippet":"max-snippet:-1","max-image-preview":"max-image-preview:large","max-video-preview":"max-video-preview:-1"},"canonical":"https:\/\/www.adstigre.com\/brasil\/produto\/stormtech-drenagem-pluvial\/","og_locale":"en_US","og_type":"article","og_title":"Stormtech - ADS Tigre Brasil","og_description":"As c\u00e2maras Stormtech s\u00e3o uma solu\u00e7\u00e3o muito mais econ\u00f4mica, pois seus requisitos de instala\u00e7\u00e3o s\u00e3o f\u00e1ceis e r\u00e1pidos","og_url":"https:\/\/www.adstigre.com\/brasil\/produto\/stormtech-drenagem-pluvial\/","og_site_name":"ADS Tigre Brasil","article_publisher":"https:\/\/www.facebook.com\/TubosTigreAdsDoBrasil","article_modified_time":"2026-02-24T15:28:01+00:00","og_image":[{"url":"http:\/\/www.adstigre.com\/brasil\/wp-content\/uploads\/sites\/2\/2025\/06\/stormtech-banner.jpg","type":"","width":"","height":""}],"twitter_card":"summary_large_image","twitter_misc":{"Est. reading time":"3 minutes"},"schema":{"@context":"https:\/\/schema.org","@graph":[{"@type":"WebPage","@id":"https:\/\/www.adstigre.com\/brasil\/produto\/stormtech-drenagem-pluvial\/","url":"https:\/\/www.adstigre.com\/brasil\/produto\/stormtech-drenagem-pluvial\/","name":"Stormtech - ADS Tigre Brasil","isPartOf":{"@id":"https:\/\/www.adstigre.com\/brasil\/#website"},"primaryImageOfPage":{"@id":"https:\/\/www.adstigre.com\/brasil\/produto\/stormtech-drenagem-pluvial\/#primaryimage"},"image":{"@id":"https:\/\/www.adstigre.com\/brasil\/produto\/stormtech-drenagem-pluvial\/#primaryimage"},"thumbnailUrl":"http:\/\/www.adstigre.com\/brasil\/wp-content\/uploads\/sites\/2\/2025\/06\/stormtech-banner.jpg","datePublished":"2024-05-09T12:59:19+00:00","dateModified":"2026-02-24T15:28:01+00:00","description":"As c\u00e2maras Stormtech s\u00e3o uma solu\u00e7\u00e3o muito mais econ\u00f4mica, pois seus requisitos de instala\u00e7\u00e3o s\u00e3o f\u00e1ceis e r\u00e1pidos","breadcrumb":{"@id":"https:\/\/www.adstigre.com\/brasil\/produto\/stormtech-drenagem-pluvial\/#breadcrumb"},"inLanguage":"en-US","potentialAction":[{"@type":"ReadAction","target":["https:\/\/www.adstigre.com\/brasil\/produto\/stormtech-drenagem-pluvial\/"]}]},{"@type":"ImageObject","inLanguage":"en-US","@id":"https:\/\/www.adstigre.com\/brasil\/produto\/stormtech-drenagem-pluvial\/#primaryimage","url":"http:\/\/www.adstigre.com\/brasil\/wp-content\/uploads\/sites\/2\/2025\/06\/stormtech-banner.jpg","contentUrl":"http:\/\/www.adstigre.com\/brasil\/wp-content\/uploads\/sites\/2\/2025\/06\/stormtech-banner.jpg"},{"@type":"BreadcrumbList","@id":"https:\/\/www.adstigre.com\/brasil\/produto\/stormtech-drenagem-pluvial\/#breadcrumb","itemListElement":[{"@type":"ListItem","position":1,"name":"In\u00edcio","item":"https:\/\/www.adstigre.com\/brasil\/"},{"@type":"ListItem","position":2,"name":"Produto","item":"http:\/\/www.adstigre.com\/brasil\/produto\/"},{"@type":"ListItem","position":3,"name":"Stormtech"}]},{"@type":"WebSite","@id":"https:\/\/www.adstigre.com\/brasil\/#website","url":"https:\/\/www.adstigre.com\/brasil\/","name":"ADS Tigre Brasil","description":"ADS Tigre - Uma Joint Venture entre a ADS e a Tigre","publisher":{"@id":"https:\/\/www.adstigre.com\/brasil\/#organization"},"potentialAction":[{"@type":"SearchAction","target":{"@type":"EntryPoint","urlTemplate":"https:\/\/www.adstigre.com\/brasil\/?s={search_term_string}"},"query-input":{"@type":"PropertyValueSpecification","valueRequired":true,"valueName":"search_term_string"}}],"inLanguage":"en-US"},{"@type":"Organization","@id":"https:\/\/www.adstigre.com\/brasil\/#organization","name":"ADS Tigre Brasil","url":"https:\/\/www.adstigre.com\/brasil\/","logo":{"@type":"ImageObject","inLanguage":"en-US","@id":"https:\/\/www.adstigre.com\/brasil\/#\/schema\/logo\/image\/","url":"https:\/\/www.adstigre.com\/brasil\/wp-content\/uploads\/sites\/2\/2024\/10\/marca-ADS-Tigre-1.png","contentUrl":"https:\/\/www.adstigre.com\/brasil\/wp-content\/uploads\/sites\/2\/2024\/10\/marca-ADS-Tigre-1.png","width":1318,"height":1317,"caption":"ADS Tigre Brasil"},"image":{"@id":"https:\/\/www.adstigre.com\/brasil\/#\/schema\/logo\/image\/"},"sameAs":["https:\/\/www.facebook.com\/TubosTigreAdsDoBrasil","https:\/\/www.instagram.com\/adstigredobrasil","https:\/\/www.linkedin.com\/company\/tigre-adsdobrasil\/"]}]}},"_links":{"self":[{"href":"https:\/\/www.adstigre.com\/brasil\/wp-json\/wp\/v2\/pages\/7860","targetHints":{"allow":["GET"]}}],"collection":[{"href":"https:\/\/www.adstigre.com\/brasil\/wp-json\/wp\/v2\/pages"}],"about":[{"href":"https:\/\/www.adstigre.com\/brasil\/wp-json\/wp\/v2\/types\/page"}],"author":[{"embeddable":true,"href":"https:\/\/www.adstigre.com\/brasil\/wp-json\/wp\/v2\/users\/15"}],"replies":[{"embeddable":true,"href":"https:\/\/www.adstigre.com\/brasil\/wp-json\/wp\/v2\/comments?post=7860"}],"version-history":[{"count":11,"href":"https:\/\/www.adstigre.com\/brasil\/wp-json\/wp\/v2\/pages\/7860\/revisions"}],"predecessor-version":[{"id":10488,"href":"https:\/\/www.adstigre.com\/brasil\/wp-json\/wp\/v2\/pages\/7860\/revisions\/10488"}],"up":[{"embeddable":true,"href":"https:\/\/www.adstigre.com\/brasil\/wp-json\/wp\/v2\/pages\/1929"}],"wp:attachment":[{"href":"https:\/\/www.adstigre.com\/brasil\/wp-json\/wp\/v2\/media?parent=7860"}],"wp:term":[{"taxonomy":"category","embeddable":true,"href":"https:\/\/www.adstigre.com\/brasil\/wp-json\/wp\/v2\/categories?post=7860"},{"taxonomy":"post_tag","embeddable":true,"href":"https:\/\/www.adstigre.com\/brasil\/wp-json\/wp\/v2\/tags?post=7860"}],"curies":[{"name":"wp","href":"https:\/\/api.w.org\/{rel}","templated":true}]}}