{"id":7857,"date":"2024-05-09T09:56:39","date_gmt":"2024-05-09T12:56:39","guid":{"rendered":"https:\/\/www.adstigre.com\/brasil\/?page_id=7857"},"modified":"2026-04-23T08:21:44","modified_gmt":"2026-04-23T11:21:44","slug":"tubo-de-pead-sanipro","status":"publish","type":"page","link":"https:\/\/www.adstigre.com\/brasil\/produto\/tubo-de-pead-sanipro\/","title":{"rendered":"SaniPro"},"content":{"rendered":"\n<figure>\n\t\t\t\t<img decoding=\"async\" src=\"http:\/\/www.adstigre.com\/brasil\/wp-content\/uploads\/sites\/2\/2025\/06\/sanipro-banner.jpg\" alt=\"sanipro-banner\" title=\"sanipro-banner\" loading=\"lazy\" \/>\n\t<\/figure>\n\t\t\tSobre o produto\n\t\t\t\t\t\t\t\t\t\t\t\n\t\t\t<p><strong>Mais efici\u00eancia e resist\u00eancia qu\u00edmica para sistemas de esgoto sanit\u00e1rio<\/strong><strong>\u00a0<\/strong>A linha <strong>SaniPro\u00ae e SaniPro\u00ae Iso<\/strong> da ADS Tigre \u00e9 projetada para atender \u00e0s mais rigorosas exig\u00eancias em sistemas de esgoto sanit\u00e1rio, garantindo <strong>durabilidade superior e desempenho confi\u00e1vel mesmo sob condi\u00e7\u00f5es severas<\/strong>.Fabricados com <strong>resina virgem de Polietileno de Alta Densidade (PEAD)<\/strong>, os tubos SaniPro\u00ae oferecem excepcional resist\u00eancia qu\u00edmica, suportando agentes agressivos presentes em efluentes dom\u00e9sticos e industriais, como \u00e1cidos, bases, sais e gases corrosivos. Essa caracter\u00edstica garante que n\u00e3o haja corros\u00e3o ou deteriora\u00e7\u00e3o ao longo do tempo, assegurando uma vida \u00fatil superior a 50 anos.Al\u00e9m da resist\u00eancia qu\u00edmica, os tubos contam com <strong>estrutura de dupla parede<\/strong>, que combina interior liso para maior efici\u00eancia hidr\u00e1ulica e exterior corrugado para elevada resist\u00eancia mec\u00e2nica, suportando cargas do solo e tr\u00e1fego sem deformar. O <strong>sistema de uni\u00e3o Ponta e Bolsa<\/strong> proporciona instala\u00e7\u00e3o r\u00e1pida e segura, com veda\u00e7\u00e3o estanque garantida por an\u00e9is de veda\u00e7\u00e3o e cinta cer\u00e2mica.Dispon\u00edvel nas cores preta e ocre, atendendo \u00e0s exig\u00eancias normativas e est\u00e9ticas dos projetos.\u00a0<strong>Benef\u00edcios para sua obra<\/strong><ul><li>Maior durabilidade e vida \u00fatil prolongada.<\/li><li>Redu\u00e7\u00e3o de custos com manuten\u00e7\u00e3o e substitui\u00e7\u00e3o.<\/li><li>Instala\u00e7\u00e3o \u00e1gil e econ\u00f4mica devido ao baixo peso e design inteligente.<\/li><li>Efici\u00eancia hidr\u00e1ulica superior, garantindo redes mais seguras e eficazes.<\/li><\/ul>Os tubos <strong>SaniPro\u00ae<\/strong> representam a solu\u00e7\u00e3o ideal para quem busca <strong>seguran\u00e7a, resist\u00eancia qu\u00edmica e confiabilidade<\/strong> em sistemas de saneamento.<\/p>\t\t\n\t\t\t\t\t\t<h3>Informa\u00e7\u00f5es T\u00e9cnicas<\/h3>\t\t\t\t\t\n\t\t\t<p><strong><br \/>Dispon\u00edvel nos di\u00e2metros de:\u00a0\u2028<\/strong><br \/>Linha SaniPro &#8211; 250 mm a 1500 mm, e SaniPro ISO &#8211; 200 mm a 1200 mm;<strong>Comprimento padr\u00e3o:\u00a0\u2028<\/strong><br \/>6,0 metros;<strong>Aplica\u00e7\u00f5es:\u00a0<\/strong><br \/>Esgoto sanit\u00e1rio, drenagem pluvial urbana, aterro sanit\u00e1rio, rodovias, aeroportos, minera\u00e7\u00e3o, estacionamentos, etc.<strong>Normas de Refer\u00eancia:\u00a0<\/strong><br \/>ABNT NBR ISO 21138-1, ISO NBR ISO 21138-3, \u00a0ASTM F2947 e NTS198.Tubos SaniPro\u00ae oferecem insuper\u00e1vel integridade das juntas, com bolsas embutidas e r\u00e1pida instala\u00e7\u00e3o, resultado de pesquisas com as mais avan\u00e7adas tecnologias do mundo para a solu\u00e7\u00e3o de Sistemas de Saneamento.<\/p>\t\t\n\t\t\t\t<img decoding=\"async\" src=\"http:\/\/www.adstigre.com\/brasil\/wp-content\/uploads\/sites\/2\/2026\/04\/ADS_Tigre_243_Tabela_Sanipro_ASTM-1014x1024.png\" alt=\"ADS_Tigre_243_Tabela_Sanipro_ASTM\" title=\"ADS_Tigre_243_Tabela_Sanipro_ASTM\" \/>\n\t\t\t\t<img decoding=\"async\" src=\"http:\/\/www.adstigre.com\/brasil\/wp-content\/uploads\/sites\/2\/2026\/04\/ADS_Tigre_243_Tabela_Sanipro_ISO-1.png\" alt=\"ADS_Tigre_243_Tabela_Sanipro_ISO\" title=\"ADS_Tigre_243_Tabela_Sanipro_ISO\" \/>\n<figure>\n\t\t\t\t<img decoding=\"async\" src=\"https:\/\/www.adstigre.com\/brasil\/wp-content\/uploads\/sites\/2\/2025\/11\/Arquivos-SIte_case-1200-x-630-px-1024x538.png\" alt=\"Arquivos SIte_case (1200 x 630 px)\" height=\"538\" width=\"1024\" title=\"Arquivos SIte_case (1200 x 630 px)\" loading=\"lazy\" \/>\n\t<\/figure>\n\t\t\t<h3>V\u00eddeos relacionados<\/h3>\t\t\t\n\t\t\t\t\t<a href=\"https:\/\/www.youtube.com\/watch?v=EygTzKfPjW4\" aria-label=\"uabb-video-gallery\" data-fancybox=\"uabb-video-gallery\">\t\t\t\t\t\t\n\t\t\t\t\t<\/a>\t\t\t\t\n\t\t\t\t\t<a href=\"https:\/\/www.youtube.com\/watch?v=60aFqg5ipgI\" aria-label=\"uabb-video-gallery\" data-fancybox=\"uabb-video-gallery\">\t\t\t\t\t\t\n\t\t\t\t\t<\/a>\t\t\t\t\n\t\t\t\t\t<a href=\"https:\/\/www.youtube.com\/watch?v=qsLy7QnNK8k\" aria-label=\"uabb-video-gallery\" data-fancybox=\"uabb-video-gallery\">\t\t\t\t\t\t\n\t\t\t\t\t<\/a>\t\t\t\t\n\t\t\t\t\t<a href=\"https:\/\/www.youtube.com\/watch?v=qJtNibaZ25M\" aria-label=\"uabb-video-gallery\" data-fancybox=\"uabb-video-gallery\">\t\t\t\t\t\t\n\t\t\t\t\t<\/a>\t\t\t\t\n\t\t\t\t\t<a href=\"https:\/\/www.youtube.com\/watch?v=GlclD9S_Dic\" aria-label=\"uabb-video-gallery\" data-fancybox=\"uabb-video-gallery\">\t\t\t\t\t\t\n\t\t\t\t\t<\/a>\t\t\t\t\n\t\t\t<h3>Downloads<\/h3>\t\t\t\n\t<form autocomplete=\"off\" name=\"wpv-filter-3534-CATTR197ebb8df76d8c594c0f48785809b8a5\" action=\"\/brasil\/wp-json\/wp\/v2\/pages\/7857?wpv_view_count=3534-CATTR197ebb8df76d8c594c0f48785809b8a5\" method=\"get\" class=\"wpv-filter-form js-wpv-filter-form js-wpv-filter-form-3534-CATTR197ebb8df76d8c594c0f48785809b8a5 js-wpv-form-full\" data-viewnumber=\"3534-CATTR197ebb8df76d8c594c0f48785809b8a5\" data-viewid=\"3534\" data-viewhash=\"eyJuYW1lIjoiZG93bmxvYWRzLXByb2R1dG9zIiwicHJvZHV0byI6InNhbmlwcm8ifQ==\" data-viewwidgetid=\"0\" data-orderby=\"\" data-order=\"\" data-orderbyas=\"\" data-orderbysecond=\"\" data-ordersecond=\"\" data-parametric=\"{&quot;query&quot;:&quot;normal&quot;,&quot;id&quot;:&quot;3534&quot;,&quot;view_id&quot;:&quot;3534&quot;,&quot;widget_id&quot;:0,&quot;view_hash&quot;:&quot;3534-CATTR197ebb8df76d8c594c0f48785809b8a5&quot;,&quot;action&quot;:&quot;\\\/brasil\\\/wp-json\\\/wp\\\/v2\\\/pages\\\/7857?wpv_view_count=3534-CATTR197ebb8df76d8c594c0f48785809b8a5&quot;,&quot;sort&quot;:{&quot;orderby&quot;:&quot;&quot;,&quot;order&quot;:&quot;&quot;,&quot;orderby_as&quot;:&quot;&quot;,&quot;orderby_second&quot;:&quot;&quot;,&quot;order_second&quot;:&quot;&quot;},&quot;orderby&quot;:&quot;&quot;,&quot;order&quot;:&quot;&quot;,&quot;orderby_as&quot;:&quot;&quot;,&quot;orderby_second&quot;:&quot;&quot;,&quot;order_second&quot;:&quot;&quot;,&quot;ajax_form&quot;:&quot;&quot;,&quot;ajax_results&quot;:&quot;&quot;,&quot;effect&quot;:&quot;fade&quot;,&quot;prebefore&quot;:&quot;&quot;,&quot;before&quot;:&quot;&quot;,&quot;after&quot;:&quot;&quot;,&quot;attributes&quot;:{&quot;produto&quot;:&quot;sanipro&quot;},&quot;environment&quot;:{&quot;current_post_id&quot;:7857,&quot;parent_post_id&quot;:7857,&quot;parent_term_id&quot;:0,&quot;parent_user_id&quot;:0,&quot;archive&quot;:{&quot;type&quot;:&quot;&quot;,&quot;name&quot;:&quot;&quot;,&quot;data&quot;:[]}},&quot;loop&quot;:{&quot;type&quot;:&quot;&quot;,&quot;name&quot;:&quot;&quot;,&quot;data&quot;:[],&quot;id&quot;:0}}\" data-attributes=\"{&quot;produto&quot;:&quot;sanipro&quot;}\" data-environment=\"{&quot;current_post_id&quot;:7857,&quot;parent_post_id&quot;:7857,&quot;parent_term_id&quot;:0,&quot;parent_user_id&quot;:0,&quot;archive&quot;:{&quot;type&quot;:&quot;&quot;,&quot;name&quot;:&quot;&quot;,&quot;data&quot;:[]}}\"><input type=\"hidden\" class=\"js-wpv-dps-filter-data js-wpv-filter-data-for-this-form\" data-action=\"\/brasil\/wp-json\/wp\/v2\/pages\/7857?wpv_view_count=3534-CATTR197ebb8df76d8c594c0f48785809b8a5\" data-page=\"1\" data-ajax=\"disable\" data-effect=\"fade\" data-maxpages=\"1\" data-ajaxprebefore=\"\" data-ajaxbefore=\"\" data-ajaxafter=\"\" \/><input class=\"wpv_view_count wpv_view_count-3534-CATTR197ebb8df76d8c594c0f48785809b8a5\" type=\"hidden\" name=\"wpv_view_count\" value=\"3534-CATTR197ebb8df76d8c594c0f48785809b8a5\" \/>\n\n<\/form>\n<div id=\"wpv-view-layout-3534-CATTR197ebb8df76d8c594c0f48785809b8a5\" class=\"js-wpv-view-layout js-wpv-layout-responsive js-wpv-view-layout-3534-CATTR197ebb8df76d8c594c0f48785809b8a5\" data-viewnumber=\"3534-CATTR197ebb8df76d8c594c0f48785809b8a5\" data-pagination=\"{&quot;id&quot;:&quot;3534&quot;,&quot;query&quot;:&quot;normal&quot;,&quot;type&quot;:&quot;paged&quot;,&quot;effect&quot;:&quot;fade&quot;,&quot;duration&quot;:500,&quot;speed&quot;:5,&quot;pause_on_hover&quot;:&quot;disabled&quot;,&quot;stop_rollover&quot;:&quot;false&quot;,&quot;cache_pages&quot;:&quot;enabled&quot;,&quot;preload_images&quot;:&quot;enabled&quot;,&quot;preload_pages&quot;:&quot;enabled&quot;,&quot;preload_reach&quot;:1,&quot;spinner&quot;:&quot;builtin&quot;,&quot;spinner_image&quot;:&quot;&quot;,&quot;callback_next&quot;:&quot;&quot;,&quot;manage_history&quot;:&quot;enabled&quot;,&quot;has_controls_in_form&quot;:&quot;disabled&quot;,&quot;infinite_tolerance&quot;:0,&quot;max_pages&quot;:1,&quot;page&quot;:1,&quot;base_permalink&quot;:&quot;\/brasil\/wp-json\/wp\/v2\/pages\/7857?wpv_view_count=3534-CATTR197ebb8df76d8c594c0f48785809b8a5&amp;wpv_paged=WPV_PAGE_NUM&quot;,&quot;loop&quot;:{&quot;type&quot;:&quot;&quot;,&quot;name&quot;:&quot;&quot;,&quot;data&quot;:[],&quot;id&quot;:0}}\" data-permalink=\"\/brasil\/wp-json\/wp\/v2\/pages\/7857?wpv_view_count=3534-CATTR197ebb8df76d8c594c0f48785809b8a5\">\n\n\t\n\t\n\t\n\t\t\n\t\t<div class=\"row \">\n\t\t\t<div class=\"col-md-12\">\n<hr style=\"height: 1px; color: #7dc200;\">\n<p>\n<strong>NT 3.107D &#8211; Especifica\u00e7\u00e3o Tubos SaniPro ISO<\/strong><br>\n\n<a href=\"http:\/\/www.adstigre.com\/brasil\/wp-content\/uploads\/sites\/2\/2026\/04\/nt-3-107d-especificacao-tubos-sanipro-iso.pdf\" target=\"_blank\" role=\"button\" rel=\"noopener\" style=\"color: #7dc200;\"><i class=\"fas fa-angle-double-down\"><\/i> BAIXAR<\/a>\n<\/p>\n<\/div>\n\t\t<\/div>\n\t\t\n\t\t\n\t\t<div class=\"row \">\n\t\t\t<div class=\"col-md-12\">\n<hr style=\"height: 1px; color: #7dc200;\">\n<p>\n<strong>NT 3.107A &#8211; Especifica\u00e7\u00e3o Tubos SaniPro<\/strong><br>\n\n<a href=\"http:\/\/www.adstigre.com\/brasil\/wp-content\/uploads\/sites\/2\/2025\/04\/nt-3-107a-especificacao-tubos-sanipro2.pdf\" target=\"_blank\" role=\"button\" rel=\"noopener\" style=\"color: #7dc200;\"><i class=\"fas fa-angle-double-down\"><\/i> BAIXAR<\/a>\n<\/p>\n<\/div>\n\t\t<\/div>\n\t\t\n\t\t\n\t\t<div class=\"row \">\n\t\t\t<div class=\"col-md-12\">\n<hr style=\"height: 1px; color: #7dc200;\">\n<p>\n<strong>NT 2.07 &#8211; Recobrimentos m\u00ednimos e m\u00e1ximos para tubos Sanipro<\/strong><br>\n\n<a href=\"http:\/\/www.adstigre.com\/brasil\/wp-content\/uploads\/sites\/2\/2025\/04\/NT-2.07-Recobrimentos-minimos-e-maximos-para-tubos-Sanipro.pdf\" target=\"_blank\" role=\"button\" rel=\"noopener\" style=\"color: #7dc200;\"><i class=\"fas fa-angle-double-down\"><\/i> BAIXAR<\/a>\n<\/p>\n<\/div>\n\t\t<\/div>\n\t\t\n\t\t\n\t\t<div class=\"row \">\n\t\t\t<div class=\"col-md-12\">\n<hr style=\"height: 1px; color: #7dc200;\">\n<p>\n<strong>Folder Produtos &#8211; Solu\u00e7\u00f5es para Drenagem Pluvial e Esgoto Sanit\u00e1rio<\/strong><br>\n\n<a href=\"http:\/\/www.adstigre.com\/brasil\/wp-content\/uploads\/sites\/2\/2021\/03\/solucao-drenagem-pluvial-e-esgoto-2026-2.pdf\" target=\"_blank\" role=\"button\" rel=\"noopener\" style=\"color: #7dc200;\"><i class=\"fas fa-angle-double-down\"><\/i> BAIXAR<\/a>\n<\/p>\n<\/div>\n\t\t<\/div>\n\t\t\n<ul class=\"pagination\">\n\t<li class=\"page-item\"><\/li>\n\t<li class=\"page-item\"><\/li>\n<\/ul>\n\t\n\t\n\t\n<\/div>\n\n\n\n","protected":false},"excerpt":{"rendered":"<p>Sobre o produto Mais efici\u00eancia e resist\u00eancia qu\u00edmica para sistemas [&hellip;]<\/p>\n","protected":false},"author":15,"featured_media":0,"parent":1929,"menu_order":0,"comment_status":"closed","ping_status":"closed","template":"","meta":{"_monsterinsights_skip_tracking":false,"_monsterinsights_sitenote_active":false,"_monsterinsights_sitenote_note":"","_monsterinsights_sitenote_category":0,"site-sidebar-layout":"default","site-content-layout":"","ast-site-content-layout":"default","site-content-style":"default","site-sidebar-style":"default","ast-global-header-display":"","ast-banner-title-visibility":"","ast-main-header-display":"","ast-hfb-above-header-display":"","ast-hfb-below-header-display":"","ast-hfb-mobile-header-display":"","site-post-title":"disabled","ast-breadcrumbs-content":"","ast-featured-img":"","footer-sml-layout":"","ast-disable-related-posts":"","theme-transparent-header-meta":"","adv-header-id-meta":"","stick-header-meta":"","header-above-stick-meta":"","header-main-stick-meta":"","header-below-stick-meta":"","astra-migrate-meta-layouts":"set","ast-page-background-enabled":"default","ast-page-background-meta":{"desktop":{"background-color":"","background-image":"","background-repeat":"repeat","background-position":"center center","background-size":"auto","background-attachment":"scroll","background-type":"","background-media":"","overlay-type":"","overlay-color":"","overlay-opacity":"","overlay-gradient":""},"tablet":{"background-color":"","background-image":"","background-repeat":"repeat","background-position":"center center","background-size":"auto","background-attachment":"scroll","background-type":"","background-media":"","overlay-type":"","overlay-color":"","overlay-opacity":"","overlay-gradient":""},"mobile":{"background-color":"","background-image":"","background-repeat":"repeat","background-position":"center center","background-size":"auto","background-attachment":"scroll","background-type":"","background-media":"","overlay-type":"","overlay-color":"","overlay-opacity":"","overlay-gradient":""}},"ast-content-background-meta":{"desktop":{"background-color":"var(--ast-global-color-5)","background-image":"","background-repeat":"repeat","background-position":"center center","background-size":"auto","background-attachment":"scroll","background-type":"","background-media":"","overlay-type":"","overlay-color":"","overlay-opacity":"","overlay-gradient":""},"tablet":{"background-color":"var(--ast-global-color-5)","background-image":"","background-repeat":"repeat","background-position":"center center","background-size":"auto","background-attachment":"scroll","background-type":"","background-media":"","overlay-type":"","overlay-color":"","overlay-opacity":"","overlay-gradient":""},"mobile":{"background-color":"var(--ast-global-color-5)","background-image":"","background-repeat":"repeat","background-position":"center center","background-size":"auto","background-attachment":"scroll","background-type":"","background-media":"","overlay-type":"","overlay-color":"","overlay-opacity":"","overlay-gradient":""}},"footnotes":""},"categories":[],"tags":[156],"class_list":["post-7857","page","type-page","status-publish","hentry","tag-v2"],"yoast_head":"<!-- This site is optimized with the Yoast SEO plugin v27.4 - https:\/\/yoast.com\/product\/yoast-seo-wordpress\/ -->\n<title>SaniPro - ADS Tigre Brasil<\/title>\n<meta name=\"description\" content=\"Os tubos em PEAD ADS Tigre SaniPro\u00ae foram desenvolvidos para aplica\u00e7\u00e3o em esgoto sanit\u00e1rio e possuem maior rigidez\" \/>\n<meta name=\"robots\" content=\"index, follow, max-snippet:-1, max-image-preview:large, max-video-preview:-1\" \/>\n<link rel=\"canonical\" href=\"https:\/\/www.adstigre.com\/brasil\/produto\/tubo-de-pead-sanipro\/\" \/>\n<meta property=\"og:locale\" content=\"en_US\" \/>\n<meta property=\"og:type\" content=\"article\" \/>\n<meta property=\"og:title\" content=\"SaniPro - ADS Tigre Brasil\" \/>\n<meta property=\"og:description\" content=\"Os tubos em PEAD ADS Tigre SaniPro\u00ae foram desenvolvidos para aplica\u00e7\u00e3o em esgoto sanit\u00e1rio e possuem maior rigidez\" \/>\n<meta property=\"og:url\" content=\"https:\/\/www.adstigre.com\/brasil\/produto\/tubo-de-pead-sanipro\/\" \/>\n<meta property=\"og:site_name\" content=\"ADS Tigre Brasil\" \/>\n<meta property=\"article:publisher\" content=\"https:\/\/www.facebook.com\/TubosTigreAdsDoBrasil\" \/>\n<meta property=\"article:modified_time\" content=\"2026-04-23T11:21:44+00:00\" \/>\n<meta property=\"og:image\" content=\"http:\/\/www.adstigre.com\/brasil\/wp-content\/uploads\/sites\/2\/2025\/06\/sanipro-banner.jpg\" \/>\n<meta name=\"twitter:card\" content=\"summary_large_image\" \/>\n<meta name=\"twitter:label1\" content=\"Est. reading time\" \/>\n\t<meta name=\"twitter:data1\" content=\"3 minutes\" \/>\n<script type=\"application\/ld+json\" class=\"yoast-schema-graph\">{\"@context\":\"https:\\\/\\\/schema.org\",\"@graph\":[{\"@type\":\"WebPage\",\"@id\":\"https:\\\/\\\/www.adstigre.com\\\/brasil\\\/produto\\\/tubo-de-pead-sanipro\\\/\",\"url\":\"https:\\\/\\\/www.adstigre.com\\\/brasil\\\/produto\\\/tubo-de-pead-sanipro\\\/\",\"name\":\"SaniPro - ADS Tigre Brasil\",\"isPartOf\":{\"@id\":\"https:\\\/\\\/www.adstigre.com\\\/brasil\\\/#website\"},\"primaryImageOfPage\":{\"@id\":\"https:\\\/\\\/www.adstigre.com\\\/brasil\\\/produto\\\/tubo-de-pead-sanipro\\\/#primaryimage\"},\"image\":{\"@id\":\"https:\\\/\\\/www.adstigre.com\\\/brasil\\\/produto\\\/tubo-de-pead-sanipro\\\/#primaryimage\"},\"thumbnailUrl\":\"http:\\\/\\\/www.adstigre.com\\\/brasil\\\/wp-content\\\/uploads\\\/sites\\\/2\\\/2025\\\/06\\\/sanipro-banner.jpg\",\"datePublished\":\"2024-05-09T12:56:39+00:00\",\"dateModified\":\"2026-04-23T11:21:44+00:00\",\"description\":\"Os tubos em PEAD ADS Tigre SaniPro\u00ae foram desenvolvidos para aplica\u00e7\u00e3o em esgoto sanit\u00e1rio e possuem maior rigidez\",\"breadcrumb\":{\"@id\":\"https:\\\/\\\/www.adstigre.com\\\/brasil\\\/produto\\\/tubo-de-pead-sanipro\\\/#breadcrumb\"},\"inLanguage\":\"en-US\",\"potentialAction\":[{\"@type\":\"ReadAction\",\"target\":[\"https:\\\/\\\/www.adstigre.com\\\/brasil\\\/produto\\\/tubo-de-pead-sanipro\\\/\"]}]},{\"@type\":\"ImageObject\",\"inLanguage\":\"en-US\",\"@id\":\"https:\\\/\\\/www.adstigre.com\\\/brasil\\\/produto\\\/tubo-de-pead-sanipro\\\/#primaryimage\",\"url\":\"http:\\\/\\\/www.adstigre.com\\\/brasil\\\/wp-content\\\/uploads\\\/sites\\\/2\\\/2025\\\/06\\\/sanipro-banner.jpg\",\"contentUrl\":\"http:\\\/\\\/www.adstigre.com\\\/brasil\\\/wp-content\\\/uploads\\\/sites\\\/2\\\/2025\\\/06\\\/sanipro-banner.jpg\"},{\"@type\":\"BreadcrumbList\",\"@id\":\"https:\\\/\\\/www.adstigre.com\\\/brasil\\\/produto\\\/tubo-de-pead-sanipro\\\/#breadcrumb\",\"itemListElement\":[{\"@type\":\"ListItem\",\"position\":1,\"name\":\"In\u00edcio\",\"item\":\"https:\\\/\\\/www.adstigre.com\\\/brasil\\\/\"},{\"@type\":\"ListItem\",\"position\":2,\"name\":\"Produto\",\"item\":\"https:\\\/\\\/www.adstigre.com\\\/brasil\\\/produto\\\/\"},{\"@type\":\"ListItem\",\"position\":3,\"name\":\"SaniPro\"}]},{\"@type\":\"WebSite\",\"@id\":\"https:\\\/\\\/www.adstigre.com\\\/brasil\\\/#website\",\"url\":\"https:\\\/\\\/www.adstigre.com\\\/brasil\\\/\",\"name\":\"ADS Tigre Brasil\",\"description\":\"ADS Tigre - Uma Joint Venture entre a ADS e a Tigre\",\"publisher\":{\"@id\":\"https:\\\/\\\/www.adstigre.com\\\/brasil\\\/#organization\"},\"potentialAction\":[{\"@type\":\"SearchAction\",\"target\":{\"@type\":\"EntryPoint\",\"urlTemplate\":\"https:\\\/\\\/www.adstigre.com\\\/brasil\\\/?s={search_term_string}\"},\"query-input\":{\"@type\":\"PropertyValueSpecification\",\"valueRequired\":true,\"valueName\":\"search_term_string\"}}],\"inLanguage\":\"en-US\"},{\"@type\":\"Organization\",\"@id\":\"https:\\\/\\\/www.adstigre.com\\\/brasil\\\/#organization\",\"name\":\"ADS Tigre Brasil\",\"url\":\"https:\\\/\\\/www.adstigre.com\\\/brasil\\\/\",\"logo\":{\"@type\":\"ImageObject\",\"inLanguage\":\"en-US\",\"@id\":\"https:\\\/\\\/www.adstigre.com\\\/brasil\\\/#\\\/schema\\\/logo\\\/image\\\/\",\"url\":\"https:\\\/\\\/www.adstigre.com\\\/brasil\\\/wp-content\\\/uploads\\\/sites\\\/2\\\/2024\\\/10\\\/marca-ADS-Tigre-1.png\",\"contentUrl\":\"https:\\\/\\\/www.adstigre.com\\\/brasil\\\/wp-content\\\/uploads\\\/sites\\\/2\\\/2024\\\/10\\\/marca-ADS-Tigre-1.png\",\"width\":1318,\"height\":1317,\"caption\":\"ADS Tigre Brasil\"},\"image\":{\"@id\":\"https:\\\/\\\/www.adstigre.com\\\/brasil\\\/#\\\/schema\\\/logo\\\/image\\\/\"},\"sameAs\":[\"https:\\\/\\\/www.facebook.com\\\/TubosTigreAdsDoBrasil\",\"https:\\\/\\\/www.instagram.com\\\/adstigredobrasil\",\"https:\\\/\\\/www.linkedin.com\\\/company\\\/tigre-adsdobrasil\\\/\"]}]}<\/script>\n<!-- \/ Yoast SEO plugin. -->","yoast_head_json":{"title":"SaniPro - ADS Tigre Brasil","description":"Os tubos em PEAD ADS Tigre SaniPro\u00ae foram desenvolvidos para aplica\u00e7\u00e3o em esgoto sanit\u00e1rio e possuem maior rigidez","robots":{"index":"index","follow":"follow","max-snippet":"max-snippet:-1","max-image-preview":"max-image-preview:large","max-video-preview":"max-video-preview:-1"},"canonical":"https:\/\/www.adstigre.com\/brasil\/produto\/tubo-de-pead-sanipro\/","og_locale":"en_US","og_type":"article","og_title":"SaniPro - ADS Tigre Brasil","og_description":"Os tubos em PEAD ADS Tigre SaniPro\u00ae foram desenvolvidos para aplica\u00e7\u00e3o em esgoto sanit\u00e1rio e possuem maior rigidez","og_url":"https:\/\/www.adstigre.com\/brasil\/produto\/tubo-de-pead-sanipro\/","og_site_name":"ADS Tigre Brasil","article_publisher":"https:\/\/www.facebook.com\/TubosTigreAdsDoBrasil","article_modified_time":"2026-04-23T11:21:44+00:00","og_image":[{"url":"http:\/\/www.adstigre.com\/brasil\/wp-content\/uploads\/sites\/2\/2025\/06\/sanipro-banner.jpg","type":"","width":"","height":""}],"twitter_card":"summary_large_image","twitter_misc":{"Est. reading time":"3 minutes"},"schema":{"@context":"https:\/\/schema.org","@graph":[{"@type":"WebPage","@id":"https:\/\/www.adstigre.com\/brasil\/produto\/tubo-de-pead-sanipro\/","url":"https:\/\/www.adstigre.com\/brasil\/produto\/tubo-de-pead-sanipro\/","name":"SaniPro - ADS Tigre Brasil","isPartOf":{"@id":"https:\/\/www.adstigre.com\/brasil\/#website"},"primaryImageOfPage":{"@id":"https:\/\/www.adstigre.com\/brasil\/produto\/tubo-de-pead-sanipro\/#primaryimage"},"image":{"@id":"https:\/\/www.adstigre.com\/brasil\/produto\/tubo-de-pead-sanipro\/#primaryimage"},"thumbnailUrl":"http:\/\/www.adstigre.com\/brasil\/wp-content\/uploads\/sites\/2\/2025\/06\/sanipro-banner.jpg","datePublished":"2024-05-09T12:56:39+00:00","dateModified":"2026-04-23T11:21:44+00:00","description":"Os tubos em PEAD ADS Tigre SaniPro\u00ae foram desenvolvidos para aplica\u00e7\u00e3o em esgoto sanit\u00e1rio e possuem maior rigidez","breadcrumb":{"@id":"https:\/\/www.adstigre.com\/brasil\/produto\/tubo-de-pead-sanipro\/#breadcrumb"},"inLanguage":"en-US","potentialAction":[{"@type":"ReadAction","target":["https:\/\/www.adstigre.com\/brasil\/produto\/tubo-de-pead-sanipro\/"]}]},{"@type":"ImageObject","inLanguage":"en-US","@id":"https:\/\/www.adstigre.com\/brasil\/produto\/tubo-de-pead-sanipro\/#primaryimage","url":"http:\/\/www.adstigre.com\/brasil\/wp-content\/uploads\/sites\/2\/2025\/06\/sanipro-banner.jpg","contentUrl":"http:\/\/www.adstigre.com\/brasil\/wp-content\/uploads\/sites\/2\/2025\/06\/sanipro-banner.jpg"},{"@type":"BreadcrumbList","@id":"https:\/\/www.adstigre.com\/brasil\/produto\/tubo-de-pead-sanipro\/#breadcrumb","itemListElement":[{"@type":"ListItem","position":1,"name":"In\u00edcio","item":"https:\/\/www.adstigre.com\/brasil\/"},{"@type":"ListItem","position":2,"name":"Produto","item":"https:\/\/www.adstigre.com\/brasil\/produto\/"},{"@type":"ListItem","position":3,"name":"SaniPro"}]},{"@type":"WebSite","@id":"https:\/\/www.adstigre.com\/brasil\/#website","url":"https:\/\/www.adstigre.com\/brasil\/","name":"ADS Tigre Brasil","description":"ADS Tigre - Uma Joint Venture entre a ADS e a Tigre","publisher":{"@id":"https:\/\/www.adstigre.com\/brasil\/#organization"},"potentialAction":[{"@type":"SearchAction","target":{"@type":"EntryPoint","urlTemplate":"https:\/\/www.adstigre.com\/brasil\/?s={search_term_string}"},"query-input":{"@type":"PropertyValueSpecification","valueRequired":true,"valueName":"search_term_string"}}],"inLanguage":"en-US"},{"@type":"Organization","@id":"https:\/\/www.adstigre.com\/brasil\/#organization","name":"ADS Tigre Brasil","url":"https:\/\/www.adstigre.com\/brasil\/","logo":{"@type":"ImageObject","inLanguage":"en-US","@id":"https:\/\/www.adstigre.com\/brasil\/#\/schema\/logo\/image\/","url":"https:\/\/www.adstigre.com\/brasil\/wp-content\/uploads\/sites\/2\/2024\/10\/marca-ADS-Tigre-1.png","contentUrl":"https:\/\/www.adstigre.com\/brasil\/wp-content\/uploads\/sites\/2\/2024\/10\/marca-ADS-Tigre-1.png","width":1318,"height":1317,"caption":"ADS Tigre Brasil"},"image":{"@id":"https:\/\/www.adstigre.com\/brasil\/#\/schema\/logo\/image\/"},"sameAs":["https:\/\/www.facebook.com\/TubosTigreAdsDoBrasil","https:\/\/www.instagram.com\/adstigredobrasil","https:\/\/www.linkedin.com\/company\/tigre-adsdobrasil\/"]}]}},"_links":{"self":[{"href":"https:\/\/www.adstigre.com\/brasil\/wp-json\/wp\/v2\/pages\/7857","targetHints":{"allow":["GET"]}}],"collection":[{"href":"https:\/\/www.adstigre.com\/brasil\/wp-json\/wp\/v2\/pages"}],"about":[{"href":"https:\/\/www.adstigre.com\/brasil\/wp-json\/wp\/v2\/types\/page"}],"author":[{"embeddable":true,"href":"https:\/\/www.adstigre.com\/brasil\/wp-json\/wp\/v2\/users\/15"}],"replies":[{"embeddable":true,"href":"https:\/\/www.adstigre.com\/brasil\/wp-json\/wp\/v2\/comments?post=7857"}],"version-history":[{"count":11,"href":"https:\/\/www.adstigre.com\/brasil\/wp-json\/wp\/v2\/pages\/7857\/revisions"}],"predecessor-version":[{"id":10578,"href":"https:\/\/www.adstigre.com\/brasil\/wp-json\/wp\/v2\/pages\/7857\/revisions\/10578"}],"up":[{"embeddable":true,"href":"https:\/\/www.adstigre.com\/brasil\/wp-json\/wp\/v2\/pages\/1929"}],"wp:attachment":[{"href":"https:\/\/www.adstigre.com\/brasil\/wp-json\/wp\/v2\/media?parent=7857"}],"wp:term":[{"taxonomy":"category","embeddable":true,"href":"https:\/\/www.adstigre.com\/brasil\/wp-json\/wp\/v2\/categories?post=7857"},{"taxonomy":"post_tag","embeddable":true,"href":"https:\/\/www.adstigre.com\/brasil\/wp-json\/wp\/v2\/tags?post=7857"}],"curies":[{"name":"wp","href":"https:\/\/api.w.org\/{rel}","templated":true}]}}