{"id":7854,"date":"2024-05-09T09:54:07","date_gmt":"2024-05-09T12:54:07","guid":{"rendered":"https:\/\/www.adstigre.com\/brasil\/?page_id=7854"},"modified":"2025-11-13T15:10:29","modified_gmt":"2025-11-13T18:10:29","slug":"unidade-de-qualidade-de-agua","status":"publish","type":"page","link":"https:\/\/www.adstigre.com\/brasil\/produto\/unidade-de-qualidade-de-agua\/","title":{"rendered":"UQA &#8211; Unidade Qualidade de \u00c1gua"},"content":{"rendered":"\n\n\t\t\t\t<img decoding=\"async\" src=\"http:\/\/www.adstigre.com\/brasil\/wp-content\/uploads\/sites\/2\/2025\/06\/uqa-banner.jpg\" alt=\"uqa-banner\" itemprop=\"image\" title=\"uqa-banner\" onerror=\"this.style.display='none'\"  \/>\n\t\t\tSobre o produto\n\t\t\t\t\t\t\t\t\t\t\t\n\t\t\t<p>As unidades de Qualidade de \u00c1gua da ADS Tigre s\u00e3o projetadas e fabricadas para atender \u00e0s especifica\u00e7\u00f5es da ASTM F2737 para a Qualidade do Polietileno Corrugado de Alta Densidade (PEAD) das Unidades de \u00c1gua.As UQAs foram desenvolvidas para a coleta e separa\u00e7\u00e3o das part\u00edculas de terra, areia, folhas, pap\u00e9is, \u00f3leos e qualquer elemento que possa ser arrastado gravitacionalmente para os coletores de \u00e1gua durante o primeiro fluxo de chuva, evitando o transporte de s\u00f3lidos e contaminantes at\u00e9 os coletores.A UQA tem um acesso na parte superior cuja fun\u00e7\u00e3o \u00e9 facilitar os trabalhos de manuten\u00e7\u00e3o e limpeza, garantindo a continuidade do funcionamento ao longo do tempo. Um sistema de by-pass \u00e9 instalado para evitar vaz\u00f5es de \u00e1gua superiores \u00e0 primeira descarga da ressuspens\u00e3o das part\u00edculas poluentes capturadas.Comprimento padr\u00e3o dispon\u00edvel de 6 ou 12 metros.Aplica\u00e7\u00e3o:\u00a0Sistema de remo\u00e7\u00e3o tanto para s\u00f3lidos suspensos totais (SST), bem como \u00f3leo e hidrocarbonetos em aeroportos, parques ferrovi\u00e1rios, parques comerciais, munic\u00edpios, condom\u00ednios, etc.<\/p>\t\t\n\t\t\t\t<img decoding=\"async\" src=\"http:\/\/www.adstigre.com\/brasil\/wp-content\/uploads\/sites\/2\/2025\/06\/uqa-img-01.jpg\" alt=\"uqa-img-01\" title=\"uqa-img-01\" itemprop=\"image\"  \/>\n\t\t\t\t\t\t<h3>Informa\u00e7\u00f5es T\u00e9cnicas<\/h3>\t\t\t\t\t\n\t\t\t<p><br \/>A unidade foi projetada empregando os princ\u00edpios fundamentais da Lei de Stokes e um controle padr\u00e3o de sa\u00edda de orif\u00edcio. A velocidade de sedimenta\u00e7\u00e3o de uma part\u00edcula \u00e9 calculada com base na menor part\u00edcula a ser removida. As unidades standard oferecem uma op\u00e7\u00e3o de remo\u00e7\u00e3o de tamanho de peneira 140 ou 200 (tamanhos de part\u00edcula de 106\u03bc e 75\u03bc, respectivamente).<br \/><br \/>O orif\u00edcio de sa\u00edda \u00e9 dimensionado para liberar uma t\u00edpica descarga de primeiro enx\u00e1gue e redirecionar qualquer vaz\u00e3o em excesso a um sistema de tubula\u00e7\u00e3o de deriva\u00e7\u00e3o instalado com a unidade.<\/p>\t\t\n\t\t\t\t\t\t\t\t\t\t\t\n\t\t\t<p>Todas as Unidades de Qualidade de \u00c1gua da ADS Tigre foram projetadas e fabricadas para atender \u00e0s especifi ca\u00e7\u00f5es da Norma <strong>ASTM F2737<\/strong>\u00a0para Unidades de Qualidade de \u00c1gua de Polietileno Corrugado de Alta Densidade (PEAD). A instala\u00e7\u00e3o das Unidades de Qualidade de \u00c1gua segue as mesmas pr\u00e1ticas aceitas para a instala\u00e7\u00e3o de tubos flex\u00edveis de grande di\u00e2metro.\u2028<strong>Dimens\u00f5es da mesa:<\/strong>\u00a0\u2028<br \/>900 mm, 1050 mm, 1200 mm e 1500 mm de comprimento de 6 ou 12 metros.<\/p>\t\t\n\t\t\t\t<img decoding=\"async\" src=\"http:\/\/www.adstigre.com\/brasil\/wp-content\/uploads\/sites\/2\/2025\/06\/tabela-uqa-01.png\" alt=\"tabela-uqa-01\" title=\"tabela-uqa-01\" itemprop=\"image\"  \/>\n\t\t\t<h3>V\u00eddeos relacionados<\/h3>\t\t\t\n\t\t\t\t\t<a href=\"https:\/\/www.youtube.com\/watch?v=IJFwfR_QpAg\" aria-label=\"uabb-video-gallery\" data-fancybox=\"uabb-video-gallery\" data-url=\"https:\/\/www.youtube.com\/embed\/IJFwfR_QpAg?autoplay=1&#038;version=3&#038;enablejsapi=1\"class=\"uabb-video-gallery-fancybox uabb-vg__play_full \">\t\t\t\t\t\t\n\t\t\t\t\t<\/a>\t\t\t\t\n\t\t\t<h3>Downloads<\/h3>\t\t\t\n\t<form autocomplete=\"off\" name=\"wpv-filter-3534-CATTR526c8eebfde699935e4c6ab97b2108a0\" action=\"\/brasil\/wp-json\/wp\/v2\/pages\/7854?wpv_view_count=3534-CATTR526c8eebfde699935e4c6ab97b2108a0\" method=\"get\" class=\"wpv-filter-form js-wpv-filter-form js-wpv-filter-form-3534-CATTR526c8eebfde699935e4c6ab97b2108a0 js-wpv-form-full\" data-viewnumber=\"3534-CATTR526c8eebfde699935e4c6ab97b2108a0\" data-viewid=\"3534\" data-viewhash=\"eyJuYW1lIjoiZG93bmxvYWRzLXByb2R1dG9zIiwicHJvZHV0byI6InVuaWRhZGVzLWRlLXF1YWxpZGFkZS1kYS1hZ3VhcyJ9\" data-viewwidgetid=\"0\" data-orderby=\"\" data-order=\"\" data-orderbyas=\"\" data-orderbysecond=\"\" data-ordersecond=\"\" data-parametric=\"{&quot;query&quot;:&quot;normal&quot;,&quot;id&quot;:&quot;3534&quot;,&quot;view_id&quot;:&quot;3534&quot;,&quot;widget_id&quot;:0,&quot;view_hash&quot;:&quot;3534-CATTR526c8eebfde699935e4c6ab97b2108a0&quot;,&quot;action&quot;:&quot;\\\/brasil\\\/wp-json\\\/wp\\\/v2\\\/pages\\\/7854?wpv_view_count=3534-CATTR526c8eebfde699935e4c6ab97b2108a0&quot;,&quot;sort&quot;:{&quot;orderby&quot;:&quot;&quot;,&quot;order&quot;:&quot;&quot;,&quot;orderby_as&quot;:&quot;&quot;,&quot;orderby_second&quot;:&quot;&quot;,&quot;order_second&quot;:&quot;&quot;},&quot;orderby&quot;:&quot;&quot;,&quot;order&quot;:&quot;&quot;,&quot;orderby_as&quot;:&quot;&quot;,&quot;orderby_second&quot;:&quot;&quot;,&quot;order_second&quot;:&quot;&quot;,&quot;ajax_form&quot;:&quot;&quot;,&quot;ajax_results&quot;:&quot;&quot;,&quot;effect&quot;:&quot;fade&quot;,&quot;prebefore&quot;:&quot;&quot;,&quot;before&quot;:&quot;&quot;,&quot;after&quot;:&quot;&quot;,&quot;attributes&quot;:{&quot;produto&quot;:&quot;unidades-de-qualidade-da-aguas&quot;},&quot;environment&quot;:{&quot;current_post_id&quot;:7854,&quot;parent_post_id&quot;:7854,&quot;parent_term_id&quot;:0,&quot;parent_user_id&quot;:0,&quot;archive&quot;:{&quot;type&quot;:&quot;&quot;,&quot;name&quot;:&quot;&quot;,&quot;data&quot;:[]}},&quot;loop&quot;:{&quot;type&quot;:&quot;&quot;,&quot;name&quot;:&quot;&quot;,&quot;data&quot;:[],&quot;id&quot;:0}}\" data-attributes=\"{&quot;produto&quot;:&quot;unidades-de-qualidade-da-aguas&quot;}\" data-environment=\"{&quot;current_post_id&quot;:7854,&quot;parent_post_id&quot;:7854,&quot;parent_term_id&quot;:0,&quot;parent_user_id&quot;:0,&quot;archive&quot;:{&quot;type&quot;:&quot;&quot;,&quot;name&quot;:&quot;&quot;,&quot;data&quot;:[]}}\"><input type=\"hidden\" class=\"js-wpv-dps-filter-data js-wpv-filter-data-for-this-form\" data-action=\"\/brasil\/wp-json\/wp\/v2\/pages\/7854?wpv_view_count=3534-CATTR526c8eebfde699935e4c6ab97b2108a0\" data-page=\"1\" data-ajax=\"disable\" data-effect=\"fade\" data-maxpages=\"1\" data-ajaxprebefore=\"\" data-ajaxbefore=\"\" data-ajaxafter=\"\" \/><input class=\"wpv_view_count wpv_view_count-3534-CATTR526c8eebfde699935e4c6ab97b2108a0\" type=\"hidden\" name=\"wpv_view_count\" value=\"3534-CATTR526c8eebfde699935e4c6ab97b2108a0\" \/>\n\n<\/form>\n<div id=\"wpv-view-layout-3534-CATTR526c8eebfde699935e4c6ab97b2108a0\" class=\"js-wpv-view-layout js-wpv-layout-responsive js-wpv-view-layout-3534-CATTR526c8eebfde699935e4c6ab97b2108a0\" data-viewnumber=\"3534-CATTR526c8eebfde699935e4c6ab97b2108a0\" data-pagination=\"{&quot;id&quot;:&quot;3534&quot;,&quot;query&quot;:&quot;normal&quot;,&quot;type&quot;:&quot;paged&quot;,&quot;effect&quot;:&quot;fade&quot;,&quot;duration&quot;:500,&quot;speed&quot;:5,&quot;pause_on_hover&quot;:&quot;disabled&quot;,&quot;stop_rollover&quot;:&quot;false&quot;,&quot;cache_pages&quot;:&quot;enabled&quot;,&quot;preload_images&quot;:&quot;enabled&quot;,&quot;preload_pages&quot;:&quot;enabled&quot;,&quot;preload_reach&quot;:1,&quot;spinner&quot;:&quot;builtin&quot;,&quot;spinner_image&quot;:&quot;&quot;,&quot;callback_next&quot;:&quot;&quot;,&quot;manage_history&quot;:&quot;enabled&quot;,&quot;has_controls_in_form&quot;:&quot;disabled&quot;,&quot;infinite_tolerance&quot;:0,&quot;max_pages&quot;:1,&quot;page&quot;:1,&quot;base_permalink&quot;:&quot;\/brasil\/wp-json\/wp\/v2\/pages\/7854?wpv_view_count=3534-CATTR526c8eebfde699935e4c6ab97b2108a0&amp;wpv_paged=WPV_PAGE_NUM&quot;,&quot;loop&quot;:{&quot;type&quot;:&quot;&quot;,&quot;name&quot;:&quot;&quot;,&quot;data&quot;:[],&quot;id&quot;:0}}\" data-permalink=\"\/brasil\/wp-json\/wp\/v2\/pages\/7854?wpv_view_count=3534-CATTR526c8eebfde699935e4c6ab97b2108a0\">\n\n\t\n\t\n\t\n\t\t\n\t\t<div class=\"row \">\n\t\t\t<div class=\"col-md-12\">\n<hr style=\"height: 1px; color: #7dc200;\">\n<p>\n<strong>NT 2.02A &#8211; Recomenda\u00e7\u00f5es para Inspe\u00e7\u00e3o e manuten\u00e7\u00e3o de Unidade de Qualidade de \u00c1gua (UQA)<\/strong><br>\n\n<a href=\"http:\/\/www.adstigre.com\/brasil\/wp-content\/uploads\/sites\/2\/2025\/04\/NT-2.02A-Unidade-de-Qualidade-de-Agua-Limpeza-e-Manutencao.pdf\" target=\"_blank\" role=\"button\" rel=\"noopener\" style=\"color: #7dc200;\"><i class=\"fas fa-angle-double-down\"><\/i> BAIXAR<\/a>\n<\/p>\n<\/div>\n\t\t<\/div>\n\t\t\n\t\t\n\t\t<div class=\"row \">\n\t\t\t<div class=\"col-md-12\">\n<hr style=\"height: 1px; color: #7dc200;\">\n<p>\n<strong>NT 1.04 -Teste das Unidades de Qualidade de \u00c1guas Pluviais (UQA)<\/strong><br>\n\n<a href=\"http:\/\/www.adstigre.com\/brasil\/wp-content\/uploads\/sites\/2\/2025\/04\/NT-1.04-Teste-das-Unidades-de-Qualidade-de-Aguas-Pluviais-UQA.pdf\" target=\"_blank\" role=\"button\" rel=\"noopener\" style=\"color: #7dc200;\"><i class=\"fas fa-angle-double-down\"><\/i> BAIXAR<\/a>\n<\/p>\n<\/div>\n\t\t<\/div>\n\t\t\n\t\t\n\t\t<div class=\"row \">\n\t\t\t<div class=\"col-md-12\">\n<hr style=\"height: 1px; color: #7dc200;\">\n<p>\n<strong>NT 1.03 &#8211; Unidades de Qualidade de \u00c1guas Pluviais<\/strong><br>\n\n<a href=\"http:\/\/www.adstigre.com\/brasil\/wp-content\/uploads\/sites\/2\/2025\/04\/NT-1.03-Unidades-de-Qualidade-de-Aguas-Pluviais.pdf\" target=\"_blank\" role=\"button\" rel=\"noopener\" style=\"color: #7dc200;\"><i class=\"fas fa-angle-double-down\"><\/i> BAIXAR<\/a>\n<\/p>\n<\/div>\n\t\t<\/div>\n\t\t\n\t\t\n\t\t<div class=\"row \">\n\t\t\t<div class=\"col-md-12\">\n<hr style=\"height: 1px; color: #7dc200;\">\n<p>\n<strong>Folder Produtos &#8211; Solu\u00e7\u00f5es para Drenagem Pluvial e Esgoto Sanit\u00e1rio<\/strong><br>\n\n<a href=\"http:\/\/www.adstigre.com\/brasil\/wp-content\/uploads\/sites\/2\/2021\/03\/solucao-drenagem-pluvial-e-esgoto-2026-2.pdf\" target=\"_blank\" role=\"button\" rel=\"noopener\" style=\"color: #7dc200;\"><i class=\"fas fa-angle-double-down\"><\/i> BAIXAR<\/a>\n<\/p>\n<\/div>\n\t\t<\/div>\n\t\t\n<ul class=\"pagination\">\n\t<li class=\"page-item\"><\/li>\n\t<li class=\"page-item\"><\/li>\n<\/ul>\n\t\n\t\n\t\n<\/div>\n\n\n\n","protected":false},"excerpt":{"rendered":"<p>Sobre o produto As unidades de Qualidade de \u00c1gua da [&hellip;]<\/p>\n","protected":false},"author":15,"featured_media":0,"parent":1929,"menu_order":0,"comment_status":"closed","ping_status":"closed","template":"","meta":{"_monsterinsights_skip_tracking":false,"_monsterinsights_sitenote_active":false,"_monsterinsights_sitenote_note":"","_monsterinsights_sitenote_category":0,"site-sidebar-layout":"default","site-content-layout":"","ast-site-content-layout":"default","site-content-style":"default","site-sidebar-style":"default","ast-global-header-display":"","ast-banner-title-visibility":"","ast-main-header-display":"","ast-hfb-above-header-display":"","ast-hfb-below-header-display":"","ast-hfb-mobile-header-display":"","site-post-title":"disabled","ast-breadcrumbs-content":"","ast-featured-img":"","footer-sml-layout":"","ast-disable-related-posts":"","theme-transparent-header-meta":"","adv-header-id-meta":"","stick-header-meta":"","header-above-stick-meta":"","header-main-stick-meta":"","header-below-stick-meta":"","astra-migrate-meta-layouts":"set","ast-page-background-enabled":"default","ast-page-background-meta":{"desktop":{"background-color":"","background-image":"","background-repeat":"repeat","background-position":"center center","background-size":"auto","background-attachment":"scroll","background-type":"","background-media":"","overlay-type":"","overlay-color":"","overlay-opacity":"","overlay-gradient":""},"tablet":{"background-color":"","background-image":"","background-repeat":"repeat","background-position":"center center","background-size":"auto","background-attachment":"scroll","background-type":"","background-media":"","overlay-type":"","overlay-color":"","overlay-opacity":"","overlay-gradient":""},"mobile":{"background-color":"","background-image":"","background-repeat":"repeat","background-position":"center center","background-size":"auto","background-attachment":"scroll","background-type":"","background-media":"","overlay-type":"","overlay-color":"","overlay-opacity":"","overlay-gradient":""}},"ast-content-background-meta":{"desktop":{"background-color":"var(--ast-global-color-5)","background-image":"","background-repeat":"repeat","background-position":"center center","background-size":"auto","background-attachment":"scroll","background-type":"","background-media":"","overlay-type":"","overlay-color":"","overlay-opacity":"","overlay-gradient":""},"tablet":{"background-color":"var(--ast-global-color-5)","background-image":"","background-repeat":"repeat","background-position":"center center","background-size":"auto","background-attachment":"scroll","background-type":"","background-media":"","overlay-type":"","overlay-color":"","overlay-opacity":"","overlay-gradient":""},"mobile":{"background-color":"var(--ast-global-color-5)","background-image":"","background-repeat":"repeat","background-position":"center center","background-size":"auto","background-attachment":"scroll","background-type":"","background-media":"","overlay-type":"","overlay-color":"","overlay-opacity":"","overlay-gradient":""}},"footnotes":""},"categories":[],"tags":[156],"class_list":["post-7854","page","type-page","status-publish","hentry","tag-v2"],"yoast_head":"<!-- This site is optimized with the Yoast SEO plugin v27.4 - https:\/\/yoast.com\/product\/yoast-seo-wordpress\/ -->\n<title>UQA - Unidade Qualidade de \u00c1gua - ADS Tigre Brasil<\/title>\n<meta name=\"description\" content=\"As Unidades de Qualidade de \u00c1gua servem para a coleta e separa\u00e7\u00e3o de impurezas na \u00e1gua, evitando o transporte de s\u00f3lidos e contaminantes\" \/>\n<meta name=\"robots\" content=\"index, follow, max-snippet:-1, max-image-preview:large, max-video-preview:-1\" \/>\n<link rel=\"canonical\" href=\"http:\/\/www.adstigre.com\/brasil\/produto\/unidade-de-qualidade-de-agua\/\" \/>\n<meta property=\"og:locale\" content=\"en_US\" \/>\n<meta property=\"og:type\" content=\"article\" \/>\n<meta property=\"og:title\" content=\"UQA - Unidade Qualidade de \u00c1gua - ADS Tigre Brasil\" \/>\n<meta property=\"og:description\" content=\"As Unidades de Qualidade de \u00c1gua servem para a coleta e separa\u00e7\u00e3o de impurezas na \u00e1gua, evitando o transporte de s\u00f3lidos e contaminantes\" \/>\n<meta property=\"og:url\" content=\"http:\/\/www.adstigre.com\/brasil\/produto\/unidade-de-qualidade-de-agua\/\" \/>\n<meta property=\"og:site_name\" content=\"ADS Tigre Brasil\" \/>\n<meta property=\"article:publisher\" content=\"https:\/\/www.facebook.com\/TubosTigreAdsDoBrasil\" \/>\n<meta property=\"article:modified_time\" content=\"2025-11-13T18:10:29+00:00\" \/>\n<meta property=\"og:image\" content=\"http:\/\/www.adstigre.com\/brasil\/wp-content\/uploads\/sites\/2\/2025\/06\/uqa-banner.jpg\" \/>\n<meta name=\"twitter:card\" content=\"summary_large_image\" \/>\n<meta name=\"twitter:label1\" content=\"Est. reading time\" \/>\n\t<meta name=\"twitter:data1\" content=\"3 minutes\" \/>\n<script type=\"application\/ld+json\" class=\"yoast-schema-graph\">{\"@context\":\"https:\\\/\\\/schema.org\",\"@graph\":[{\"@type\":\"WebPage\",\"@id\":\"http:\\\/\\\/www.adstigre.com\\\/brasil\\\/produto\\\/unidade-de-qualidade-de-agua\\\/\",\"url\":\"http:\\\/\\\/www.adstigre.com\\\/brasil\\\/produto\\\/unidade-de-qualidade-de-agua\\\/\",\"name\":\"UQA - Unidade Qualidade de \u00c1gua - ADS Tigre Brasil\",\"isPartOf\":{\"@id\":\"https:\\\/\\\/www.adstigre.com\\\/brasil\\\/#website\"},\"primaryImageOfPage\":{\"@id\":\"http:\\\/\\\/www.adstigre.com\\\/brasil\\\/produto\\\/unidade-de-qualidade-de-agua\\\/#primaryimage\"},\"image\":{\"@id\":\"http:\\\/\\\/www.adstigre.com\\\/brasil\\\/produto\\\/unidade-de-qualidade-de-agua\\\/#primaryimage\"},\"thumbnailUrl\":\"http:\\\/\\\/www.adstigre.com\\\/brasil\\\/wp-content\\\/uploads\\\/sites\\\/2\\\/2025\\\/06\\\/uqa-banner.jpg\",\"datePublished\":\"2024-05-09T12:54:07+00:00\",\"dateModified\":\"2025-11-13T18:10:29+00:00\",\"description\":\"As Unidades de Qualidade de \u00c1gua servem para a coleta e separa\u00e7\u00e3o de impurezas na \u00e1gua, evitando o transporte de s\u00f3lidos e contaminantes\",\"breadcrumb\":{\"@id\":\"http:\\\/\\\/www.adstigre.com\\\/brasil\\\/produto\\\/unidade-de-qualidade-de-agua\\\/#breadcrumb\"},\"inLanguage\":\"en-US\",\"potentialAction\":[{\"@type\":\"ReadAction\",\"target\":[\"http:\\\/\\\/www.adstigre.com\\\/brasil\\\/produto\\\/unidade-de-qualidade-de-agua\\\/\"]}]},{\"@type\":\"ImageObject\",\"inLanguage\":\"en-US\",\"@id\":\"http:\\\/\\\/www.adstigre.com\\\/brasil\\\/produto\\\/unidade-de-qualidade-de-agua\\\/#primaryimage\",\"url\":\"http:\\\/\\\/www.adstigre.com\\\/brasil\\\/wp-content\\\/uploads\\\/sites\\\/2\\\/2025\\\/06\\\/uqa-banner.jpg\",\"contentUrl\":\"http:\\\/\\\/www.adstigre.com\\\/brasil\\\/wp-content\\\/uploads\\\/sites\\\/2\\\/2025\\\/06\\\/uqa-banner.jpg\"},{\"@type\":\"BreadcrumbList\",\"@id\":\"http:\\\/\\\/www.adstigre.com\\\/brasil\\\/produto\\\/unidade-de-qualidade-de-agua\\\/#breadcrumb\",\"itemListElement\":[{\"@type\":\"ListItem\",\"position\":1,\"name\":\"In\u00edcio\",\"item\":\"https:\\\/\\\/www.adstigre.com\\\/brasil\\\/\"},{\"@type\":\"ListItem\",\"position\":2,\"name\":\"Produto\",\"item\":\"http:\\\/\\\/www.adstigre.com\\\/brasil\\\/produto\\\/\"},{\"@type\":\"ListItem\",\"position\":3,\"name\":\"UQA &#8211; Unidade Qualidade de \u00c1gua\"}]},{\"@type\":\"WebSite\",\"@id\":\"https:\\\/\\\/www.adstigre.com\\\/brasil\\\/#website\",\"url\":\"https:\\\/\\\/www.adstigre.com\\\/brasil\\\/\",\"name\":\"ADS Tigre Brasil\",\"description\":\"ADS Tigre - Uma Joint Venture entre a ADS e a Tigre\",\"publisher\":{\"@id\":\"https:\\\/\\\/www.adstigre.com\\\/brasil\\\/#organization\"},\"potentialAction\":[{\"@type\":\"SearchAction\",\"target\":{\"@type\":\"EntryPoint\",\"urlTemplate\":\"https:\\\/\\\/www.adstigre.com\\\/brasil\\\/?s={search_term_string}\"},\"query-input\":{\"@type\":\"PropertyValueSpecification\",\"valueRequired\":true,\"valueName\":\"search_term_string\"}}],\"inLanguage\":\"en-US\"},{\"@type\":\"Organization\",\"@id\":\"https:\\\/\\\/www.adstigre.com\\\/brasil\\\/#organization\",\"name\":\"ADS Tigre Brasil\",\"url\":\"https:\\\/\\\/www.adstigre.com\\\/brasil\\\/\",\"logo\":{\"@type\":\"ImageObject\",\"inLanguage\":\"en-US\",\"@id\":\"https:\\\/\\\/www.adstigre.com\\\/brasil\\\/#\\\/schema\\\/logo\\\/image\\\/\",\"url\":\"https:\\\/\\\/www.adstigre.com\\\/brasil\\\/wp-content\\\/uploads\\\/sites\\\/2\\\/2024\\\/10\\\/marca-ADS-Tigre-1.png\",\"contentUrl\":\"https:\\\/\\\/www.adstigre.com\\\/brasil\\\/wp-content\\\/uploads\\\/sites\\\/2\\\/2024\\\/10\\\/marca-ADS-Tigre-1.png\",\"width\":1318,\"height\":1317,\"caption\":\"ADS Tigre Brasil\"},\"image\":{\"@id\":\"https:\\\/\\\/www.adstigre.com\\\/brasil\\\/#\\\/schema\\\/logo\\\/image\\\/\"},\"sameAs\":[\"https:\\\/\\\/www.facebook.com\\\/TubosTigreAdsDoBrasil\",\"https:\\\/\\\/www.instagram.com\\\/adstigredobrasil\",\"https:\\\/\\\/www.linkedin.com\\\/company\\\/tigre-adsdobrasil\\\/\"]}]}<\/script>\n<!-- \/ Yoast SEO plugin. -->","yoast_head_json":{"title":"UQA - Unidade Qualidade de \u00c1gua - ADS Tigre Brasil","description":"As Unidades de Qualidade de \u00c1gua servem para a coleta e separa\u00e7\u00e3o de impurezas na \u00e1gua, evitando o transporte de s\u00f3lidos e contaminantes","robots":{"index":"index","follow":"follow","max-snippet":"max-snippet:-1","max-image-preview":"max-image-preview:large","max-video-preview":"max-video-preview:-1"},"canonical":"http:\/\/www.adstigre.com\/brasil\/produto\/unidade-de-qualidade-de-agua\/","og_locale":"en_US","og_type":"article","og_title":"UQA - Unidade Qualidade de \u00c1gua - ADS Tigre Brasil","og_description":"As Unidades de Qualidade de \u00c1gua servem para a coleta e separa\u00e7\u00e3o de impurezas na \u00e1gua, evitando o transporte de s\u00f3lidos e contaminantes","og_url":"http:\/\/www.adstigre.com\/brasil\/produto\/unidade-de-qualidade-de-agua\/","og_site_name":"ADS Tigre Brasil","article_publisher":"https:\/\/www.facebook.com\/TubosTigreAdsDoBrasil","article_modified_time":"2025-11-13T18:10:29+00:00","og_image":[{"url":"http:\/\/www.adstigre.com\/brasil\/wp-content\/uploads\/sites\/2\/2025\/06\/uqa-banner.jpg","type":"","width":"","height":""}],"twitter_card":"summary_large_image","twitter_misc":{"Est. reading time":"3 minutes"},"schema":{"@context":"https:\/\/schema.org","@graph":[{"@type":"WebPage","@id":"http:\/\/www.adstigre.com\/brasil\/produto\/unidade-de-qualidade-de-agua\/","url":"http:\/\/www.adstigre.com\/brasil\/produto\/unidade-de-qualidade-de-agua\/","name":"UQA - Unidade Qualidade de \u00c1gua - ADS Tigre Brasil","isPartOf":{"@id":"https:\/\/www.adstigre.com\/brasil\/#website"},"primaryImageOfPage":{"@id":"http:\/\/www.adstigre.com\/brasil\/produto\/unidade-de-qualidade-de-agua\/#primaryimage"},"image":{"@id":"http:\/\/www.adstigre.com\/brasil\/produto\/unidade-de-qualidade-de-agua\/#primaryimage"},"thumbnailUrl":"http:\/\/www.adstigre.com\/brasil\/wp-content\/uploads\/sites\/2\/2025\/06\/uqa-banner.jpg","datePublished":"2024-05-09T12:54:07+00:00","dateModified":"2025-11-13T18:10:29+00:00","description":"As Unidades de Qualidade de \u00c1gua servem para a coleta e separa\u00e7\u00e3o de impurezas na \u00e1gua, evitando o transporte de s\u00f3lidos e contaminantes","breadcrumb":{"@id":"http:\/\/www.adstigre.com\/brasil\/produto\/unidade-de-qualidade-de-agua\/#breadcrumb"},"inLanguage":"en-US","potentialAction":[{"@type":"ReadAction","target":["http:\/\/www.adstigre.com\/brasil\/produto\/unidade-de-qualidade-de-agua\/"]}]},{"@type":"ImageObject","inLanguage":"en-US","@id":"http:\/\/www.adstigre.com\/brasil\/produto\/unidade-de-qualidade-de-agua\/#primaryimage","url":"http:\/\/www.adstigre.com\/brasil\/wp-content\/uploads\/sites\/2\/2025\/06\/uqa-banner.jpg","contentUrl":"http:\/\/www.adstigre.com\/brasil\/wp-content\/uploads\/sites\/2\/2025\/06\/uqa-banner.jpg"},{"@type":"BreadcrumbList","@id":"http:\/\/www.adstigre.com\/brasil\/produto\/unidade-de-qualidade-de-agua\/#breadcrumb","itemListElement":[{"@type":"ListItem","position":1,"name":"In\u00edcio","item":"https:\/\/www.adstigre.com\/brasil\/"},{"@type":"ListItem","position":2,"name":"Produto","item":"http:\/\/www.adstigre.com\/brasil\/produto\/"},{"@type":"ListItem","position":3,"name":"UQA &#8211; Unidade Qualidade de \u00c1gua"}]},{"@type":"WebSite","@id":"https:\/\/www.adstigre.com\/brasil\/#website","url":"https:\/\/www.adstigre.com\/brasil\/","name":"ADS Tigre Brasil","description":"ADS Tigre - Uma Joint Venture entre a ADS e a Tigre","publisher":{"@id":"https:\/\/www.adstigre.com\/brasil\/#organization"},"potentialAction":[{"@type":"SearchAction","target":{"@type":"EntryPoint","urlTemplate":"https:\/\/www.adstigre.com\/brasil\/?s={search_term_string}"},"query-input":{"@type":"PropertyValueSpecification","valueRequired":true,"valueName":"search_term_string"}}],"inLanguage":"en-US"},{"@type":"Organization","@id":"https:\/\/www.adstigre.com\/brasil\/#organization","name":"ADS Tigre Brasil","url":"https:\/\/www.adstigre.com\/brasil\/","logo":{"@type":"ImageObject","inLanguage":"en-US","@id":"https:\/\/www.adstigre.com\/brasil\/#\/schema\/logo\/image\/","url":"https:\/\/www.adstigre.com\/brasil\/wp-content\/uploads\/sites\/2\/2024\/10\/marca-ADS-Tigre-1.png","contentUrl":"https:\/\/www.adstigre.com\/brasil\/wp-content\/uploads\/sites\/2\/2024\/10\/marca-ADS-Tigre-1.png","width":1318,"height":1317,"caption":"ADS Tigre Brasil"},"image":{"@id":"https:\/\/www.adstigre.com\/brasil\/#\/schema\/logo\/image\/"},"sameAs":["https:\/\/www.facebook.com\/TubosTigreAdsDoBrasil","https:\/\/www.instagram.com\/adstigredobrasil","https:\/\/www.linkedin.com\/company\/tigre-adsdobrasil\/"]}]}},"_links":{"self":[{"href":"https:\/\/www.adstigre.com\/brasil\/wp-json\/wp\/v2\/pages\/7854","targetHints":{"allow":["GET"]}}],"collection":[{"href":"https:\/\/www.adstigre.com\/brasil\/wp-json\/wp\/v2\/pages"}],"about":[{"href":"https:\/\/www.adstigre.com\/brasil\/wp-json\/wp\/v2\/types\/page"}],"author":[{"embeddable":true,"href":"https:\/\/www.adstigre.com\/brasil\/wp-json\/wp\/v2\/users\/15"}],"replies":[{"embeddable":true,"href":"https:\/\/www.adstigre.com\/brasil\/wp-json\/wp\/v2\/comments?post=7854"}],"version-history":[{"count":3,"href":"https:\/\/www.adstigre.com\/brasil\/wp-json\/wp\/v2\/pages\/7854\/revisions"}],"predecessor-version":[{"id":10417,"href":"https:\/\/www.adstigre.com\/brasil\/wp-json\/wp\/v2\/pages\/7854\/revisions\/10417"}],"up":[{"embeddable":true,"href":"https:\/\/www.adstigre.com\/brasil\/wp-json\/wp\/v2\/pages\/1929"}],"wp:attachment":[{"href":"https:\/\/www.adstigre.com\/brasil\/wp-json\/wp\/v2\/media?parent=7854"}],"wp:term":[{"taxonomy":"category","embeddable":true,"href":"https:\/\/www.adstigre.com\/brasil\/wp-json\/wp\/v2\/categories?post=7854"},{"taxonomy":"post_tag","embeddable":true,"href":"https:\/\/www.adstigre.com\/brasil\/wp-json\/wp\/v2\/tags?post=7854"}],"curies":[{"name":"wp","href":"https:\/\/api.w.org\/{rel}","templated":true}]}}