{"id":2135,"date":"2020-06-28T18:27:36","date_gmt":"2020-06-28T21:27:36","guid":{"rendered":"https:\/\/www.tigre-ads.com\/brasil\/?page_id=2135"},"modified":"2025-05-13T10:03:01","modified_gmt":"2025-05-13T13:03:01","slug":"aplicacoes","status":"publish","type":"page","link":"https:\/\/www.adstigre.com\/brasil\/aplicacoes\/","title":{"rendered":"Aplica\u00e7\u00f5es"},"content":{"rendered":"\n\n\t\t\t<h1>APLICA\u00c7\u00d5ES RESILIENTES<\/h1>\t\t\t\n\t<h3>A Resili\u00eancia \u00e9 a habilidade de se adaptar e se recuperar efetivamente de eventos adversos, como desafios do dia a dia ou condi\u00e7\u00f5es clim\u00e1ticas severas. Na ADS TIGRE temos orgulho de estar na linha de frente da <strong>resili\u00eancia <\/strong>e da <strong>sustentabilidade<\/strong>.<\/h3>\n\t<p>A resili\u00eancia torna-se cada vez mais crucial em um mundo marcado por eventos clim\u00e1ticos extremos e mudan\u00e7as ambientais. No mercado de drenagem pluvial, esta quest\u00e3o ganha destaque, pois a gest\u00e3o eficiente das \u00e1guas pluviais \u00e9 fundamental para mitigar os impactos das chuvas intensas e das inunda\u00e7\u00f5es. Com o aquecimento global contribuindo para a instabilidade do clima, \u00e9 vital que as solu\u00e7\u00f5es de drenagem estejam integradas a uma abordagem sustent\u00e1vel, considerando tamb\u00e9m o tratamento de esgoto sanit\u00e1rio e os desafios de cada aplica\u00e7\u00e3o.<\/p>\n<p>As consequ\u00eancias das mudan\u00e7as clim\u00e1ticas, como a polui\u00e7\u00e3o e o aumento da frequ\u00eancia de desastres naturais, demandam inova\u00e7\u00f5es que possibilitem uma resposta r\u00e1pida e eficaz. Nesse contexto, os produtos oferecidos pela ADS TIGRE se destacam por sua capacidade de promover tanto a resili\u00eancia quanto a sustentabilidade. Eles n\u00e3o apenas atendem \u00e0s necessidades imediatas de manejo das \u00e1guas pluviais, mas tamb\u00e9m fazem parte de uma estrat\u00e9gia mais ampla que contempla a preserva\u00e7\u00e3o ambiental.<\/p>\n<p>Assim, ao desenvolver solu\u00e7\u00f5es para a drenagem pluvial, \u00e9 essencial que olhemos para o futuro. A integra\u00e7\u00e3o dessas solu\u00e7\u00f5es com a\u00e7\u00f5es de adapta\u00e7\u00e3o \u00e0s mudan\u00e7as clim\u00e1ticas, visando reduzir o impacto ambiental, deve ser uma prioridade para promover um desenvolvimento verdadeiramente sustent\u00e1vel.<\/p>\n<h2>\n\t\tAplica\u00e7\u00f5es\n\t<\/h2>\n\t<p>A resili\u00eancia \u00e9 essencial no mercado de infraestrutura, integrando solu\u00e7\u00f5es sustent\u00e1veis para enfrentar eventos clim\u00e1ticos extremos e as consequ\u00eancias das mudan\u00e7as clim\u00e1ticas. Os produtos da ADS TIGRE, com um amplo portf\u00f3lio que permite atender diferentes projetos com maior produtividade, seguran\u00e7a e economia. Confira abaixo:<\/p>\n        \t<a href=\"https:\/\/www.adstigre.com\/brasil\/aplicacoes\/drenagem-pluvial\/\" target=\"_self\">            \n\t\t\t\t\t\t<img decoding=\"async\" src=\"http:\/\/www.adstigre.com\/brasil\/wp-content\/uploads\/sites\/2\/2025\/05\/drenagem-pluvial-br.jpg\" alt=\"DRENAGEM PLUVIAL\" data-no-lazy=\"1\" \/>\t\t\t\t\t\n                            <p>DRENAGEM PLUVIAL<\/p>\n            <\/a>\t\t\n        \t<a href=\"https:\/\/www.adstigre.com\/brasil\/aplicacoes\/esgoto-sanitario\/\" target=\"_self\">            \n\t\t\t\t\t\t<img decoding=\"async\" src=\"http:\/\/www.adstigre.com\/brasil\/wp-content\/uploads\/sites\/2\/2025\/05\/esgoto-sanitario-br.jpg\" alt=\"ESGOTO SANIT\u00c1RIO\" data-no-lazy=\"1\" \/>\t\t\t\t\t\n                            <p>ESGOTO SANIT\u00c1RIO<\/p>\n            <\/a>\t\t\n        \t<a href=\"https:\/\/www.adstigre.com\/brasil\/aplicacoes\/detencao-retencao\/\" target=\"_self\">            \n\t\t\t\t\t\t<img decoding=\"async\" src=\"http:\/\/www.adstigre.com\/brasil\/wp-content\/uploads\/sites\/2\/2025\/05\/retencao-detencao-br.jpg\" alt=\"DETEN\u00c7\u00c3O \/ RETEN\u00c7\u00c3O\" data-no-lazy=\"1\" \/>\t\t\t\t\t\n                            <p>DETEN\u00c7\u00c3O \/ RETEN\u00c7\u00c3O<\/p>\n            <\/a>\t\t\n        \t<a href=\"https:\/\/www.adstigre.com\/brasil\/aplicacoes\/sistema-de-qualidade-das-aguas\/\" target=\"_self\">            \n\t\t\t\t\t\t<img decoding=\"async\" src=\"http:\/\/www.adstigre.com\/brasil\/wp-content\/uploads\/sites\/2\/2025\/05\/sistema-qualidade-agua-br.jpg\" alt=\"SISTEMA DE UNIDADE \"UQA\"\" data-no-lazy=\"1\" \/>\t\t\t\t\t\n                            <p>SISTEMA DE UNIDADE &#8220;UQA&#8221;<\/p>\n            <\/a>\t\t\n        \t<a href=\"https:\/\/www.adstigre.com\/brasil\/aplicacoes\/rodovias\/\" target=\"_self\">            \n\t\t\t\t\t\t<img decoding=\"async\" src=\"http:\/\/www.adstigre.com\/brasil\/wp-content\/uploads\/sites\/2\/2025\/05\/rodovias-br.jpg\" alt=\"RODOVIAS\" data-no-lazy=\"1\" \/>\t\t\t\t\t\n                            <p>RODOVIAS<\/p>\n            <\/a>\t\t\n        \t<a href=\"https:\/\/www.adstigre.com\/brasil\/aplicacoes\/aeroportos\/\" target=\"_self\">            \n\t\t\t\t\t\t<img decoding=\"async\" src=\"http:\/\/www.adstigre.com\/brasil\/wp-content\/uploads\/sites\/2\/2025\/05\/aeroportos-br.jpg\" alt=\"AEROPORTOS\" data-no-lazy=\"1\" \/>\t\t\t\t\t\n                            <p>AEROPORTOS<\/p>\n            <\/a>\t\t\n        \t<a href=\"https:\/\/www.adstigre.com\/brasil\/aplicacoes\/ferrovias\/\" target=\"_self\">            \n\t\t\t\t\t\t<img decoding=\"async\" src=\"http:\/\/www.adstigre.com\/brasil\/wp-content\/uploads\/sites\/2\/2025\/05\/ferrovias-br.jpg\" alt=\"FERROVIAS\" data-no-lazy=\"1\" \/>\t\t\t\t\t\n                            <p>FERROVIAS<\/p>\n            <\/a>\t\t\n        \t<a href=\"https:\/\/www.adstigre.com\/brasil\/aplicacoes\/portos\/\" target=\"_self\">            \n\t\t\t\t\t\t<img decoding=\"async\" src=\"http:\/\/www.adstigre.com\/brasil\/wp-content\/uploads\/sites\/2\/2025\/05\/portos-br.jpg\" alt=\"PORTOS\" data-no-lazy=\"1\" \/>\t\t\t\t\t\n                            <p>PORTOS<\/p>\n            <\/a>\t\t\n        \t<a href=\"https:\/\/www.adstigre.com\/brasil\/aplicacoes\/mineracao\/\" target=\"_self\">            \n\t\t\t\t\t\t<img decoding=\"async\" src=\"http:\/\/www.adstigre.com\/brasil\/wp-content\/uploads\/sites\/2\/2025\/05\/mineracao-br.jpg\" alt=\"MINERA\u00c7\u00c3O\" data-no-lazy=\"1\" \/>\t\t\t\t\t\n                            <p>MINERA\u00c7\u00c3O<\/p>\n            <\/a>\t\t\n        \t<a href=\"https:\/\/www.adstigre.com\/brasil\/aplicacoes\/drenagem-agricola\/\" target=\"_self\">            \n\t\t\t\t\t\t<img decoding=\"async\" src=\"http:\/\/www.adstigre.com\/brasil\/wp-content\/uploads\/sites\/2\/2025\/05\/drenagem-agricola-br.jpg\" alt=\"DRENAGEM AGR\u00cdCULA\" data-no-lazy=\"1\" \/>\t\t\t\t\t\n                            <p>DRENAGEM AGR\u00cdCULA<\/p>\n            <\/a>\t\t\n        \t<a href=\"https:\/\/www.adstigre.com\/brasil\/aplicacoes\/aterros-sanitarios\/\" target=\"_self\">            \n\t\t\t\t\t\t<img decoding=\"async\" src=\"http:\/\/www.adstigre.com\/brasil\/wp-content\/uploads\/sites\/2\/2025\/05\/aterro-sanitario-br.jpg\" alt=\"ATERRO SANIT\u00c1RIO\" data-no-lazy=\"1\" \/>\t\t\t\t\t\n                            <p>ATERRO SANIT\u00c1RIO<\/p>\n            <\/a>\t\t\n        \t<a href=\"https:\/\/www.adstigre.com\/brasil\/aplicacoes\/florestal\/\" target=\"_self\">            \n\t\t\t\t\t\t<img decoding=\"async\" src=\"http:\/\/www.adstigre.com\/brasil\/wp-content\/uploads\/sites\/2\/2025\/05\/florestal-br.jpg\" alt=\"FLORESTAL\" data-no-lazy=\"1\" \/>\t\t\t\t\t\n                            <p>FLORESTAL<\/p>\n            <\/a>\t\t\n        \t<a href=\"https:\/\/www.adstigre.com\/brasil\/aplicacoes\/canalizacao\/\" target=\"_self\">            \n\t\t\t\t\t\t<img decoding=\"async\" src=\"http:\/\/www.adstigre.com\/brasil\/wp-content\/uploads\/sites\/2\/2025\/05\/canalizacao-br.jpg\" alt=\"CANALIZA\u00c7\u00c3O\" data-no-lazy=\"1\" \/>\t\t\t\t\t\n                            <p>CANALIZA\u00c7\u00c3O<\/p>\n            <\/a>\t\t\n\t\t\t<button>Next<\/button>\n\t\t<button>Previous<\/button>\n\n","protected":false},"excerpt":{"rendered":"<p>APLICA\u00c7\u00d5ES RESILIENTES A Resili\u00eancia \u00e9 a habilidade de se adaptar [&hellip;]<\/p>\n","protected":false},"author":3,"featured_media":0,"parent":0,"menu_order":0,"comment_status":"closed","ping_status":"closed","template":"","meta":{"_monsterinsights_skip_tracking":false,"_monsterinsights_sitenote_active":false,"_monsterinsights_sitenote_note":"","_monsterinsights_sitenote_category":0,"site-sidebar-layout":"default","site-content-layout":"default","ast-site-content-layout":"default","site-content-style":"default","site-sidebar-style":"default","ast-global-header-display":"","ast-banner-title-visibility":"","ast-main-header-display":"","ast-hfb-above-header-display":"","ast-hfb-below-header-display":"","ast-hfb-mobile-header-display":"","site-post-title":"disabled","ast-breadcrumbs-content":"","ast-featured-img":"","footer-sml-layout":"","ast-disable-related-posts":"","theme-transparent-header-meta":"default","adv-header-id-meta":"","stick-header-meta":"default","header-above-stick-meta":"","header-main-stick-meta":"","header-below-stick-meta":"","astra-migrate-meta-layouts":"set","ast-page-background-enabled":"default","ast-page-background-meta":{"desktop":{"background-color":"","background-image":"","background-repeat":"repeat","background-position":"center center","background-size":"auto","background-attachment":"scroll","background-type":"","background-media":"","overlay-type":"","overlay-color":"","overlay-opacity":"","overlay-gradient":""},"tablet":{"background-color":"","background-image":"","background-repeat":"repeat","background-position":"center center","background-size":"auto","background-attachment":"scroll","background-type":"","background-media":"","overlay-type":"","overlay-color":"","overlay-opacity":"","overlay-gradient":""},"mobile":{"background-color":"","background-image":"","background-repeat":"repeat","background-position":"center center","background-size":"auto","background-attachment":"scroll","background-type":"","background-media":"","overlay-type":"","overlay-color":"","overlay-opacity":"","overlay-gradient":""}},"ast-content-background-meta":{"desktop":{"background-color":"var(--ast-global-color-5)","background-image":"","background-repeat":"repeat","background-position":"center center","background-size":"auto","background-attachment":"scroll","background-type":"","background-media":"","overlay-type":"","overlay-color":"","overlay-opacity":"","overlay-gradient":""},"tablet":{"background-color":"var(--ast-global-color-5)","background-image":"","background-repeat":"repeat","background-position":"center center","background-size":"auto","background-attachment":"scroll","background-type":"","background-media":"","overlay-type":"","overlay-color":"","overlay-opacity":"","overlay-gradient":""},"mobile":{"background-color":"var(--ast-global-color-5)","background-image":"","background-repeat":"repeat","background-position":"center center","background-size":"auto","background-attachment":"scroll","background-type":"","background-media":"","overlay-type":"","overlay-color":"","overlay-opacity":"","overlay-gradient":""}},"footnotes":""},"categories":[],"tags":[],"class_list":["post-2135","page","type-page","status-publish","hentry"],"yoast_head":"<!-- This site is optimized with the Yoast SEO plugin v27.4 - https:\/\/yoast.com\/product\/yoast-seo-wordpress\/ -->\n<title>Aplica\u00e7\u00f5es - ADS Tigre Brasil<\/title>\n<meta name=\"robots\" content=\"index, follow, max-snippet:-1, max-image-preview:large, max-video-preview:-1\" \/>\n<link rel=\"canonical\" href=\"https:\/\/www.adstigre.com\/brasil\/aplicacoes\/\" \/>\n<meta property=\"og:locale\" content=\"en_US\" \/>\n<meta property=\"og:type\" content=\"article\" \/>\n<meta property=\"og:title\" content=\"Aplica\u00e7\u00f5es - ADS Tigre Brasil\" \/>\n<meta property=\"og:description\" content=\"APLICA\u00c7\u00d5ES RESILIENTES A Resili\u00eancia \u00e9 a habilidade de se adaptar [&hellip;]\" \/>\n<meta property=\"og:url\" content=\"https:\/\/www.adstigre.com\/brasil\/aplicacoes\/\" \/>\n<meta property=\"og:site_name\" content=\"ADS Tigre Brasil\" \/>\n<meta property=\"article:publisher\" content=\"https:\/\/www.facebook.com\/TubosTigreAdsDoBrasil\" \/>\n<meta property=\"article:modified_time\" content=\"2025-05-13T13:03:01+00:00\" \/>\n<meta property=\"og:image\" content=\"http:\/\/www.adstigre.com\/brasil\/wp-content\/uploads\/sites\/2\/2025\/05\/drenagem-pluvial-br.jpg\" \/>\n<meta name=\"twitter:card\" content=\"summary_large_image\" \/>\n<script type=\"application\/ld+json\" class=\"yoast-schema-graph\">{\"@context\":\"https:\\\/\\\/schema.org\",\"@graph\":[{\"@type\":\"WebPage\",\"@id\":\"https:\\\/\\\/www.adstigre.com\\\/brasil\\\/aplicacoes\\\/\",\"url\":\"https:\\\/\\\/www.adstigre.com\\\/brasil\\\/aplicacoes\\\/\",\"name\":\"Aplica\u00e7\u00f5es - ADS Tigre Brasil\",\"isPartOf\":{\"@id\":\"https:\\\/\\\/www.adstigre.com\\\/brasil\\\/#website\"},\"primaryImageOfPage\":{\"@id\":\"https:\\\/\\\/www.adstigre.com\\\/brasil\\\/aplicacoes\\\/#primaryimage\"},\"image\":{\"@id\":\"https:\\\/\\\/www.adstigre.com\\\/brasil\\\/aplicacoes\\\/#primaryimage\"},\"thumbnailUrl\":\"http:\\\/\\\/www.adstigre.com\\\/brasil\\\/wp-content\\\/uploads\\\/sites\\\/2\\\/2025\\\/05\\\/drenagem-pluvial-br.jpg\",\"datePublished\":\"2020-06-28T21:27:36+00:00\",\"dateModified\":\"2025-05-13T13:03:01+00:00\",\"breadcrumb\":{\"@id\":\"https:\\\/\\\/www.adstigre.com\\\/brasil\\\/aplicacoes\\\/#breadcrumb\"},\"inLanguage\":\"en-US\",\"potentialAction\":[{\"@type\":\"ReadAction\",\"target\":[\"https:\\\/\\\/www.adstigre.com\\\/brasil\\\/aplicacoes\\\/\"]}]},{\"@type\":\"ImageObject\",\"inLanguage\":\"en-US\",\"@id\":\"https:\\\/\\\/www.adstigre.com\\\/brasil\\\/aplicacoes\\\/#primaryimage\",\"url\":\"https:\\\/\\\/www.adstigre.com\\\/brasil\\\/wp-content\\\/uploads\\\/sites\\\/2\\\/2025\\\/05\\\/drenagem-pluvial-br.jpg\",\"contentUrl\":\"https:\\\/\\\/www.adstigre.com\\\/brasil\\\/wp-content\\\/uploads\\\/sites\\\/2\\\/2025\\\/05\\\/drenagem-pluvial-br.jpg\",\"width\":700,\"height\":700},{\"@type\":\"BreadcrumbList\",\"@id\":\"https:\\\/\\\/www.adstigre.com\\\/brasil\\\/aplicacoes\\\/#breadcrumb\",\"itemListElement\":[{\"@type\":\"ListItem\",\"position\":1,\"name\":\"In\u00edcio\",\"item\":\"https:\\\/\\\/www.adstigre.com\\\/brasil\\\/\"},{\"@type\":\"ListItem\",\"position\":2,\"name\":\"Aplica\u00e7\u00f5es\"}]},{\"@type\":\"WebSite\",\"@id\":\"https:\\\/\\\/www.adstigre.com\\\/brasil\\\/#website\",\"url\":\"https:\\\/\\\/www.adstigre.com\\\/brasil\\\/\",\"name\":\"ADS Tigre Brasil\",\"description\":\"ADS Tigre - Uma Joint Venture entre a ADS e a Tigre\",\"publisher\":{\"@id\":\"https:\\\/\\\/www.adstigre.com\\\/brasil\\\/#organization\"},\"potentialAction\":[{\"@type\":\"SearchAction\",\"target\":{\"@type\":\"EntryPoint\",\"urlTemplate\":\"https:\\\/\\\/www.adstigre.com\\\/brasil\\\/?s={search_term_string}\"},\"query-input\":{\"@type\":\"PropertyValueSpecification\",\"valueRequired\":true,\"valueName\":\"search_term_string\"}}],\"inLanguage\":\"en-US\"},{\"@type\":\"Organization\",\"@id\":\"https:\\\/\\\/www.adstigre.com\\\/brasil\\\/#organization\",\"name\":\"ADS Tigre Brasil\",\"url\":\"https:\\\/\\\/www.adstigre.com\\\/brasil\\\/\",\"logo\":{\"@type\":\"ImageObject\",\"inLanguage\":\"en-US\",\"@id\":\"https:\\\/\\\/www.adstigre.com\\\/brasil\\\/#\\\/schema\\\/logo\\\/image\\\/\",\"url\":\"https:\\\/\\\/www.adstigre.com\\\/brasil\\\/wp-content\\\/uploads\\\/sites\\\/2\\\/2024\\\/10\\\/marca-ADS-Tigre-1.png\",\"contentUrl\":\"https:\\\/\\\/www.adstigre.com\\\/brasil\\\/wp-content\\\/uploads\\\/sites\\\/2\\\/2024\\\/10\\\/marca-ADS-Tigre-1.png\",\"width\":1318,\"height\":1317,\"caption\":\"ADS Tigre Brasil\"},\"image\":{\"@id\":\"https:\\\/\\\/www.adstigre.com\\\/brasil\\\/#\\\/schema\\\/logo\\\/image\\\/\"},\"sameAs\":[\"https:\\\/\\\/www.facebook.com\\\/TubosTigreAdsDoBrasil\",\"https:\\\/\\\/www.instagram.com\\\/adstigredobrasil\",\"https:\\\/\\\/www.linkedin.com\\\/company\\\/tigre-adsdobrasil\\\/\"]}]}<\/script>\n<!-- \/ Yoast SEO plugin. -->","yoast_head_json":{"title":"Aplica\u00e7\u00f5es - ADS Tigre Brasil","robots":{"index":"index","follow":"follow","max-snippet":"max-snippet:-1","max-image-preview":"max-image-preview:large","max-video-preview":"max-video-preview:-1"},"canonical":"https:\/\/www.adstigre.com\/brasil\/aplicacoes\/","og_locale":"en_US","og_type":"article","og_title":"Aplica\u00e7\u00f5es - ADS Tigre Brasil","og_description":"APLICA\u00c7\u00d5ES RESILIENTES A Resili\u00eancia \u00e9 a habilidade de se adaptar [&hellip;]","og_url":"https:\/\/www.adstigre.com\/brasil\/aplicacoes\/","og_site_name":"ADS Tigre Brasil","article_publisher":"https:\/\/www.facebook.com\/TubosTigreAdsDoBrasil","article_modified_time":"2025-05-13T13:03:01+00:00","og_image":[{"url":"http:\/\/www.adstigre.com\/brasil\/wp-content\/uploads\/sites\/2\/2025\/05\/drenagem-pluvial-br.jpg","type":"","width":"","height":""}],"twitter_card":"summary_large_image","schema":{"@context":"https:\/\/schema.org","@graph":[{"@type":"WebPage","@id":"https:\/\/www.adstigre.com\/brasil\/aplicacoes\/","url":"https:\/\/www.adstigre.com\/brasil\/aplicacoes\/","name":"Aplica\u00e7\u00f5es - ADS Tigre Brasil","isPartOf":{"@id":"https:\/\/www.adstigre.com\/brasil\/#website"},"primaryImageOfPage":{"@id":"https:\/\/www.adstigre.com\/brasil\/aplicacoes\/#primaryimage"},"image":{"@id":"https:\/\/www.adstigre.com\/brasil\/aplicacoes\/#primaryimage"},"thumbnailUrl":"http:\/\/www.adstigre.com\/brasil\/wp-content\/uploads\/sites\/2\/2025\/05\/drenagem-pluvial-br.jpg","datePublished":"2020-06-28T21:27:36+00:00","dateModified":"2025-05-13T13:03:01+00:00","breadcrumb":{"@id":"https:\/\/www.adstigre.com\/brasil\/aplicacoes\/#breadcrumb"},"inLanguage":"en-US","potentialAction":[{"@type":"ReadAction","target":["https:\/\/www.adstigre.com\/brasil\/aplicacoes\/"]}]},{"@type":"ImageObject","inLanguage":"en-US","@id":"https:\/\/www.adstigre.com\/brasil\/aplicacoes\/#primaryimage","url":"https:\/\/www.adstigre.com\/brasil\/wp-content\/uploads\/sites\/2\/2025\/05\/drenagem-pluvial-br.jpg","contentUrl":"https:\/\/www.adstigre.com\/brasil\/wp-content\/uploads\/sites\/2\/2025\/05\/drenagem-pluvial-br.jpg","width":700,"height":700},{"@type":"BreadcrumbList","@id":"https:\/\/www.adstigre.com\/brasil\/aplicacoes\/#breadcrumb","itemListElement":[{"@type":"ListItem","position":1,"name":"In\u00edcio","item":"https:\/\/www.adstigre.com\/brasil\/"},{"@type":"ListItem","position":2,"name":"Aplica\u00e7\u00f5es"}]},{"@type":"WebSite","@id":"https:\/\/www.adstigre.com\/brasil\/#website","url":"https:\/\/www.adstigre.com\/brasil\/","name":"ADS Tigre Brasil","description":"ADS Tigre - Uma Joint Venture entre a ADS e a Tigre","publisher":{"@id":"https:\/\/www.adstigre.com\/brasil\/#organization"},"potentialAction":[{"@type":"SearchAction","target":{"@type":"EntryPoint","urlTemplate":"https:\/\/www.adstigre.com\/brasil\/?s={search_term_string}"},"query-input":{"@type":"PropertyValueSpecification","valueRequired":true,"valueName":"search_term_string"}}],"inLanguage":"en-US"},{"@type":"Organization","@id":"https:\/\/www.adstigre.com\/brasil\/#organization","name":"ADS Tigre Brasil","url":"https:\/\/www.adstigre.com\/brasil\/","logo":{"@type":"ImageObject","inLanguage":"en-US","@id":"https:\/\/www.adstigre.com\/brasil\/#\/schema\/logo\/image\/","url":"https:\/\/www.adstigre.com\/brasil\/wp-content\/uploads\/sites\/2\/2024\/10\/marca-ADS-Tigre-1.png","contentUrl":"https:\/\/www.adstigre.com\/brasil\/wp-content\/uploads\/sites\/2\/2024\/10\/marca-ADS-Tigre-1.png","width":1318,"height":1317,"caption":"ADS Tigre Brasil"},"image":{"@id":"https:\/\/www.adstigre.com\/brasil\/#\/schema\/logo\/image\/"},"sameAs":["https:\/\/www.facebook.com\/TubosTigreAdsDoBrasil","https:\/\/www.instagram.com\/adstigredobrasil","https:\/\/www.linkedin.com\/company\/tigre-adsdobrasil\/"]}]}},"_links":{"self":[{"href":"https:\/\/www.adstigre.com\/brasil\/wp-json\/wp\/v2\/pages\/2135","targetHints":{"allow":["GET"]}}],"collection":[{"href":"https:\/\/www.adstigre.com\/brasil\/wp-json\/wp\/v2\/pages"}],"about":[{"href":"https:\/\/www.adstigre.com\/brasil\/wp-json\/wp\/v2\/types\/page"}],"author":[{"embeddable":true,"href":"https:\/\/www.adstigre.com\/brasil\/wp-json\/wp\/v2\/users\/3"}],"replies":[{"embeddable":true,"href":"https:\/\/www.adstigre.com\/brasil\/wp-json\/wp\/v2\/comments?post=2135"}],"version-history":[{"count":4,"href":"https:\/\/www.adstigre.com\/brasil\/wp-json\/wp\/v2\/pages\/2135\/revisions"}],"predecessor-version":[{"id":10021,"href":"https:\/\/www.adstigre.com\/brasil\/wp-json\/wp\/v2\/pages\/2135\/revisions\/10021"}],"wp:attachment":[{"href":"https:\/\/www.adstigre.com\/brasil\/wp-json\/wp\/v2\/media?parent=2135"}],"wp:term":[{"taxonomy":"category","embeddable":true,"href":"https:\/\/www.adstigre.com\/brasil\/wp-json\/wp\/v2\/categories?post=2135"},{"taxonomy":"post_tag","embeddable":true,"href":"https:\/\/www.adstigre.com\/brasil\/wp-json\/wp\/v2\/tags?post=2135"}],"curies":[{"name":"wp","href":"https:\/\/api.w.org\/{rel}","templated":true}]}}