{"id":9576,"date":"2025-04-16T16:14:53","date_gmt":"2025-04-16T19:14:53","guid":{"rendered":"https:\/\/www.adstigre.com\/brasil\/?page_id=9576"},"modified":"2025-06-18T12:02:18","modified_gmt":"2025-06-18T15:02:18","slug":"quick-chamber","status":"publish","type":"page","link":"http:\/\/www.adstigre.com\/brasil\/produto\/quick-chamber\/","title":{"rendered":"Quick Chamber"},"content":{"rendered":"\n\n\t\t\t\t<img decoding=\"async\" src=\"http:\/\/www.adstigre.com\/brasil\/wp-content\/uploads\/sites\/2\/2025\/06\/quick_chamber-banner.png\" alt=\"quick_chamber-banner\" itemprop=\"image\" title=\"quick_chamber-banner\" onerror=\"this.style.display='none'\"  \/>\n\t\t\tSobre o produto\n\t\t\t\t\t\t\t\t\t\t\t\n\t\t\t<p>A <strong>Quick Chamber 4\u00ae<\/strong> EQ \u00e9 uma c\u00e2mara em formato de arco que permite a <strong>infiltra\u00e7\u00e3o de \u00e1guas negras provenientes de fossas s\u00e9pticas<\/strong>. Ela pode substituir po\u00e7os de infiltra\u00e7\u00e3o e tubula\u00e7\u00f5es perfuradas de PVC.As c\u00e2maras de infiltra\u00e7\u00e3o em arco <strong>Quick 4\u00ae<\/strong> s\u00e3o uma excelente alternativa para reintegrar as \u00e1guas residuais ao seu ciclo natural. Seu design inovador e eficiente facilita o tratamento e a dispers\u00e3o do esgoto sanit\u00e1rio, promovendo uma reintegra\u00e7\u00e3o segura ao solo. Gra\u00e7as \u00e0 sua constru\u00e7\u00e3o robusta e dur\u00e1vel, essas c\u00e2maras garantem alto desempenho e longa vida \u00fatil, sendo uma op\u00e7\u00e3o <strong>confi\u00e1vel e sustent\u00e1vel<\/strong> para a gest\u00e3o de \u00e1guas residuais.Seu <strong>baixo peso, dimens\u00f5es compactas e flexibilidade<\/strong> proporcionam economia significativa de tempo na instala\u00e7\u00e3o. Essas caracter\u00edsticas facilitam o manuseio e o posicionamento do sistema, reduzindo custos com m\u00e3o de obra e transporte. Al\u00e9m disso, seu <strong>design modular<\/strong> oferece versatilidade para se adaptar a diferentes configura\u00e7\u00f5es de terreno, proporcionando uma solu\u00e7\u00e3o eficiente e eficaz para diversas demandas de tratamento de esgoto.<\/p>\t\t\n\t\t\t\t<img decoding=\"async\" src=\"http:\/\/www.adstigre.com\/brasil\/wp-content\/uploads\/sites\/2\/2025\/06\/quick_chamber-img-01.jpg\" alt=\"quick_chamber-img-01\" title=\"quick_chamber-img-01\" itemprop=\"image\"  \/>\n\t\t\t\t<img decoding=\"async\" src=\"http:\/\/www.adstigre.com\/brasil\/wp-content\/uploads\/sites\/2\/2025\/06\/quick_chamber-img-02.jpg\" alt=\"quick_chamber-img-02\" title=\"quick_chamber-img-02\" itemprop=\"image\"  \/>\n\t\t\tPrincipais Benef\u00edcios\n\t\t\t\t\t\t\t\t\t\t\t\n\t\t\t<p>As Quick Chambers da ADS Tigre oferecem diversas vantagens em compara\u00e7\u00e3o aos sistemas tradicionais de drenagem com tubos perfurados e brita, entre elas:<\/p><ul><li><strong>Maior Capacidade de Infiltra\u00e7\u00e3o:<\/strong><br \/>As c\u00e2maras proporcionam uma \u00e1rea de superf\u00edcie superior para a infiltra\u00e7\u00e3o da \u00e1gua, aumentando a efici\u00eancia na dispers\u00e3o do esgoto sanit\u00e1rio no solo.<\/li><li><strong>Facilidade de Instala\u00e7\u00e3o:<\/strong><br \/>S\u00e3o mais r\u00e1pidas e f\u00e1ceis de instalar do que os sistemas convencionais, pois eliminam a necessidade de transporte e manuseio de grandes volumes de brita.<\/li><li><strong>Durabilidade e Vida \u00datil Prolongada:<\/strong><br \/>Fabricadas com materiais resistentes \u00e0 corros\u00e3o e a danos f\u00edsicos, garantindo longa durabilidade e desempenho do sistema.<\/li><li><strong>Efici\u00eancia no Uso do Espa\u00e7o:<\/strong><br \/>As c\u00e2maras podem ser projetadas para ocupar menos espa\u00e7o em compara\u00e7\u00e3o aos sistemas tradicionais, o que \u00e9 ideal para \u00e1reas com restri\u00e7\u00e3o de espa\u00e7o.<\/li><\/ul>\t\t\n\t\t\tFuncionamento y aplica\u00e7\u00e3o\n\t\t\t\t\t\t\t\t\t\t\t\n\t\t\t<p>Quando as \u00e1guas negras e os res\u00edduos s\u00e9pticos s\u00e3o conduzidos da resid\u00eancia para um tanque s\u00e9ptico subterr\u00e2neo, inicia-se o processo de tratamento <strong>in situ<\/strong> das \u00e1guas residuais. Os s\u00f3lidos se depositam no fundo do tanque s\u00e9ptico, enquanto o efluente parcialmente clarificado \u00e9 direcionado para o campo de filtra\u00e7\u00e3o. Nesse campo, o esgoto passa por um tratamento biol\u00f3gico adicional ao infiltrar-se no solo.As <strong>c\u00e2maras de filtra\u00e7\u00e3o<\/strong> mant\u00eam uma dist\u00e2ncia adequada do len\u00e7ol fre\u00e1tico, reduzindo significativamente o risco de contamina\u00e7\u00e3o bacteriana. Al\u00e9m disso, por ser um sistema completamente subterr\u00e2neo, n\u00e3o h\u00e1 emiss\u00e3o de odores desagrad\u00e1veis.De forma geral, os <strong>sistemas com c\u00e2maras de infiltra\u00e7\u00e3o<\/strong> s\u00e3o mais dur\u00e1veis e confi\u00e1veis do que os po\u00e7os s\u00e9pticos convencionais.<\/p>\t\t\n\t\t\t\t<img decoding=\"async\" src=\"http:\/\/www.adstigre.com\/brasil\/wp-content\/uploads\/sites\/2\/2025\/06\/quick_chamber-img-03.jpg\" alt=\"quick_chamber-img-03\" title=\"quick_chamber-img-03\" itemprop=\"image\"  \/>\n\t\t\t\t<img decoding=\"async\" src=\"http:\/\/www.adstigre.com\/brasil\/wp-content\/uploads\/sites\/2\/2025\/06\/tabela-quick_chamber-01.jpg\" alt=\"tabela-quick_chamber-01\" title=\"tabela-quick_chamber-01\" itemprop=\"image\"  \/>\n\t\t\tCaracter\u00edsticas\n\t\t\t\t\t\t\t\t\t\t\t\n\t\t\t<p>A <strong>c\u00e2mara Quick4\u00ae<\/strong> pode ser instalada em valas com <strong>60 cm de largura<\/strong> e \u00e9 ideal para sistemas de infiltra\u00e7\u00e3o <strong>curvos ou lineares<\/strong>. Possui uma conex\u00e3o articulada que permite curvaturas de at\u00e9 <strong>10\u00b0 para a esquerda ou direita<\/strong>, facilitando a adapta\u00e7\u00e3o ao terreno.A <strong>tampa final MultiPort\u2122<\/strong> permite a conex\u00e3o de tubos de diferentes di\u00e2metros <strong>sem a necessidade de conex\u00f5es ou pe\u00e7as adicionais<\/strong>, tornando a instala\u00e7\u00e3o mais pr\u00e1tica e econ\u00f4mica.O modelo <strong>Quick4\u00ae Equalizer 36<\/strong> possui <strong>1,21 metro de comprimento<\/strong>, o que garante <strong>alta flexibilidade<\/strong> e <strong>facilidade de instala\u00e7\u00e3o<\/strong>, mesmo em \u00e1reas com limita\u00e7\u00f5es de espa\u00e7o ou geometria vari\u00e1vel.<\/p>\t\t\n\t\t\tCamara\n\t\t\t\t\t\t\t\t\t\t\t\n\t\t\t\t<img decoding=\"async\" src=\"http:\/\/www.adstigre.com\/brasil\/wp-content\/uploads\/sites\/2\/2025\/06\/quick_chamber-img-04.jpg\" alt=\"quick_chamber-img-04\" title=\"quick_chamber-img-04\" itemprop=\"image\"  \/>\n\t\t\tTapa\n\t\t\t\t\t\t\t\t\t\t\t\n\t\t\t\t<img decoding=\"async\" src=\"http:\/\/www.adstigre.com\/brasil\/wp-content\/uploads\/sites\/2\/2025\/06\/quick_chamber-img-05.jpg\" alt=\"quick_chamber-img-05\" title=\"quick_chamber-img-05\" itemprop=\"image\"  \/>\n\n","protected":false},"excerpt":{"rendered":"<p>Sobre o produto A Quick Chamber 4\u00ae EQ \u00e9 uma [&hellip;]<\/p>\n","protected":false},"author":3,"featured_media":0,"parent":1929,"menu_order":0,"comment_status":"closed","ping_status":"closed","template":"","meta":{"_monsterinsights_skip_tracking":false,"_monsterinsights_sitenote_active":false,"_monsterinsights_sitenote_note":"","_monsterinsights_sitenote_category":0,"site-sidebar-layout":"default","site-content-layout":"","ast-site-content-layout":"default","site-content-style":"default","site-sidebar-style":"default","ast-global-header-display":"","ast-banner-title-visibility":"","ast-main-header-display":"","ast-hfb-above-header-display":"","ast-hfb-below-header-display":"","ast-hfb-mobile-header-display":"","site-post-title":"disabled","ast-breadcrumbs-content":"","ast-featured-img":"","footer-sml-layout":"","ast-disable-related-posts":"","theme-transparent-header-meta":"","adv-header-id-meta":"","stick-header-meta":"","header-above-stick-meta":"","header-main-stick-meta":"","header-below-stick-meta":"","astra-migrate-meta-layouts":"set","ast-page-background-enabled":"default","ast-page-background-meta":{"desktop":{"background-color":"","background-image":"","background-repeat":"repeat","background-position":"center center","background-size":"auto","background-attachment":"scroll","background-type":"","background-media":"","overlay-type":"","overlay-color":"","overlay-opacity":"","overlay-gradient":""},"tablet":{"background-color":"","background-image":"","background-repeat":"repeat","background-position":"center center","background-size":"auto","background-attachment":"scroll","background-type":"","background-media":"","overlay-type":"","overlay-color":"","overlay-opacity":"","overlay-gradient":""},"mobile":{"background-color":"","background-image":"","background-repeat":"repeat","background-position":"center center","background-size":"auto","background-attachment":"scroll","background-type":"","background-media":"","overlay-type":"","overlay-color":"","overlay-opacity":"","overlay-gradient":""}},"ast-content-background-meta":{"desktop":{"background-color":"var(--ast-global-color-5)","background-image":"","background-repeat":"repeat","background-position":"center center","background-size":"auto","background-attachment":"scroll","background-type":"","background-media":"","overlay-type":"","overlay-color":"","overlay-opacity":"","overlay-gradient":""},"tablet":{"background-color":"var(--ast-global-color-5)","background-image":"","background-repeat":"repeat","background-position":"center center","background-size":"auto","background-attachment":"scroll","background-type":"","background-media":"","overlay-type":"","overlay-color":"","overlay-opacity":"","overlay-gradient":""},"mobile":{"background-color":"var(--ast-global-color-5)","background-image":"","background-repeat":"repeat","background-position":"center center","background-size":"auto","background-attachment":"scroll","background-type":"","background-media":"","overlay-type":"","overlay-color":"","overlay-opacity":"","overlay-gradient":""}},"footnotes":""},"categories":[],"tags":[],"class_list":["post-9576","page","type-page","status-publish","hentry"],"yoast_head":"<!-- This site is optimized with the Yoast SEO plugin v27.4 - https:\/\/yoast.com\/product\/yoast-seo-wordpress\/ -->\n<title>Quick Chamber - ADS Tigre Brasil<\/title>\n<meta name=\"robots\" content=\"index, follow, max-snippet:-1, max-image-preview:large, max-video-preview:-1\" \/>\n<link rel=\"canonical\" href=\"http:\/\/www.adstigre.com\/brasil\/produto\/quick-chamber\/\" \/>\n<meta property=\"og:locale\" content=\"en_US\" \/>\n<meta property=\"og:type\" content=\"article\" \/>\n<meta property=\"og:title\" content=\"Quick Chamber - ADS Tigre Brasil\" \/>\n<meta property=\"og:description\" content=\"Sobre o produto A Quick Chamber 4\u00ae EQ \u00e9 uma [&hellip;]\" \/>\n<meta property=\"og:url\" content=\"http:\/\/www.adstigre.com\/brasil\/produto\/quick-chamber\/\" \/>\n<meta property=\"og:site_name\" content=\"ADS Tigre Brasil\" \/>\n<meta property=\"article:publisher\" content=\"https:\/\/www.facebook.com\/TubosTigreAdsDoBrasil\" \/>\n<meta property=\"article:modified_time\" content=\"2025-06-18T15:02:18+00:00\" \/>\n<meta property=\"og:image\" content=\"http:\/\/www.adstigre.com\/brasil\/wp-content\/uploads\/sites\/2\/2025\/06\/quick_chamber-banner.png\" \/>\n<meta name=\"twitter:card\" content=\"summary_large_image\" \/>\n<meta name=\"twitter:label1\" content=\"Est. reading time\" \/>\n\t<meta name=\"twitter:data1\" content=\"3 minutes\" \/>\n<script type=\"application\/ld+json\" class=\"yoast-schema-graph\">{\"@context\":\"https:\\\/\\\/schema.org\",\"@graph\":[{\"@type\":\"WebPage\",\"@id\":\"http:\\\/\\\/www.adstigre.com\\\/brasil\\\/produto\\\/quick-chamber\\\/\",\"url\":\"http:\\\/\\\/www.adstigre.com\\\/brasil\\\/produto\\\/quick-chamber\\\/\",\"name\":\"Quick Chamber - ADS Tigre Brasil\",\"isPartOf\":{\"@id\":\"https:\\\/\\\/www.adstigre.com\\\/brasil\\\/#website\"},\"primaryImageOfPage\":{\"@id\":\"http:\\\/\\\/www.adstigre.com\\\/brasil\\\/produto\\\/quick-chamber\\\/#primaryimage\"},\"image\":{\"@id\":\"http:\\\/\\\/www.adstigre.com\\\/brasil\\\/produto\\\/quick-chamber\\\/#primaryimage\"},\"thumbnailUrl\":\"http:\\\/\\\/www.adstigre.com\\\/brasil\\\/wp-content\\\/uploads\\\/sites\\\/2\\\/2025\\\/06\\\/quick_chamber-banner.png\",\"datePublished\":\"2025-04-16T19:14:53+00:00\",\"dateModified\":\"2025-06-18T15:02:18+00:00\",\"breadcrumb\":{\"@id\":\"http:\\\/\\\/www.adstigre.com\\\/brasil\\\/produto\\\/quick-chamber\\\/#breadcrumb\"},\"inLanguage\":\"en-US\",\"potentialAction\":[{\"@type\":\"ReadAction\",\"target\":[\"http:\\\/\\\/www.adstigre.com\\\/brasil\\\/produto\\\/quick-chamber\\\/\"]}]},{\"@type\":\"ImageObject\",\"inLanguage\":\"en-US\",\"@id\":\"http:\\\/\\\/www.adstigre.com\\\/brasil\\\/produto\\\/quick-chamber\\\/#primaryimage\",\"url\":\"http:\\\/\\\/www.adstigre.com\\\/brasil\\\/wp-content\\\/uploads\\\/sites\\\/2\\\/2025\\\/06\\\/quick_chamber-banner.png\",\"contentUrl\":\"http:\\\/\\\/www.adstigre.com\\\/brasil\\\/wp-content\\\/uploads\\\/sites\\\/2\\\/2025\\\/06\\\/quick_chamber-banner.png\"},{\"@type\":\"BreadcrumbList\",\"@id\":\"http:\\\/\\\/www.adstigre.com\\\/brasil\\\/produto\\\/quick-chamber\\\/#breadcrumb\",\"itemListElement\":[{\"@type\":\"ListItem\",\"position\":1,\"name\":\"In\u00edcio\",\"item\":\"https:\\\/\\\/www.adstigre.com\\\/brasil\\\/\"},{\"@type\":\"ListItem\",\"position\":2,\"name\":\"Produto\",\"item\":\"http:\\\/\\\/www.adstigre.com\\\/brasil\\\/produto\\\/\"},{\"@type\":\"ListItem\",\"position\":3,\"name\":\"Quick Chamber\"}]},{\"@type\":\"WebSite\",\"@id\":\"https:\\\/\\\/www.adstigre.com\\\/brasil\\\/#website\",\"url\":\"https:\\\/\\\/www.adstigre.com\\\/brasil\\\/\",\"name\":\"ADS Tigre Brasil\",\"description\":\"ADS Tigre - Uma Joint Venture entre a ADS e a Tigre\",\"publisher\":{\"@id\":\"https:\\\/\\\/www.adstigre.com\\\/brasil\\\/#organization\"},\"potentialAction\":[{\"@type\":\"SearchAction\",\"target\":{\"@type\":\"EntryPoint\",\"urlTemplate\":\"https:\\\/\\\/www.adstigre.com\\\/brasil\\\/?s={search_term_string}\"},\"query-input\":{\"@type\":\"PropertyValueSpecification\",\"valueRequired\":true,\"valueName\":\"search_term_string\"}}],\"inLanguage\":\"en-US\"},{\"@type\":\"Organization\",\"@id\":\"https:\\\/\\\/www.adstigre.com\\\/brasil\\\/#organization\",\"name\":\"ADS Tigre Brasil\",\"url\":\"https:\\\/\\\/www.adstigre.com\\\/brasil\\\/\",\"logo\":{\"@type\":\"ImageObject\",\"inLanguage\":\"en-US\",\"@id\":\"https:\\\/\\\/www.adstigre.com\\\/brasil\\\/#\\\/schema\\\/logo\\\/image\\\/\",\"url\":\"https:\\\/\\\/www.adstigre.com\\\/brasil\\\/wp-content\\\/uploads\\\/sites\\\/2\\\/2024\\\/10\\\/marca-ADS-Tigre-1.png\",\"contentUrl\":\"https:\\\/\\\/www.adstigre.com\\\/brasil\\\/wp-content\\\/uploads\\\/sites\\\/2\\\/2024\\\/10\\\/marca-ADS-Tigre-1.png\",\"width\":1318,\"height\":1317,\"caption\":\"ADS Tigre Brasil\"},\"image\":{\"@id\":\"https:\\\/\\\/www.adstigre.com\\\/brasil\\\/#\\\/schema\\\/logo\\\/image\\\/\"},\"sameAs\":[\"https:\\\/\\\/www.facebook.com\\\/TubosTigreAdsDoBrasil\",\"https:\\\/\\\/www.instagram.com\\\/adstigredobrasil\",\"https:\\\/\\\/www.linkedin.com\\\/company\\\/tigre-adsdobrasil\\\/\"]}]}<\/script>\n<!-- \/ Yoast SEO plugin. -->","yoast_head_json":{"title":"Quick Chamber - ADS Tigre Brasil","robots":{"index":"index","follow":"follow","max-snippet":"max-snippet:-1","max-image-preview":"max-image-preview:large","max-video-preview":"max-video-preview:-1"},"canonical":"http:\/\/www.adstigre.com\/brasil\/produto\/quick-chamber\/","og_locale":"en_US","og_type":"article","og_title":"Quick Chamber - ADS Tigre Brasil","og_description":"Sobre o produto A Quick Chamber 4\u00ae EQ \u00e9 uma [&hellip;]","og_url":"http:\/\/www.adstigre.com\/brasil\/produto\/quick-chamber\/","og_site_name":"ADS Tigre Brasil","article_publisher":"https:\/\/www.facebook.com\/TubosTigreAdsDoBrasil","article_modified_time":"2025-06-18T15:02:18+00:00","og_image":[{"url":"http:\/\/www.adstigre.com\/brasil\/wp-content\/uploads\/sites\/2\/2025\/06\/quick_chamber-banner.png","type":"","width":"","height":""}],"twitter_card":"summary_large_image","twitter_misc":{"Est. reading time":"3 minutes"},"schema":{"@context":"https:\/\/schema.org","@graph":[{"@type":"WebPage","@id":"http:\/\/www.adstigre.com\/brasil\/produto\/quick-chamber\/","url":"http:\/\/www.adstigre.com\/brasil\/produto\/quick-chamber\/","name":"Quick Chamber - ADS Tigre Brasil","isPartOf":{"@id":"https:\/\/www.adstigre.com\/brasil\/#website"},"primaryImageOfPage":{"@id":"http:\/\/www.adstigre.com\/brasil\/produto\/quick-chamber\/#primaryimage"},"image":{"@id":"http:\/\/www.adstigre.com\/brasil\/produto\/quick-chamber\/#primaryimage"},"thumbnailUrl":"http:\/\/www.adstigre.com\/brasil\/wp-content\/uploads\/sites\/2\/2025\/06\/quick_chamber-banner.png","datePublished":"2025-04-16T19:14:53+00:00","dateModified":"2025-06-18T15:02:18+00:00","breadcrumb":{"@id":"http:\/\/www.adstigre.com\/brasil\/produto\/quick-chamber\/#breadcrumb"},"inLanguage":"en-US","potentialAction":[{"@type":"ReadAction","target":["http:\/\/www.adstigre.com\/brasil\/produto\/quick-chamber\/"]}]},{"@type":"ImageObject","inLanguage":"en-US","@id":"http:\/\/www.adstigre.com\/brasil\/produto\/quick-chamber\/#primaryimage","url":"http:\/\/www.adstigre.com\/brasil\/wp-content\/uploads\/sites\/2\/2025\/06\/quick_chamber-banner.png","contentUrl":"http:\/\/www.adstigre.com\/brasil\/wp-content\/uploads\/sites\/2\/2025\/06\/quick_chamber-banner.png"},{"@type":"BreadcrumbList","@id":"http:\/\/www.adstigre.com\/brasil\/produto\/quick-chamber\/#breadcrumb","itemListElement":[{"@type":"ListItem","position":1,"name":"In\u00edcio","item":"https:\/\/www.adstigre.com\/brasil\/"},{"@type":"ListItem","position":2,"name":"Produto","item":"http:\/\/www.adstigre.com\/brasil\/produto\/"},{"@type":"ListItem","position":3,"name":"Quick Chamber"}]},{"@type":"WebSite","@id":"https:\/\/www.adstigre.com\/brasil\/#website","url":"https:\/\/www.adstigre.com\/brasil\/","name":"ADS Tigre Brasil","description":"ADS Tigre - Uma Joint Venture entre a ADS e a Tigre","publisher":{"@id":"https:\/\/www.adstigre.com\/brasil\/#organization"},"potentialAction":[{"@type":"SearchAction","target":{"@type":"EntryPoint","urlTemplate":"https:\/\/www.adstigre.com\/brasil\/?s={search_term_string}"},"query-input":{"@type":"PropertyValueSpecification","valueRequired":true,"valueName":"search_term_string"}}],"inLanguage":"en-US"},{"@type":"Organization","@id":"https:\/\/www.adstigre.com\/brasil\/#organization","name":"ADS Tigre Brasil","url":"https:\/\/www.adstigre.com\/brasil\/","logo":{"@type":"ImageObject","inLanguage":"en-US","@id":"https:\/\/www.adstigre.com\/brasil\/#\/schema\/logo\/image\/","url":"https:\/\/www.adstigre.com\/brasil\/wp-content\/uploads\/sites\/2\/2024\/10\/marca-ADS-Tigre-1.png","contentUrl":"https:\/\/www.adstigre.com\/brasil\/wp-content\/uploads\/sites\/2\/2024\/10\/marca-ADS-Tigre-1.png","width":1318,"height":1317,"caption":"ADS Tigre Brasil"},"image":{"@id":"https:\/\/www.adstigre.com\/brasil\/#\/schema\/logo\/image\/"},"sameAs":["https:\/\/www.facebook.com\/TubosTigreAdsDoBrasil","https:\/\/www.instagram.com\/adstigredobrasil","https:\/\/www.linkedin.com\/company\/tigre-adsdobrasil\/"]}]}},"_links":{"self":[{"href":"http:\/\/www.adstigre.com\/brasil\/wp-json\/wp\/v2\/pages\/9576","targetHints":{"allow":["GET"]}}],"collection":[{"href":"http:\/\/www.adstigre.com\/brasil\/wp-json\/wp\/v2\/pages"}],"about":[{"href":"http:\/\/www.adstigre.com\/brasil\/wp-json\/wp\/v2\/types\/page"}],"author":[{"embeddable":true,"href":"http:\/\/www.adstigre.com\/brasil\/wp-json\/wp\/v2\/users\/3"}],"replies":[{"embeddable":true,"href":"http:\/\/www.adstigre.com\/brasil\/wp-json\/wp\/v2\/comments?post=9576"}],"version-history":[{"count":2,"href":"http:\/\/www.adstigre.com\/brasil\/wp-json\/wp\/v2\/pages\/9576\/revisions"}],"predecessor-version":[{"id":10099,"href":"http:\/\/www.adstigre.com\/brasil\/wp-json\/wp\/v2\/pages\/9576\/revisions\/10099"}],"up":[{"embeddable":true,"href":"http:\/\/www.adstigre.com\/brasil\/wp-json\/wp\/v2\/pages\/1929"}],"wp:attachment":[{"href":"http:\/\/www.adstigre.com\/brasil\/wp-json\/wp\/v2\/media?parent=9576"}],"wp:term":[{"taxonomy":"category","embeddable":true,"href":"http:\/\/www.adstigre.com\/brasil\/wp-json\/wp\/v2\/categories?post=9576"},{"taxonomy":"post_tag","embeddable":true,"href":"http:\/\/www.adstigre.com\/brasil\/wp-json\/wp\/v2\/tags?post=9576"}],"curies":[{"name":"wp","href":"https:\/\/api.w.org\/{rel}","templated":true}]}}