{"id":9980,"date":"2025-06-17T15:14:45","date_gmt":"2025-06-17T18:14:45","guid":{"rendered":"https:\/\/www.adstigre.com\/argentina\/?page_id=9980"},"modified":"2025-08-28T10:23:32","modified_gmt":"2025-08-28T13:23:32","slug":"ads-tigre-agricultura","status":"publish","type":"page","link":"http:\/\/www.adstigre.com\/argentina\/ads-tigre-agricultura\/","title":{"rendered":"ADS Tigre Agricultura"},"content":{"rendered":"\n\n\t\t\t\t\t\t<h3>Creamos soluciones con impacto positivo en la <strong>AGROINDUSTRIA.<\/strong> Ofrecemos productos y servicios que transforman el   <strong>AGUA<\/strong>  en productividad, integrando innovaci\u00f3n global y conocimiento local.<\/h3>\t\t\t\t\t\n\t\t\t\t<img decoding=\"async\" src=\"http:\/\/www.adstigre.com\/argentina\/wp-content\/uploads\/sites\/27\/2025\/07\/ADS-Agricultura-Logos-Negros-17-300x115.png\" alt=\"ADS Agricultura Logos Negros-17\" itemprop=\"image\" title=\"ADS Agricultura Logos Negros-17\" onerror=\"this.style.display='none'\" loading='lazy' \/>\n\t\t\t\t\t\t\t\t\t\t\t\n\t\t\t\t<a href=\"https:\/\/www.adstigre.com\/argentina\/aplicaciones\/drenaje-agricultura\/\" role=\"button\" target=\"_self\">\n\t\t\t\t\t\t\t\t\t<\/a>\n\t\t\t\t\t\t\t\t\t\t\t\n\t\t\t\t<a href=\"https:\/\/www.adstigre.com\/argentina\/aplicaciones\/drenaje-agricultura\/\" role=\"button\" target=\"_self\">\n\t\t\t\t\t\t\t\t\t<\/a>\n\t\t\t\t\t\t\t\t\t\t\t\n\t\t\t\t<a href=\"https:\/\/www.adstigre.com\/argentina\/aplicaciones\/drenaje-agricultura\/\" role=\"button\" target=\"_self\">\n\t\t\t\t\t\t\t\t\t<\/a>\n\t\t\t\t<img decoding=\"async\" src=\"http:\/\/www.adstigre.com\/argentina\/wp-content\/uploads\/sites\/27\/2025\/06\/Small-N-12-Flex-Install-1.png\" alt=\"Small-N-12 Flex Install\" itemprop=\"image\" title=\"Small-N-12 Flex Install\" onerror=\"this.style.display='none'\" loading='lazy' \/>\n\t\t\t\t\t\t<h4>DRENAJE AGRICOLA<\/h4>\t\t\t\t\t\n\t\t\t<p>Descubre c\u00f3mo t\u00e9cnicas avanzadas de drenaje agr\u00edcola, con sistemas de PEAD, mantienen el suelo en condiciones ideales y evitan problemas en las ra\u00edces. Sistemas duraderos y f\u00e1ciles de mantener que pueden transformar tu cultivo. \u00a1Haz clic para conocer todos sus beneficios!<\/p>\t\t\n\t\t\t\t<a href=\"https:\/\/www.adstigre.com\/argentina\/aplicaciones\/drenaje-agricultura\/\" role=\"button\" target=\"_self\">\n\t\t\t\t\t\t\t\t\t\tM\u00e1s informaci\u00f3n\n\t\t\t\t\t\t\t\t\t<\/a>\n\t\t\t\t\t\t<h4>FLORESTAL<\/h4>\t\t\t\t\t\n\t\t\t<p>\u00bfQuieres mantener tus carreteras en perfectas condiciones por m\u00e1s tiempo? Descubre c\u00f3mo el manejo del agua, con sistemas de subdrenaje y canalizaci\u00f3n, previene da\u00f1os y garantiza seguridad. \u00a1Haz clic y vea las soluciones que marcar\u00e1n la diferencia!<\/p>\t\t\n\t\t\t\t<a href=\"https:\/\/www.adstigre.com\/argentina\/aplicaciones\/forestal\/\" role=\"button\" target=\"_self\">\n\t\t\t\t\t\t\t\t\t\tM\u00e1s informaci\u00f3n\n\t\t\t\t\t\t\t\t\t<\/a>\n\t\t\t\t\t\t<h4>CANALES<\/h4>\t\t\t\t\t\n\t\t\t<p>Maximiza la eficiencia en tu agricultura y cuida el medio ambiente con materiales de alta calidad, que optimizan el transporte de agua y reducen costos de mantenimiento. \u00a1Haz clic para conocer estas soluciones innovadoras para tu campo!<\/p>\t\t\n\t\t\t\t<a href=\"https:\/\/www.adstigre.com\/argentina\/aplicaciones\/canales\/\" role=\"button\" target=\"_self\">\n\t\t\t\t\t\t\t\t\t\tM\u00e1s informaci\u00f3n\n\t\t\t\t\t\t\t\t\t<\/a>\n\t<p><strong>ADS Tigre ofrece soluciones de gesti\u00f3n de recursos h\u00eddricos para mejorar la productividad, ampliar la superficie cultivable y mantener a las familias cultivando con \u00e9xito.<\/strong><\/p>\n\t\t\t\t<img decoding=\"async\" src=\"http:\/\/www.adstigre.com\/argentina\/wp-content\/uploads\/sites\/27\/2025\/06\/Ag-Illustration-Contour-Drainage-1.png\" alt=\"Ag Illustration - Contour Drainage\" itemprop=\"image\" title=\"Ag Illustration - Contour Drainage\" onerror=\"this.style.display='none'\" loading='lazy' \/>\n\t\t\t\t\t\t<h3>Si la agricultura fuera f\u00e1cil, todos lo har\u00edan. Es por eso que existen tan pocos que hacen lo que nosotros hacemos. Pero, en cada contratiempo y desaf\u00edo que enfrentes, recuerda para qui\u00e9n trabajamos y por qu\u00e9 siempre vale la pena. Vea el video:<\/h3>\t\t\t\t\t\n\t<iframe allowfullscreen allow=\"autoplay\" data-src=\"https:\/\/www.youtube.com\/embed\/yh4ymf_3D2Y?feature=oembed&amp;start&amp;end&amp;wmode=opaque&amp;loop=0&amp;controls=1&amp;mute=0&amp;rel=0&amp;modestbranding=0\"><\/iframe>\t\t\n\t\t\t\t\tPlay Video\n\t\t\t\t\t\t\t<img loading=\"lazy\" decoding=\"async\" src=\"https:\/\/www.adstigre.com\/argentina\/wp-content\/uploads\/sites\/27\/2025\/04\/Water-Cycle_-Convey.png\" alt=\"Water-Cycle_-Convey\" width=\"268\" height=\"203\" \/>\n\t\t\t\t\t\t<h5>Soluciones en PEAD para drenaje y gesti\u00f3n del agua en agricultura y obras viales<\/h5>\t\t\t\t\t\n\t\t\t\t\t<p>El uso eficiente del agua es clave en la agricultura y en la infraestructura vial. Los tubos de PEAD (polietileno de alta densidad) se destacan como la mejor alternativa para optimizar estos sistemas gracias a su durabilidad, resistencia y bajo costo de mantenimiento.En el \u00e1mbito agr\u00edcola, los canales hechos con tubos corrugados de PEAD garantizan estanqueidad y un transporte seguro del agua. Facilitan el mantenimiento, prolongan la vida \u00fatil del sistema y ayudan a drenar el exceso de humedad, evitando encharcamientos y favoreciendo un entorno ideal para el crecimiento de los cultivos.En infraestructura vial, los tubos de PEAD permiten un subdrenaje y canalizaci\u00f3n controlada, protegiendo las carreteras frente a acumulaciones de agua y procesos de erosi\u00f3n. Esto se traduce en mayor seguridad y vida \u00fatil de las v\u00edas, incluso en cruces y zonas de alto riesgo h\u00eddrico.En definitiva, el PEAD representa la opci\u00f3n m\u00e1s eficiente y sostenible para la gesti\u00f3n del agua, aportando beneficios a productores, ingenieros y al medio ambiente.<\/p>\t\t\t\t\n\n","protected":false},"excerpt":{"rendered":"<p>Creamos soluciones con impacto positivo en la AGROINDUSTRIA. Ofrecemos productos [&hellip;]<\/p>\n","protected":false},"author":5,"featured_media":0,"parent":0,"menu_order":0,"comment_status":"closed","ping_status":"closed","template":"","meta":{"_monsterinsights_skip_tracking":false,"_monsterinsights_sitenote_active":false,"_monsterinsights_sitenote_note":"","_monsterinsights_sitenote_category":0,"site-sidebar-layout":"default","site-content-layout":"","ast-site-content-layout":"default","site-content-style":"default","site-sidebar-style":"default","ast-global-header-display":"","ast-banner-title-visibility":"","ast-main-header-display":"","ast-hfb-above-header-display":"","ast-hfb-below-header-display":"","ast-hfb-mobile-header-display":"","site-post-title":"disabled","ast-breadcrumbs-content":"","ast-featured-img":"","footer-sml-layout":"","ast-disable-related-posts":"","theme-transparent-header-meta":"","adv-header-id-meta":"","stick-header-meta":"","header-above-stick-meta":"","header-main-stick-meta":"","header-below-stick-meta":"","astra-migrate-meta-layouts":"set","ast-page-background-enabled":"default","ast-page-background-meta":{"desktop":{"background-color":"","background-image":"","background-repeat":"repeat","background-position":"center center","background-size":"auto","background-attachment":"scroll","background-type":"","background-media":"","overlay-type":"","overlay-color":"","overlay-opacity":"","overlay-gradient":""},"tablet":{"background-color":"","background-image":"","background-repeat":"repeat","background-position":"center center","background-size":"auto","background-attachment":"scroll","background-type":"","background-media":"","overlay-type":"","overlay-color":"","overlay-opacity":"","overlay-gradient":""},"mobile":{"background-color":"","background-image":"","background-repeat":"repeat","background-position":"center center","background-size":"auto","background-attachment":"scroll","background-type":"","background-media":"","overlay-type":"","overlay-color":"","overlay-opacity":"","overlay-gradient":""}},"ast-content-background-meta":{"desktop":{"background-color":"var(--ast-global-color-5)","background-image":"","background-repeat":"repeat","background-position":"center center","background-size":"auto","background-attachment":"scroll","background-type":"","background-media":"","overlay-type":"","overlay-color":"","overlay-opacity":"","overlay-gradient":""},"tablet":{"background-color":"var(--ast-global-color-5)","background-image":"","background-repeat":"repeat","background-position":"center center","background-size":"auto","background-attachment":"scroll","background-type":"","background-media":"","overlay-type":"","overlay-color":"","overlay-opacity":"","overlay-gradient":""},"mobile":{"background-color":"var(--ast-global-color-5)","background-image":"","background-repeat":"repeat","background-position":"center center","background-size":"auto","background-attachment":"scroll","background-type":"","background-media":"","overlay-type":"","overlay-color":"","overlay-opacity":"","overlay-gradient":""}},"footnotes":""},"categories":[],"tags":[],"class_list":["post-9980","page","type-page","status-publish","hentry"],"yoast_head":"<!-- This site is optimized with the Yoast SEO plugin v27.4 - https:\/\/yoast.com\/product\/yoast-seo-wordpress\/ -->\n<title>ADS Tigre Agricultura - ADS Tigre Argentina<\/title>\n<meta name=\"robots\" content=\"index, follow, max-snippet:-1, max-image-preview:large, max-video-preview:-1\" \/>\n<link rel=\"canonical\" href=\"https:\/\/www.adstigre.com\/argentina\/ads-tigre-agricultura\/\" \/>\n<meta property=\"og:locale\" content=\"en_US\" \/>\n<meta property=\"og:type\" content=\"article\" \/>\n<meta property=\"og:title\" content=\"ADS Tigre Agricultura - ADS Tigre Argentina\" \/>\n<meta property=\"og:description\" content=\"Creamos soluciones con impacto positivo en la AGROINDUSTRIA. Ofrecemos productos [&hellip;]\" \/>\n<meta property=\"og:url\" content=\"https:\/\/www.adstigre.com\/argentina\/ads-tigre-agricultura\/\" \/>\n<meta property=\"og:site_name\" content=\"ADS Tigre Argentina\" \/>\n<meta property=\"article:modified_time\" content=\"2025-08-28T13:23:32+00:00\" \/>\n<meta property=\"og:image\" content=\"http:\/\/www.adstigre.com\/argentina\/wp-content\/uploads\/sites\/27\/2025\/07\/ADS-Agricultura-Logos-Negros-17-300x115.png\" \/>\n<meta name=\"twitter:card\" content=\"summary_large_image\" \/>\n<meta name=\"twitter:label1\" content=\"Est. reading time\" \/>\n\t<meta name=\"twitter:data1\" content=\"2 minutes\" \/>\n<script type=\"application\/ld+json\" class=\"yoast-schema-graph\">{\"@context\":\"https:\\\/\\\/schema.org\",\"@graph\":[{\"@type\":\"WebPage\",\"@id\":\"https:\\\/\\\/www.adstigre.com\\\/argentina\\\/ads-tigre-agricultura\\\/\",\"url\":\"https:\\\/\\\/www.adstigre.com\\\/argentina\\\/ads-tigre-agricultura\\\/\",\"name\":\"ADS Tigre Agricultura - ADS Tigre Argentina\",\"isPartOf\":{\"@id\":\"https:\\\/\\\/www.adstigre.com\\\/argentina\\\/#website\"},\"primaryImageOfPage\":{\"@id\":\"https:\\\/\\\/www.adstigre.com\\\/argentina\\\/ads-tigre-agricultura\\\/#primaryimage\"},\"image\":{\"@id\":\"https:\\\/\\\/www.adstigre.com\\\/argentina\\\/ads-tigre-agricultura\\\/#primaryimage\"},\"thumbnailUrl\":\"http:\\\/\\\/www.adstigre.com\\\/argentina\\\/wp-content\\\/uploads\\\/sites\\\/27\\\/2025\\\/07\\\/ADS-Agricultura-Logos-Negros-17-300x115.png\",\"datePublished\":\"2025-06-17T18:14:45+00:00\",\"dateModified\":\"2025-08-28T13:23:32+00:00\",\"breadcrumb\":{\"@id\":\"https:\\\/\\\/www.adstigre.com\\\/argentina\\\/ads-tigre-agricultura\\\/#breadcrumb\"},\"inLanguage\":\"en-US\",\"potentialAction\":[{\"@type\":\"ReadAction\",\"target\":[\"https:\\\/\\\/www.adstigre.com\\\/argentina\\\/ads-tigre-agricultura\\\/\"]}]},{\"@type\":\"ImageObject\",\"inLanguage\":\"en-US\",\"@id\":\"https:\\\/\\\/www.adstigre.com\\\/argentina\\\/ads-tigre-agricultura\\\/#primaryimage\",\"url\":\"http:\\\/\\\/www.adstigre.com\\\/argentina\\\/wp-content\\\/uploads\\\/sites\\\/27\\\/2025\\\/07\\\/ADS-Agricultura-Logos-Negros-17-300x115.png\",\"contentUrl\":\"http:\\\/\\\/www.adstigre.com\\\/argentina\\\/wp-content\\\/uploads\\\/sites\\\/27\\\/2025\\\/07\\\/ADS-Agricultura-Logos-Negros-17-300x115.png\"},{\"@type\":\"BreadcrumbList\",\"@id\":\"https:\\\/\\\/www.adstigre.com\\\/argentina\\\/ads-tigre-agricultura\\\/#breadcrumb\",\"itemListElement\":[{\"@type\":\"ListItem\",\"position\":1,\"name\":\"In\u00edcio\",\"item\":\"https:\\\/\\\/www.adstigre.com\\\/argentina\\\/\"},{\"@type\":\"ListItem\",\"position\":2,\"name\":\"ADS Tigre Agricultura\"}]},{\"@type\":\"WebSite\",\"@id\":\"https:\\\/\\\/www.adstigre.com\\\/argentina\\\/#website\",\"url\":\"https:\\\/\\\/www.adstigre.com\\\/argentina\\\/\",\"name\":\"ADS Tigre Argentina\",\"description\":\"Um site do grupo tigre\",\"potentialAction\":[{\"@type\":\"SearchAction\",\"target\":{\"@type\":\"EntryPoint\",\"urlTemplate\":\"https:\\\/\\\/www.adstigre.com\\\/argentina\\\/?s={search_term_string}\"},\"query-input\":{\"@type\":\"PropertyValueSpecification\",\"valueRequired\":true,\"valueName\":\"search_term_string\"}}],\"inLanguage\":\"en-US\"}]}<\/script>\n<!-- \/ Yoast SEO plugin. -->","yoast_head_json":{"title":"ADS Tigre Agricultura - ADS Tigre Argentina","robots":{"index":"index","follow":"follow","max-snippet":"max-snippet:-1","max-image-preview":"max-image-preview:large","max-video-preview":"max-video-preview:-1"},"canonical":"https:\/\/www.adstigre.com\/argentina\/ads-tigre-agricultura\/","og_locale":"en_US","og_type":"article","og_title":"ADS Tigre Agricultura - ADS Tigre Argentina","og_description":"Creamos soluciones con impacto positivo en la AGROINDUSTRIA. Ofrecemos productos [&hellip;]","og_url":"https:\/\/www.adstigre.com\/argentina\/ads-tigre-agricultura\/","og_site_name":"ADS Tigre Argentina","article_modified_time":"2025-08-28T13:23:32+00:00","og_image":[{"url":"http:\/\/www.adstigre.com\/argentina\/wp-content\/uploads\/sites\/27\/2025\/07\/ADS-Agricultura-Logos-Negros-17-300x115.png","type":"","width":"","height":""}],"twitter_card":"summary_large_image","twitter_misc":{"Est. reading time":"2 minutes"},"schema":{"@context":"https:\/\/schema.org","@graph":[{"@type":"WebPage","@id":"https:\/\/www.adstigre.com\/argentina\/ads-tigre-agricultura\/","url":"https:\/\/www.adstigre.com\/argentina\/ads-tigre-agricultura\/","name":"ADS Tigre Agricultura - ADS Tigre Argentina","isPartOf":{"@id":"https:\/\/www.adstigre.com\/argentina\/#website"},"primaryImageOfPage":{"@id":"https:\/\/www.adstigre.com\/argentina\/ads-tigre-agricultura\/#primaryimage"},"image":{"@id":"https:\/\/www.adstigre.com\/argentina\/ads-tigre-agricultura\/#primaryimage"},"thumbnailUrl":"http:\/\/www.adstigre.com\/argentina\/wp-content\/uploads\/sites\/27\/2025\/07\/ADS-Agricultura-Logos-Negros-17-300x115.png","datePublished":"2025-06-17T18:14:45+00:00","dateModified":"2025-08-28T13:23:32+00:00","breadcrumb":{"@id":"https:\/\/www.adstigre.com\/argentina\/ads-tigre-agricultura\/#breadcrumb"},"inLanguage":"en-US","potentialAction":[{"@type":"ReadAction","target":["https:\/\/www.adstigre.com\/argentina\/ads-tigre-agricultura\/"]}]},{"@type":"ImageObject","inLanguage":"en-US","@id":"https:\/\/www.adstigre.com\/argentina\/ads-tigre-agricultura\/#primaryimage","url":"http:\/\/www.adstigre.com\/argentina\/wp-content\/uploads\/sites\/27\/2025\/07\/ADS-Agricultura-Logos-Negros-17-300x115.png","contentUrl":"http:\/\/www.adstigre.com\/argentina\/wp-content\/uploads\/sites\/27\/2025\/07\/ADS-Agricultura-Logos-Negros-17-300x115.png"},{"@type":"BreadcrumbList","@id":"https:\/\/www.adstigre.com\/argentina\/ads-tigre-agricultura\/#breadcrumb","itemListElement":[{"@type":"ListItem","position":1,"name":"In\u00edcio","item":"https:\/\/www.adstigre.com\/argentina\/"},{"@type":"ListItem","position":2,"name":"ADS Tigre Agricultura"}]},{"@type":"WebSite","@id":"https:\/\/www.adstigre.com\/argentina\/#website","url":"https:\/\/www.adstigre.com\/argentina\/","name":"ADS Tigre Argentina","description":"Um site do grupo tigre","potentialAction":[{"@type":"SearchAction","target":{"@type":"EntryPoint","urlTemplate":"https:\/\/www.adstigre.com\/argentina\/?s={search_term_string}"},"query-input":{"@type":"PropertyValueSpecification","valueRequired":true,"valueName":"search_term_string"}}],"inLanguage":"en-US"}]}},"_links":{"self":[{"href":"http:\/\/www.adstigre.com\/argentina\/wp-json\/wp\/v2\/pages\/9980","targetHints":{"allow":["GET"]}}],"collection":[{"href":"http:\/\/www.adstigre.com\/argentina\/wp-json\/wp\/v2\/pages"}],"about":[{"href":"http:\/\/www.adstigre.com\/argentina\/wp-json\/wp\/v2\/types\/page"}],"author":[{"embeddable":true,"href":"http:\/\/www.adstigre.com\/argentina\/wp-json\/wp\/v2\/users\/5"}],"replies":[{"embeddable":true,"href":"http:\/\/www.adstigre.com\/argentina\/wp-json\/wp\/v2\/comments?post=9980"}],"version-history":[{"count":20,"href":"http:\/\/www.adstigre.com\/argentina\/wp-json\/wp\/v2\/pages\/9980\/revisions"}],"predecessor-version":[{"id":10033,"href":"http:\/\/www.adstigre.com\/argentina\/wp-json\/wp\/v2\/pages\/9980\/revisions\/10033"}],"wp:attachment":[{"href":"http:\/\/www.adstigre.com\/argentina\/wp-json\/wp\/v2\/media?parent=9980"}],"wp:term":[{"taxonomy":"category","embeddable":true,"href":"http:\/\/www.adstigre.com\/argentina\/wp-json\/wp\/v2\/categories?post=9980"},{"taxonomy":"post_tag","embeddable":true,"href":"http:\/\/www.adstigre.com\/argentina\/wp-json\/wp\/v2\/tags?post=9980"}],"curies":[{"name":"wp","href":"https:\/\/api.w.org\/{rel}","templated":true}]}}