{"id":9811,"date":"2025-04-02T16:54:43","date_gmt":"2025-04-02T19:54:43","guid":{"rendered":"https:\/\/www.adstigre.com\/argentina\/?page_id=9811"},"modified":"2025-04-03T09:49:17","modified_gmt":"2025-04-03T12:49:17","slug":"quick-chamber","status":"publish","type":"page","link":"http:\/\/www.adstigre.com\/argentina\/producto\/quick-chamber\/","title":{"rendered":"Quick Chamber"},"content":{"rendered":"\n\n\t\t\t\t<img decoding=\"async\" src=\"http:\/\/www.adstigre.com\/argentina\/wp-content\/uploads\/sites\/27\/2025\/04\/Quick_Camber_hor_site.png\" alt=\"Quick_Camber_hor_site\" itemprop=\"image\" title=\"Quick_Camber_hor_site\" onerror=\"this.style.display='none'\"  \/>\n\t\t\tSobre el producto\n\t\t\n\t\t\t<p>La Quick Chamber 4\u00ae EQ es una c\u00e1mara de arco que permite la infiltraci\u00f3n de aguas negras provenientes de fosas s\u00e9pticas. Permite reemplazar pozos s\u00e9pticos y tuber\u00edas perforadas de PVC.Las c\u00e1maras de arco de infiltraci\u00f3n Quick 4\u00ae son una excelente alternativa para devolver las aguas negras a su ciclo natural. Su dise\u00f1o innovador y eficiente facilita el tratamiento y la dispersi\u00f3n de aguas residuales, integr\u00e1ndolas de manera segura en el suelo. Gracias a su construcci\u00f3n robusta y duradera, estas c\u00e1maras aseguran un rendimiento \u00f3ptimo y una prolongada vida \u00fatil, lo que las convierte en una opci\u00f3n confiable y sostenible para la gesti\u00f3n de aguas residuales.El peso ligero, el tama\u00f1o compacto y la flexibilidad de las c\u00e1maras Quick 4\u00ae permiten un ahorro significativo de tiempo en la instalaci\u00f3n. Estas caracter\u00edsticas facilitan el manejo y la colocaci\u00f3n del sistema, reduciendo los costos laborales y de transporte. Adem\u00e1s, su dise\u00f1o modular ofrece versatilidad para adaptarse a diferentes configuraciones del terreno, proporcionando una soluci\u00f3n eficiente y efectiva para diversas necesidades de tratamiento de aguas residuales.<\/p>\t\t\n\t\t\t\t<img decoding=\"async\" src=\"http:\/\/www.adstigre.com\/argentina\/wp-content\/uploads\/sites\/27\/2025\/04\/Quick-Chamber-1-768x845-1.jpg\" alt=\"Quick-Chamber-1-768x845\" title=\"Quick-Chamber-1-768x845\" itemprop=\"image\"  \/>\n\t\t\t\t<img decoding=\"async\" src=\"http:\/\/www.adstigre.com\/argentina\/wp-content\/uploads\/sites\/27\/2025\/04\/Quick-Chamber-2.jpg\" alt=\"Quick-Chamber-2\" title=\"Quick-Chamber-2\" itemprop=\"image\"  \/>\n\t\t\tPrincipales Beneficios\n\t\t\n\t\t\t<p>Las Quick Chambers de ADS Tigre ofrecen varias ventajas en comparaci\u00f3n con los sistemas tradicionales de drenaje por tuber\u00edas perforadas y grava, entre ellas:<\/p><ul><li aria-level=\"1\"><b>Mayor Capacidad de Infiltraci\u00f3n<\/b>: Las c\u00e1maras proporcionan una mayor \u00e1rea de superficie para la infiltraci\u00f3n de agua, lo que mejora la capacidad de dispersi\u00f3n de las aguas residuales en el suelo.<\/li><li aria-level=\"1\"><b>Facilidad de Instalaci\u00f3n<\/b>: Son m\u00e1s f\u00e1ciles y r\u00e1pidas de instalar en comparaci\u00f3n con los sistemas convencionales, ya que eliminan la necesidad de transportar y manejar grandes cantidades de grava.<\/li><li aria-level=\"1\"><b>Durabilidad y Longevidad<\/b>: Est\u00e1n fabricadas con materiales duraderos que resisten la corrosi\u00f3n y otros da\u00f1os, asegurando una larga vida \u00fatil del sistema.<\/li><li aria-level=\"1\"><b>Eficiencia del Espacio<\/b>: Las c\u00e1maras pueden dise\u00f1arse para ocupar menos espacio que los sistemas tradicionales, lo que es beneficioso en \u00e1reas con espacio limitado.<\/li><\/ul>\t\t\n\t\t\tFuncionamiento y aplicaci\u00f3n\n\t\t\n\t\t\t<p>Cuando las aguas negras y los residuos s\u00e9pticos viajan desde la casa hasta un tanque s\u00e9ptico subterr\u00e1neo, comienza el proceso de tratamiento in situ de las aguas residuales. Los s\u00f3lidos se depositan en el fondo del tanque s\u00e9ptico, mientras que los residuos parcialmente clarificados se desplazan hacia el campo de filtraci\u00f3n. En este campo, el agua residual recibe un tratamiento biol\u00f3gico adicional al pasar a trav\u00e9s del suelo.Las c\u00e1maras de filtraci\u00f3n mantienen una distancia adecuada del manto fre\u00e1tico, reduciendo as\u00ed la posibilidad de contaminaci\u00f3n bacteriana. Adem\u00e1s, como todo el sistema es subterr\u00e1neo, no se producen malos olores. En general, los sistemas de c\u00e1maras son m\u00e1s duraderos y confiables que los pozos s\u00e9pticos.<\/p>\t\t\n\t\t\t\t<img decoding=\"async\" src=\"http:\/\/www.adstigre.com\/argentina\/wp-content\/uploads\/sites\/27\/2025\/04\/Quick-Chamber-3-768x517-1.png\" alt=\"Quick-Chamber-3-768x517\" title=\"Quick-Chamber-3-768x517\" itemprop=\"image\"  \/>\n\t\t\t\t<img decoding=\"async\" src=\"http:\/\/www.adstigre.com\/argentina\/wp-content\/uploads\/sites\/27\/2025\/04\/Quick-Chamber-4.png\" alt=\"Quick-Chamber-4\" title=\"Quick-Chamber-4\" itemprop=\"image\"  \/>\n\t\t\tCaracteristicas\n\t\t\n\t\t\t<p>La c\u00e1mara Quick4\u00ae cabe en una zanja de 60 cm de ancho y es ideal para sistemas curvos o rectos. Cuenta con conexi\u00f3n giratoria que permite curvaturas de un m\u00e1ximo de 10\u00b0 (a la izquierda o derecha). La tapa final denominada MultiPort\u2122 Permite la conexi\u00f3n de tuber\u00edas de distintos di\u00e1metros sin la necesidad de utilizar conexiones o piezas adicionales.La c\u00e1mara Quick4\u00ae Equalizer 36 tiene una longitud de 1,21 mt. Esta dimensi\u00f3n permite una gran flexibilidad del producto y facilidad de instalaci\u00f3n.<\/p>\t\t\n\t\t\tCamara\n\t\t\n\t\t\t\t<img decoding=\"async\" src=\"http:\/\/www.adstigre.com\/argentina\/wp-content\/uploads\/sites\/27\/2025\/04\/Quick-Chamber-5.png\" alt=\"Quick-Chamber-5\" title=\"Quick-Chamber-5\" itemprop=\"image\"  \/>\n\t\t\tTapa\n\t\t\n\t\t\t\t<img decoding=\"async\" src=\"http:\/\/www.adstigre.com\/argentina\/wp-content\/uploads\/sites\/27\/2025\/04\/Quick-Chamber-6.png\" alt=\"Quick-Chamber-6\" title=\"Quick-Chamber-6\" itemprop=\"image\"  \/>\n\n","protected":false},"excerpt":{"rendered":"<p>Sobre el producto La Quick Chamber 4\u00ae EQ es una [&hellip;]<\/p>\n","protected":false},"author":3,"featured_media":0,"parent":2323,"menu_order":0,"comment_status":"closed","ping_status":"closed","template":"","meta":{"_monsterinsights_skip_tracking":false,"_monsterinsights_sitenote_active":false,"_monsterinsights_sitenote_note":"","_monsterinsights_sitenote_category":0,"site-sidebar-layout":"default","site-content-layout":"","ast-site-content-layout":"default","site-content-style":"default","site-sidebar-style":"default","ast-global-header-display":"","ast-banner-title-visibility":"","ast-main-header-display":"","ast-hfb-above-header-display":"","ast-hfb-below-header-display":"","ast-hfb-mobile-header-display":"","site-post-title":"disabled","ast-breadcrumbs-content":"","ast-featured-img":"","footer-sml-layout":"","ast-disable-related-posts":"","theme-transparent-header-meta":"","adv-header-id-meta":"","stick-header-meta":"","header-above-stick-meta":"","header-main-stick-meta":"","header-below-stick-meta":"","astra-migrate-meta-layouts":"set","ast-page-background-enabled":"default","ast-page-background-meta":{"desktop":{"background-color":"","background-image":"","background-repeat":"repeat","background-position":"center center","background-size":"auto","background-attachment":"scroll","background-type":"","background-media":"","overlay-type":"","overlay-color":"","overlay-opacity":"","overlay-gradient":""},"tablet":{"background-color":"","background-image":"","background-repeat":"repeat","background-position":"center center","background-size":"auto","background-attachment":"scroll","background-type":"","background-media":"","overlay-type":"","overlay-color":"","overlay-opacity":"","overlay-gradient":""},"mobile":{"background-color":"","background-image":"","background-repeat":"repeat","background-position":"center center","background-size":"auto","background-attachment":"scroll","background-type":"","background-media":"","overlay-type":"","overlay-color":"","overlay-opacity":"","overlay-gradient":""}},"ast-content-background-meta":{"desktop":{"background-color":"var(--ast-global-color-5)","background-image":"","background-repeat":"repeat","background-position":"center center","background-size":"auto","background-attachment":"scroll","background-type":"","background-media":"","overlay-type":"","overlay-color":"","overlay-opacity":"","overlay-gradient":""},"tablet":{"background-color":"var(--ast-global-color-5)","background-image":"","background-repeat":"repeat","background-position":"center center","background-size":"auto","background-attachment":"scroll","background-type":"","background-media":"","overlay-type":"","overlay-color":"","overlay-opacity":"","overlay-gradient":""},"mobile":{"background-color":"var(--ast-global-color-5)","background-image":"","background-repeat":"repeat","background-position":"center center","background-size":"auto","background-attachment":"scroll","background-type":"","background-media":"","overlay-type":"","overlay-color":"","overlay-opacity":"","overlay-gradient":""}},"footnotes":""},"categories":[],"tags":[],"class_list":["post-9811","page","type-page","status-publish","hentry"],"yoast_head":"<!-- This site is optimized with the Yoast SEO plugin v27.4 - https:\/\/yoast.com\/product\/yoast-seo-wordpress\/ -->\n<title>Quick Chamber - ADS Tigre Argentina<\/title>\n<meta name=\"robots\" content=\"index, follow, max-snippet:-1, max-image-preview:large, max-video-preview:-1\" \/>\n<link rel=\"canonical\" href=\"http:\/\/www.adstigre.com\/argentina\/producto\/quick-chamber\/\" \/>\n<meta property=\"og:locale\" content=\"en_US\" \/>\n<meta property=\"og:type\" content=\"article\" \/>\n<meta property=\"og:title\" content=\"Quick Chamber - ADS Tigre Argentina\" \/>\n<meta property=\"og:description\" content=\"Sobre el producto La Quick Chamber 4\u00ae EQ es una [&hellip;]\" \/>\n<meta property=\"og:url\" content=\"http:\/\/www.adstigre.com\/argentina\/producto\/quick-chamber\/\" \/>\n<meta property=\"og:site_name\" content=\"ADS Tigre Argentina\" \/>\n<meta property=\"article:modified_time\" content=\"2025-04-03T12:49:17+00:00\" \/>\n<meta property=\"og:image\" content=\"http:\/\/www.adstigre.com\/argentina\/wp-content\/uploads\/sites\/27\/2025\/04\/Quick_Camber_hor_site.png\" \/>\n<meta name=\"twitter:card\" content=\"summary_large_image\" \/>\n<meta name=\"twitter:label1\" content=\"Est. reading time\" \/>\n\t<meta name=\"twitter:data1\" content=\"3 minutes\" \/>\n<script type=\"application\/ld+json\" class=\"yoast-schema-graph\">{\"@context\":\"https:\\\/\\\/schema.org\",\"@graph\":[{\"@type\":\"WebPage\",\"@id\":\"http:\\\/\\\/www.adstigre.com\\\/argentina\\\/producto\\\/quick-chamber\\\/\",\"url\":\"http:\\\/\\\/www.adstigre.com\\\/argentina\\\/producto\\\/quick-chamber\\\/\",\"name\":\"Quick Chamber - ADS Tigre Argentina\",\"isPartOf\":{\"@id\":\"http:\\\/\\\/www.adstigre.com\\\/argentina\\\/#website\"},\"primaryImageOfPage\":{\"@id\":\"http:\\\/\\\/www.adstigre.com\\\/argentina\\\/producto\\\/quick-chamber\\\/#primaryimage\"},\"image\":{\"@id\":\"http:\\\/\\\/www.adstigre.com\\\/argentina\\\/producto\\\/quick-chamber\\\/#primaryimage\"},\"thumbnailUrl\":\"http:\\\/\\\/www.adstigre.com\\\/argentina\\\/wp-content\\\/uploads\\\/sites\\\/27\\\/2025\\\/04\\\/Quick_Camber_hor_site.png\",\"datePublished\":\"2025-04-02T19:54:43+00:00\",\"dateModified\":\"2025-04-03T12:49:17+00:00\",\"breadcrumb\":{\"@id\":\"http:\\\/\\\/www.adstigre.com\\\/argentina\\\/producto\\\/quick-chamber\\\/#breadcrumb\"},\"inLanguage\":\"en-US\",\"potentialAction\":[{\"@type\":\"ReadAction\",\"target\":[\"http:\\\/\\\/www.adstigre.com\\\/argentina\\\/producto\\\/quick-chamber\\\/\"]}]},{\"@type\":\"ImageObject\",\"inLanguage\":\"en-US\",\"@id\":\"http:\\\/\\\/www.adstigre.com\\\/argentina\\\/producto\\\/quick-chamber\\\/#primaryimage\",\"url\":\"http:\\\/\\\/www.adstigre.com\\\/argentina\\\/wp-content\\\/uploads\\\/sites\\\/27\\\/2025\\\/04\\\/Quick_Camber_hor_site.png\",\"contentUrl\":\"http:\\\/\\\/www.adstigre.com\\\/argentina\\\/wp-content\\\/uploads\\\/sites\\\/27\\\/2025\\\/04\\\/Quick_Camber_hor_site.png\"},{\"@type\":\"BreadcrumbList\",\"@id\":\"http:\\\/\\\/www.adstigre.com\\\/argentina\\\/producto\\\/quick-chamber\\\/#breadcrumb\",\"itemListElement\":[{\"@type\":\"ListItem\",\"position\":1,\"name\":\"In\u00edcio\",\"item\":\"http:\\\/\\\/www.adstigre.com\\\/argentina\\\/\"},{\"@type\":\"ListItem\",\"position\":2,\"name\":\"Producto\",\"item\":\"http:\\\/\\\/www.adstigre.com\\\/argentina\\\/producto\\\/\"},{\"@type\":\"ListItem\",\"position\":3,\"name\":\"Quick Chamber\"}]},{\"@type\":\"WebSite\",\"@id\":\"http:\\\/\\\/www.adstigre.com\\\/argentina\\\/#website\",\"url\":\"http:\\\/\\\/www.adstigre.com\\\/argentina\\\/\",\"name\":\"ADS Tigre Argentina\",\"description\":\"Um site do grupo tigre\",\"potentialAction\":[{\"@type\":\"SearchAction\",\"target\":{\"@type\":\"EntryPoint\",\"urlTemplate\":\"http:\\\/\\\/www.adstigre.com\\\/argentina\\\/?s={search_term_string}\"},\"query-input\":{\"@type\":\"PropertyValueSpecification\",\"valueRequired\":true,\"valueName\":\"search_term_string\"}}],\"inLanguage\":\"en-US\"}]}<\/script>\n<!-- \/ Yoast SEO plugin. -->","yoast_head_json":{"title":"Quick Chamber - ADS Tigre Argentina","robots":{"index":"index","follow":"follow","max-snippet":"max-snippet:-1","max-image-preview":"max-image-preview:large","max-video-preview":"max-video-preview:-1"},"canonical":"http:\/\/www.adstigre.com\/argentina\/producto\/quick-chamber\/","og_locale":"en_US","og_type":"article","og_title":"Quick Chamber - ADS Tigre Argentina","og_description":"Sobre el producto La Quick Chamber 4\u00ae EQ es una [&hellip;]","og_url":"http:\/\/www.adstigre.com\/argentina\/producto\/quick-chamber\/","og_site_name":"ADS Tigre Argentina","article_modified_time":"2025-04-03T12:49:17+00:00","og_image":[{"url":"http:\/\/www.adstigre.com\/argentina\/wp-content\/uploads\/sites\/27\/2025\/04\/Quick_Camber_hor_site.png","type":"","width":"","height":""}],"twitter_card":"summary_large_image","twitter_misc":{"Est. reading time":"3 minutes"},"schema":{"@context":"https:\/\/schema.org","@graph":[{"@type":"WebPage","@id":"http:\/\/www.adstigre.com\/argentina\/producto\/quick-chamber\/","url":"http:\/\/www.adstigre.com\/argentina\/producto\/quick-chamber\/","name":"Quick Chamber - ADS Tigre Argentina","isPartOf":{"@id":"http:\/\/www.adstigre.com\/argentina\/#website"},"primaryImageOfPage":{"@id":"http:\/\/www.adstigre.com\/argentina\/producto\/quick-chamber\/#primaryimage"},"image":{"@id":"http:\/\/www.adstigre.com\/argentina\/producto\/quick-chamber\/#primaryimage"},"thumbnailUrl":"http:\/\/www.adstigre.com\/argentina\/wp-content\/uploads\/sites\/27\/2025\/04\/Quick_Camber_hor_site.png","datePublished":"2025-04-02T19:54:43+00:00","dateModified":"2025-04-03T12:49:17+00:00","breadcrumb":{"@id":"http:\/\/www.adstigre.com\/argentina\/producto\/quick-chamber\/#breadcrumb"},"inLanguage":"en-US","potentialAction":[{"@type":"ReadAction","target":["http:\/\/www.adstigre.com\/argentina\/producto\/quick-chamber\/"]}]},{"@type":"ImageObject","inLanguage":"en-US","@id":"http:\/\/www.adstigre.com\/argentina\/producto\/quick-chamber\/#primaryimage","url":"http:\/\/www.adstigre.com\/argentina\/wp-content\/uploads\/sites\/27\/2025\/04\/Quick_Camber_hor_site.png","contentUrl":"http:\/\/www.adstigre.com\/argentina\/wp-content\/uploads\/sites\/27\/2025\/04\/Quick_Camber_hor_site.png"},{"@type":"BreadcrumbList","@id":"http:\/\/www.adstigre.com\/argentina\/producto\/quick-chamber\/#breadcrumb","itemListElement":[{"@type":"ListItem","position":1,"name":"In\u00edcio","item":"http:\/\/www.adstigre.com\/argentina\/"},{"@type":"ListItem","position":2,"name":"Producto","item":"http:\/\/www.adstigre.com\/argentina\/producto\/"},{"@type":"ListItem","position":3,"name":"Quick Chamber"}]},{"@type":"WebSite","@id":"http:\/\/www.adstigre.com\/argentina\/#website","url":"http:\/\/www.adstigre.com\/argentina\/","name":"ADS Tigre Argentina","description":"Um site do grupo tigre","potentialAction":[{"@type":"SearchAction","target":{"@type":"EntryPoint","urlTemplate":"http:\/\/www.adstigre.com\/argentina\/?s={search_term_string}"},"query-input":{"@type":"PropertyValueSpecification","valueRequired":true,"valueName":"search_term_string"}}],"inLanguage":"en-US"}]}},"_links":{"self":[{"href":"http:\/\/www.adstigre.com\/argentina\/wp-json\/wp\/v2\/pages\/9811","targetHints":{"allow":["GET"]}}],"collection":[{"href":"http:\/\/www.adstigre.com\/argentina\/wp-json\/wp\/v2\/pages"}],"about":[{"href":"http:\/\/www.adstigre.com\/argentina\/wp-json\/wp\/v2\/types\/page"}],"author":[{"embeddable":true,"href":"http:\/\/www.adstigre.com\/argentina\/wp-json\/wp\/v2\/users\/3"}],"replies":[{"embeddable":true,"href":"http:\/\/www.adstigre.com\/argentina\/wp-json\/wp\/v2\/comments?post=9811"}],"version-history":[{"count":4,"href":"http:\/\/www.adstigre.com\/argentina\/wp-json\/wp\/v2\/pages\/9811\/revisions"}],"predecessor-version":[{"id":9830,"href":"http:\/\/www.adstigre.com\/argentina\/wp-json\/wp\/v2\/pages\/9811\/revisions\/9830"}],"up":[{"embeddable":true,"href":"http:\/\/www.adstigre.com\/argentina\/wp-json\/wp\/v2\/pages\/2323"}],"wp:attachment":[{"href":"http:\/\/www.adstigre.com\/argentina\/wp-json\/wp\/v2\/media?parent=9811"}],"wp:term":[{"taxonomy":"category","embeddable":true,"href":"http:\/\/www.adstigre.com\/argentina\/wp-json\/wp\/v2\/categories?post=9811"},{"taxonomy":"post_tag","embeddable":true,"href":"http:\/\/www.adstigre.com\/argentina\/wp-json\/wp\/v2\/tags?post=9811"}],"curies":[{"name":"wp","href":"https:\/\/api.w.org\/{rel}","templated":true}]}}