{"id":9772,"date":"2025-04-02T16:00:44","date_gmt":"2025-04-02T19:00:44","guid":{"rendered":"https:\/\/www.adstigre.com\/argentina\/?page_id=9772"},"modified":"2025-04-03T09:39:05","modified_gmt":"2025-04-03T12:39:05","slug":"geotextiles","status":"publish","type":"page","link":"http:\/\/www.adstigre.com\/argentina\/producto\/geotextiles\/","title":{"rendered":"Geotextiles"},"content":{"rendered":"\n\n\t\t\t\t<img decoding=\"async\" src=\"http:\/\/www.adstigre.com\/argentina\/wp-content\/uploads\/sites\/27\/2025\/04\/Geotextil_hor_site2.png\" alt=\"Geotextil_hor_site2\" itemprop=\"image\" title=\"Geotextil_hor_site2\" onerror=\"this.style.display='none'\"  \/>\n\t\t\tSobre el producto\n\t\t\n\t\t\t<p>La l\u00ednea de geotextiles de Polipropileno tejido y no tejido est\u00e1 conformada por un sistema de fibras. Este tipo de productos se caracteriza por su resistencia al punzonamiento y destaca en propiedades hidr\u00e1ulicas.Su resistencia lo hace adecuado para diversas aplicaciones en construcci\u00f3n, miner\u00eda, urbanizaci\u00f3n y drenajes en general. Permite separar distintos tipos de terreno, filtrando el agua y evita la acumulaci\u00f3n de sedimentos. Es posible utilizarlo para proteger geomembranas.Este tipo de productos garantizan un flujo \u00f3ptimo para la evacuaci\u00f3n e infiltraci\u00f3n del agua, mientras retiene los materiales finos, evitando la mezcla de distintos empleados en la instalaci\u00f3n.<\/p>\t\t\n\t\t\t\t<img decoding=\"async\" src=\"http:\/\/www.adstigre.com\/argentina\/wp-content\/uploads\/sites\/27\/2025\/04\/geotextiles-1.jpg\" alt=\"geotextiles-1\" title=\"geotextiles-1\" itemprop=\"image\"  \/>\n\t\t\tManual de carreteras Chile\n\t\t\n\t\t\t\t<img decoding=\"async\" src=\"http:\/\/www.adstigre.com\/argentina\/wp-content\/uploads\/sites\/27\/2025\/04\/geotextil-table-1.jpg\" alt=\"geotextil-table-1\" title=\"geotextil-table-1\" itemprop=\"image\"  \/>\n\t\t\t\t\t\t\t<img loading=\"lazy\" decoding=\"async\" src=\"http:\/\/www.adstigre.com\/argentina\/wp-content\/uploads\/sites\/27\/2025\/04\/geotextiles-drainage.png\" alt=\"geotextiles-drainage\" width=\"102\" height=\"101\" \/>\n\t\t<h4>Drainage<\/h4>\n\t\t\t\t\t\t\t<img loading=\"lazy\" decoding=\"async\" src=\"http:\/\/www.adstigre.com\/argentina\/wp-content\/uploads\/sites\/27\/2025\/04\/geotextiles-separation.png\" alt=\"geotextiles-separation\" width=\"101\" height=\"101\" \/>\n\t\t<h4>Separation<\/h4>\n\t\t\t\t\t\t\t<img loading=\"lazy\" decoding=\"async\" src=\"http:\/\/www.adstigre.com\/argentina\/wp-content\/uploads\/sites\/27\/2025\/04\/geotextiles-filtration.png\" alt=\"geotextiles-filtration\" width=\"101\" height=\"101\" \/>\n\t\t<h4>Filtration<\/h4>\n\t\t\t\t\t\t\t<img loading=\"lazy\" decoding=\"async\" src=\"http:\/\/www.adstigre.com\/argentina\/wp-content\/uploads\/sites\/27\/2025\/04\/geotextiles-protection.png\" alt=\"geotextiles-protection\" width=\"101\" height=\"101\" \/>\n\t\t<h4>Protection<\/h4>\n\t\t\tCaracter\u00edsticas Geotextil No Tejido\n\t\t\n\t\t\t\t<img decoding=\"async\" src=\"http:\/\/www.adstigre.com\/argentina\/wp-content\/uploads\/sites\/27\/2025\/04\/geotextil-table-2.jpg\" alt=\"geotextil-table-2\" title=\"geotextil-table-2\" itemprop=\"image\"  \/>\n\t\t\tCaracter\u00edsticas Geotextil Tejido 200WTK\n\t\t\n\t\t\t\t<img decoding=\"async\" src=\"http:\/\/www.adstigre.com\/argentina\/wp-content\/uploads\/sites\/27\/2025\/04\/geotextil-table-3.jpg\" alt=\"geotextil-table-3\" title=\"geotextil-table-3\" itemprop=\"image\"  \/>\n\n","protected":false},"excerpt":{"rendered":"<p>Sobre el producto La l\u00ednea de geotextiles de Polipropileno tejido [&hellip;]<\/p>\n","protected":false},"author":3,"featured_media":0,"parent":2323,"menu_order":0,"comment_status":"closed","ping_status":"closed","template":"","meta":{"_monsterinsights_skip_tracking":false,"_monsterinsights_sitenote_active":false,"_monsterinsights_sitenote_note":"","_monsterinsights_sitenote_category":0,"site-sidebar-layout":"default","site-content-layout":"","ast-site-content-layout":"default","site-content-style":"default","site-sidebar-style":"default","ast-global-header-display":"","ast-banner-title-visibility":"","ast-main-header-display":"","ast-hfb-above-header-display":"","ast-hfb-below-header-display":"","ast-hfb-mobile-header-display":"","site-post-title":"disabled","ast-breadcrumbs-content":"","ast-featured-img":"","footer-sml-layout":"","ast-disable-related-posts":"","theme-transparent-header-meta":"","adv-header-id-meta":"","stick-header-meta":"","header-above-stick-meta":"","header-main-stick-meta":"","header-below-stick-meta":"","astra-migrate-meta-layouts":"set","ast-page-background-enabled":"default","ast-page-background-meta":{"desktop":{"background-color":"","background-image":"","background-repeat":"repeat","background-position":"center center","background-size":"auto","background-attachment":"scroll","background-type":"","background-media":"","overlay-type":"","overlay-color":"","overlay-opacity":"","overlay-gradient":""},"tablet":{"background-color":"","background-image":"","background-repeat":"repeat","background-position":"center center","background-size":"auto","background-attachment":"scroll","background-type":"","background-media":"","overlay-type":"","overlay-color":"","overlay-opacity":"","overlay-gradient":""},"mobile":{"background-color":"","background-image":"","background-repeat":"repeat","background-position":"center center","background-size":"auto","background-attachment":"scroll","background-type":"","background-media":"","overlay-type":"","overlay-color":"","overlay-opacity":"","overlay-gradient":""}},"ast-content-background-meta":{"desktop":{"background-color":"var(--ast-global-color-5)","background-image":"","background-repeat":"repeat","background-position":"center center","background-size":"auto","background-attachment":"scroll","background-type":"","background-media":"","overlay-type":"","overlay-color":"","overlay-opacity":"","overlay-gradient":""},"tablet":{"background-color":"var(--ast-global-color-5)","background-image":"","background-repeat":"repeat","background-position":"center center","background-size":"auto","background-attachment":"scroll","background-type":"","background-media":"","overlay-type":"","overlay-color":"","overlay-opacity":"","overlay-gradient":""},"mobile":{"background-color":"var(--ast-global-color-5)","background-image":"","background-repeat":"repeat","background-position":"center center","background-size":"auto","background-attachment":"scroll","background-type":"","background-media":"","overlay-type":"","overlay-color":"","overlay-opacity":"","overlay-gradient":""}},"footnotes":""},"categories":[],"tags":[],"class_list":["post-9772","page","type-page","status-publish","hentry"],"yoast_head":"<!-- This site is optimized with the Yoast SEO plugin v27.4 - https:\/\/yoast.com\/product\/yoast-seo-wordpress\/ -->\n<title>Geotextiles - ADS Tigre Argentina<\/title>\n<meta name=\"robots\" content=\"index, follow, max-snippet:-1, max-image-preview:large, max-video-preview:-1\" \/>\n<link rel=\"canonical\" href=\"https:\/\/www.adstigre.com\/argentina\/producto\/geotextiles\/\" \/>\n<meta property=\"og:locale\" content=\"en_US\" \/>\n<meta property=\"og:type\" content=\"article\" \/>\n<meta property=\"og:title\" content=\"Geotextiles - ADS Tigre Argentina\" \/>\n<meta property=\"og:description\" content=\"Sobre el producto La l\u00ednea de geotextiles de Polipropileno tejido [&hellip;]\" \/>\n<meta property=\"og:url\" content=\"https:\/\/www.adstigre.com\/argentina\/producto\/geotextiles\/\" \/>\n<meta property=\"og:site_name\" content=\"ADS Tigre Argentina\" \/>\n<meta property=\"article:modified_time\" content=\"2025-04-03T12:39:05+00:00\" \/>\n<meta property=\"og:image\" content=\"http:\/\/www.adstigre.com\/argentina\/wp-content\/uploads\/sites\/27\/2025\/04\/Geotextil_hor_site2.png\" \/>\n<meta name=\"twitter:card\" content=\"summary_large_image\" \/>\n<meta name=\"twitter:label1\" content=\"Est. reading time\" \/>\n\t<meta name=\"twitter:data1\" content=\"1 minute\" \/>\n<script type=\"application\/ld+json\" class=\"yoast-schema-graph\">{\"@context\":\"https:\\\/\\\/schema.org\",\"@graph\":[{\"@type\":\"WebPage\",\"@id\":\"https:\\\/\\\/www.adstigre.com\\\/argentina\\\/producto\\\/geotextiles\\\/\",\"url\":\"https:\\\/\\\/www.adstigre.com\\\/argentina\\\/producto\\\/geotextiles\\\/\",\"name\":\"Geotextiles - ADS Tigre Argentina\",\"isPartOf\":{\"@id\":\"https:\\\/\\\/www.adstigre.com\\\/argentina\\\/#website\"},\"primaryImageOfPage\":{\"@id\":\"https:\\\/\\\/www.adstigre.com\\\/argentina\\\/producto\\\/geotextiles\\\/#primaryimage\"},\"image\":{\"@id\":\"https:\\\/\\\/www.adstigre.com\\\/argentina\\\/producto\\\/geotextiles\\\/#primaryimage\"},\"thumbnailUrl\":\"http:\\\/\\\/www.adstigre.com\\\/argentina\\\/wp-content\\\/uploads\\\/sites\\\/27\\\/2025\\\/04\\\/Geotextil_hor_site2.png\",\"datePublished\":\"2025-04-02T19:00:44+00:00\",\"dateModified\":\"2025-04-03T12:39:05+00:00\",\"breadcrumb\":{\"@id\":\"https:\\\/\\\/www.adstigre.com\\\/argentina\\\/producto\\\/geotextiles\\\/#breadcrumb\"},\"inLanguage\":\"en-US\",\"potentialAction\":[{\"@type\":\"ReadAction\",\"target\":[\"https:\\\/\\\/www.adstigre.com\\\/argentina\\\/producto\\\/geotextiles\\\/\"]}]},{\"@type\":\"ImageObject\",\"inLanguage\":\"en-US\",\"@id\":\"https:\\\/\\\/www.adstigre.com\\\/argentina\\\/producto\\\/geotextiles\\\/#primaryimage\",\"url\":\"http:\\\/\\\/www.adstigre.com\\\/argentina\\\/wp-content\\\/uploads\\\/sites\\\/27\\\/2025\\\/04\\\/Geotextil_hor_site2.png\",\"contentUrl\":\"http:\\\/\\\/www.adstigre.com\\\/argentina\\\/wp-content\\\/uploads\\\/sites\\\/27\\\/2025\\\/04\\\/Geotextil_hor_site2.png\"},{\"@type\":\"BreadcrumbList\",\"@id\":\"https:\\\/\\\/www.adstigre.com\\\/argentina\\\/producto\\\/geotextiles\\\/#breadcrumb\",\"itemListElement\":[{\"@type\":\"ListItem\",\"position\":1,\"name\":\"In\u00edcio\",\"item\":\"https:\\\/\\\/www.adstigre.com\\\/argentina\\\/\"},{\"@type\":\"ListItem\",\"position\":2,\"name\":\"Producto\",\"item\":\"https:\\\/\\\/www.adstigre.com\\\/argentina\\\/producto\\\/\"},{\"@type\":\"ListItem\",\"position\":3,\"name\":\"Geotextiles\"}]},{\"@type\":\"WebSite\",\"@id\":\"https:\\\/\\\/www.adstigre.com\\\/argentina\\\/#website\",\"url\":\"https:\\\/\\\/www.adstigre.com\\\/argentina\\\/\",\"name\":\"ADS Tigre Argentina\",\"description\":\"Um site do grupo tigre\",\"potentialAction\":[{\"@type\":\"SearchAction\",\"target\":{\"@type\":\"EntryPoint\",\"urlTemplate\":\"https:\\\/\\\/www.adstigre.com\\\/argentina\\\/?s={search_term_string}\"},\"query-input\":{\"@type\":\"PropertyValueSpecification\",\"valueRequired\":true,\"valueName\":\"search_term_string\"}}],\"inLanguage\":\"en-US\"}]}<\/script>\n<!-- \/ Yoast SEO plugin. -->","yoast_head_json":{"title":"Geotextiles - ADS Tigre Argentina","robots":{"index":"index","follow":"follow","max-snippet":"max-snippet:-1","max-image-preview":"max-image-preview:large","max-video-preview":"max-video-preview:-1"},"canonical":"https:\/\/www.adstigre.com\/argentina\/producto\/geotextiles\/","og_locale":"en_US","og_type":"article","og_title":"Geotextiles - ADS Tigre Argentina","og_description":"Sobre el producto La l\u00ednea de geotextiles de Polipropileno tejido [&hellip;]","og_url":"https:\/\/www.adstigre.com\/argentina\/producto\/geotextiles\/","og_site_name":"ADS Tigre Argentina","article_modified_time":"2025-04-03T12:39:05+00:00","og_image":[{"url":"http:\/\/www.adstigre.com\/argentina\/wp-content\/uploads\/sites\/27\/2025\/04\/Geotextil_hor_site2.png","type":"","width":"","height":""}],"twitter_card":"summary_large_image","twitter_misc":{"Est. reading time":"1 minute"},"schema":{"@context":"https:\/\/schema.org","@graph":[{"@type":"WebPage","@id":"https:\/\/www.adstigre.com\/argentina\/producto\/geotextiles\/","url":"https:\/\/www.adstigre.com\/argentina\/producto\/geotextiles\/","name":"Geotextiles - ADS Tigre Argentina","isPartOf":{"@id":"https:\/\/www.adstigre.com\/argentina\/#website"},"primaryImageOfPage":{"@id":"https:\/\/www.adstigre.com\/argentina\/producto\/geotextiles\/#primaryimage"},"image":{"@id":"https:\/\/www.adstigre.com\/argentina\/producto\/geotextiles\/#primaryimage"},"thumbnailUrl":"http:\/\/www.adstigre.com\/argentina\/wp-content\/uploads\/sites\/27\/2025\/04\/Geotextil_hor_site2.png","datePublished":"2025-04-02T19:00:44+00:00","dateModified":"2025-04-03T12:39:05+00:00","breadcrumb":{"@id":"https:\/\/www.adstigre.com\/argentina\/producto\/geotextiles\/#breadcrumb"},"inLanguage":"en-US","potentialAction":[{"@type":"ReadAction","target":["https:\/\/www.adstigre.com\/argentina\/producto\/geotextiles\/"]}]},{"@type":"ImageObject","inLanguage":"en-US","@id":"https:\/\/www.adstigre.com\/argentina\/producto\/geotextiles\/#primaryimage","url":"http:\/\/www.adstigre.com\/argentina\/wp-content\/uploads\/sites\/27\/2025\/04\/Geotextil_hor_site2.png","contentUrl":"http:\/\/www.adstigre.com\/argentina\/wp-content\/uploads\/sites\/27\/2025\/04\/Geotextil_hor_site2.png"},{"@type":"BreadcrumbList","@id":"https:\/\/www.adstigre.com\/argentina\/producto\/geotextiles\/#breadcrumb","itemListElement":[{"@type":"ListItem","position":1,"name":"In\u00edcio","item":"https:\/\/www.adstigre.com\/argentina\/"},{"@type":"ListItem","position":2,"name":"Producto","item":"https:\/\/www.adstigre.com\/argentina\/producto\/"},{"@type":"ListItem","position":3,"name":"Geotextiles"}]},{"@type":"WebSite","@id":"https:\/\/www.adstigre.com\/argentina\/#website","url":"https:\/\/www.adstigre.com\/argentina\/","name":"ADS Tigre Argentina","description":"Um site do grupo tigre","potentialAction":[{"@type":"SearchAction","target":{"@type":"EntryPoint","urlTemplate":"https:\/\/www.adstigre.com\/argentina\/?s={search_term_string}"},"query-input":{"@type":"PropertyValueSpecification","valueRequired":true,"valueName":"search_term_string"}}],"inLanguage":"en-US"}]}},"_links":{"self":[{"href":"http:\/\/www.adstigre.com\/argentina\/wp-json\/wp\/v2\/pages\/9772","targetHints":{"allow":["GET"]}}],"collection":[{"href":"http:\/\/www.adstigre.com\/argentina\/wp-json\/wp\/v2\/pages"}],"about":[{"href":"http:\/\/www.adstigre.com\/argentina\/wp-json\/wp\/v2\/types\/page"}],"author":[{"embeddable":true,"href":"http:\/\/www.adstigre.com\/argentina\/wp-json\/wp\/v2\/users\/3"}],"replies":[{"embeddable":true,"href":"http:\/\/www.adstigre.com\/argentina\/wp-json\/wp\/v2\/comments?post=9772"}],"version-history":[{"count":3,"href":"http:\/\/www.adstigre.com\/argentina\/wp-json\/wp\/v2\/pages\/9772\/revisions"}],"predecessor-version":[{"id":9824,"href":"http:\/\/www.adstigre.com\/argentina\/wp-json\/wp\/v2\/pages\/9772\/revisions\/9824"}],"up":[{"embeddable":true,"href":"http:\/\/www.adstigre.com\/argentina\/wp-json\/wp\/v2\/pages\/2323"}],"wp:attachment":[{"href":"http:\/\/www.adstigre.com\/argentina\/wp-json\/wp\/v2\/media?parent=9772"}],"wp:term":[{"taxonomy":"category","embeddable":true,"href":"http:\/\/www.adstigre.com\/argentina\/wp-json\/wp\/v2\/categories?post=9772"},{"taxonomy":"post_tag","embeddable":true,"href":"http:\/\/www.adstigre.com\/argentina\/wp-json\/wp\/v2\/tags?post=9772"}],"curies":[{"name":"wp","href":"https:\/\/api.w.org\/{rel}","templated":true}]}}