{"id":2292,"date":"2020-06-29T12:56:50","date_gmt":"2020-06-29T15:56:50","guid":{"rendered":"https:\/\/www.tigre-ads.com\/argentina\/aplicaciones\/saneamiento-de-aguas-residuales\/"},"modified":"2025-03-28T09:06:01","modified_gmt":"2025-03-28T12:06:01","slug":"alcantarillado-sanitario","status":"publish","type":"page","link":"http:\/\/www.adstigre.com\/argentina\/aplicaciones\/alcantarillado-sanitario\/","title":{"rendered":"Alcantarillado Sanitario"},"content":{"rendered":"\n\n\t\t\t\t<img decoding=\"async\" src=\"http:\/\/www.adstigre.com\/argentina\/wp-content\/uploads\/sites\/27\/2025\/03\/banner-esgoto-sanitario-1.png\" alt=\"banner-esgoto-sanitario-1\" itemprop=\"image\" title=\"banner-esgoto-sanitario-1\" onerror=\"this.style.display='none'\"  \/>\n<h1>\n\t\tALCANTARILLADO SANITARIO\n\t<\/h1>\n\t\t\n\t\t\t<p>El sistema de alcantarillado sanitario se proyecta para el desag\u00fce de los residuos dom\u00e9sticos y el desag\u00fce de los residuos industriales y de hospitales. El alcantarillado contiene residuos t\u00f3xicos, residuos qu\u00edmicos, hongos, bacterias y microorganismos que deben ser conducidos de forma segura hasta la estaci\u00f3n de tratamiento, a fin de evitar la contaminaci\u00f3n del medioambiente y preservar la salud p\u00fablica.<\/p>\t\t\n\t\t<h4>Caracter\u00edsticas y ventajas de DrenPro Infra\u00ae para sistemas de alcantarillado sanitario<\/h4>\n\t\t\t<p>La utilizaci\u00f3n de tuber\u00edas PEAD corrugadas en los sistemas de alcantarillado sanitario ha sido masivamente en Latinoam\u00e9rica debido, principalmente, a 4 importantes factores:<ol><li>Debido al menor peso y al acoplamiento a trav\u00e9s del sistema de uni\u00f3n espiga-campana, es mucho m\u00e1s r\u00e1pido y barato mover e instalar las tuber\u00edas PEAD corrugadas;<\/li><li>Las tuber\u00edas PEAD poseen alta resistencia qu\u00edmica y no sufren corrosi\u00f3n por la agresividad de los residuos de alcantarillados dom\u00e9stico e industrial;<\/li><li>La superficie interna lisa PEAD posee m\u00e1s eficacia hidr\u00e1ulica y permite proyectos con inclinaciones menores e instalaci\u00f3n menos profunda, reduciendo m\u00e1s todav\u00eda los costos de instalaci\u00f3n;<\/li><li>El sistema de uni\u00f3n espiga-campana con doble anillo de sellado garantiza la estanqueidad del sistema de drenaje, evitando da\u00f1os y hundimientos en la pavimentaci\u00f3n de calles y avenidas.<\/li><\/ol>La l\u00ednea para alcantarillado sanitario SANIPRO\u00ae cumple las especificaciones de las normas NBR ISO 21138-1, NBR ISO 21138-3 y ASTM F2947.Todas nuestros productos son sometidos a rigurosas pruebas y ensayos en nuestros laboratorios, los cuales son auditados continuamente por empresas certificadoras externas.<\/p>\t\t\n\t\t\t<h3>Productos relacionados<\/h3>\t\t\t\n\t<a href=\"https:\/\/www.adstigre.com\/argentina\/producto\/sanipro\/\" target=\"_self\"  aria-label=\"Go to https:\/\/www.adstigre.com\/argentina\/producto\/sanipro\/\"><\/a>\n\t\t\t\t<img decoding=\"async\" src=\"http:\/\/www.adstigre.com\/argentina\/wp-content\/uploads\/sites\/27\/2025\/03\/home-produtos-sanipro.png\" alt=\"home-produtos-sanipro\" title=\"home-produtos-sanipro\" itemprop=\"image\"\/>\n\t\t<h3>SaniPro<\/h3>\t\t\t\n\t<a href=\"https:\/\/www.adstigre.com\/argentina\/producto\/stormtech\/\" target=\"_self\"  aria-label=\"Go to https:\/\/www.adstigre.com\/argentina\/producto\/stormtech\/\"><\/a>\n\t\t\t\t<img decoding=\"async\" src=\"https:\/\/www.adstigre.com\/argentina\/wp-content\/uploads\/sites\/27\/2025\/03\/stormtech-aeropuertos.png\" alt=\"stormtech-aeropuertos\" title=\"stormtech-aeropuertos\" itemprop=\"image\"\/>\n\t\t<h3>Stormtech<\/h3>\t\t\t\n\n","protected":false},"excerpt":{"rendered":"<p>ALCANTARILLADO SANITARIO El sistema de alcantarillado sanitario se proyecta para [&hellip;]<\/p>\n","protected":false},"author":3,"featured_media":0,"parent":2210,"menu_order":0,"comment_status":"closed","ping_status":"closed","template":"","meta":{"_monsterinsights_skip_tracking":false,"_monsterinsights_sitenote_active":false,"_monsterinsights_sitenote_note":"","_monsterinsights_sitenote_category":0,"site-sidebar-layout":"default","site-content-layout":"default","ast-site-content-layout":"default","site-content-style":"default","site-sidebar-style":"default","ast-global-header-display":"","ast-banner-title-visibility":"","ast-main-header-display":"disabled","ast-hfb-above-header-display":"","ast-hfb-below-header-display":"","ast-hfb-mobile-header-display":"","site-post-title":"disabled","ast-breadcrumbs-content":"disabled","ast-featured-img":"disabled","footer-sml-layout":"disabled","ast-disable-related-posts":"","theme-transparent-header-meta":"default","adv-header-id-meta":"","stick-header-meta":"default","header-above-stick-meta":"","header-main-stick-meta":"","header-below-stick-meta":"","astra-migrate-meta-layouts":"default","ast-page-background-enabled":"default","ast-page-background-meta":{"desktop":{"background-color":"","background-image":"","background-repeat":"repeat","background-position":"center center","background-size":"auto","background-attachment":"scroll","background-type":"","background-media":"","overlay-type":"","overlay-color":"","overlay-opacity":"","overlay-gradient":""},"tablet":{"background-color":"","background-image":"","background-repeat":"repeat","background-position":"center center","background-size":"auto","background-attachment":"scroll","background-type":"","background-media":"","overlay-type":"","overlay-color":"","overlay-opacity":"","overlay-gradient":""},"mobile":{"background-color":"","background-image":"","background-repeat":"repeat","background-position":"center center","background-size":"auto","background-attachment":"scroll","background-type":"","background-media":"","overlay-type":"","overlay-color":"","overlay-opacity":"","overlay-gradient":""}},"ast-content-background-meta":{"desktop":{"background-color":"var(--ast-global-color-5)","background-image":"","background-repeat":"repeat","background-position":"center center","background-size":"auto","background-attachment":"scroll","background-type":"","background-media":"","overlay-type":"","overlay-color":"","overlay-opacity":"","overlay-gradient":""},"tablet":{"background-color":"var(--ast-global-color-5)","background-image":"","background-repeat":"repeat","background-position":"center center","background-size":"auto","background-attachment":"scroll","background-type":"","background-media":"","overlay-type":"","overlay-color":"","overlay-opacity":"","overlay-gradient":""},"mobile":{"background-color":"var(--ast-global-color-5)","background-image":"","background-repeat":"repeat","background-position":"center center","background-size":"auto","background-attachment":"scroll","background-type":"","background-media":"","overlay-type":"","overlay-color":"","overlay-opacity":"","overlay-gradient":""}},"footnotes":""},"categories":[],"tags":[],"class_list":["post-2292","page","type-page","status-publish","hentry"],"yoast_head":"<!-- This site is optimized with the Yoast SEO plugin v27.4 - https:\/\/yoast.com\/product\/yoast-seo-wordpress\/ -->\n<title>Alcantarillado Sanitario - ADS Tigre Argentina<\/title>\n<meta name=\"robots\" content=\"index, follow, max-snippet:-1, max-image-preview:large, max-video-preview:-1\" \/>\n<link rel=\"canonical\" href=\"https:\/\/www.adstigre.com\/argentina\/aplicaciones\/alcantarillado-sanitario\/\" \/>\n<meta property=\"og:locale\" content=\"en_US\" \/>\n<meta property=\"og:type\" content=\"article\" \/>\n<meta property=\"og:title\" content=\"Alcantarillado Sanitario - ADS Tigre Argentina\" \/>\n<meta property=\"og:description\" content=\"ALCANTARILLADO SANITARIO El sistema de alcantarillado sanitario se proyecta para [&hellip;]\" \/>\n<meta property=\"og:url\" content=\"https:\/\/www.adstigre.com\/argentina\/aplicaciones\/alcantarillado-sanitario\/\" \/>\n<meta property=\"og:site_name\" content=\"ADS Tigre Argentina\" \/>\n<meta property=\"article:modified_time\" content=\"2025-03-28T12:06:01+00:00\" \/>\n<meta property=\"og:image\" content=\"http:\/\/www.adstigre.com\/argentina\/wp-content\/uploads\/sites\/27\/2025\/03\/banner-esgoto-sanitario-1.png\" \/>\n<meta name=\"twitter:card\" content=\"summary_large_image\" \/>\n<meta name=\"twitter:label1\" content=\"Est. reading time\" \/>\n\t<meta name=\"twitter:data1\" content=\"1 minute\" \/>\n<script type=\"application\/ld+json\" class=\"yoast-schema-graph\">{\"@context\":\"https:\\\/\\\/schema.org\",\"@graph\":[{\"@type\":\"WebPage\",\"@id\":\"https:\\\/\\\/www.adstigre.com\\\/argentina\\\/aplicaciones\\\/alcantarillado-sanitario\\\/\",\"url\":\"https:\\\/\\\/www.adstigre.com\\\/argentina\\\/aplicaciones\\\/alcantarillado-sanitario\\\/\",\"name\":\"Alcantarillado Sanitario - ADS Tigre Argentina\",\"isPartOf\":{\"@id\":\"https:\\\/\\\/www.adstigre.com\\\/argentina\\\/#website\"},\"primaryImageOfPage\":{\"@id\":\"https:\\\/\\\/www.adstigre.com\\\/argentina\\\/aplicaciones\\\/alcantarillado-sanitario\\\/#primaryimage\"},\"image\":{\"@id\":\"https:\\\/\\\/www.adstigre.com\\\/argentina\\\/aplicaciones\\\/alcantarillado-sanitario\\\/#primaryimage\"},\"thumbnailUrl\":\"http:\\\/\\\/www.adstigre.com\\\/argentina\\\/wp-content\\\/uploads\\\/sites\\\/27\\\/2025\\\/03\\\/banner-esgoto-sanitario-1.png\",\"datePublished\":\"2020-06-29T15:56:50+00:00\",\"dateModified\":\"2025-03-28T12:06:01+00:00\",\"breadcrumb\":{\"@id\":\"https:\\\/\\\/www.adstigre.com\\\/argentina\\\/aplicaciones\\\/alcantarillado-sanitario\\\/#breadcrumb\"},\"inLanguage\":\"en-US\",\"potentialAction\":[{\"@type\":\"ReadAction\",\"target\":[\"https:\\\/\\\/www.adstigre.com\\\/argentina\\\/aplicaciones\\\/alcantarillado-sanitario\\\/\"]}]},{\"@type\":\"ImageObject\",\"inLanguage\":\"en-US\",\"@id\":\"https:\\\/\\\/www.adstigre.com\\\/argentina\\\/aplicaciones\\\/alcantarillado-sanitario\\\/#primaryimage\",\"url\":\"http:\\\/\\\/www.adstigre.com\\\/argentina\\\/wp-content\\\/uploads\\\/sites\\\/27\\\/2025\\\/03\\\/banner-esgoto-sanitario-1.png\",\"contentUrl\":\"http:\\\/\\\/www.adstigre.com\\\/argentina\\\/wp-content\\\/uploads\\\/sites\\\/27\\\/2025\\\/03\\\/banner-esgoto-sanitario-1.png\"},{\"@type\":\"BreadcrumbList\",\"@id\":\"https:\\\/\\\/www.adstigre.com\\\/argentina\\\/aplicaciones\\\/alcantarillado-sanitario\\\/#breadcrumb\",\"itemListElement\":[{\"@type\":\"ListItem\",\"position\":1,\"name\":\"In\u00edcio\",\"item\":\"https:\\\/\\\/www.adstigre.com\\\/argentina\\\/\"},{\"@type\":\"ListItem\",\"position\":2,\"name\":\"Aplicaciones\",\"item\":\"https:\\\/\\\/www.adstigre.com\\\/argentina\\\/aplicaciones\\\/\"},{\"@type\":\"ListItem\",\"position\":3,\"name\":\"Alcantarillado Sanitario\"}]},{\"@type\":\"WebSite\",\"@id\":\"https:\\\/\\\/www.adstigre.com\\\/argentina\\\/#website\",\"url\":\"https:\\\/\\\/www.adstigre.com\\\/argentina\\\/\",\"name\":\"ADS Tigre Argentina\",\"description\":\"Um site do grupo tigre\",\"potentialAction\":[{\"@type\":\"SearchAction\",\"target\":{\"@type\":\"EntryPoint\",\"urlTemplate\":\"https:\\\/\\\/www.adstigre.com\\\/argentina\\\/?s={search_term_string}\"},\"query-input\":{\"@type\":\"PropertyValueSpecification\",\"valueRequired\":true,\"valueName\":\"search_term_string\"}}],\"inLanguage\":\"en-US\"}]}<\/script>\n<!-- \/ Yoast SEO plugin. -->","yoast_head_json":{"title":"Alcantarillado Sanitario - ADS Tigre Argentina","robots":{"index":"index","follow":"follow","max-snippet":"max-snippet:-1","max-image-preview":"max-image-preview:large","max-video-preview":"max-video-preview:-1"},"canonical":"https:\/\/www.adstigre.com\/argentina\/aplicaciones\/alcantarillado-sanitario\/","og_locale":"en_US","og_type":"article","og_title":"Alcantarillado Sanitario - ADS Tigre Argentina","og_description":"ALCANTARILLADO SANITARIO El sistema de alcantarillado sanitario se proyecta para [&hellip;]","og_url":"https:\/\/www.adstigre.com\/argentina\/aplicaciones\/alcantarillado-sanitario\/","og_site_name":"ADS Tigre Argentina","article_modified_time":"2025-03-28T12:06:01+00:00","og_image":[{"url":"http:\/\/www.adstigre.com\/argentina\/wp-content\/uploads\/sites\/27\/2025\/03\/banner-esgoto-sanitario-1.png","type":"","width":"","height":""}],"twitter_card":"summary_large_image","twitter_misc":{"Est. reading time":"1 minute"},"schema":{"@context":"https:\/\/schema.org","@graph":[{"@type":"WebPage","@id":"https:\/\/www.adstigre.com\/argentina\/aplicaciones\/alcantarillado-sanitario\/","url":"https:\/\/www.adstigre.com\/argentina\/aplicaciones\/alcantarillado-sanitario\/","name":"Alcantarillado Sanitario - ADS Tigre Argentina","isPartOf":{"@id":"https:\/\/www.adstigre.com\/argentina\/#website"},"primaryImageOfPage":{"@id":"https:\/\/www.adstigre.com\/argentina\/aplicaciones\/alcantarillado-sanitario\/#primaryimage"},"image":{"@id":"https:\/\/www.adstigre.com\/argentina\/aplicaciones\/alcantarillado-sanitario\/#primaryimage"},"thumbnailUrl":"http:\/\/www.adstigre.com\/argentina\/wp-content\/uploads\/sites\/27\/2025\/03\/banner-esgoto-sanitario-1.png","datePublished":"2020-06-29T15:56:50+00:00","dateModified":"2025-03-28T12:06:01+00:00","breadcrumb":{"@id":"https:\/\/www.adstigre.com\/argentina\/aplicaciones\/alcantarillado-sanitario\/#breadcrumb"},"inLanguage":"en-US","potentialAction":[{"@type":"ReadAction","target":["https:\/\/www.adstigre.com\/argentina\/aplicaciones\/alcantarillado-sanitario\/"]}]},{"@type":"ImageObject","inLanguage":"en-US","@id":"https:\/\/www.adstigre.com\/argentina\/aplicaciones\/alcantarillado-sanitario\/#primaryimage","url":"http:\/\/www.adstigre.com\/argentina\/wp-content\/uploads\/sites\/27\/2025\/03\/banner-esgoto-sanitario-1.png","contentUrl":"http:\/\/www.adstigre.com\/argentina\/wp-content\/uploads\/sites\/27\/2025\/03\/banner-esgoto-sanitario-1.png"},{"@type":"BreadcrumbList","@id":"https:\/\/www.adstigre.com\/argentina\/aplicaciones\/alcantarillado-sanitario\/#breadcrumb","itemListElement":[{"@type":"ListItem","position":1,"name":"In\u00edcio","item":"https:\/\/www.adstigre.com\/argentina\/"},{"@type":"ListItem","position":2,"name":"Aplicaciones","item":"https:\/\/www.adstigre.com\/argentina\/aplicaciones\/"},{"@type":"ListItem","position":3,"name":"Alcantarillado Sanitario"}]},{"@type":"WebSite","@id":"https:\/\/www.adstigre.com\/argentina\/#website","url":"https:\/\/www.adstigre.com\/argentina\/","name":"ADS Tigre Argentina","description":"Um site do grupo tigre","potentialAction":[{"@type":"SearchAction","target":{"@type":"EntryPoint","urlTemplate":"https:\/\/www.adstigre.com\/argentina\/?s={search_term_string}"},"query-input":{"@type":"PropertyValueSpecification","valueRequired":true,"valueName":"search_term_string"}}],"inLanguage":"en-US"}]}},"_links":{"self":[{"href":"http:\/\/www.adstigre.com\/argentina\/wp-json\/wp\/v2\/pages\/2292","targetHints":{"allow":["GET"]}}],"collection":[{"href":"http:\/\/www.adstigre.com\/argentina\/wp-json\/wp\/v2\/pages"}],"about":[{"href":"http:\/\/www.adstigre.com\/argentina\/wp-json\/wp\/v2\/types\/page"}],"author":[{"embeddable":true,"href":"http:\/\/www.adstigre.com\/argentina\/wp-json\/wp\/v2\/users\/3"}],"replies":[{"embeddable":true,"href":"http:\/\/www.adstigre.com\/argentina\/wp-json\/wp\/v2\/comments?post=2292"}],"version-history":[{"count":18,"href":"http:\/\/www.adstigre.com\/argentina\/wp-json\/wp\/v2\/pages\/2292\/revisions"}],"predecessor-version":[{"id":9754,"href":"http:\/\/www.adstigre.com\/argentina\/wp-json\/wp\/v2\/pages\/2292\/revisions\/9754"}],"up":[{"embeddable":true,"href":"http:\/\/www.adstigre.com\/argentina\/wp-json\/wp\/v2\/pages\/2210"}],"wp:attachment":[{"href":"http:\/\/www.adstigre.com\/argentina\/wp-json\/wp\/v2\/media?parent=2292"}],"wp:term":[{"taxonomy":"category","embeddable":true,"href":"http:\/\/www.adstigre.com\/argentina\/wp-json\/wp\/v2\/categories?post=2292"},{"taxonomy":"post_tag","embeddable":true,"href":"http:\/\/www.adstigre.com\/argentina\/wp-json\/wp\/v2\/tags?post=2292"}],"curies":[{"name":"wp","href":"https:\/\/api.w.org\/{rel}","templated":true}]}}