{"id":2289,"date":"2020-06-29T12:43:07","date_gmt":"2020-06-29T15:43:07","guid":{"rendered":"https:\/\/www.tigre-ads.com\/argentina\/aplicaciones\/carreteras-2\/"},"modified":"2025-03-28T09:00:29","modified_gmt":"2025-03-28T12:00:29","slug":"autopistas-carreteras","status":"publish","type":"page","link":"http:\/\/www.adstigre.com\/argentina\/aplicaciones\/autopistas-carreteras\/","title":{"rendered":"Autopistas\/Carreteras"},"content":{"rendered":"\n\n\t\t\t\t<img decoding=\"async\" src=\"http:\/\/www.adstigre.com\/argentina\/wp-content\/uploads\/sites\/27\/2025\/03\/banner-autopistas-carreteras.png\" alt=\"banner-autopistas-carreteras\" itemprop=\"image\" title=\"banner-autopistas-carreteras\" onerror=\"this.style.display='none'\"  \/>\n<h1>\n\t\tAutopistas\/Carreteras\n\t<\/h1>\n\t\t\n\t\t\t<p>La recolecci\u00f3n, conducci\u00f3n y evacuaci\u00f3n de aguas en carreteras es de extremada importancia para garantizar la durabilidad de la ruta y prevenir accidentes resultantes de la acumulaci\u00f3n del agua sobre las v\u00edas.<\/p><br \/>\t\t\n\t\t<h4>Caracter\u00edsticas y ventajas<\/h4>\n\t\t\t<p>Las tuber\u00edas PEAD corrugadas estructurales de ADSTigre poseen \u00a0la resistencia estructural necesaria para soportar la presi\u00f3n del suelo en grandes profundidades y para resistir el paso de cargas de tr\u00e1nsito pesado a profundidades m\u00ednimas de enterramiento. Las propiedades mec\u00e1nicas del polietileno garantizan que las tuber\u00edas poseen una alta resistencia a la abrasi\u00f3n e incluso pueden ser usadas para recuperar sistemas de evacuaci\u00f3n existenteLas l\u00edneas de productos de ADSTigre se utilizan mucho en sistemas carreteros de todo el Latinoam\u00e9rica y cumplen los requisitos de la particulares y propios de cada regi\u00f3n, adem\u00e1s de cumplir con las especificaciones exigidas por el manual AASHTO M252 y M294 y con las normas de producto ASTM F2306.Las Tuber\u00edas Corrugadas de Polietileno de Alta Densidad son hasta 5 veces m\u00e1s duraderas que otras soluciones, adem\u00e1s son m\u00e1s ligeras y f\u00e1ciles de instalar.Para este tipo de aplicaciones, existe factibilidad de fabricar tuber\u00edas con o sin perforaciones, las cuales pueden ser usadas tanto para drenar, infiltrar, captar, conducir y\/o evaluar las aguas colectadas. Consulte con su proveedor local por factibilidad de productos.<\/p>\t\t\n\t\t\t<h3>Productos relacionados<\/h3>\t\t\t\n\t<a href=\"https:\/\/www.adstigre.com\/argentina\/producto\/advanedge\/\" target=\"_self\"  aria-label=\"Go to https:\/\/www.adstigre.com\/argentina\/producto\/advanedge\/\"><\/a>\n\t\t\t\t<img decoding=\"async\" src=\"https:\/\/www.adstigre.com\/argentina\/wp-content\/uploads\/sites\/27\/2025\/03\/home-produtos-advanedge.png\" alt=\"home-produtos-advanedge\" title=\"home-produtos-advanedge\" itemprop=\"image\"\/>\n\t\t<h3>AdvanEdge<\/h3>\t\t\t\n\t<a href=\"https:\/\/www.adstigre.com\/argentina\/producto\/drenpro\/\" target=\"_self\"  aria-label=\"Go to https:\/\/www.adstigre.com\/argentina\/producto\/drenpro\/\"><\/a>\n\t\t\t\t<img decoding=\"async\" src=\"http:\/\/www.adstigre.com\/argentina\/wp-content\/uploads\/sites\/27\/2025\/03\/DRENPRO_P-1.png\" alt=\"DRENPRO_P-1\" title=\"DRENPRO_P-1\" itemprop=\"image\"\/>\n\t\t<h3>DrenPro Infra y DrenPro HD<\/h3>\t\t\t\n\t<a href=\"https:\/\/www.adstigre.com\/argentina\/producto\/drenpro-one\/\" target=\"_self\"  aria-label=\"Go to https:\/\/www.adstigre.com\/argentina\/producto\/drenpro-one\/\"><\/a>\n\t\t\t\t<img decoding=\"async\" src=\"http:\/\/www.adstigre.com\/argentina\/wp-content\/uploads\/sites\/27\/2025\/03\/DrenPro-One.png\" alt=\"DrenPro-One\" title=\"DrenPro-One\" itemprop=\"image\"\/>\n\t\t<h3>DrenPro One<\/h3>\t\t\t\n\n","protected":false},"excerpt":{"rendered":"<p>Autopistas\/Carreteras La recolecci\u00f3n, conducci\u00f3n y evacuaci\u00f3n de aguas en carreteras [&hellip;]<\/p>\n","protected":false},"author":3,"featured_media":0,"parent":2210,"menu_order":0,"comment_status":"closed","ping_status":"closed","template":"","meta":{"_monsterinsights_skip_tracking":false,"_monsterinsights_sitenote_active":false,"_monsterinsights_sitenote_note":"","_monsterinsights_sitenote_category":0,"site-sidebar-layout":"default","site-content-layout":"default","ast-site-content-layout":"default","site-content-style":"default","site-sidebar-style":"default","ast-global-header-display":"","ast-banner-title-visibility":"","ast-main-header-display":"disabled","ast-hfb-above-header-display":"","ast-hfb-below-header-display":"","ast-hfb-mobile-header-display":"","site-post-title":"disabled","ast-breadcrumbs-content":"disabled","ast-featured-img":"disabled","footer-sml-layout":"disabled","ast-disable-related-posts":"","theme-transparent-header-meta":"default","adv-header-id-meta":"","stick-header-meta":"default","header-above-stick-meta":"","header-main-stick-meta":"","header-below-stick-meta":"","astra-migrate-meta-layouts":"default","ast-page-background-enabled":"default","ast-page-background-meta":{"desktop":{"background-color":"","background-image":"","background-repeat":"repeat","background-position":"center center","background-size":"auto","background-attachment":"scroll","background-type":"","background-media":"","overlay-type":"","overlay-color":"","overlay-opacity":"","overlay-gradient":""},"tablet":{"background-color":"","background-image":"","background-repeat":"repeat","background-position":"center center","background-size":"auto","background-attachment":"scroll","background-type":"","background-media":"","overlay-type":"","overlay-color":"","overlay-opacity":"","overlay-gradient":""},"mobile":{"background-color":"","background-image":"","background-repeat":"repeat","background-position":"center center","background-size":"auto","background-attachment":"scroll","background-type":"","background-media":"","overlay-type":"","overlay-color":"","overlay-opacity":"","overlay-gradient":""}},"ast-content-background-meta":{"desktop":{"background-color":"var(--ast-global-color-5)","background-image":"","background-repeat":"repeat","background-position":"center center","background-size":"auto","background-attachment":"scroll","background-type":"","background-media":"","overlay-type":"","overlay-color":"","overlay-opacity":"","overlay-gradient":""},"tablet":{"background-color":"var(--ast-global-color-5)","background-image":"","background-repeat":"repeat","background-position":"center center","background-size":"auto","background-attachment":"scroll","background-type":"","background-media":"","overlay-type":"","overlay-color":"","overlay-opacity":"","overlay-gradient":""},"mobile":{"background-color":"var(--ast-global-color-5)","background-image":"","background-repeat":"repeat","background-position":"center center","background-size":"auto","background-attachment":"scroll","background-type":"","background-media":"","overlay-type":"","overlay-color":"","overlay-opacity":"","overlay-gradient":""}},"footnotes":""},"categories":[],"tags":[],"class_list":["post-2289","page","type-page","status-publish","hentry"],"yoast_head":"<!-- This site is optimized with the Yoast SEO plugin v27.4 - https:\/\/yoast.com\/product\/yoast-seo-wordpress\/ -->\n<title>Autopistas\/Carreteras - ADS Tigre Argentina<\/title>\n<meta name=\"robots\" content=\"index, follow, max-snippet:-1, max-image-preview:large, max-video-preview:-1\" \/>\n<link rel=\"canonical\" href=\"https:\/\/www.adstigre.com\/argentina\/aplicaciones\/autopistas-carreteras\/\" \/>\n<meta property=\"og:locale\" content=\"en_US\" \/>\n<meta property=\"og:type\" content=\"article\" \/>\n<meta property=\"og:title\" content=\"Autopistas\/Carreteras - ADS Tigre Argentina\" \/>\n<meta property=\"og:description\" content=\"Autopistas\/Carreteras La recolecci\u00f3n, conducci\u00f3n y evacuaci\u00f3n de aguas en carreteras [&hellip;]\" \/>\n<meta property=\"og:url\" content=\"https:\/\/www.adstigre.com\/argentina\/aplicaciones\/autopistas-carreteras\/\" \/>\n<meta property=\"og:site_name\" content=\"ADS Tigre Argentina\" \/>\n<meta property=\"article:modified_time\" content=\"2025-03-28T12:00:29+00:00\" \/>\n<meta property=\"og:image\" content=\"http:\/\/www.adstigre.com\/argentina\/wp-content\/uploads\/sites\/27\/2025\/03\/banner-autopistas-carreteras.png\" \/>\n<meta name=\"twitter:card\" content=\"summary_large_image\" \/>\n<meta name=\"twitter:label1\" content=\"Est. reading time\" \/>\n\t<meta name=\"twitter:data1\" content=\"1 minute\" \/>\n<script type=\"application\/ld+json\" class=\"yoast-schema-graph\">{\"@context\":\"https:\\\/\\\/schema.org\",\"@graph\":[{\"@type\":\"WebPage\",\"@id\":\"https:\\\/\\\/www.adstigre.com\\\/argentina\\\/aplicaciones\\\/autopistas-carreteras\\\/\",\"url\":\"https:\\\/\\\/www.adstigre.com\\\/argentina\\\/aplicaciones\\\/autopistas-carreteras\\\/\",\"name\":\"Autopistas\\\/Carreteras - ADS Tigre Argentina\",\"isPartOf\":{\"@id\":\"https:\\\/\\\/www.adstigre.com\\\/argentina\\\/#website\"},\"primaryImageOfPage\":{\"@id\":\"https:\\\/\\\/www.adstigre.com\\\/argentina\\\/aplicaciones\\\/autopistas-carreteras\\\/#primaryimage\"},\"image\":{\"@id\":\"https:\\\/\\\/www.adstigre.com\\\/argentina\\\/aplicaciones\\\/autopistas-carreteras\\\/#primaryimage\"},\"thumbnailUrl\":\"http:\\\/\\\/www.adstigre.com\\\/argentina\\\/wp-content\\\/uploads\\\/sites\\\/27\\\/2025\\\/03\\\/banner-autopistas-carreteras.png\",\"datePublished\":\"2020-06-29T15:43:07+00:00\",\"dateModified\":\"2025-03-28T12:00:29+00:00\",\"breadcrumb\":{\"@id\":\"https:\\\/\\\/www.adstigre.com\\\/argentina\\\/aplicaciones\\\/autopistas-carreteras\\\/#breadcrumb\"},\"inLanguage\":\"en-US\",\"potentialAction\":[{\"@type\":\"ReadAction\",\"target\":[\"https:\\\/\\\/www.adstigre.com\\\/argentina\\\/aplicaciones\\\/autopistas-carreteras\\\/\"]}]},{\"@type\":\"ImageObject\",\"inLanguage\":\"en-US\",\"@id\":\"https:\\\/\\\/www.adstigre.com\\\/argentina\\\/aplicaciones\\\/autopistas-carreteras\\\/#primaryimage\",\"url\":\"http:\\\/\\\/www.adstigre.com\\\/argentina\\\/wp-content\\\/uploads\\\/sites\\\/27\\\/2025\\\/03\\\/banner-autopistas-carreteras.png\",\"contentUrl\":\"http:\\\/\\\/www.adstigre.com\\\/argentina\\\/wp-content\\\/uploads\\\/sites\\\/27\\\/2025\\\/03\\\/banner-autopistas-carreteras.png\"},{\"@type\":\"BreadcrumbList\",\"@id\":\"https:\\\/\\\/www.adstigre.com\\\/argentina\\\/aplicaciones\\\/autopistas-carreteras\\\/#breadcrumb\",\"itemListElement\":[{\"@type\":\"ListItem\",\"position\":1,\"name\":\"In\u00edcio\",\"item\":\"https:\\\/\\\/www.adstigre.com\\\/argentina\\\/\"},{\"@type\":\"ListItem\",\"position\":2,\"name\":\"Aplicaciones\",\"item\":\"https:\\\/\\\/www.adstigre.com\\\/argentina\\\/aplicaciones\\\/\"},{\"@type\":\"ListItem\",\"position\":3,\"name\":\"Autopistas\\\/Carreteras\"}]},{\"@type\":\"WebSite\",\"@id\":\"https:\\\/\\\/www.adstigre.com\\\/argentina\\\/#website\",\"url\":\"https:\\\/\\\/www.adstigre.com\\\/argentina\\\/\",\"name\":\"ADS Tigre Argentina\",\"description\":\"Um site do grupo tigre\",\"potentialAction\":[{\"@type\":\"SearchAction\",\"target\":{\"@type\":\"EntryPoint\",\"urlTemplate\":\"https:\\\/\\\/www.adstigre.com\\\/argentina\\\/?s={search_term_string}\"},\"query-input\":{\"@type\":\"PropertyValueSpecification\",\"valueRequired\":true,\"valueName\":\"search_term_string\"}}],\"inLanguage\":\"en-US\"}]}<\/script>\n<!-- \/ Yoast SEO plugin. -->","yoast_head_json":{"title":"Autopistas\/Carreteras - ADS Tigre Argentina","robots":{"index":"index","follow":"follow","max-snippet":"max-snippet:-1","max-image-preview":"max-image-preview:large","max-video-preview":"max-video-preview:-1"},"canonical":"https:\/\/www.adstigre.com\/argentina\/aplicaciones\/autopistas-carreteras\/","og_locale":"en_US","og_type":"article","og_title":"Autopistas\/Carreteras - ADS Tigre Argentina","og_description":"Autopistas\/Carreteras La recolecci\u00f3n, conducci\u00f3n y evacuaci\u00f3n de aguas en carreteras [&hellip;]","og_url":"https:\/\/www.adstigre.com\/argentina\/aplicaciones\/autopistas-carreteras\/","og_site_name":"ADS Tigre Argentina","article_modified_time":"2025-03-28T12:00:29+00:00","og_image":[{"url":"http:\/\/www.adstigre.com\/argentina\/wp-content\/uploads\/sites\/27\/2025\/03\/banner-autopistas-carreteras.png","type":"","width":"","height":""}],"twitter_card":"summary_large_image","twitter_misc":{"Est. reading time":"1 minute"},"schema":{"@context":"https:\/\/schema.org","@graph":[{"@type":"WebPage","@id":"https:\/\/www.adstigre.com\/argentina\/aplicaciones\/autopistas-carreteras\/","url":"https:\/\/www.adstigre.com\/argentina\/aplicaciones\/autopistas-carreteras\/","name":"Autopistas\/Carreteras - ADS Tigre Argentina","isPartOf":{"@id":"https:\/\/www.adstigre.com\/argentina\/#website"},"primaryImageOfPage":{"@id":"https:\/\/www.adstigre.com\/argentina\/aplicaciones\/autopistas-carreteras\/#primaryimage"},"image":{"@id":"https:\/\/www.adstigre.com\/argentina\/aplicaciones\/autopistas-carreteras\/#primaryimage"},"thumbnailUrl":"http:\/\/www.adstigre.com\/argentina\/wp-content\/uploads\/sites\/27\/2025\/03\/banner-autopistas-carreteras.png","datePublished":"2020-06-29T15:43:07+00:00","dateModified":"2025-03-28T12:00:29+00:00","breadcrumb":{"@id":"https:\/\/www.adstigre.com\/argentina\/aplicaciones\/autopistas-carreteras\/#breadcrumb"},"inLanguage":"en-US","potentialAction":[{"@type":"ReadAction","target":["https:\/\/www.adstigre.com\/argentina\/aplicaciones\/autopistas-carreteras\/"]}]},{"@type":"ImageObject","inLanguage":"en-US","@id":"https:\/\/www.adstigre.com\/argentina\/aplicaciones\/autopistas-carreteras\/#primaryimage","url":"http:\/\/www.adstigre.com\/argentina\/wp-content\/uploads\/sites\/27\/2025\/03\/banner-autopistas-carreteras.png","contentUrl":"http:\/\/www.adstigre.com\/argentina\/wp-content\/uploads\/sites\/27\/2025\/03\/banner-autopistas-carreteras.png"},{"@type":"BreadcrumbList","@id":"https:\/\/www.adstigre.com\/argentina\/aplicaciones\/autopistas-carreteras\/#breadcrumb","itemListElement":[{"@type":"ListItem","position":1,"name":"In\u00edcio","item":"https:\/\/www.adstigre.com\/argentina\/"},{"@type":"ListItem","position":2,"name":"Aplicaciones","item":"https:\/\/www.adstigre.com\/argentina\/aplicaciones\/"},{"@type":"ListItem","position":3,"name":"Autopistas\/Carreteras"}]},{"@type":"WebSite","@id":"https:\/\/www.adstigre.com\/argentina\/#website","url":"https:\/\/www.adstigre.com\/argentina\/","name":"ADS Tigre Argentina","description":"Um site do grupo tigre","potentialAction":[{"@type":"SearchAction","target":{"@type":"EntryPoint","urlTemplate":"https:\/\/www.adstigre.com\/argentina\/?s={search_term_string}"},"query-input":{"@type":"PropertyValueSpecification","valueRequired":true,"valueName":"search_term_string"}}],"inLanguage":"en-US"}]}},"_links":{"self":[{"href":"http:\/\/www.adstigre.com\/argentina\/wp-json\/wp\/v2\/pages\/2289","targetHints":{"allow":["GET"]}}],"collection":[{"href":"http:\/\/www.adstigre.com\/argentina\/wp-json\/wp\/v2\/pages"}],"about":[{"href":"http:\/\/www.adstigre.com\/argentina\/wp-json\/wp\/v2\/types\/page"}],"author":[{"embeddable":true,"href":"http:\/\/www.adstigre.com\/argentina\/wp-json\/wp\/v2\/users\/3"}],"replies":[{"embeddable":true,"href":"http:\/\/www.adstigre.com\/argentina\/wp-json\/wp\/v2\/comments?post=2289"}],"version-history":[{"count":25,"href":"http:\/\/www.adstigre.com\/argentina\/wp-json\/wp\/v2\/pages\/2289\/revisions"}],"predecessor-version":[{"id":9753,"href":"http:\/\/www.adstigre.com\/argentina\/wp-json\/wp\/v2\/pages\/2289\/revisions\/9753"}],"up":[{"embeddable":true,"href":"http:\/\/www.adstigre.com\/argentina\/wp-json\/wp\/v2\/pages\/2210"}],"wp:attachment":[{"href":"http:\/\/www.adstigre.com\/argentina\/wp-json\/wp\/v2\/media?parent=2289"}],"wp:term":[{"taxonomy":"category","embeddable":true,"href":"http:\/\/www.adstigre.com\/argentina\/wp-json\/wp\/v2\/categories?post=2289"},{"taxonomy":"post_tag","embeddable":true,"href":"http:\/\/www.adstigre.com\/argentina\/wp-json\/wp\/v2\/tags?post=2289"}],"curies":[{"name":"wp","href":"https:\/\/api.w.org\/{rel}","templated":true}]}}